{"id":69613,"date":"2026-03-14T16:50:57","date_gmt":"2026-03-14T14:50:57","guid":{"rendered":"https:\/\/yourpack.eu\/toode\/lock-till-matlada-234x187x2-cm-bredd-x-langd-x-hojd-pet-transparent-ej-lamplig-for-mikrovagsugnar-300-st-lada-matchande-matlador-88430-88431-88432-88433-88434-88435-88436-88437-88438\/"},"modified":"2026-04-09T17:55:10","modified_gmt":"2026-04-09T14:55:10","slug":"lock-till-matlada-234x187x2-cm-bredd-x-langd-x-hojd-pet-transparent-ej-lamplig-for-mikrovagsugnar-300-st-lada-matchande-matlador-88430-88431-88432-88433-88434-88435-88436-88437-88438","status":"publish","type":"product","link":"https:\/\/yourpack.eu\/sv\/produkt\/lock-till-matlada-234x187x2-cm-bredd-x-langd-x-hojd-pet-transparent-ej-lamplig-for-mikrovagsugnar-300-st-lada-matchande-matlador-88430-88431-88432-88433-88434-88435-88436-88437-88438\/","title":{"rendered":"Lock till matl\u00e5da 23,4&#215;18,7&#215;2 cm (bredd x l\u00e4ngd x h\u00f6jd), PET, transparent, ej l\u00e4mplig f\u00f6r mikrov\u00e5gsugnar, 300 st\/l\u00e5da \/\/matchande matl\u00e5dor 88430, 88431, 88432, 88433, 88434, 88435, 88436, 88437, 88438, 88439, 88440, 88441"},"content":{"rendered":"","protected":false},"excerpt":{"rendered":"","protected":false},"featured_media":69644,"comment_status":"open","ping_status":"closed","template":"","meta":{"_acf_changed":false},"product_brand":[],"product_cat":[1546],"product_tag":[],"class_list":{"0":"post-69613","1":"product","2":"type-product","3":"status-publish","4":"has-post-thumbnail","6":"product_cat-maltidslada","8":"first","9":"instock","10":"taxable","11":"shipping-taxable","12":"purchasable","13":"product-type-simple"},"acf":[],"yoast_head":"<!-- This site is optimized with the Yoast SEO plugin v27.3 - https:\/\/yoast.com\/product\/yoast-seo-wordpress\/ -->\n<title>Lock till matl\u00e5da 23,4x18,7x2 cm (bredd x l\u00e4ngd x h\u00f6jd), PET, transparent, ej l\u00e4mplig f\u00f6r mikrov\u00e5gsugnar, 300 st\/l\u00e5da \/\/matchande matl\u00e5dor 88430, 88431, 88432, 88433, 88434, 88435, 88436, 88437, 88438, 88439, 88440, 88441 - Infigo shop<\/title>\n<meta name=\"robots\" content=\"index, follow, max-snippet:-1, max-image-preview:large, max-video-preview:-1\" \/>\n<link rel=\"canonical\" href=\"https:\/\/yourpack.eu\/sv\/produkt\/lock-till-matlada-234x187x2-cm-bredd-x-langd-x-hojd-pet-transparent-ej-lamplig-for-mikrovagsugnar-300-st-lada-matchande-matlador-88430-88431-88432-88433-88434-88435-88436-88437-88438\/\" \/>\n<meta property=\"og:locale\" content=\"sv_SE\" \/>\n<meta property=\"og:type\" content=\"article\" \/>\n<meta property=\"og:title\" content=\"Lock till matl\u00e5da 23,4x18,7x2 cm (bredd x l\u00e4ngd x h\u00f6jd), PET, transparent, ej l\u00e4mplig f\u00f6r mikrov\u00e5gsugnar, 300 st\/l\u00e5da \/\/matchande matl\u00e5dor 88430, 88431, 88432, 88433, 88434, 88435, 88436, 88437, 88438, 88439, 88440, 88441 - Infigo shop\" \/>\n<meta property=\"og:url\" content=\"https:\/\/yourpack.eu\/sv\/produkt\/lock-till-matlada-234x187x2-cm-bredd-x-langd-x-hojd-pet-transparent-ej-lamplig-for-mikrovagsugnar-300-st-lada-matchande-matlador-88430-88431-88432-88433-88434-88435-88436-88437-88438\/\" \/>\n<meta property=\"og:site_name\" content=\"Infigo shop\" \/>\n<meta property=\"article:modified_time\" content=\"2026-04-09T14:55:10+00:00\" \/>\n<meta name=\"twitter:card\" content=\"summary_large_image\" \/>\n<script type=\"application\/ld+json\" class=\"yoast-schema-graph\">{\"@context\":\"https:\\\/\\\/schema.org\",\"@graph\":[{\"@type\":\"WebPage\",\"@id\":\"https:\\\/\\\/yourpack.eu\\\/sv\\\/produkt\\\/lock-till-matlada-234x187x2-cm-bredd-x-langd-x-hojd-pet-transparent-ej-lamplig-for-mikrovagsugnar-300-st-lada-matchande-matlador-88430-88431-88432-88433-88434-88435-88436-88437-88438\\\/\",\"url\":\"https:\\\/\\\/yourpack.eu\\\/sv\\\/produkt\\\/lock-till-matlada-234x187x2-cm-bredd-x-langd-x-hojd-pet-transparent-ej-lamplig-for-mikrovagsugnar-300-st-lada-matchande-matlador-88430-88431-88432-88433-88434-88435-88436-88437-88438\\\/\",\"name\":\"Lock till matl\u00e5da 23,4x18,7x2 cm (bredd x l\u00e4ngd x h\u00f6jd), PET, transparent, ej l\u00e4mplig f\u00f6r mikrov\u00e5gsugnar, 300 st\\\/l\u00e5da \\\/\\\/matchande matl\u00e5dor 88430, 88431, 88432, 88433, 88434, 88435, 88436, 88437, 88438, 88439, 88440, 88441 - Infigo shop\",\"isPartOf\":{\"@id\":\"https:\\\/\\\/yourpack.eu\\\/sv\\\/#website\"},\"primaryImageOfPage\":{\"@id\":\"https:\\\/\\\/yourpack.eu\\\/sv\\\/produkt\\\/lock-till-matlada-234x187x2-cm-bredd-x-langd-x-hojd-pet-transparent-ej-lamplig-for-mikrovagsugnar-300-st-lada-matchande-matlador-88430-88431-88432-88433-88434-88435-88436-88437-88438\\\/#primaryimage\"},\"image\":{\"@id\":\"https:\\\/\\\/yourpack.eu\\\/sv\\\/produkt\\\/lock-till-matlada-234x187x2-cm-bredd-x-langd-x-hojd-pet-transparent-ej-lamplig-for-mikrovagsugnar-300-st-lada-matchande-matlador-88430-88431-88432-88433-88434-88435-88436-88437-88438\\\/#primaryimage\"},\"thumbnailUrl\":\"https:\\\/\\\/yourpack.eu\\\/wp-content\\\/uploads\\\/2026\\\/03\\\/microw-lid_885281.jpg\",\"datePublished\":\"2026-03-14T14:50:57+00:00\",\"dateModified\":\"2026-04-09T14:55:10+00:00\",\"breadcrumb\":{\"@id\":\"https:\\\/\\\/yourpack.eu\\\/sv\\\/produkt\\\/lock-till-matlada-234x187x2-cm-bredd-x-langd-x-hojd-pet-transparent-ej-lamplig-for-mikrovagsugnar-300-st-lada-matchande-matlador-88430-88431-88432-88433-88434-88435-88436-88437-88438\\\/#breadcrumb\"},\"inLanguage\":\"sv-SE\",\"potentialAction\":[{\"@type\":\"ReadAction\",\"target\":[\"https:\\\/\\\/yourpack.eu\\\/sv\\\/produkt\\\/lock-till-matlada-234x187x2-cm-bredd-x-langd-x-hojd-pet-transparent-ej-lamplig-for-mikrovagsugnar-300-st-lada-matchande-matlador-88430-88431-88432-88433-88434-88435-88436-88437-88438\\\/\"]}]},{\"@type\":\"ImageObject\",\"inLanguage\":\"sv-SE\",\"@id\":\"https:\\\/\\\/yourpack.eu\\\/sv\\\/produkt\\\/lock-till-matlada-234x187x2-cm-bredd-x-langd-x-hojd-pet-transparent-ej-lamplig-for-mikrovagsugnar-300-st-lada-matchande-matlador-88430-88431-88432-88433-88434-88435-88436-88437-88438\\\/#primaryimage\",\"url\":\"https:\\\/\\\/yourpack.eu\\\/wp-content\\\/uploads\\\/2026\\\/03\\\/microw-lid_885281.jpg\",\"contentUrl\":\"https:\\\/\\\/yourpack.eu\\\/wp-content\\\/uploads\\\/2026\\\/03\\\/microw-lid_885281.jpg\",\"width\":2500,\"height\":2500},{\"@type\":\"BreadcrumbList\",\"@id\":\"https:\\\/\\\/yourpack.eu\\\/sv\\\/produkt\\\/lock-till-matlada-234x187x2-cm-bredd-x-langd-x-hojd-pet-transparent-ej-lamplig-for-mikrovagsugnar-300-st-lada-matchande-matlador-88430-88431-88432-88433-88434-88435-88436-88437-88438\\\/#breadcrumb\",\"itemListElement\":[{\"@type\":\"ListItem\",\"position\":1,\"name\":\"Home\",\"item\":\"https:\\\/\\\/yourpack.eu\\\/sv\\\/\"},{\"@type\":\"ListItem\",\"position\":2,\"name\":\"Webbutik\",\"item\":\"https:\\\/\\\/yourpack.eu\\\/sv\\\/butik\\\/\"},{\"@type\":\"ListItem\",\"position\":3,\"name\":\"Lock till matl\u00e5da 23,4&#215;18,7&#215;2 cm (bredd x l\u00e4ngd x h\u00f6jd), PET, transparent, ej l\u00e4mplig f\u00f6r mikrov\u00e5gsugnar, 300 st\\\/l\u00e5da \\\/\\\/matchande matl\u00e5dor 88430, 88431, 88432, 88433, 88434, 88435, 88436, 88437, 88438, 88439, 88440, 88441\"}]},{\"@type\":\"WebSite\",\"@id\":\"https:\\\/\\\/yourpack.eu\\\/sv\\\/#website\",\"url\":\"https:\\\/\\\/yourpack.eu\\\/sv\\\/\",\"name\":\"Infigo\",\"description\":\"\",\"publisher\":{\"@id\":\"https:\\\/\\\/yourpack.eu\\\/sv\\\/#organization\"},\"potentialAction\":[{\"@type\":\"SearchAction\",\"target\":{\"@type\":\"EntryPoint\",\"urlTemplate\":\"https:\\\/\\\/yourpack.eu\\\/sv\\\/?s={search_term_string}\"},\"query-input\":{\"@type\":\"PropertyValueSpecification\",\"valueRequired\":true,\"valueName\":\"search_term_string\"}}],\"inLanguage\":\"sv-SE\"},{\"@type\":\"Organization\",\"@id\":\"https:\\\/\\\/yourpack.eu\\\/sv\\\/#organization\",\"name\":\"Infigo\",\"url\":\"https:\\\/\\\/yourpack.eu\\\/sv\\\/\",\"logo\":{\"@type\":\"ImageObject\",\"inLanguage\":\"sv-SE\",\"@id\":\"https:\\\/\\\/yourpack.eu\\\/sv\\\/#\\\/schema\\\/logo\\\/image\\\/\",\"url\":\"https:\\\/\\\/yourpack.eu\\\/wp-content\\\/uploads\\\/2026\\\/02\\\/2026-Infigo_yourpack-scaled.webp\",\"contentUrl\":\"https:\\\/\\\/yourpack.eu\\\/wp-content\\\/uploads\\\/2026\\\/02\\\/2026-Infigo_yourpack-scaled.webp\",\"width\":2560,\"height\":851,\"caption\":\"Infigo\"},\"image\":{\"@id\":\"https:\\\/\\\/yourpack.eu\\\/sv\\\/#\\\/schema\\\/logo\\\/image\\\/\"}}]}<\/script>\n<!-- \/ Yoast SEO plugin. -->","yoast_head_json":{"title":"Lock till matl\u00e5da 23,4x18,7x2 cm (bredd x l\u00e4ngd x h\u00f6jd), PET, transparent, ej l\u00e4mplig f\u00f6r mikrov\u00e5gsugnar, 300 st\/l\u00e5da \/\/matchande matl\u00e5dor 88430, 88431, 88432, 88433, 88434, 88435, 88436, 88437, 88438, 88439, 88440, 88441 - Infigo shop","robots":{"index":"index","follow":"follow","max-snippet":"max-snippet:-1","max-image-preview":"max-image-preview:large","max-video-preview":"max-video-preview:-1"},"canonical":"https:\/\/yourpack.eu\/sv\/produkt\/lock-till-matlada-234x187x2-cm-bredd-x-langd-x-hojd-pet-transparent-ej-lamplig-for-mikrovagsugnar-300-st-lada-matchande-matlador-88430-88431-88432-88433-88434-88435-88436-88437-88438\/","og_locale":"sv_SE","og_type":"article","og_title":"Lock till matl\u00e5da 23,4x18,7x2 cm (bredd x l\u00e4ngd x h\u00f6jd), PET, transparent, ej l\u00e4mplig f\u00f6r mikrov\u00e5gsugnar, 300 st\/l\u00e5da \/\/matchande matl\u00e5dor 88430, 88431, 88432, 88433, 88434, 88435, 88436, 88437, 88438, 88439, 88440, 88441 - Infigo shop","og_url":"https:\/\/yourpack.eu\/sv\/produkt\/lock-till-matlada-234x187x2-cm-bredd-x-langd-x-hojd-pet-transparent-ej-lamplig-for-mikrovagsugnar-300-st-lada-matchande-matlador-88430-88431-88432-88433-88434-88435-88436-88437-88438\/","og_site_name":"Infigo shop","article_modified_time":"2026-04-09T14:55:10+00:00","twitter_card":"summary_large_image","schema":{"@context":"https:\/\/schema.org","@graph":[{"@type":"WebPage","@id":"https:\/\/yourpack.eu\/sv\/produkt\/lock-till-matlada-234x187x2-cm-bredd-x-langd-x-hojd-pet-transparent-ej-lamplig-for-mikrovagsugnar-300-st-lada-matchande-matlador-88430-88431-88432-88433-88434-88435-88436-88437-88438\/","url":"https:\/\/yourpack.eu\/sv\/produkt\/lock-till-matlada-234x187x2-cm-bredd-x-langd-x-hojd-pet-transparent-ej-lamplig-for-mikrovagsugnar-300-st-lada-matchande-matlador-88430-88431-88432-88433-88434-88435-88436-88437-88438\/","name":"Lock till matl\u00e5da 23,4x18,7x2 cm (bredd x l\u00e4ngd x h\u00f6jd), PET, transparent, ej l\u00e4mplig f\u00f6r mikrov\u00e5gsugnar, 300 st\/l\u00e5da \/\/matchande matl\u00e5dor 88430, 88431, 88432, 88433, 88434, 88435, 88436, 88437, 88438, 88439, 88440, 88441 - Infigo shop","isPartOf":{"@id":"https:\/\/yourpack.eu\/sv\/#website"},"primaryImageOfPage":{"@id":"https:\/\/yourpack.eu\/sv\/produkt\/lock-till-matlada-234x187x2-cm-bredd-x-langd-x-hojd-pet-transparent-ej-lamplig-for-mikrovagsugnar-300-st-lada-matchande-matlador-88430-88431-88432-88433-88434-88435-88436-88437-88438\/#primaryimage"},"image":{"@id":"https:\/\/yourpack.eu\/sv\/produkt\/lock-till-matlada-234x187x2-cm-bredd-x-langd-x-hojd-pet-transparent-ej-lamplig-for-mikrovagsugnar-300-st-lada-matchande-matlador-88430-88431-88432-88433-88434-88435-88436-88437-88438\/#primaryimage"},"thumbnailUrl":"https:\/\/yourpack.eu\/wp-content\/uploads\/2026\/03\/microw-lid_885281.jpg","datePublished":"2026-03-14T14:50:57+00:00","dateModified":"2026-04-09T14:55:10+00:00","breadcrumb":{"@id":"https:\/\/yourpack.eu\/sv\/produkt\/lock-till-matlada-234x187x2-cm-bredd-x-langd-x-hojd-pet-transparent-ej-lamplig-for-mikrovagsugnar-300-st-lada-matchande-matlador-88430-88431-88432-88433-88434-88435-88436-88437-88438\/#breadcrumb"},"inLanguage":"sv-SE","potentialAction":[{"@type":"ReadAction","target":["https:\/\/yourpack.eu\/sv\/produkt\/lock-till-matlada-234x187x2-cm-bredd-x-langd-x-hojd-pet-transparent-ej-lamplig-for-mikrovagsugnar-300-st-lada-matchande-matlador-88430-88431-88432-88433-88434-88435-88436-88437-88438\/"]}]},{"@type":"ImageObject","inLanguage":"sv-SE","@id":"https:\/\/yourpack.eu\/sv\/produkt\/lock-till-matlada-234x187x2-cm-bredd-x-langd-x-hojd-pet-transparent-ej-lamplig-for-mikrovagsugnar-300-st-lada-matchande-matlador-88430-88431-88432-88433-88434-88435-88436-88437-88438\/#primaryimage","url":"https:\/\/yourpack.eu\/wp-content\/uploads\/2026\/03\/microw-lid_885281.jpg","contentUrl":"https:\/\/yourpack.eu\/wp-content\/uploads\/2026\/03\/microw-lid_885281.jpg","width":2500,"height":2500},{"@type":"BreadcrumbList","@id":"https:\/\/yourpack.eu\/sv\/produkt\/lock-till-matlada-234x187x2-cm-bredd-x-langd-x-hojd-pet-transparent-ej-lamplig-for-mikrovagsugnar-300-st-lada-matchande-matlador-88430-88431-88432-88433-88434-88435-88436-88437-88438\/#breadcrumb","itemListElement":[{"@type":"ListItem","position":1,"name":"Home","item":"https:\/\/yourpack.eu\/sv\/"},{"@type":"ListItem","position":2,"name":"Webbutik","item":"https:\/\/yourpack.eu\/sv\/butik\/"},{"@type":"ListItem","position":3,"name":"Lock till matl\u00e5da 23,4&#215;18,7&#215;2 cm (bredd x l\u00e4ngd x h\u00f6jd), PET, transparent, ej l\u00e4mplig f\u00f6r mikrov\u00e5gsugnar, 300 st\/l\u00e5da \/\/matchande matl\u00e5dor 88430, 88431, 88432, 88433, 88434, 88435, 88436, 88437, 88438, 88439, 88440, 88441"}]},{"@type":"WebSite","@id":"https:\/\/yourpack.eu\/sv\/#website","url":"https:\/\/yourpack.eu\/sv\/","name":"Infigo","description":"","publisher":{"@id":"https:\/\/yourpack.eu\/sv\/#organization"},"potentialAction":[{"@type":"SearchAction","target":{"@type":"EntryPoint","urlTemplate":"https:\/\/yourpack.eu\/sv\/?s={search_term_string}"},"query-input":{"@type":"PropertyValueSpecification","valueRequired":true,"valueName":"search_term_string"}}],"inLanguage":"sv-SE"},{"@type":"Organization","@id":"https:\/\/yourpack.eu\/sv\/#organization","name":"Infigo","url":"https:\/\/yourpack.eu\/sv\/","logo":{"@type":"ImageObject","inLanguage":"sv-SE","@id":"https:\/\/yourpack.eu\/sv\/#\/schema\/logo\/image\/","url":"https:\/\/yourpack.eu\/wp-content\/uploads\/2026\/02\/2026-Infigo_yourpack-scaled.webp","contentUrl":"https:\/\/yourpack.eu\/wp-content\/uploads\/2026\/02\/2026-Infigo_yourpack-scaled.webp","width":2560,"height":851,"caption":"Infigo"},"image":{"@id":"https:\/\/yourpack.eu\/sv\/#\/schema\/logo\/image\/"}}]}},"_links":{"self":[{"href":"https:\/\/yourpack.eu\/sv\/wp-json\/wp\/v2\/product\/69613","targetHints":{"allow":["GET"]}}],"collection":[{"href":"https:\/\/yourpack.eu\/sv\/wp-json\/wp\/v2\/product"}],"about":[{"href":"https:\/\/yourpack.eu\/sv\/wp-json\/wp\/v2\/types\/product"}],"replies":[{"embeddable":true,"href":"https:\/\/yourpack.eu\/sv\/wp-json\/wp\/v2\/comments?post=69613"}],"wp:featuredmedia":[{"embeddable":true,"href":"https:\/\/yourpack.eu\/sv\/wp-json\/wp\/v2\/media\/69644"}],"wp:attachment":[{"href":"https:\/\/yourpack.eu\/sv\/wp-json\/wp\/v2\/media?parent=69613"}],"wp:term":[{"taxonomy":"product_brand","embeddable":true,"href":"https:\/\/yourpack.eu\/sv\/wp-json\/wp\/v2\/product_brand?post=69613"},{"taxonomy":"product_cat","embeddable":true,"href":"https:\/\/yourpack.eu\/sv\/wp-json\/wp\/v2\/product_cat?post=69613"},{"taxonomy":"product_tag","embeddable":true,"href":"https:\/\/yourpack.eu\/sv\/wp-json\/wp\/v2\/product_tag?post=69613"}],"curies":[{"name":"wp","href":"https:\/\/api.w.org\/{rel}","templated":true}]}}