{"id":69609,"date":"2026-03-14T16:50:56","date_gmt":"2026-03-14T14:50:56","guid":{"rendered":"https:\/\/yourpack.eu\/toode\/matlada-227x178x49-cm-bredd-x-langd-x-hojd-1095-ml-3-delad-vit-pp-lamplig-for-tatning-mikrovagsugn-upp-till-100-oc-max-5-min-500-st-lada-matchande-lock-88528-eller-tatningsfolie-88405\/"},"modified":"2026-04-09T19:25:11","modified_gmt":"2026-04-09T16:25:11","slug":"matlada-227x178x49-cm-bredd-x-langd-x-hojd-1095-ml-3-delad-vit-pp-lamplig-for-tatning-mikrovagsugn-upp-till-100-oc-max-5-min-500-st-lada-matchande-lock-88528-eller-tatningsfolie-88405","status":"publish","type":"product","link":"https:\/\/yourpack.eu\/sv\/produkt\/matlada-227x178x49-cm-bredd-x-langd-x-hojd-1095-ml-3-delad-vit-pp-lamplig-for-tatning-mikrovagsugn-upp-till-100-oc-max-5-min-500-st-lada-matchande-lock-88528-eller-tatningsfolie-88405\/","title":{"rendered":"Matl\u00e5da 22,7&#215;17,8&#215;4,9 cm (bredd x l\u00e4ngd x h\u00f6jd) 1095 ml, 3-delad, vit PP, l\u00e4mplig f\u00f6r t\u00e4tning, mikrov\u00e5gsugn upp till 100 \u00baC (max.5. min.), 500 st\/l\u00e5da \/\/ matchande lock 88528 eller t\u00e4tningsfolie 88405"},"content":{"rendered":"","protected":false},"excerpt":{"rendered":"","protected":false},"featured_media":69784,"comment_status":"open","ping_status":"closed","template":"","meta":{"_acf_changed":false},"product_brand":[],"product_cat":[1546],"product_tag":[],"class_list":{"0":"post-69609","1":"product","2":"type-product","3":"status-publish","4":"has-post-thumbnail","6":"product_cat-maltidslada","8":"first","9":"instock","10":"taxable","11":"shipping-taxable","12":"purchasable","13":"product-type-simple"},"acf":[],"yoast_head":"<!-- This site is optimized with the Yoast SEO plugin v27.3 - https:\/\/yoast.com\/product\/yoast-seo-wordpress\/ -->\n<title>Matl\u00e5da 22,7x17,8x4,9 cm (bredd x l\u00e4ngd x h\u00f6jd) 1095 ml, 3-delad, vit PP, l\u00e4mplig f\u00f6r t\u00e4tning, mikrov\u00e5gsugn upp till 100 \u00baC (max.5. min.), 500 st\/l\u00e5da \/\/ matchande lock 88528 eller t\u00e4tningsfolie 88405 - Infigo shop<\/title>\n<meta name=\"robots\" content=\"index, follow, max-snippet:-1, max-image-preview:large, max-video-preview:-1\" \/>\n<link rel=\"canonical\" href=\"https:\/\/yourpack.eu\/sv\/produkt\/matlada-227x178x49-cm-bredd-x-langd-x-hojd-1095-ml-3-delad-vit-pp-lamplig-for-tatning-mikrovagsugn-upp-till-100-oc-max-5-min-500-st-lada-matchande-lock-88528-eller-tatningsfolie-88405\/\" \/>\n<meta property=\"og:locale\" content=\"sv_SE\" \/>\n<meta property=\"og:type\" content=\"article\" \/>\n<meta property=\"og:title\" content=\"Matl\u00e5da 22,7x17,8x4,9 cm (bredd x l\u00e4ngd x h\u00f6jd) 1095 ml, 3-delad, vit PP, l\u00e4mplig f\u00f6r t\u00e4tning, mikrov\u00e5gsugn upp till 100 \u00baC (max.5. min.), 500 st\/l\u00e5da \/\/ matchande lock 88528 eller t\u00e4tningsfolie 88405 - Infigo shop\" \/>\n<meta property=\"og:url\" content=\"https:\/\/yourpack.eu\/sv\/produkt\/matlada-227x178x49-cm-bredd-x-langd-x-hojd-1095-ml-3-delad-vit-pp-lamplig-for-tatning-mikrovagsugn-upp-till-100-oc-max-5-min-500-st-lada-matchande-lock-88528-eller-tatningsfolie-88405\/\" \/>\n<meta property=\"og:site_name\" content=\"Infigo shop\" \/>\n<meta property=\"article:modified_time\" content=\"2026-04-09T16:25:11+00:00\" \/>\n<meta name=\"twitter:card\" content=\"summary_large_image\" \/>\n<script type=\"application\/ld+json\" class=\"yoast-schema-graph\">{\"@context\":\"https:\\\/\\\/schema.org\",\"@graph\":[{\"@type\":\"WebPage\",\"@id\":\"https:\\\/\\\/yourpack.eu\\\/sv\\\/produkt\\\/matlada-227x178x49-cm-bredd-x-langd-x-hojd-1095-ml-3-delad-vit-pp-lamplig-for-tatning-mikrovagsugn-upp-till-100-oc-max-5-min-500-st-lada-matchande-lock-88528-eller-tatningsfolie-88405\\\/\",\"url\":\"https:\\\/\\\/yourpack.eu\\\/sv\\\/produkt\\\/matlada-227x178x49-cm-bredd-x-langd-x-hojd-1095-ml-3-delad-vit-pp-lamplig-for-tatning-mikrovagsugn-upp-till-100-oc-max-5-min-500-st-lada-matchande-lock-88528-eller-tatningsfolie-88405\\\/\",\"name\":\"Matl\u00e5da 22,7x17,8x4,9 cm (bredd x l\u00e4ngd x h\u00f6jd) 1095 ml, 3-delad, vit PP, l\u00e4mplig f\u00f6r t\u00e4tning, mikrov\u00e5gsugn upp till 100 \u00baC (max.5. min.), 500 st\\\/l\u00e5da \\\/\\\/ matchande lock 88528 eller t\u00e4tningsfolie 88405 - Infigo shop\",\"isPartOf\":{\"@id\":\"https:\\\/\\\/yourpack.eu\\\/sv\\\/#website\"},\"primaryImageOfPage\":{\"@id\":\"https:\\\/\\\/yourpack.eu\\\/sv\\\/produkt\\\/matlada-227x178x49-cm-bredd-x-langd-x-hojd-1095-ml-3-delad-vit-pp-lamplig-for-tatning-mikrovagsugn-upp-till-100-oc-max-5-min-500-st-lada-matchande-lock-88528-eller-tatningsfolie-88405\\\/#primaryimage\"},\"image\":{\"@id\":\"https:\\\/\\\/yourpack.eu\\\/sv\\\/produkt\\\/matlada-227x178x49-cm-bredd-x-langd-x-hojd-1095-ml-3-delad-vit-pp-lamplig-for-tatning-mikrovagsugn-upp-till-100-oc-max-5-min-500-st-lada-matchande-lock-88528-eller-tatningsfolie-88405\\\/#primaryimage\"},\"thumbnailUrl\":\"https:\\\/\\\/yourpack.eu\\\/wp-content\\\/uploads\\\/2026\\\/03\\\/microw-bowl_884411.jpg\",\"datePublished\":\"2026-03-14T14:50:56+00:00\",\"dateModified\":\"2026-04-09T16:25:11+00:00\",\"breadcrumb\":{\"@id\":\"https:\\\/\\\/yourpack.eu\\\/sv\\\/produkt\\\/matlada-227x178x49-cm-bredd-x-langd-x-hojd-1095-ml-3-delad-vit-pp-lamplig-for-tatning-mikrovagsugn-upp-till-100-oc-max-5-min-500-st-lada-matchande-lock-88528-eller-tatningsfolie-88405\\\/#breadcrumb\"},\"inLanguage\":\"sv-SE\",\"potentialAction\":[{\"@type\":\"ReadAction\",\"target\":[\"https:\\\/\\\/yourpack.eu\\\/sv\\\/produkt\\\/matlada-227x178x49-cm-bredd-x-langd-x-hojd-1095-ml-3-delad-vit-pp-lamplig-for-tatning-mikrovagsugn-upp-till-100-oc-max-5-min-500-st-lada-matchande-lock-88528-eller-tatningsfolie-88405\\\/\"]}]},{\"@type\":\"ImageObject\",\"inLanguage\":\"sv-SE\",\"@id\":\"https:\\\/\\\/yourpack.eu\\\/sv\\\/produkt\\\/matlada-227x178x49-cm-bredd-x-langd-x-hojd-1095-ml-3-delad-vit-pp-lamplig-for-tatning-mikrovagsugn-upp-till-100-oc-max-5-min-500-st-lada-matchande-lock-88528-eller-tatningsfolie-88405\\\/#primaryimage\",\"url\":\"https:\\\/\\\/yourpack.eu\\\/wp-content\\\/uploads\\\/2026\\\/03\\\/microw-bowl_884411.jpg\",\"contentUrl\":\"https:\\\/\\\/yourpack.eu\\\/wp-content\\\/uploads\\\/2026\\\/03\\\/microw-bowl_884411.jpg\",\"width\":2500,\"height\":2500},{\"@type\":\"BreadcrumbList\",\"@id\":\"https:\\\/\\\/yourpack.eu\\\/sv\\\/produkt\\\/matlada-227x178x49-cm-bredd-x-langd-x-hojd-1095-ml-3-delad-vit-pp-lamplig-for-tatning-mikrovagsugn-upp-till-100-oc-max-5-min-500-st-lada-matchande-lock-88528-eller-tatningsfolie-88405\\\/#breadcrumb\",\"itemListElement\":[{\"@type\":\"ListItem\",\"position\":1,\"name\":\"Home\",\"item\":\"https:\\\/\\\/yourpack.eu\\\/sv\\\/\"},{\"@type\":\"ListItem\",\"position\":2,\"name\":\"Webbutik\",\"item\":\"https:\\\/\\\/yourpack.eu\\\/sv\\\/butik\\\/\"},{\"@type\":\"ListItem\",\"position\":3,\"name\":\"Matl\u00e5da 22,7&#215;17,8&#215;4,9 cm (bredd x l\u00e4ngd x h\u00f6jd) 1095 ml, 3-delad, vit PP, l\u00e4mplig f\u00f6r t\u00e4tning, mikrov\u00e5gsugn upp till 100 \u00baC (max.5. min.), 500 st\\\/l\u00e5da \\\/\\\/ matchande lock 88528 eller t\u00e4tningsfolie 88405\"}]},{\"@type\":\"WebSite\",\"@id\":\"https:\\\/\\\/yourpack.eu\\\/sv\\\/#website\",\"url\":\"https:\\\/\\\/yourpack.eu\\\/sv\\\/\",\"name\":\"Infigo\",\"description\":\"\",\"publisher\":{\"@id\":\"https:\\\/\\\/yourpack.eu\\\/sv\\\/#organization\"},\"potentialAction\":[{\"@type\":\"SearchAction\",\"target\":{\"@type\":\"EntryPoint\",\"urlTemplate\":\"https:\\\/\\\/yourpack.eu\\\/sv\\\/?s={search_term_string}\"},\"query-input\":{\"@type\":\"PropertyValueSpecification\",\"valueRequired\":true,\"valueName\":\"search_term_string\"}}],\"inLanguage\":\"sv-SE\"},{\"@type\":\"Organization\",\"@id\":\"https:\\\/\\\/yourpack.eu\\\/sv\\\/#organization\",\"name\":\"Infigo\",\"url\":\"https:\\\/\\\/yourpack.eu\\\/sv\\\/\",\"logo\":{\"@type\":\"ImageObject\",\"inLanguage\":\"sv-SE\",\"@id\":\"https:\\\/\\\/yourpack.eu\\\/sv\\\/#\\\/schema\\\/logo\\\/image\\\/\",\"url\":\"https:\\\/\\\/yourpack.eu\\\/wp-content\\\/uploads\\\/2026\\\/02\\\/2026-Infigo_yourpack-scaled.webp\",\"contentUrl\":\"https:\\\/\\\/yourpack.eu\\\/wp-content\\\/uploads\\\/2026\\\/02\\\/2026-Infigo_yourpack-scaled.webp\",\"width\":2560,\"height\":851,\"caption\":\"Infigo\"},\"image\":{\"@id\":\"https:\\\/\\\/yourpack.eu\\\/sv\\\/#\\\/schema\\\/logo\\\/image\\\/\"}}]}<\/script>\n<!-- \/ Yoast SEO plugin. -->","yoast_head_json":{"title":"Matl\u00e5da 22,7x17,8x4,9 cm (bredd x l\u00e4ngd x h\u00f6jd) 1095 ml, 3-delad, vit PP, l\u00e4mplig f\u00f6r t\u00e4tning, mikrov\u00e5gsugn upp till 100 \u00baC (max.5. min.), 500 st\/l\u00e5da \/\/ matchande lock 88528 eller t\u00e4tningsfolie 88405 - Infigo shop","robots":{"index":"index","follow":"follow","max-snippet":"max-snippet:-1","max-image-preview":"max-image-preview:large","max-video-preview":"max-video-preview:-1"},"canonical":"https:\/\/yourpack.eu\/sv\/produkt\/matlada-227x178x49-cm-bredd-x-langd-x-hojd-1095-ml-3-delad-vit-pp-lamplig-for-tatning-mikrovagsugn-upp-till-100-oc-max-5-min-500-st-lada-matchande-lock-88528-eller-tatningsfolie-88405\/","og_locale":"sv_SE","og_type":"article","og_title":"Matl\u00e5da 22,7x17,8x4,9 cm (bredd x l\u00e4ngd x h\u00f6jd) 1095 ml, 3-delad, vit PP, l\u00e4mplig f\u00f6r t\u00e4tning, mikrov\u00e5gsugn upp till 100 \u00baC (max.5. min.), 500 st\/l\u00e5da \/\/ matchande lock 88528 eller t\u00e4tningsfolie 88405 - Infigo shop","og_url":"https:\/\/yourpack.eu\/sv\/produkt\/matlada-227x178x49-cm-bredd-x-langd-x-hojd-1095-ml-3-delad-vit-pp-lamplig-for-tatning-mikrovagsugn-upp-till-100-oc-max-5-min-500-st-lada-matchande-lock-88528-eller-tatningsfolie-88405\/","og_site_name":"Infigo shop","article_modified_time":"2026-04-09T16:25:11+00:00","twitter_card":"summary_large_image","schema":{"@context":"https:\/\/schema.org","@graph":[{"@type":"WebPage","@id":"https:\/\/yourpack.eu\/sv\/produkt\/matlada-227x178x49-cm-bredd-x-langd-x-hojd-1095-ml-3-delad-vit-pp-lamplig-for-tatning-mikrovagsugn-upp-till-100-oc-max-5-min-500-st-lada-matchande-lock-88528-eller-tatningsfolie-88405\/","url":"https:\/\/yourpack.eu\/sv\/produkt\/matlada-227x178x49-cm-bredd-x-langd-x-hojd-1095-ml-3-delad-vit-pp-lamplig-for-tatning-mikrovagsugn-upp-till-100-oc-max-5-min-500-st-lada-matchande-lock-88528-eller-tatningsfolie-88405\/","name":"Matl\u00e5da 22,7x17,8x4,9 cm (bredd x l\u00e4ngd x h\u00f6jd) 1095 ml, 3-delad, vit PP, l\u00e4mplig f\u00f6r t\u00e4tning, mikrov\u00e5gsugn upp till 100 \u00baC (max.5. min.), 500 st\/l\u00e5da \/\/ matchande lock 88528 eller t\u00e4tningsfolie 88405 - Infigo shop","isPartOf":{"@id":"https:\/\/yourpack.eu\/sv\/#website"},"primaryImageOfPage":{"@id":"https:\/\/yourpack.eu\/sv\/produkt\/matlada-227x178x49-cm-bredd-x-langd-x-hojd-1095-ml-3-delad-vit-pp-lamplig-for-tatning-mikrovagsugn-upp-till-100-oc-max-5-min-500-st-lada-matchande-lock-88528-eller-tatningsfolie-88405\/#primaryimage"},"image":{"@id":"https:\/\/yourpack.eu\/sv\/produkt\/matlada-227x178x49-cm-bredd-x-langd-x-hojd-1095-ml-3-delad-vit-pp-lamplig-for-tatning-mikrovagsugn-upp-till-100-oc-max-5-min-500-st-lada-matchande-lock-88528-eller-tatningsfolie-88405\/#primaryimage"},"thumbnailUrl":"https:\/\/yourpack.eu\/wp-content\/uploads\/2026\/03\/microw-bowl_884411.jpg","datePublished":"2026-03-14T14:50:56+00:00","dateModified":"2026-04-09T16:25:11+00:00","breadcrumb":{"@id":"https:\/\/yourpack.eu\/sv\/produkt\/matlada-227x178x49-cm-bredd-x-langd-x-hojd-1095-ml-3-delad-vit-pp-lamplig-for-tatning-mikrovagsugn-upp-till-100-oc-max-5-min-500-st-lada-matchande-lock-88528-eller-tatningsfolie-88405\/#breadcrumb"},"inLanguage":"sv-SE","potentialAction":[{"@type":"ReadAction","target":["https:\/\/yourpack.eu\/sv\/produkt\/matlada-227x178x49-cm-bredd-x-langd-x-hojd-1095-ml-3-delad-vit-pp-lamplig-for-tatning-mikrovagsugn-upp-till-100-oc-max-5-min-500-st-lada-matchande-lock-88528-eller-tatningsfolie-88405\/"]}]},{"@type":"ImageObject","inLanguage":"sv-SE","@id":"https:\/\/yourpack.eu\/sv\/produkt\/matlada-227x178x49-cm-bredd-x-langd-x-hojd-1095-ml-3-delad-vit-pp-lamplig-for-tatning-mikrovagsugn-upp-till-100-oc-max-5-min-500-st-lada-matchande-lock-88528-eller-tatningsfolie-88405\/#primaryimage","url":"https:\/\/yourpack.eu\/wp-content\/uploads\/2026\/03\/microw-bowl_884411.jpg","contentUrl":"https:\/\/yourpack.eu\/wp-content\/uploads\/2026\/03\/microw-bowl_884411.jpg","width":2500,"height":2500},{"@type":"BreadcrumbList","@id":"https:\/\/yourpack.eu\/sv\/produkt\/matlada-227x178x49-cm-bredd-x-langd-x-hojd-1095-ml-3-delad-vit-pp-lamplig-for-tatning-mikrovagsugn-upp-till-100-oc-max-5-min-500-st-lada-matchande-lock-88528-eller-tatningsfolie-88405\/#breadcrumb","itemListElement":[{"@type":"ListItem","position":1,"name":"Home","item":"https:\/\/yourpack.eu\/sv\/"},{"@type":"ListItem","position":2,"name":"Webbutik","item":"https:\/\/yourpack.eu\/sv\/butik\/"},{"@type":"ListItem","position":3,"name":"Matl\u00e5da 22,7&#215;17,8&#215;4,9 cm (bredd x l\u00e4ngd x h\u00f6jd) 1095 ml, 3-delad, vit PP, l\u00e4mplig f\u00f6r t\u00e4tning, mikrov\u00e5gsugn upp till 100 \u00baC (max.5. min.), 500 st\/l\u00e5da \/\/ matchande lock 88528 eller t\u00e4tningsfolie 88405"}]},{"@type":"WebSite","@id":"https:\/\/yourpack.eu\/sv\/#website","url":"https:\/\/yourpack.eu\/sv\/","name":"Infigo","description":"","publisher":{"@id":"https:\/\/yourpack.eu\/sv\/#organization"},"potentialAction":[{"@type":"SearchAction","target":{"@type":"EntryPoint","urlTemplate":"https:\/\/yourpack.eu\/sv\/?s={search_term_string}"},"query-input":{"@type":"PropertyValueSpecification","valueRequired":true,"valueName":"search_term_string"}}],"inLanguage":"sv-SE"},{"@type":"Organization","@id":"https:\/\/yourpack.eu\/sv\/#organization","name":"Infigo","url":"https:\/\/yourpack.eu\/sv\/","logo":{"@type":"ImageObject","inLanguage":"sv-SE","@id":"https:\/\/yourpack.eu\/sv\/#\/schema\/logo\/image\/","url":"https:\/\/yourpack.eu\/wp-content\/uploads\/2026\/02\/2026-Infigo_yourpack-scaled.webp","contentUrl":"https:\/\/yourpack.eu\/wp-content\/uploads\/2026\/02\/2026-Infigo_yourpack-scaled.webp","width":2560,"height":851,"caption":"Infigo"},"image":{"@id":"https:\/\/yourpack.eu\/sv\/#\/schema\/logo\/image\/"}}]}},"_links":{"self":[{"href":"https:\/\/yourpack.eu\/sv\/wp-json\/wp\/v2\/product\/69609","targetHints":{"allow":["GET"]}}],"collection":[{"href":"https:\/\/yourpack.eu\/sv\/wp-json\/wp\/v2\/product"}],"about":[{"href":"https:\/\/yourpack.eu\/sv\/wp-json\/wp\/v2\/types\/product"}],"replies":[{"embeddable":true,"href":"https:\/\/yourpack.eu\/sv\/wp-json\/wp\/v2\/comments?post=69609"}],"wp:featuredmedia":[{"embeddable":true,"href":"https:\/\/yourpack.eu\/sv\/wp-json\/wp\/v2\/media\/69784"}],"wp:attachment":[{"href":"https:\/\/yourpack.eu\/sv\/wp-json\/wp\/v2\/media?parent=69609"}],"wp:term":[{"taxonomy":"product_brand","embeddable":true,"href":"https:\/\/yourpack.eu\/sv\/wp-json\/wp\/v2\/product_brand?post=69609"},{"taxonomy":"product_cat","embeddable":true,"href":"https:\/\/yourpack.eu\/sv\/wp-json\/wp\/v2\/product_cat?post=69609"},{"taxonomy":"product_tag","embeddable":true,"href":"https:\/\/yourpack.eu\/sv\/wp-json\/wp\/v2\/product_tag?post=69609"}],"curies":[{"name":"wp","href":"https:\/\/api.w.org\/{rel}","templated":true}]}}