{"id":68869,"date":"2026-03-13T15:10:53","date_gmt":"2026-03-13T13:10:53","guid":{"rendered":"https:\/\/yourpack.eu\/toode\/ateranvandbara-bagare-300-ml-o-7-cm-x-hojd-13-cm-pp-genomskinlig-okrossbar-atervinningsbar-diskmaskinssaker-200-st-lada\/"},"modified":"2026-04-09T16:56:44","modified_gmt":"2026-04-09T13:56:44","slug":"ateranvandbara-bagare-300-ml-o-7-cm-x-hojd-13-cm-pp-genomskinlig-okrossbar-atervinningsbar-diskmaskinssaker-200-st-lada","status":"publish","type":"product","link":"https:\/\/yourpack.eu\/sv\/produkt\/ateranvandbara-bagare-300-ml-o-7-cm-x-hojd-13-cm-pp-genomskinlig-okrossbar-atervinningsbar-diskmaskinssaker-200-st-lada\/","title":{"rendered":"\u00c5teranv\u00e4ndbara b\u00e4gare 300 ml \u00d8 7 cm x h\u00f6jd 13 cm, PP, genomskinlig, okrossbar, \u00e5tervinningsbar, diskmaskinss\u00e4ker, 200 st\/l\u00e5da"},"content":{"rendered":"","protected":false},"excerpt":{"rendered":"","protected":false},"featured_media":68947,"comment_status":"open","ping_status":"closed","template":"","meta":{"_acf_changed":false},"product_brand":[],"product_cat":[1534],"product_tag":[],"class_list":{"0":"post-68869","1":"product","2":"type-product","3":"status-publish","4":"has-post-thumbnail","6":"product_cat-ateranvandbara-koppar","8":"first","9":"instock","10":"taxable","11":"shipping-taxable","12":"purchasable","13":"product-type-simple"},"acf":[],"yoast_head":"<!-- This site is optimized with the Yoast SEO plugin v27.3 - https:\/\/yoast.com\/product\/yoast-seo-wordpress\/ -->\n<title>\u00c5teranv\u00e4ndbara b\u00e4gare 300 ml \u00d8 7 cm x h\u00f6jd 13 cm, PP, genomskinlig, okrossbar, \u00e5tervinningsbar, diskmaskinss\u00e4ker, 200 st\/l\u00e5da - Infigo shop<\/title>\n<meta name=\"robots\" content=\"index, follow, max-snippet:-1, max-image-preview:large, max-video-preview:-1\" \/>\n<link rel=\"canonical\" href=\"https:\/\/yourpack.eu\/sv\/produkt\/ateranvandbara-bagare-300-ml-o-7-cm-x-hojd-13-cm-pp-genomskinlig-okrossbar-atervinningsbar-diskmaskinssaker-200-st-lada\/\" \/>\n<meta property=\"og:locale\" content=\"sv_SE\" \/>\n<meta property=\"og:type\" content=\"article\" \/>\n<meta property=\"og:title\" content=\"\u00c5teranv\u00e4ndbara b\u00e4gare 300 ml \u00d8 7 cm x h\u00f6jd 13 cm, PP, genomskinlig, okrossbar, \u00e5tervinningsbar, diskmaskinss\u00e4ker, 200 st\/l\u00e5da - Infigo shop\" \/>\n<meta property=\"og:url\" content=\"https:\/\/yourpack.eu\/sv\/produkt\/ateranvandbara-bagare-300-ml-o-7-cm-x-hojd-13-cm-pp-genomskinlig-okrossbar-atervinningsbar-diskmaskinssaker-200-st-lada\/\" \/>\n<meta property=\"og:site_name\" content=\"Infigo shop\" \/>\n<meta property=\"article:modified_time\" content=\"2026-04-09T13:56:44+00:00\" \/>\n<meta property=\"og:image\" content=\"https:\/\/yourpack.eu\/wp-content\/uploads\/2026\/03\/cup-PP_851951.jpg\" \/>\n\t<meta property=\"og:image:width\" content=\"2500\" \/>\n\t<meta property=\"og:image:height\" content=\"2500\" \/>\n\t<meta property=\"og:image:type\" content=\"image\/jpeg\" \/>\n<meta name=\"twitter:card\" content=\"summary_large_image\" \/>\n<script type=\"application\/ld+json\" class=\"yoast-schema-graph\">{\"@context\":\"https:\\\/\\\/schema.org\",\"@graph\":[{\"@type\":\"WebPage\",\"@id\":\"https:\\\/\\\/yourpack.eu\\\/sv\\\/produkt\\\/ateranvandbara-bagare-300-ml-o-7-cm-x-hojd-13-cm-pp-genomskinlig-okrossbar-atervinningsbar-diskmaskinssaker-200-st-lada\\\/\",\"url\":\"https:\\\/\\\/yourpack.eu\\\/sv\\\/produkt\\\/ateranvandbara-bagare-300-ml-o-7-cm-x-hojd-13-cm-pp-genomskinlig-okrossbar-atervinningsbar-diskmaskinssaker-200-st-lada\\\/\",\"name\":\"\u00c5teranv\u00e4ndbara b\u00e4gare 300 ml \u00d8 7 cm x h\u00f6jd 13 cm, PP, genomskinlig, okrossbar, \u00e5tervinningsbar, diskmaskinss\u00e4ker, 200 st\\\/l\u00e5da - Infigo shop\",\"isPartOf\":{\"@id\":\"https:\\\/\\\/yourpack.eu\\\/sv\\\/#website\"},\"primaryImageOfPage\":{\"@id\":\"https:\\\/\\\/yourpack.eu\\\/sv\\\/produkt\\\/ateranvandbara-bagare-300-ml-o-7-cm-x-hojd-13-cm-pp-genomskinlig-okrossbar-atervinningsbar-diskmaskinssaker-200-st-lada\\\/#primaryimage\"},\"image\":{\"@id\":\"https:\\\/\\\/yourpack.eu\\\/sv\\\/produkt\\\/ateranvandbara-bagare-300-ml-o-7-cm-x-hojd-13-cm-pp-genomskinlig-okrossbar-atervinningsbar-diskmaskinssaker-200-st-lada\\\/#primaryimage\"},\"thumbnailUrl\":\"https:\\\/\\\/yourpack.eu\\\/wp-content\\\/uploads\\\/2026\\\/03\\\/cup-PP_851951.jpg\",\"datePublished\":\"2026-03-13T13:10:53+00:00\",\"dateModified\":\"2026-04-09T13:56:44+00:00\",\"breadcrumb\":{\"@id\":\"https:\\\/\\\/yourpack.eu\\\/sv\\\/produkt\\\/ateranvandbara-bagare-300-ml-o-7-cm-x-hojd-13-cm-pp-genomskinlig-okrossbar-atervinningsbar-diskmaskinssaker-200-st-lada\\\/#breadcrumb\"},\"inLanguage\":\"sv-SE\",\"potentialAction\":[{\"@type\":\"ReadAction\",\"target\":[\"https:\\\/\\\/yourpack.eu\\\/sv\\\/produkt\\\/ateranvandbara-bagare-300-ml-o-7-cm-x-hojd-13-cm-pp-genomskinlig-okrossbar-atervinningsbar-diskmaskinssaker-200-st-lada\\\/\"]}]},{\"@type\":\"ImageObject\",\"inLanguage\":\"sv-SE\",\"@id\":\"https:\\\/\\\/yourpack.eu\\\/sv\\\/produkt\\\/ateranvandbara-bagare-300-ml-o-7-cm-x-hojd-13-cm-pp-genomskinlig-okrossbar-atervinningsbar-diskmaskinssaker-200-st-lada\\\/#primaryimage\",\"url\":\"https:\\\/\\\/yourpack.eu\\\/wp-content\\\/uploads\\\/2026\\\/03\\\/cup-PP_851951.jpg\",\"contentUrl\":\"https:\\\/\\\/yourpack.eu\\\/wp-content\\\/uploads\\\/2026\\\/03\\\/cup-PP_851951.jpg\",\"width\":2500,\"height\":2500},{\"@type\":\"BreadcrumbList\",\"@id\":\"https:\\\/\\\/yourpack.eu\\\/sv\\\/produkt\\\/ateranvandbara-bagare-300-ml-o-7-cm-x-hojd-13-cm-pp-genomskinlig-okrossbar-atervinningsbar-diskmaskinssaker-200-st-lada\\\/#breadcrumb\",\"itemListElement\":[{\"@type\":\"ListItem\",\"position\":1,\"name\":\"Home\",\"item\":\"https:\\\/\\\/yourpack.eu\\\/sv\\\/\"},{\"@type\":\"ListItem\",\"position\":2,\"name\":\"Webbutik\",\"item\":\"https:\\\/\\\/yourpack.eu\\\/sv\\\/butik\\\/\"},{\"@type\":\"ListItem\",\"position\":3,\"name\":\"\u00c5teranv\u00e4ndbara b\u00e4gare 300 ml \u00d8 7 cm x h\u00f6jd 13 cm, PP, genomskinlig, okrossbar, \u00e5tervinningsbar, diskmaskinss\u00e4ker, 200 st\\\/l\u00e5da\"}]},{\"@type\":\"WebSite\",\"@id\":\"https:\\\/\\\/yourpack.eu\\\/sv\\\/#website\",\"url\":\"https:\\\/\\\/yourpack.eu\\\/sv\\\/\",\"name\":\"Infigo\",\"description\":\"\",\"publisher\":{\"@id\":\"https:\\\/\\\/yourpack.eu\\\/sv\\\/#organization\"},\"potentialAction\":[{\"@type\":\"SearchAction\",\"target\":{\"@type\":\"EntryPoint\",\"urlTemplate\":\"https:\\\/\\\/yourpack.eu\\\/sv\\\/?s={search_term_string}\"},\"query-input\":{\"@type\":\"PropertyValueSpecification\",\"valueRequired\":true,\"valueName\":\"search_term_string\"}}],\"inLanguage\":\"sv-SE\"},{\"@type\":\"Organization\",\"@id\":\"https:\\\/\\\/yourpack.eu\\\/sv\\\/#organization\",\"name\":\"Infigo\",\"url\":\"https:\\\/\\\/yourpack.eu\\\/sv\\\/\",\"logo\":{\"@type\":\"ImageObject\",\"inLanguage\":\"sv-SE\",\"@id\":\"https:\\\/\\\/yourpack.eu\\\/sv\\\/#\\\/schema\\\/logo\\\/image\\\/\",\"url\":\"https:\\\/\\\/yourpack.eu\\\/wp-content\\\/uploads\\\/2026\\\/02\\\/2026-Infigo_yourpack-scaled.webp\",\"contentUrl\":\"https:\\\/\\\/yourpack.eu\\\/wp-content\\\/uploads\\\/2026\\\/02\\\/2026-Infigo_yourpack-scaled.webp\",\"width\":2560,\"height\":851,\"caption\":\"Infigo\"},\"image\":{\"@id\":\"https:\\\/\\\/yourpack.eu\\\/sv\\\/#\\\/schema\\\/logo\\\/image\\\/\"}}]}<\/script>\n<!-- \/ Yoast SEO plugin. -->","yoast_head_json":{"title":"\u00c5teranv\u00e4ndbara b\u00e4gare 300 ml \u00d8 7 cm x h\u00f6jd 13 cm, PP, genomskinlig, okrossbar, \u00e5tervinningsbar, diskmaskinss\u00e4ker, 200 st\/l\u00e5da - Infigo shop","robots":{"index":"index","follow":"follow","max-snippet":"max-snippet:-1","max-image-preview":"max-image-preview:large","max-video-preview":"max-video-preview:-1"},"canonical":"https:\/\/yourpack.eu\/sv\/produkt\/ateranvandbara-bagare-300-ml-o-7-cm-x-hojd-13-cm-pp-genomskinlig-okrossbar-atervinningsbar-diskmaskinssaker-200-st-lada\/","og_locale":"sv_SE","og_type":"article","og_title":"\u00c5teranv\u00e4ndbara b\u00e4gare 300 ml \u00d8 7 cm x h\u00f6jd 13 cm, PP, genomskinlig, okrossbar, \u00e5tervinningsbar, diskmaskinss\u00e4ker, 200 st\/l\u00e5da - Infigo shop","og_url":"https:\/\/yourpack.eu\/sv\/produkt\/ateranvandbara-bagare-300-ml-o-7-cm-x-hojd-13-cm-pp-genomskinlig-okrossbar-atervinningsbar-diskmaskinssaker-200-st-lada\/","og_site_name":"Infigo shop","article_modified_time":"2026-04-09T13:56:44+00:00","og_image":[{"width":2500,"height":2500,"url":"https:\/\/yourpack.eu\/wp-content\/uploads\/2026\/03\/cup-PP_851951.jpg","type":"image\/jpeg"}],"twitter_card":"summary_large_image","schema":{"@context":"https:\/\/schema.org","@graph":[{"@type":"WebPage","@id":"https:\/\/yourpack.eu\/sv\/produkt\/ateranvandbara-bagare-300-ml-o-7-cm-x-hojd-13-cm-pp-genomskinlig-okrossbar-atervinningsbar-diskmaskinssaker-200-st-lada\/","url":"https:\/\/yourpack.eu\/sv\/produkt\/ateranvandbara-bagare-300-ml-o-7-cm-x-hojd-13-cm-pp-genomskinlig-okrossbar-atervinningsbar-diskmaskinssaker-200-st-lada\/","name":"\u00c5teranv\u00e4ndbara b\u00e4gare 300 ml \u00d8 7 cm x h\u00f6jd 13 cm, PP, genomskinlig, okrossbar, \u00e5tervinningsbar, diskmaskinss\u00e4ker, 200 st\/l\u00e5da - Infigo shop","isPartOf":{"@id":"https:\/\/yourpack.eu\/sv\/#website"},"primaryImageOfPage":{"@id":"https:\/\/yourpack.eu\/sv\/produkt\/ateranvandbara-bagare-300-ml-o-7-cm-x-hojd-13-cm-pp-genomskinlig-okrossbar-atervinningsbar-diskmaskinssaker-200-st-lada\/#primaryimage"},"image":{"@id":"https:\/\/yourpack.eu\/sv\/produkt\/ateranvandbara-bagare-300-ml-o-7-cm-x-hojd-13-cm-pp-genomskinlig-okrossbar-atervinningsbar-diskmaskinssaker-200-st-lada\/#primaryimage"},"thumbnailUrl":"https:\/\/yourpack.eu\/wp-content\/uploads\/2026\/03\/cup-PP_851951.jpg","datePublished":"2026-03-13T13:10:53+00:00","dateModified":"2026-04-09T13:56:44+00:00","breadcrumb":{"@id":"https:\/\/yourpack.eu\/sv\/produkt\/ateranvandbara-bagare-300-ml-o-7-cm-x-hojd-13-cm-pp-genomskinlig-okrossbar-atervinningsbar-diskmaskinssaker-200-st-lada\/#breadcrumb"},"inLanguage":"sv-SE","potentialAction":[{"@type":"ReadAction","target":["https:\/\/yourpack.eu\/sv\/produkt\/ateranvandbara-bagare-300-ml-o-7-cm-x-hojd-13-cm-pp-genomskinlig-okrossbar-atervinningsbar-diskmaskinssaker-200-st-lada\/"]}]},{"@type":"ImageObject","inLanguage":"sv-SE","@id":"https:\/\/yourpack.eu\/sv\/produkt\/ateranvandbara-bagare-300-ml-o-7-cm-x-hojd-13-cm-pp-genomskinlig-okrossbar-atervinningsbar-diskmaskinssaker-200-st-lada\/#primaryimage","url":"https:\/\/yourpack.eu\/wp-content\/uploads\/2026\/03\/cup-PP_851951.jpg","contentUrl":"https:\/\/yourpack.eu\/wp-content\/uploads\/2026\/03\/cup-PP_851951.jpg","width":2500,"height":2500},{"@type":"BreadcrumbList","@id":"https:\/\/yourpack.eu\/sv\/produkt\/ateranvandbara-bagare-300-ml-o-7-cm-x-hojd-13-cm-pp-genomskinlig-okrossbar-atervinningsbar-diskmaskinssaker-200-st-lada\/#breadcrumb","itemListElement":[{"@type":"ListItem","position":1,"name":"Home","item":"https:\/\/yourpack.eu\/sv\/"},{"@type":"ListItem","position":2,"name":"Webbutik","item":"https:\/\/yourpack.eu\/sv\/butik\/"},{"@type":"ListItem","position":3,"name":"\u00c5teranv\u00e4ndbara b\u00e4gare 300 ml \u00d8 7 cm x h\u00f6jd 13 cm, PP, genomskinlig, okrossbar, \u00e5tervinningsbar, diskmaskinss\u00e4ker, 200 st\/l\u00e5da"}]},{"@type":"WebSite","@id":"https:\/\/yourpack.eu\/sv\/#website","url":"https:\/\/yourpack.eu\/sv\/","name":"Infigo","description":"","publisher":{"@id":"https:\/\/yourpack.eu\/sv\/#organization"},"potentialAction":[{"@type":"SearchAction","target":{"@type":"EntryPoint","urlTemplate":"https:\/\/yourpack.eu\/sv\/?s={search_term_string}"},"query-input":{"@type":"PropertyValueSpecification","valueRequired":true,"valueName":"search_term_string"}}],"inLanguage":"sv-SE"},{"@type":"Organization","@id":"https:\/\/yourpack.eu\/sv\/#organization","name":"Infigo","url":"https:\/\/yourpack.eu\/sv\/","logo":{"@type":"ImageObject","inLanguage":"sv-SE","@id":"https:\/\/yourpack.eu\/sv\/#\/schema\/logo\/image\/","url":"https:\/\/yourpack.eu\/wp-content\/uploads\/2026\/02\/2026-Infigo_yourpack-scaled.webp","contentUrl":"https:\/\/yourpack.eu\/wp-content\/uploads\/2026\/02\/2026-Infigo_yourpack-scaled.webp","width":2560,"height":851,"caption":"Infigo"},"image":{"@id":"https:\/\/yourpack.eu\/sv\/#\/schema\/logo\/image\/"}}]}},"_links":{"self":[{"href":"https:\/\/yourpack.eu\/sv\/wp-json\/wp\/v2\/product\/68869","targetHints":{"allow":["GET"]}}],"collection":[{"href":"https:\/\/yourpack.eu\/sv\/wp-json\/wp\/v2\/product"}],"about":[{"href":"https:\/\/yourpack.eu\/sv\/wp-json\/wp\/v2\/types\/product"}],"replies":[{"embeddable":true,"href":"https:\/\/yourpack.eu\/sv\/wp-json\/wp\/v2\/comments?post=68869"}],"wp:featuredmedia":[{"embeddable":true,"href":"https:\/\/yourpack.eu\/sv\/wp-json\/wp\/v2\/media\/68947"}],"wp:attachment":[{"href":"https:\/\/yourpack.eu\/sv\/wp-json\/wp\/v2\/media?parent=68869"}],"wp:term":[{"taxonomy":"product_brand","embeddable":true,"href":"https:\/\/yourpack.eu\/sv\/wp-json\/wp\/v2\/product_brand?post=68869"},{"taxonomy":"product_cat","embeddable":true,"href":"https:\/\/yourpack.eu\/sv\/wp-json\/wp\/v2\/product_cat?post=68869"},{"taxonomy":"product_tag","embeddable":true,"href":"https:\/\/yourpack.eu\/sv\/wp-json\/wp\/v2\/product_tag?post=68869"}],"curies":[{"name":"wp","href":"https:\/\/api.w.org\/{rel}","templated":true}]}}