{"id":68597,"date":"2026-03-13T10:40:37","date_gmt":"2026-03-13T08:40:37","guid":{"rendered":"https:\/\/yourpack.eu\/toode\/dubbelvaggig-pappersmuggar-400-ml-o-9-cm-x-hojd-137-cm-svart-540-g-m%c2%b2-kartong-pe-fsc-500-st-lada-matchande-lock-14775-85498-89337\/"},"modified":"2026-04-09T19:06:15","modified_gmt":"2026-04-09T16:06:15","slug":"dubbelvaggig-pappersmuggar-400-ml-o-9-cm-x-hojd-137-cm-svart-540-g-m%c2%b2-kartong-pe-fsc-500-st-lada-matchande-lock-14775-85498-89337","status":"publish","type":"product","link":"https:\/\/yourpack.eu\/sv\/produkt\/dubbelvaggig-pappersmuggar-400-ml-o-9-cm-x-hojd-137-cm-svart-540-g-m%c2%b2-kartong-pe-fsc-500-st-lada-matchande-lock-14775-85498-89337\/","title":{"rendered":"Dubbelv\u00e4ggig pappersmuggar 400 ml \u00d8 9 cm x h\u00f6jd 13,7 cm, svart, 540 g\/m\u00b2  kartong + PE, FSC\u00ae, 500 st\/l\u00e5da \/\/ matchande lock 14775, 85498, 89337"},"content":{"rendered":"","protected":false},"excerpt":{"rendered":"","protected":false},"featured_media":68815,"comment_status":"open","ping_status":"closed","template":"","meta":{"_acf_changed":false},"product_brand":[],"product_cat":[1530],"product_tag":[],"class_list":{"0":"post-68597","1":"product","2":"type-product","3":"status-publish","4":"has-post-thumbnail","6":"product_cat-pappersmugg-2","8":"first","9":"instock","10":"taxable","11":"shipping-taxable","12":"purchasable","13":"product-type-simple"},"acf":[],"yoast_head":"<!-- This site is optimized with the Yoast SEO plugin v27.3 - https:\/\/yoast.com\/product\/yoast-seo-wordpress\/ -->\n<title>Dubbelv\u00e4ggig pappersmuggar 400 ml \u00d8 9 cm x h\u00f6jd 13,7 cm, svart, 540 g\/m\u00b2 kartong + PE, FSC\u00ae, 500 st\/l\u00e5da \/\/ matchande lock 14775, 85498, 89337 - Infigo shop<\/title>\n<meta name=\"robots\" content=\"index, follow, max-snippet:-1, max-image-preview:large, max-video-preview:-1\" \/>\n<link rel=\"canonical\" href=\"https:\/\/yourpack.eu\/sv\/produkt\/dubbelvaggig-pappersmuggar-400-ml-o-9-cm-x-hojd-137-cm-svart-540-g-m%c2%b2-kartong-pe-fsc-500-st-lada-matchande-lock-14775-85498-89337\/\" \/>\n<meta property=\"og:locale\" content=\"sv_SE\" \/>\n<meta property=\"og:type\" content=\"article\" \/>\n<meta property=\"og:title\" content=\"Dubbelv\u00e4ggig pappersmuggar 400 ml \u00d8 9 cm x h\u00f6jd 13,7 cm, svart, 540 g\/m\u00b2 kartong + PE, FSC\u00ae, 500 st\/l\u00e5da \/\/ matchande lock 14775, 85498, 89337 - Infigo shop\" \/>\n<meta property=\"og:url\" content=\"https:\/\/yourpack.eu\/sv\/produkt\/dubbelvaggig-pappersmuggar-400-ml-o-9-cm-x-hojd-137-cm-svart-540-g-m%c2%b2-kartong-pe-fsc-500-st-lada-matchande-lock-14775-85498-89337\/\" \/>\n<meta property=\"og:site_name\" content=\"Infigo shop\" \/>\n<meta property=\"article:modified_time\" content=\"2026-04-09T16:06:15+00:00\" \/>\n<meta name=\"twitter:card\" content=\"summary_large_image\" \/>\n<script type=\"application\/ld+json\" class=\"yoast-schema-graph\">{\"@context\":\"https:\\\/\\\/schema.org\",\"@graph\":[{\"@type\":\"WebPage\",\"@id\":\"https:\\\/\\\/yourpack.eu\\\/sv\\\/produkt\\\/dubbelvaggig-pappersmuggar-400-ml-o-9-cm-x-hojd-137-cm-svart-540-g-m%c2%b2-kartong-pe-fsc-500-st-lada-matchande-lock-14775-85498-89337\\\/\",\"url\":\"https:\\\/\\\/yourpack.eu\\\/sv\\\/produkt\\\/dubbelvaggig-pappersmuggar-400-ml-o-9-cm-x-hojd-137-cm-svart-540-g-m%c2%b2-kartong-pe-fsc-500-st-lada-matchande-lock-14775-85498-89337\\\/\",\"name\":\"Dubbelv\u00e4ggig pappersmuggar 400 ml \u00d8 9 cm x h\u00f6jd 13,7 cm, svart, 540 g\\\/m\u00b2 kartong + PE, FSC\u00ae, 500 st\\\/l\u00e5da \\\/\\\/ matchande lock 14775, 85498, 89337 - Infigo shop\",\"isPartOf\":{\"@id\":\"https:\\\/\\\/yourpack.eu\\\/sv\\\/#website\"},\"primaryImageOfPage\":{\"@id\":\"https:\\\/\\\/yourpack.eu\\\/sv\\\/produkt\\\/dubbelvaggig-pappersmuggar-400-ml-o-9-cm-x-hojd-137-cm-svart-540-g-m%c2%b2-kartong-pe-fsc-500-st-lada-matchande-lock-14775-85498-89337\\\/#primaryimage\"},\"image\":{\"@id\":\"https:\\\/\\\/yourpack.eu\\\/sv\\\/produkt\\\/dubbelvaggig-pappersmuggar-400-ml-o-9-cm-x-hojd-137-cm-svart-540-g-m%c2%b2-kartong-pe-fsc-500-st-lada-matchande-lock-14775-85498-89337\\\/#primaryimage\"},\"thumbnailUrl\":\"https:\\\/\\\/yourpack.eu\\\/wp-content\\\/uploads\\\/2026\\\/03\\\/cup-pe_862671.jpg\",\"datePublished\":\"2026-03-13T08:40:37+00:00\",\"dateModified\":\"2026-04-09T16:06:15+00:00\",\"breadcrumb\":{\"@id\":\"https:\\\/\\\/yourpack.eu\\\/sv\\\/produkt\\\/dubbelvaggig-pappersmuggar-400-ml-o-9-cm-x-hojd-137-cm-svart-540-g-m%c2%b2-kartong-pe-fsc-500-st-lada-matchande-lock-14775-85498-89337\\\/#breadcrumb\"},\"inLanguage\":\"sv-SE\",\"potentialAction\":[{\"@type\":\"ReadAction\",\"target\":[\"https:\\\/\\\/yourpack.eu\\\/sv\\\/produkt\\\/dubbelvaggig-pappersmuggar-400-ml-o-9-cm-x-hojd-137-cm-svart-540-g-m%c2%b2-kartong-pe-fsc-500-st-lada-matchande-lock-14775-85498-89337\\\/\"]}]},{\"@type\":\"ImageObject\",\"inLanguage\":\"sv-SE\",\"@id\":\"https:\\\/\\\/yourpack.eu\\\/sv\\\/produkt\\\/dubbelvaggig-pappersmuggar-400-ml-o-9-cm-x-hojd-137-cm-svart-540-g-m%c2%b2-kartong-pe-fsc-500-st-lada-matchande-lock-14775-85498-89337\\\/#primaryimage\",\"url\":\"https:\\\/\\\/yourpack.eu\\\/wp-content\\\/uploads\\\/2026\\\/03\\\/cup-pe_862671.jpg\",\"contentUrl\":\"https:\\\/\\\/yourpack.eu\\\/wp-content\\\/uploads\\\/2026\\\/03\\\/cup-pe_862671.jpg\",\"width\":2500,\"height\":2500},{\"@type\":\"BreadcrumbList\",\"@id\":\"https:\\\/\\\/yourpack.eu\\\/sv\\\/produkt\\\/dubbelvaggig-pappersmuggar-400-ml-o-9-cm-x-hojd-137-cm-svart-540-g-m%c2%b2-kartong-pe-fsc-500-st-lada-matchande-lock-14775-85498-89337\\\/#breadcrumb\",\"itemListElement\":[{\"@type\":\"ListItem\",\"position\":1,\"name\":\"Home\",\"item\":\"https:\\\/\\\/yourpack.eu\\\/sv\\\/\"},{\"@type\":\"ListItem\",\"position\":2,\"name\":\"Webbutik\",\"item\":\"https:\\\/\\\/yourpack.eu\\\/sv\\\/butik\\\/\"},{\"@type\":\"ListItem\",\"position\":3,\"name\":\"Dubbelv\u00e4ggig pappersmuggar 400 ml \u00d8 9 cm x h\u00f6jd 13,7 cm, svart, 540 g\\\/m\u00b2 kartong + PE, FSC\u00ae, 500 st\\\/l\u00e5da \\\/\\\/ matchande lock 14775, 85498, 89337\"}]},{\"@type\":\"WebSite\",\"@id\":\"https:\\\/\\\/yourpack.eu\\\/sv\\\/#website\",\"url\":\"https:\\\/\\\/yourpack.eu\\\/sv\\\/\",\"name\":\"Infigo\",\"description\":\"\",\"publisher\":{\"@id\":\"https:\\\/\\\/yourpack.eu\\\/sv\\\/#organization\"},\"potentialAction\":[{\"@type\":\"SearchAction\",\"target\":{\"@type\":\"EntryPoint\",\"urlTemplate\":\"https:\\\/\\\/yourpack.eu\\\/sv\\\/?s={search_term_string}\"},\"query-input\":{\"@type\":\"PropertyValueSpecification\",\"valueRequired\":true,\"valueName\":\"search_term_string\"}}],\"inLanguage\":\"sv-SE\"},{\"@type\":\"Organization\",\"@id\":\"https:\\\/\\\/yourpack.eu\\\/sv\\\/#organization\",\"name\":\"Infigo\",\"url\":\"https:\\\/\\\/yourpack.eu\\\/sv\\\/\",\"logo\":{\"@type\":\"ImageObject\",\"inLanguage\":\"sv-SE\",\"@id\":\"https:\\\/\\\/yourpack.eu\\\/sv\\\/#\\\/schema\\\/logo\\\/image\\\/\",\"url\":\"https:\\\/\\\/yourpack.eu\\\/wp-content\\\/uploads\\\/2026\\\/02\\\/2026-Infigo_yourpack-scaled.webp\",\"contentUrl\":\"https:\\\/\\\/yourpack.eu\\\/wp-content\\\/uploads\\\/2026\\\/02\\\/2026-Infigo_yourpack-scaled.webp\",\"width\":2560,\"height\":851,\"caption\":\"Infigo\"},\"image\":{\"@id\":\"https:\\\/\\\/yourpack.eu\\\/sv\\\/#\\\/schema\\\/logo\\\/image\\\/\"}}]}<\/script>\n<!-- \/ Yoast SEO plugin. -->","yoast_head_json":{"title":"Dubbelv\u00e4ggig pappersmuggar 400 ml \u00d8 9 cm x h\u00f6jd 13,7 cm, svart, 540 g\/m\u00b2 kartong + PE, FSC\u00ae, 500 st\/l\u00e5da \/\/ matchande lock 14775, 85498, 89337 - Infigo shop","robots":{"index":"index","follow":"follow","max-snippet":"max-snippet:-1","max-image-preview":"max-image-preview:large","max-video-preview":"max-video-preview:-1"},"canonical":"https:\/\/yourpack.eu\/sv\/produkt\/dubbelvaggig-pappersmuggar-400-ml-o-9-cm-x-hojd-137-cm-svart-540-g-m%c2%b2-kartong-pe-fsc-500-st-lada-matchande-lock-14775-85498-89337\/","og_locale":"sv_SE","og_type":"article","og_title":"Dubbelv\u00e4ggig pappersmuggar 400 ml \u00d8 9 cm x h\u00f6jd 13,7 cm, svart, 540 g\/m\u00b2 kartong + PE, FSC\u00ae, 500 st\/l\u00e5da \/\/ matchande lock 14775, 85498, 89337 - Infigo shop","og_url":"https:\/\/yourpack.eu\/sv\/produkt\/dubbelvaggig-pappersmuggar-400-ml-o-9-cm-x-hojd-137-cm-svart-540-g-m%c2%b2-kartong-pe-fsc-500-st-lada-matchande-lock-14775-85498-89337\/","og_site_name":"Infigo shop","article_modified_time":"2026-04-09T16:06:15+00:00","twitter_card":"summary_large_image","schema":{"@context":"https:\/\/schema.org","@graph":[{"@type":"WebPage","@id":"https:\/\/yourpack.eu\/sv\/produkt\/dubbelvaggig-pappersmuggar-400-ml-o-9-cm-x-hojd-137-cm-svart-540-g-m%c2%b2-kartong-pe-fsc-500-st-lada-matchande-lock-14775-85498-89337\/","url":"https:\/\/yourpack.eu\/sv\/produkt\/dubbelvaggig-pappersmuggar-400-ml-o-9-cm-x-hojd-137-cm-svart-540-g-m%c2%b2-kartong-pe-fsc-500-st-lada-matchande-lock-14775-85498-89337\/","name":"Dubbelv\u00e4ggig pappersmuggar 400 ml \u00d8 9 cm x h\u00f6jd 13,7 cm, svart, 540 g\/m\u00b2 kartong + PE, FSC\u00ae, 500 st\/l\u00e5da \/\/ matchande lock 14775, 85498, 89337 - Infigo shop","isPartOf":{"@id":"https:\/\/yourpack.eu\/sv\/#website"},"primaryImageOfPage":{"@id":"https:\/\/yourpack.eu\/sv\/produkt\/dubbelvaggig-pappersmuggar-400-ml-o-9-cm-x-hojd-137-cm-svart-540-g-m%c2%b2-kartong-pe-fsc-500-st-lada-matchande-lock-14775-85498-89337\/#primaryimage"},"image":{"@id":"https:\/\/yourpack.eu\/sv\/produkt\/dubbelvaggig-pappersmuggar-400-ml-o-9-cm-x-hojd-137-cm-svart-540-g-m%c2%b2-kartong-pe-fsc-500-st-lada-matchande-lock-14775-85498-89337\/#primaryimage"},"thumbnailUrl":"https:\/\/yourpack.eu\/wp-content\/uploads\/2026\/03\/cup-pe_862671.jpg","datePublished":"2026-03-13T08:40:37+00:00","dateModified":"2026-04-09T16:06:15+00:00","breadcrumb":{"@id":"https:\/\/yourpack.eu\/sv\/produkt\/dubbelvaggig-pappersmuggar-400-ml-o-9-cm-x-hojd-137-cm-svart-540-g-m%c2%b2-kartong-pe-fsc-500-st-lada-matchande-lock-14775-85498-89337\/#breadcrumb"},"inLanguage":"sv-SE","potentialAction":[{"@type":"ReadAction","target":["https:\/\/yourpack.eu\/sv\/produkt\/dubbelvaggig-pappersmuggar-400-ml-o-9-cm-x-hojd-137-cm-svart-540-g-m%c2%b2-kartong-pe-fsc-500-st-lada-matchande-lock-14775-85498-89337\/"]}]},{"@type":"ImageObject","inLanguage":"sv-SE","@id":"https:\/\/yourpack.eu\/sv\/produkt\/dubbelvaggig-pappersmuggar-400-ml-o-9-cm-x-hojd-137-cm-svart-540-g-m%c2%b2-kartong-pe-fsc-500-st-lada-matchande-lock-14775-85498-89337\/#primaryimage","url":"https:\/\/yourpack.eu\/wp-content\/uploads\/2026\/03\/cup-pe_862671.jpg","contentUrl":"https:\/\/yourpack.eu\/wp-content\/uploads\/2026\/03\/cup-pe_862671.jpg","width":2500,"height":2500},{"@type":"BreadcrumbList","@id":"https:\/\/yourpack.eu\/sv\/produkt\/dubbelvaggig-pappersmuggar-400-ml-o-9-cm-x-hojd-137-cm-svart-540-g-m%c2%b2-kartong-pe-fsc-500-st-lada-matchande-lock-14775-85498-89337\/#breadcrumb","itemListElement":[{"@type":"ListItem","position":1,"name":"Home","item":"https:\/\/yourpack.eu\/sv\/"},{"@type":"ListItem","position":2,"name":"Webbutik","item":"https:\/\/yourpack.eu\/sv\/butik\/"},{"@type":"ListItem","position":3,"name":"Dubbelv\u00e4ggig pappersmuggar 400 ml \u00d8 9 cm x h\u00f6jd 13,7 cm, svart, 540 g\/m\u00b2 kartong + PE, FSC\u00ae, 500 st\/l\u00e5da \/\/ matchande lock 14775, 85498, 89337"}]},{"@type":"WebSite","@id":"https:\/\/yourpack.eu\/sv\/#website","url":"https:\/\/yourpack.eu\/sv\/","name":"Infigo","description":"","publisher":{"@id":"https:\/\/yourpack.eu\/sv\/#organization"},"potentialAction":[{"@type":"SearchAction","target":{"@type":"EntryPoint","urlTemplate":"https:\/\/yourpack.eu\/sv\/?s={search_term_string}"},"query-input":{"@type":"PropertyValueSpecification","valueRequired":true,"valueName":"search_term_string"}}],"inLanguage":"sv-SE"},{"@type":"Organization","@id":"https:\/\/yourpack.eu\/sv\/#organization","name":"Infigo","url":"https:\/\/yourpack.eu\/sv\/","logo":{"@type":"ImageObject","inLanguage":"sv-SE","@id":"https:\/\/yourpack.eu\/sv\/#\/schema\/logo\/image\/","url":"https:\/\/yourpack.eu\/wp-content\/uploads\/2026\/02\/2026-Infigo_yourpack-scaled.webp","contentUrl":"https:\/\/yourpack.eu\/wp-content\/uploads\/2026\/02\/2026-Infigo_yourpack-scaled.webp","width":2560,"height":851,"caption":"Infigo"},"image":{"@id":"https:\/\/yourpack.eu\/sv\/#\/schema\/logo\/image\/"}}]}},"_links":{"self":[{"href":"https:\/\/yourpack.eu\/sv\/wp-json\/wp\/v2\/product\/68597","targetHints":{"allow":["GET"]}}],"collection":[{"href":"https:\/\/yourpack.eu\/sv\/wp-json\/wp\/v2\/product"}],"about":[{"href":"https:\/\/yourpack.eu\/sv\/wp-json\/wp\/v2\/types\/product"}],"replies":[{"embeddable":true,"href":"https:\/\/yourpack.eu\/sv\/wp-json\/wp\/v2\/comments?post=68597"}],"wp:featuredmedia":[{"embeddable":true,"href":"https:\/\/yourpack.eu\/sv\/wp-json\/wp\/v2\/media\/68815"}],"wp:attachment":[{"href":"https:\/\/yourpack.eu\/sv\/wp-json\/wp\/v2\/media?parent=68597"}],"wp:term":[{"taxonomy":"product_brand","embeddable":true,"href":"https:\/\/yourpack.eu\/sv\/wp-json\/wp\/v2\/product_brand?post=68597"},{"taxonomy":"product_cat","embeddable":true,"href":"https:\/\/yourpack.eu\/sv\/wp-json\/wp\/v2\/product_cat?post=68597"},{"taxonomy":"product_tag","embeddable":true,"href":"https:\/\/yourpack.eu\/sv\/wp-json\/wp\/v2\/product_tag?post=68597"}],"curies":[{"name":"wp","href":"https:\/\/api.w.org\/{rel}","templated":true}]}}