{"id":65316,"date":"2026-02-22T20:54:20","date_gmt":"2026-02-22T18:54:20","guid":{"rendered":"https:\/\/yourpack.eu\/toode\/airboy-nano4-pro-luftkuddemaskin-for-smal-och-bred-film-for-4-hastighetslagen-4-6-8-10-m-per-min-stromforbrukning-60-w-storlek-43x19x195-cm-langd-x-bredd-x-hojd-vikt-2-6-kg\/"},"modified":"2026-04-16T04:46:19","modified_gmt":"2026-04-16T01:46:19","slug":"airboy-nano4-pro-luftkuddemaskin-for-smal-och-bred-film-for-4-hastighetslagen-4-6-8-10-m-per-min-stromforbrukning-60-w-storlek-43x19x195-cm-langd-x-bredd-x-hojd-vikt-2-6-kg","status":"publish","type":"product","link":"https:\/\/yourpack.eu\/sv\/produkt\/airboy-nano4-pro-luftkuddemaskin-for-smal-och-bred-film-for-4-hastighetslagen-4-6-8-10-m-per-min-stromforbrukning-60-w-storlek-43x19x195-cm-langd-x-bredd-x-hojd-vikt-2-6-kg\/","title":{"rendered":"AirBoy nano4 Pro luftkuddemaskin, f\u00f6r smal och bred film, f\u00f6r 4 hastighetsl\u00e4gen 4\/6\/8\/10 m per\/min, Str\u00f6mf\u00f6rbrukning 60 W, storlek 43x19x19,5 cm (l\u00e4ngd x bredd x h\u00f6jd), vikt 2, 6 kg"},"content":{"rendered":"<ul>\n<li>Olika film- och papperskuddar\/fyllmedelstyper kan bearbetas.<\/li>\n<li>Snabbaste lilla maskinen p\u00e5 marknaden.<\/li>\n<li>Garanti 12 m\u00e5nader fr\u00e5n ink\u00f6psdatum. Garantin t\u00e4cker inte f\u00f6rbrukningsvaror (knivar, b\u00e4lten och andra liknande delar)<\/li>\n<\/ul>\n<p><iframe loading=\"lazy\" title=\"AirBoy nano4 Impressionen\" width=\"640\" height=\"360\" src=\"https:\/\/www.youtube.com\/embed\/oTT3MLOFkXg?feature=oembed\" frameborder=\"0\" allow=\"accelerometer; autoplay; clipboard-write; encrypted-media; gyroscope; picture-in-picture; web-share\" referrerpolicy=\"strict-origin-when-cross-origin\" allowfullscreen><\/iframe><\/p>\n","protected":false},"excerpt":{"rendered":"<p>Olika film- och papperskuddar\/fyllmedelstyper kan bearbetas. Snabbaste lilla maskinen p\u00e5 marknaden. Garanti 12 m\u00e5nader fr\u00e5n ink\u00f6psdatum. Garantin t\u00e4cker inte f\u00f6rbrukningsvaror (knivar, b\u00e4lten och andra liknande delar)<\/p>\n","protected":false},"featured_media":65329,"comment_status":"open","ping_status":"closed","template":"","meta":{"_acf_changed":false},"product_brand":[],"product_cat":[1510],"product_tag":[],"class_list":{"0":"post-65316","1":"product","2":"type-product","3":"status-publish","4":"has-post-thumbnail","6":"product_cat-luftkuddemaskin","8":"first","9":"instock","10":"taxable","11":"shipping-taxable","12":"purchasable","13":"product-type-simple"},"acf":[],"yoast_head":"<!-- This site is optimized with the Yoast SEO plugin v27.3 - https:\/\/yoast.com\/product\/yoast-seo-wordpress\/ -->\n<title>AirBoy nano4 Pro luftkuddemaskin, f\u00f6r smal och bred film, f\u00f6r 4 hastighetsl\u00e4gen 4\/6\/8\/10 m per\/min, Str\u00f6mf\u00f6rbrukning 60 W, storlek 43x19x19,5 cm (l\u00e4ngd x bredd x h\u00f6jd), vikt 2, 6 kg - Infigo shop<\/title>\n<meta name=\"robots\" content=\"index, follow, max-snippet:-1, max-image-preview:large, max-video-preview:-1\" \/>\n<link rel=\"canonical\" href=\"https:\/\/yourpack.eu\/sv\/produkt\/airboy-nano4-pro-luftkuddemaskin-for-smal-och-bred-film-for-4-hastighetslagen-4-6-8-10-m-per-min-stromforbrukning-60-w-storlek-43x19x195-cm-langd-x-bredd-x-hojd-vikt-2-6-kg\/\" \/>\n<meta property=\"og:locale\" content=\"sv_SE\" \/>\n<meta property=\"og:type\" content=\"article\" \/>\n<meta property=\"og:title\" content=\"AirBoy nano4 Pro luftkuddemaskin, f\u00f6r smal och bred film, f\u00f6r 4 hastighetsl\u00e4gen 4\/6\/8\/10 m per\/min, Str\u00f6mf\u00f6rbrukning 60 W, storlek 43x19x19,5 cm (l\u00e4ngd x bredd x h\u00f6jd), vikt 2, 6 kg - Infigo shop\" \/>\n<meta property=\"og:description\" content=\"Olika film- och papperskuddar\/fyllmedelstyper kan bearbetas. Snabbaste lilla maskinen p\u00e5 marknaden. Garanti 12 m\u00e5nader fr\u00e5n ink\u00f6psdatum. Garantin t\u00e4cker inte f\u00f6rbrukningsvaror (knivar, b\u00e4lten och andra liknande delar)\" \/>\n<meta property=\"og:url\" content=\"https:\/\/yourpack.eu\/sv\/produkt\/airboy-nano4-pro-luftkuddemaskin-for-smal-och-bred-film-for-4-hastighetslagen-4-6-8-10-m-per-min-stromforbrukning-60-w-storlek-43x19x195-cm-langd-x-bredd-x-hojd-vikt-2-6-kg\/\" \/>\n<meta property=\"og:site_name\" content=\"Infigo shop\" \/>\n<meta property=\"article:modified_time\" content=\"2026-04-16T01:46:19+00:00\" \/>\n<meta property=\"og:image\" content=\"https:\/\/yourpack.eu\/wp-content\/uploads\/2026\/02\/nano4-Pro1-scaled.jpg\" \/>\n\t<meta property=\"og:image:width\" content=\"2560\" \/>\n\t<meta property=\"og:image:height\" content=\"1707\" \/>\n\t<meta property=\"og:image:type\" content=\"image\/jpeg\" \/>\n<meta name=\"twitter:card\" content=\"summary_large_image\" \/>\n<meta name=\"twitter:label1\" content=\"Ber\u00e4knad l\u00e4stid\" \/>\n\t<meta name=\"twitter:data1\" content=\"1 minut\" \/>\n<script type=\"application\/ld+json\" class=\"yoast-schema-graph\">{\"@context\":\"https:\\\/\\\/schema.org\",\"@graph\":[{\"@type\":\"WebPage\",\"@id\":\"https:\\\/\\\/yourpack.eu\\\/sv\\\/produkt\\\/airboy-nano4-pro-luftkuddemaskin-for-smal-och-bred-film-for-4-hastighetslagen-4-6-8-10-m-per-min-stromforbrukning-60-w-storlek-43x19x195-cm-langd-x-bredd-x-hojd-vikt-2-6-kg\\\/\",\"url\":\"https:\\\/\\\/yourpack.eu\\\/sv\\\/produkt\\\/airboy-nano4-pro-luftkuddemaskin-for-smal-och-bred-film-for-4-hastighetslagen-4-6-8-10-m-per-min-stromforbrukning-60-w-storlek-43x19x195-cm-langd-x-bredd-x-hojd-vikt-2-6-kg\\\/\",\"name\":\"AirBoy nano4 Pro luftkuddemaskin, f\u00f6r smal och bred film, f\u00f6r 4 hastighetsl\u00e4gen 4\\\/6\\\/8\\\/10 m per\\\/min, Str\u00f6mf\u00f6rbrukning 60 W, storlek 43x19x19,5 cm (l\u00e4ngd x bredd x h\u00f6jd), vikt 2, 6 kg - Infigo shop\",\"isPartOf\":{\"@id\":\"https:\\\/\\\/yourpack.eu\\\/sv\\\/#website\"},\"primaryImageOfPage\":{\"@id\":\"https:\\\/\\\/yourpack.eu\\\/sv\\\/produkt\\\/airboy-nano4-pro-luftkuddemaskin-for-smal-och-bred-film-for-4-hastighetslagen-4-6-8-10-m-per-min-stromforbrukning-60-w-storlek-43x19x195-cm-langd-x-bredd-x-hojd-vikt-2-6-kg\\\/#primaryimage\"},\"image\":{\"@id\":\"https:\\\/\\\/yourpack.eu\\\/sv\\\/produkt\\\/airboy-nano4-pro-luftkuddemaskin-for-smal-och-bred-film-for-4-hastighetslagen-4-6-8-10-m-per-min-stromforbrukning-60-w-storlek-43x19x195-cm-langd-x-bredd-x-hojd-vikt-2-6-kg\\\/#primaryimage\"},\"thumbnailUrl\":\"https:\\\/\\\/yourpack.eu\\\/wp-content\\\/uploads\\\/2026\\\/02\\\/nano4-Pro1-scaled.jpg\",\"datePublished\":\"2026-02-22T18:54:20+00:00\",\"dateModified\":\"2026-04-16T01:46:19+00:00\",\"breadcrumb\":{\"@id\":\"https:\\\/\\\/yourpack.eu\\\/sv\\\/produkt\\\/airboy-nano4-pro-luftkuddemaskin-for-smal-och-bred-film-for-4-hastighetslagen-4-6-8-10-m-per-min-stromforbrukning-60-w-storlek-43x19x195-cm-langd-x-bredd-x-hojd-vikt-2-6-kg\\\/#breadcrumb\"},\"inLanguage\":\"sv-SE\",\"potentialAction\":[{\"@type\":\"ReadAction\",\"target\":[\"https:\\\/\\\/yourpack.eu\\\/sv\\\/produkt\\\/airboy-nano4-pro-luftkuddemaskin-for-smal-och-bred-film-for-4-hastighetslagen-4-6-8-10-m-per-min-stromforbrukning-60-w-storlek-43x19x195-cm-langd-x-bredd-x-hojd-vikt-2-6-kg\\\/\"]}]},{\"@type\":\"ImageObject\",\"inLanguage\":\"sv-SE\",\"@id\":\"https:\\\/\\\/yourpack.eu\\\/sv\\\/produkt\\\/airboy-nano4-pro-luftkuddemaskin-for-smal-och-bred-film-for-4-hastighetslagen-4-6-8-10-m-per-min-stromforbrukning-60-w-storlek-43x19x195-cm-langd-x-bredd-x-hojd-vikt-2-6-kg\\\/#primaryimage\",\"url\":\"https:\\\/\\\/yourpack.eu\\\/wp-content\\\/uploads\\\/2026\\\/02\\\/nano4-Pro1-scaled.jpg\",\"contentUrl\":\"https:\\\/\\\/yourpack.eu\\\/wp-content\\\/uploads\\\/2026\\\/02\\\/nano4-Pro1-scaled.jpg\",\"width\":2560,\"height\":1707},{\"@type\":\"BreadcrumbList\",\"@id\":\"https:\\\/\\\/yourpack.eu\\\/sv\\\/produkt\\\/airboy-nano4-pro-luftkuddemaskin-for-smal-och-bred-film-for-4-hastighetslagen-4-6-8-10-m-per-min-stromforbrukning-60-w-storlek-43x19x195-cm-langd-x-bredd-x-hojd-vikt-2-6-kg\\\/#breadcrumb\",\"itemListElement\":[{\"@type\":\"ListItem\",\"position\":1,\"name\":\"Home\",\"item\":\"https:\\\/\\\/yourpack.eu\\\/sv\\\/\"},{\"@type\":\"ListItem\",\"position\":2,\"name\":\"Webbutik\",\"item\":\"https:\\\/\\\/yourpack.eu\\\/sv\\\/butik\\\/\"},{\"@type\":\"ListItem\",\"position\":3,\"name\":\"AirBoy nano4 Pro luftkuddemaskin, f\u00f6r smal och bred film, f\u00f6r 4 hastighetsl\u00e4gen 4\\\/6\\\/8\\\/10 m per\\\/min, Str\u00f6mf\u00f6rbrukning 60 W, storlek 43x19x19,5 cm (l\u00e4ngd x bredd x h\u00f6jd), vikt 2, 6 kg\"}]},{\"@type\":\"WebSite\",\"@id\":\"https:\\\/\\\/yourpack.eu\\\/sv\\\/#website\",\"url\":\"https:\\\/\\\/yourpack.eu\\\/sv\\\/\",\"name\":\"Infigo\",\"description\":\"\",\"publisher\":{\"@id\":\"https:\\\/\\\/yourpack.eu\\\/sv\\\/#organization\"},\"potentialAction\":[{\"@type\":\"SearchAction\",\"target\":{\"@type\":\"EntryPoint\",\"urlTemplate\":\"https:\\\/\\\/yourpack.eu\\\/sv\\\/?s={search_term_string}\"},\"query-input\":{\"@type\":\"PropertyValueSpecification\",\"valueRequired\":true,\"valueName\":\"search_term_string\"}}],\"inLanguage\":\"sv-SE\"},{\"@type\":\"Organization\",\"@id\":\"https:\\\/\\\/yourpack.eu\\\/sv\\\/#organization\",\"name\":\"Infigo\",\"url\":\"https:\\\/\\\/yourpack.eu\\\/sv\\\/\",\"logo\":{\"@type\":\"ImageObject\",\"inLanguage\":\"sv-SE\",\"@id\":\"https:\\\/\\\/yourpack.eu\\\/sv\\\/#\\\/schema\\\/logo\\\/image\\\/\",\"url\":\"https:\\\/\\\/yourpack.eu\\\/wp-content\\\/uploads\\\/2026\\\/02\\\/2026-Infigo_yourpack-scaled.webp\",\"contentUrl\":\"https:\\\/\\\/yourpack.eu\\\/wp-content\\\/uploads\\\/2026\\\/02\\\/2026-Infigo_yourpack-scaled.webp\",\"width\":2560,\"height\":851,\"caption\":\"Infigo\"},\"image\":{\"@id\":\"https:\\\/\\\/yourpack.eu\\\/sv\\\/#\\\/schema\\\/logo\\\/image\\\/\"}}]}<\/script>\n<!-- \/ Yoast SEO plugin. -->","yoast_head_json":{"title":"AirBoy nano4 Pro luftkuddemaskin, f\u00f6r smal och bred film, f\u00f6r 4 hastighetsl\u00e4gen 4\/6\/8\/10 m per\/min, Str\u00f6mf\u00f6rbrukning 60 W, storlek 43x19x19,5 cm (l\u00e4ngd x bredd x h\u00f6jd), vikt 2, 6 kg - Infigo shop","robots":{"index":"index","follow":"follow","max-snippet":"max-snippet:-1","max-image-preview":"max-image-preview:large","max-video-preview":"max-video-preview:-1"},"canonical":"https:\/\/yourpack.eu\/sv\/produkt\/airboy-nano4-pro-luftkuddemaskin-for-smal-och-bred-film-for-4-hastighetslagen-4-6-8-10-m-per-min-stromforbrukning-60-w-storlek-43x19x195-cm-langd-x-bredd-x-hojd-vikt-2-6-kg\/","og_locale":"sv_SE","og_type":"article","og_title":"AirBoy nano4 Pro luftkuddemaskin, f\u00f6r smal och bred film, f\u00f6r 4 hastighetsl\u00e4gen 4\/6\/8\/10 m per\/min, Str\u00f6mf\u00f6rbrukning 60 W, storlek 43x19x19,5 cm (l\u00e4ngd x bredd x h\u00f6jd), vikt 2, 6 kg - Infigo shop","og_description":"Olika film- och papperskuddar\/fyllmedelstyper kan bearbetas. Snabbaste lilla maskinen p\u00e5 marknaden. Garanti 12 m\u00e5nader fr\u00e5n ink\u00f6psdatum. Garantin t\u00e4cker inte f\u00f6rbrukningsvaror (knivar, b\u00e4lten och andra liknande delar)","og_url":"https:\/\/yourpack.eu\/sv\/produkt\/airboy-nano4-pro-luftkuddemaskin-for-smal-och-bred-film-for-4-hastighetslagen-4-6-8-10-m-per-min-stromforbrukning-60-w-storlek-43x19x195-cm-langd-x-bredd-x-hojd-vikt-2-6-kg\/","og_site_name":"Infigo shop","article_modified_time":"2026-04-16T01:46:19+00:00","og_image":[{"width":2560,"height":1707,"url":"https:\/\/yourpack.eu\/wp-content\/uploads\/2026\/02\/nano4-Pro1-scaled.jpg","type":"image\/jpeg"}],"twitter_card":"summary_large_image","twitter_misc":{"Ber\u00e4knad l\u00e4stid":"1 minut"},"schema":{"@context":"https:\/\/schema.org","@graph":[{"@type":"WebPage","@id":"https:\/\/yourpack.eu\/sv\/produkt\/airboy-nano4-pro-luftkuddemaskin-for-smal-och-bred-film-for-4-hastighetslagen-4-6-8-10-m-per-min-stromforbrukning-60-w-storlek-43x19x195-cm-langd-x-bredd-x-hojd-vikt-2-6-kg\/","url":"https:\/\/yourpack.eu\/sv\/produkt\/airboy-nano4-pro-luftkuddemaskin-for-smal-och-bred-film-for-4-hastighetslagen-4-6-8-10-m-per-min-stromforbrukning-60-w-storlek-43x19x195-cm-langd-x-bredd-x-hojd-vikt-2-6-kg\/","name":"AirBoy nano4 Pro luftkuddemaskin, f\u00f6r smal och bred film, f\u00f6r 4 hastighetsl\u00e4gen 4\/6\/8\/10 m per\/min, Str\u00f6mf\u00f6rbrukning 60 W, storlek 43x19x19,5 cm (l\u00e4ngd x bredd x h\u00f6jd), vikt 2, 6 kg - Infigo shop","isPartOf":{"@id":"https:\/\/yourpack.eu\/sv\/#website"},"primaryImageOfPage":{"@id":"https:\/\/yourpack.eu\/sv\/produkt\/airboy-nano4-pro-luftkuddemaskin-for-smal-och-bred-film-for-4-hastighetslagen-4-6-8-10-m-per-min-stromforbrukning-60-w-storlek-43x19x195-cm-langd-x-bredd-x-hojd-vikt-2-6-kg\/#primaryimage"},"image":{"@id":"https:\/\/yourpack.eu\/sv\/produkt\/airboy-nano4-pro-luftkuddemaskin-for-smal-och-bred-film-for-4-hastighetslagen-4-6-8-10-m-per-min-stromforbrukning-60-w-storlek-43x19x195-cm-langd-x-bredd-x-hojd-vikt-2-6-kg\/#primaryimage"},"thumbnailUrl":"https:\/\/yourpack.eu\/wp-content\/uploads\/2026\/02\/nano4-Pro1-scaled.jpg","datePublished":"2026-02-22T18:54:20+00:00","dateModified":"2026-04-16T01:46:19+00:00","breadcrumb":{"@id":"https:\/\/yourpack.eu\/sv\/produkt\/airboy-nano4-pro-luftkuddemaskin-for-smal-och-bred-film-for-4-hastighetslagen-4-6-8-10-m-per-min-stromforbrukning-60-w-storlek-43x19x195-cm-langd-x-bredd-x-hojd-vikt-2-6-kg\/#breadcrumb"},"inLanguage":"sv-SE","potentialAction":[{"@type":"ReadAction","target":["https:\/\/yourpack.eu\/sv\/produkt\/airboy-nano4-pro-luftkuddemaskin-for-smal-och-bred-film-for-4-hastighetslagen-4-6-8-10-m-per-min-stromforbrukning-60-w-storlek-43x19x195-cm-langd-x-bredd-x-hojd-vikt-2-6-kg\/"]}]},{"@type":"ImageObject","inLanguage":"sv-SE","@id":"https:\/\/yourpack.eu\/sv\/produkt\/airboy-nano4-pro-luftkuddemaskin-for-smal-och-bred-film-for-4-hastighetslagen-4-6-8-10-m-per-min-stromforbrukning-60-w-storlek-43x19x195-cm-langd-x-bredd-x-hojd-vikt-2-6-kg\/#primaryimage","url":"https:\/\/yourpack.eu\/wp-content\/uploads\/2026\/02\/nano4-Pro1-scaled.jpg","contentUrl":"https:\/\/yourpack.eu\/wp-content\/uploads\/2026\/02\/nano4-Pro1-scaled.jpg","width":2560,"height":1707},{"@type":"BreadcrumbList","@id":"https:\/\/yourpack.eu\/sv\/produkt\/airboy-nano4-pro-luftkuddemaskin-for-smal-och-bred-film-for-4-hastighetslagen-4-6-8-10-m-per-min-stromforbrukning-60-w-storlek-43x19x195-cm-langd-x-bredd-x-hojd-vikt-2-6-kg\/#breadcrumb","itemListElement":[{"@type":"ListItem","position":1,"name":"Home","item":"https:\/\/yourpack.eu\/sv\/"},{"@type":"ListItem","position":2,"name":"Webbutik","item":"https:\/\/yourpack.eu\/sv\/butik\/"},{"@type":"ListItem","position":3,"name":"AirBoy nano4 Pro luftkuddemaskin, f\u00f6r smal och bred film, f\u00f6r 4 hastighetsl\u00e4gen 4\/6\/8\/10 m per\/min, Str\u00f6mf\u00f6rbrukning 60 W, storlek 43x19x19,5 cm (l\u00e4ngd x bredd x h\u00f6jd), vikt 2, 6 kg"}]},{"@type":"WebSite","@id":"https:\/\/yourpack.eu\/sv\/#website","url":"https:\/\/yourpack.eu\/sv\/","name":"Infigo","description":"","publisher":{"@id":"https:\/\/yourpack.eu\/sv\/#organization"},"potentialAction":[{"@type":"SearchAction","target":{"@type":"EntryPoint","urlTemplate":"https:\/\/yourpack.eu\/sv\/?s={search_term_string}"},"query-input":{"@type":"PropertyValueSpecification","valueRequired":true,"valueName":"search_term_string"}}],"inLanguage":"sv-SE"},{"@type":"Organization","@id":"https:\/\/yourpack.eu\/sv\/#organization","name":"Infigo","url":"https:\/\/yourpack.eu\/sv\/","logo":{"@type":"ImageObject","inLanguage":"sv-SE","@id":"https:\/\/yourpack.eu\/sv\/#\/schema\/logo\/image\/","url":"https:\/\/yourpack.eu\/wp-content\/uploads\/2026\/02\/2026-Infigo_yourpack-scaled.webp","contentUrl":"https:\/\/yourpack.eu\/wp-content\/uploads\/2026\/02\/2026-Infigo_yourpack-scaled.webp","width":2560,"height":851,"caption":"Infigo"},"image":{"@id":"https:\/\/yourpack.eu\/sv\/#\/schema\/logo\/image\/"}}]}},"_links":{"self":[{"href":"https:\/\/yourpack.eu\/sv\/wp-json\/wp\/v2\/product\/65316","targetHints":{"allow":["GET"]}}],"collection":[{"href":"https:\/\/yourpack.eu\/sv\/wp-json\/wp\/v2\/product"}],"about":[{"href":"https:\/\/yourpack.eu\/sv\/wp-json\/wp\/v2\/types\/product"}],"replies":[{"embeddable":true,"href":"https:\/\/yourpack.eu\/sv\/wp-json\/wp\/v2\/comments?post=65316"}],"wp:featuredmedia":[{"embeddable":true,"href":"https:\/\/yourpack.eu\/sv\/wp-json\/wp\/v2\/media\/65329"}],"wp:attachment":[{"href":"https:\/\/yourpack.eu\/sv\/wp-json\/wp\/v2\/media?parent=65316"}],"wp:term":[{"taxonomy":"product_brand","embeddable":true,"href":"https:\/\/yourpack.eu\/sv\/wp-json\/wp\/v2\/product_brand?post=65316"},{"taxonomy":"product_cat","embeddable":true,"href":"https:\/\/yourpack.eu\/sv\/wp-json\/wp\/v2\/product_cat?post=65316"},{"taxonomy":"product_tag","embeddable":true,"href":"https:\/\/yourpack.eu\/sv\/wp-json\/wp\/v2\/product_tag?post=65316"}],"curies":[{"name":"wp","href":"https:\/\/api.w.org\/{rel}","templated":true}]}}