{"id":42702,"date":"2023-12-08T07:12:34","date_gmt":"2023-12-08T05:12:34","guid":{"rendered":"https:\/\/infigogroup.com\/?page_id=42702"},"modified":"2026-02-07T13:43:10","modified_gmt":"2026-02-07T11:43:10","slug":"integritetspolicy","status":"publish","type":"page","link":"https:\/\/yourpack.eu\/sv\/integritetspolicy\/","title":{"rendered":"Integritetspolicy"},"content":{"rendered":"<p>Integritet<br \/>\nANV\u00c4NDNING AV COOKIES<br \/>\nWebbutiken anv\u00e4nder cookies. En cookie \u00e4r en liten textfil som automatiskt sparas av webbl\u00e4saren p\u00e5 den enhet som kunden anv\u00e4nder. Cookies anv\u00e4nds f\u00f6r att samla in information om hur kunden anv\u00e4nder Webbutiken f\u00f6r att ge kunden en b\u00e4ttre anv\u00e4ndarupplevelse.<\/p>\n<p>F\u00f6ljande cookies anv\u00e4nds i webbutiken:<br \/>\nsessionscookies, vars syfte \u00e4r att m\u00f6jligg\u00f6ra anv\u00e4ndningen av onlinebutiken;<br \/>\nbest\u00e4ndiga cookies, vars syfte \u00e4r att komma ih\u00e5g kundens val i Onlinebutiken;<br \/>\nf\u00f6rsta- och\/eller tredjepartscookies, vars syfte \u00e4r att visa kunden l\u00e4mplig reklam och erbjudanden;<br \/>\nanalyscookies fr\u00e5n tredje part som syftar till att optimera marknadsf\u00f6ringskommunikation.<\/p>\n<p>Kunden kan radera och\/eller blockera cookies som lagras p\u00e5 sina enheter genom att \u00e4ndra motsvarande inst\u00e4llningar i sin webbl\u00e4sare. Om cookies inte anv\u00e4nds kan det h\u00e4nda att Webbshopen inte fungerar som planerat och\/eller att vissa funktioner inte \u00e4r tillg\u00e4ngliga f\u00f6r kunden.<\/p>\n<p>Ut\u00f6ver anv\u00e4ndandet av analyscookies anv\u00e4nder Webshopen pixlar (pixeltaggar, webb-beacons), som anv\u00e4nds f\u00f6r att \u00f6vervaka anv\u00e4ndningen av s\u00e4ljarens webbplats. Genom att g\u00f6ra det behandlas inga personligt identifierbara uppgifter.<\/p>\n<p>BEHANDLING AV PERSONUPPGIFTER<br \/>\nDen personuppgiftsansvarige f\u00f6r Infigogroup onlinebutik \u00e4r Infigo Group Sp. z o.o. (registreringskod 0001136650) med adress Z\u0142ota 75A\/7\u00a0 Warszawa 00-819, Polen, e-post info@infigogroup.com.<\/p>\n<p>VILKA PERSONUPPGIFTER BEHANDLAS<br \/>\nnamn, telefonnummer och e-postadress;<br \/>\nadress f\u00f6r leverans av varor;<br \/>\nBankkontonummer;<br \/>\nkostnader f\u00f6r varor och tj\u00e4nster och data relaterade till betalningar (k\u00f6phistorik);<br \/>\nkundsupportinformation.<\/p>\n<p>I VILKA SYFTE BEHANDLAS PERSONUPPGIFTER<br \/>\nPersonuppgifter anv\u00e4nds f\u00f6r att hantera kundorder och leverera varor.<\/p>\n<p>K\u00f6phistorikdata (k\u00f6pdatum, produkt, kvantitet, kunddata) anv\u00e4nds f\u00f6r att skapa en \u00f6versikt \u00f6ver k\u00f6pta varor och tj\u00e4nster och f\u00f6r att analysera kundernas preferenser.<br \/>\nBankkontonumret anv\u00e4nds f\u00f6r att \u00e5terbetala betalningar till kunden.<br \/>\nPersonuppgifter som e-post, telefonnummer, kundnamn behandlas f\u00f6r att l\u00f6sa fr\u00e5gor relaterade till tillhandah\u00e5llande av varor och tj\u00e4nster (kundsupport).<\/p>\n<p>Webbutiksanv\u00e4ndarens IP-adress eller andra n\u00e4tverksidentifierare bearbetas f\u00f6r tillhandah\u00e5llande av n\u00e4tbutiken som en informationssamh\u00e4lletstj\u00e4nst och f\u00f6r onlineanv\u00e4ndningsstatistik.<\/p>\n<p>R\u00c4TTSLIG GRUND<br \/>\nPersonuppgifter behandlas i syfte att uppfylla det avtal som ing\u00e5tts med kunden.<br \/>\nPersonuppgifter behandlas f\u00f6r att uppfylla en r\u00e4ttslig skyldighet (t.ex. bokf\u00f6ring och konsumenttvistl\u00f6sning).<\/p>\n<p>S\u00c4KERHET OCH DATA\u00c5TKOMST<br \/>\nPersonuppgifter lagras p\u00e5 zone.ee -servrar, som \u00e4r bel\u00e4gna inom territoriet f\u00f6r en medlemsstat i Europeiska unionen eller l\u00e4nder som har anslutit sig till Europeiska ekonomiska samarbetsomr\u00e5det. Data kan \u00f6verf\u00f6ras till l\u00e4nder vars dataskyddsniv\u00e5 har bed\u00f6mts som tillr\u00e4cklig av Europeiska kommissionen och till amerikanska f\u00f6retag som \u00e4r anslutna till Privacy Shield-ramverket.<\/p>\n<p>Anst\u00e4llda i n\u00e4tbutiken har tillg\u00e5ng till personuppgifter, som kan komma \u00e5t personuppgifter f\u00f6r att l\u00f6sa tekniska problem relaterade till anv\u00e4ndningen av n\u00e4tbutiken och f\u00f6r att tillhandah\u00e5lla kundsupporttj\u00e4nster.<\/p>\n<p>Webbutiken implementerar l\u00e4mpliga fysiska, organisatoriska och IT-s\u00e4kerhets\u00e5tg\u00e4rder f\u00f6r att skydda personuppgifter fr\u00e5n oavsiktlig eller olaglig f\u00f6rst\u00f6relse, f\u00f6rlust, \u00e4ndring eller obeh\u00f6rig \u00e5tkomst och avsl\u00f6jande.<\/p>\n<p>\u00d6verf\u00f6ring av personuppgifter till auktoriserade processorer i n\u00e4tbutiken (t.ex. transporttj\u00e4nstleverant\u00f6r och datahosting) sker p\u00e5 grundval av avtal som ing\u00e5tts med n\u00e4tbutiken och auktoriserade processorer. Auktoriserade personuppgiftsbitr\u00e4den \u00e4r skyldiga att s\u00e4kerst\u00e4lla l\u00e4mpliga skydds\u00e5tg\u00e4rder vid behandling av personuppgifter.<\/p>\n<p>\u00c5TKOMST OCH KORRIGERA PERSONUPPGIFTER<br \/>\nPersonuppgifter kan konsulteras och korrigeringar kan g\u00f6ras i n\u00e4tbutikens anv\u00e4ndarprofil. Om k\u00f6pet har gjorts utan anv\u00e4ndarkonto kan du konsultera personuppgifterna via kundsupport.<\/p>\n<p>\u00c5TERkallande av SAMTYCKE<br \/>\nOm behandlingen av personuppgifter sker p\u00e5 grundval av kundens samtycke har kunden r\u00e4tt att \u00e5terkalla samtycket genom att meddela kundsupporten via e-post.<\/p>\n<p>LAGRING<br \/>\nVid st\u00e4ngning av kundkontot i n\u00e4tbutiken kommer personuppgifter att raderas, utom i de fall det \u00e4r n\u00f6dv\u00e4ndigt att beh\u00e5lla s\u00e5dana uppgifter f\u00f6r redovisnings\u00e4ndam\u00e5l eller f\u00f6r att l\u00f6sa konsumenttvister.<br \/>\nOm ett k\u00f6p g\u00f6rs i n\u00e4tbutiken utan kundkonto sparas k\u00f6phistoriken i tre \u00e5r.<br \/>\nVid tvister relaterade till betalningar och konsumenttvister kommer personuppgifter att lagras tills kravet uppfyllts eller utg\u00e5ngsperioden g\u00e5r ut.<br \/>\nPersonuppgifter som \u00e4r n\u00f6dv\u00e4ndiga f\u00f6r bokf\u00f6ring lagras i sju \u00e5r.<\/p>\n<p>RADERA<br \/>\nF\u00f6r att radera personuppgifter m\u00e5ste du kontakta kundsupport via e-post. Beg\u00e4ran om radering kommer att besvaras senast inom en m\u00e5nad, och dataraderingsperioden kommer att anges.<\/p>\n<p>\u00d6VERF\u00d6RA<br \/>\nBeg\u00e4ran om \u00f6verf\u00f6ring av personuppgifter som l\u00e4mnas via e-post kommer att besvaras med<\/p>\n<p>DIREKTMARKNADSF\u00d6RINGSANVISNINGAR<br \/>\nE-postadress och telefonnummer anv\u00e4nds f\u00f6r att skicka direktmarknadsf\u00f6ringsmeddelanden om kunden har gett sitt samtycke. Om kunden inte vill f\u00e5 direktmarknadsf\u00f6ringsmeddelanden m\u00e5ste han v\u00e4lja e-post och<\/p>\n<p>Om personuppgifter behandlas i syfte att direktmarknadsf\u00f6ra (profilering) har kunden r\u00e4tt att n\u00e4r som helst inv\u00e4nda mot b\u00e5de den initiala och vidare behandlingen av sina personuppgifter, inklusive profilanalys relaterad till direktmarknadsf\u00f6ring, genom att meddela kundsupporten pr. e-post (relevant information m\u00e5ste l\u00e4mnas tydligt och separat fr\u00e5n all annan information).<\/p>\n<p>L\u00d6SAR ARGUMENT<br \/>\nTvister relaterade till behandlingen av personuppgifter l\u00f6ses genom kundsupport p\u00e5 info@infigogroup.com. Tillsynsmyndigheten \u00e4r den Polsk dataskyddsombud.<\/p>\n<p>&#8212;&#8212;&#8212;&#8212;&#8212;&#8212;&#8212;&#8212;&#8212;&#8212;&#8212;-<br \/>\nJuridisk information om f\u00f6retaget:<\/p>\n<p>Infigo Group Sp. z o.o.<br \/>\nZ\u0142ota 75A\/7<br \/>\n00-819 Warsaw<br \/>\nPoland<br \/>\nReg.no.: 0001136650<br \/>\nVAT: 5273137976<\/p>\n","protected":false},"excerpt":{"rendered":"<p>Integritet ANV\u00c4NDNING AV COOKIES Webbutiken anv\u00e4nder cookies. En cookie \u00e4r en liten textfil som automatiskt sparas av webbl\u00e4saren p\u00e5 den enhet som kunden anv\u00e4nder. Cookies anv\u00e4nds f\u00f6r att samla in information om hur kunden anv\u00e4nder Webbutiken f\u00f6r att ge kunden en b\u00e4ttre anv\u00e4ndarupplevelse. F\u00f6ljande cookies anv\u00e4nds i webbutiken: sessionscookies, vars syfte \u00e4r att m\u00f6jligg\u00f6ra anv\u00e4ndningen [&hellip;]<\/p>\n","protected":false},"author":3,"featured_media":0,"parent":0,"menu_order":0,"comment_status":"closed","ping_status":"closed","template":"","meta":{"_acf_changed":false,"footnotes":""},"class_list":["post-42702","page","type-page","status-publish","hentry"],"acf":[],"yoast_head":"<!-- This site is optimized with the Yoast SEO plugin v27.3 - https:\/\/yoast.com\/product\/yoast-seo-wordpress\/ -->\n<title>Integritetspolicy - Infigo shop<\/title>\n<meta name=\"description\" content=\"Pakendi disainide loomine on meie kujundajate igap\u00e4evane t\u00f6\u00f6 - meile lihtsalt meeldib seda teha! Loome, kujundame ja toodame Teie ettev\u00f5tte logoga pakendid.\" \/>\n<meta name=\"robots\" content=\"index, follow, max-snippet:-1, max-image-preview:large, max-video-preview:-1\" \/>\n<link rel=\"canonical\" href=\"https:\/\/yourpack.eu\/sv\/integritetspolicy\/\" \/>\n<meta property=\"og:locale\" content=\"sv_SE\" \/>\n<meta property=\"og:type\" content=\"article\" \/>\n<meta property=\"og:title\" content=\"Integritetspolicy - Infigo shop\" \/>\n<meta property=\"og:description\" content=\"Pakendi disainide loomine on meie kujundajate igap\u00e4evane t\u00f6\u00f6 - meile lihtsalt meeldib seda teha! Loome, kujundame ja toodame Teie ettev\u00f5tte logoga pakendid.\" \/>\n<meta property=\"og:url\" content=\"https:\/\/yourpack.eu\/sv\/integritetspolicy\/\" \/>\n<meta property=\"og:site_name\" content=\"Infigo shop\" \/>\n<meta property=\"article:modified_time\" content=\"2026-02-07T11:43:10+00:00\" \/>\n<meta name=\"twitter:card\" content=\"summary_large_image\" \/>\n<meta name=\"twitter:label1\" content=\"Ber\u00e4knad l\u00e4stid\" \/>\n\t<meta name=\"twitter:data1\" content=\"4 minuter\" \/>\n<script type=\"application\/ld+json\" class=\"yoast-schema-graph\">{\"@context\":\"https:\\\/\\\/schema.org\",\"@graph\":[{\"@type\":\"WebPage\",\"@id\":\"https:\\\/\\\/yourpack.eu\\\/sv\\\/integritetspolicy\\\/\",\"url\":\"https:\\\/\\\/yourpack.eu\\\/sv\\\/integritetspolicy\\\/\",\"name\":\"Integritetspolicy - Infigo shop\",\"isPartOf\":{\"@id\":\"https:\\\/\\\/yourpack.eu\\\/sv\\\/#website\"},\"datePublished\":\"2023-12-08T05:12:34+00:00\",\"dateModified\":\"2026-02-07T11:43:10+00:00\",\"description\":\"Pakendi disainide loomine on meie kujundajate igap\u00e4evane t\u00f6\u00f6 - meile lihtsalt meeldib seda teha! Loome, kujundame ja toodame Teie ettev\u00f5tte logoga pakendid.\",\"breadcrumb\":{\"@id\":\"https:\\\/\\\/yourpack.eu\\\/sv\\\/integritetspolicy\\\/#breadcrumb\"},\"inLanguage\":\"sv-SE\",\"potentialAction\":[{\"@type\":\"ReadAction\",\"target\":[\"https:\\\/\\\/yourpack.eu\\\/sv\\\/integritetspolicy\\\/\"]}]},{\"@type\":\"BreadcrumbList\",\"@id\":\"https:\\\/\\\/yourpack.eu\\\/sv\\\/integritetspolicy\\\/#breadcrumb\",\"itemListElement\":[{\"@type\":\"ListItem\",\"position\":1,\"name\":\"Home\",\"item\":\"https:\\\/\\\/yourpack.eu\\\/sv\\\/\"},{\"@type\":\"ListItem\",\"position\":2,\"name\":\"Integritetspolicy\"}]},{\"@type\":\"WebSite\",\"@id\":\"https:\\\/\\\/yourpack.eu\\\/sv\\\/#website\",\"url\":\"https:\\\/\\\/yourpack.eu\\\/sv\\\/\",\"name\":\"Infigo\",\"description\":\"\",\"publisher\":{\"@id\":\"https:\\\/\\\/yourpack.eu\\\/sv\\\/#organization\"},\"potentialAction\":[{\"@type\":\"SearchAction\",\"target\":{\"@type\":\"EntryPoint\",\"urlTemplate\":\"https:\\\/\\\/yourpack.eu\\\/sv\\\/?s={search_term_string}\"},\"query-input\":{\"@type\":\"PropertyValueSpecification\",\"valueRequired\":true,\"valueName\":\"search_term_string\"}}],\"inLanguage\":\"sv-SE\"},{\"@type\":\"Organization\",\"@id\":\"https:\\\/\\\/yourpack.eu\\\/sv\\\/#organization\",\"name\":\"Infigo\",\"url\":\"https:\\\/\\\/yourpack.eu\\\/sv\\\/\",\"logo\":{\"@type\":\"ImageObject\",\"inLanguage\":\"sv-SE\",\"@id\":\"https:\\\/\\\/yourpack.eu\\\/sv\\\/#\\\/schema\\\/logo\\\/image\\\/\",\"url\":\"https:\\\/\\\/yourpack.eu\\\/wp-content\\\/uploads\\\/2026\\\/02\\\/2026-Infigo_yourpack-scaled.webp\",\"contentUrl\":\"https:\\\/\\\/yourpack.eu\\\/wp-content\\\/uploads\\\/2026\\\/02\\\/2026-Infigo_yourpack-scaled.webp\",\"width\":2560,\"height\":851,\"caption\":\"Infigo\"},\"image\":{\"@id\":\"https:\\\/\\\/yourpack.eu\\\/sv\\\/#\\\/schema\\\/logo\\\/image\\\/\"}}]}<\/script>\n<!-- \/ Yoast SEO plugin. -->","yoast_head_json":{"title":"Integritetspolicy - Infigo shop","description":"Pakendi disainide loomine on meie kujundajate igap\u00e4evane t\u00f6\u00f6 - meile lihtsalt meeldib seda teha! Loome, kujundame ja toodame Teie ettev\u00f5tte logoga pakendid.","robots":{"index":"index","follow":"follow","max-snippet":"max-snippet:-1","max-image-preview":"max-image-preview:large","max-video-preview":"max-video-preview:-1"},"canonical":"https:\/\/yourpack.eu\/sv\/integritetspolicy\/","og_locale":"sv_SE","og_type":"article","og_title":"Integritetspolicy - Infigo shop","og_description":"Pakendi disainide loomine on meie kujundajate igap\u00e4evane t\u00f6\u00f6 - meile lihtsalt meeldib seda teha! Loome, kujundame ja toodame Teie ettev\u00f5tte logoga pakendid.","og_url":"https:\/\/yourpack.eu\/sv\/integritetspolicy\/","og_site_name":"Infigo shop","article_modified_time":"2026-02-07T11:43:10+00:00","twitter_card":"summary_large_image","twitter_misc":{"Ber\u00e4knad l\u00e4stid":"4 minuter"},"schema":{"@context":"https:\/\/schema.org","@graph":[{"@type":"WebPage","@id":"https:\/\/yourpack.eu\/sv\/integritetspolicy\/","url":"https:\/\/yourpack.eu\/sv\/integritetspolicy\/","name":"Integritetspolicy - Infigo shop","isPartOf":{"@id":"https:\/\/yourpack.eu\/sv\/#website"},"datePublished":"2023-12-08T05:12:34+00:00","dateModified":"2026-02-07T11:43:10+00:00","description":"Pakendi disainide loomine on meie kujundajate igap\u00e4evane t\u00f6\u00f6 - meile lihtsalt meeldib seda teha! Loome, kujundame ja toodame Teie ettev\u00f5tte logoga pakendid.","breadcrumb":{"@id":"https:\/\/yourpack.eu\/sv\/integritetspolicy\/#breadcrumb"},"inLanguage":"sv-SE","potentialAction":[{"@type":"ReadAction","target":["https:\/\/yourpack.eu\/sv\/integritetspolicy\/"]}]},{"@type":"BreadcrumbList","@id":"https:\/\/yourpack.eu\/sv\/integritetspolicy\/#breadcrumb","itemListElement":[{"@type":"ListItem","position":1,"name":"Home","item":"https:\/\/yourpack.eu\/sv\/"},{"@type":"ListItem","position":2,"name":"Integritetspolicy"}]},{"@type":"WebSite","@id":"https:\/\/yourpack.eu\/sv\/#website","url":"https:\/\/yourpack.eu\/sv\/","name":"Infigo","description":"","publisher":{"@id":"https:\/\/yourpack.eu\/sv\/#organization"},"potentialAction":[{"@type":"SearchAction","target":{"@type":"EntryPoint","urlTemplate":"https:\/\/yourpack.eu\/sv\/?s={search_term_string}"},"query-input":{"@type":"PropertyValueSpecification","valueRequired":true,"valueName":"search_term_string"}}],"inLanguage":"sv-SE"},{"@type":"Organization","@id":"https:\/\/yourpack.eu\/sv\/#organization","name":"Infigo","url":"https:\/\/yourpack.eu\/sv\/","logo":{"@type":"ImageObject","inLanguage":"sv-SE","@id":"https:\/\/yourpack.eu\/sv\/#\/schema\/logo\/image\/","url":"https:\/\/yourpack.eu\/wp-content\/uploads\/2026\/02\/2026-Infigo_yourpack-scaled.webp","contentUrl":"https:\/\/yourpack.eu\/wp-content\/uploads\/2026\/02\/2026-Infigo_yourpack-scaled.webp","width":2560,"height":851,"caption":"Infigo"},"image":{"@id":"https:\/\/yourpack.eu\/sv\/#\/schema\/logo\/image\/"}}]}},"_links":{"self":[{"href":"https:\/\/yourpack.eu\/sv\/wp-json\/wp\/v2\/pages\/42702","targetHints":{"allow":["GET"]}}],"collection":[{"href":"https:\/\/yourpack.eu\/sv\/wp-json\/wp\/v2\/pages"}],"about":[{"href":"https:\/\/yourpack.eu\/sv\/wp-json\/wp\/v2\/types\/page"}],"author":[{"embeddable":true,"href":"https:\/\/yourpack.eu\/sv\/wp-json\/wp\/v2\/users\/3"}],"replies":[{"embeddable":true,"href":"https:\/\/yourpack.eu\/sv\/wp-json\/wp\/v2\/comments?post=42702"}],"version-history":[{"count":4,"href":"https:\/\/yourpack.eu\/sv\/wp-json\/wp\/v2\/pages\/42702\/revisions"}],"predecessor-version":[{"id":57550,"href":"https:\/\/yourpack.eu\/sv\/wp-json\/wp\/v2\/pages\/42702\/revisions\/57550"}],"wp:attachment":[{"href":"https:\/\/yourpack.eu\/sv\/wp-json\/wp\/v2\/media?parent=42702"}],"curies":[{"name":"wp","href":"https:\/\/api.w.org\/{rel}","templated":true}]}}