{"id":42695,"date":"2023-12-08T07:08:59","date_gmt":"2023-12-08T05:08:59","guid":{"rendered":"https:\/\/infigogroup.com\/?page_id=42695"},"modified":"2026-02-07T13:49:01","modified_gmt":"2026-02-07T11:49:01","slug":"kunskap","status":"publish","type":"page","link":"https:\/\/yourpack.eu\/sv\/kunskap\/","title":{"rendered":"F\u00f6rs\u00e4ljningsvillkor"},"content":{"rendered":"<p>1. ALLM\u00c4N<br \/>\n1.1. \u00c4garen till Yourpack.eu onlinebutik (nedan kallad onlinebutiken) \u00e4r Infigo Group Sp. z o.o. (registreringskod 0001136650), bel\u00e4gen p\u00e5 Z\u0142ota 75A\/7, Warszawa 00-819, Polen.<br \/>\n1.2. Dessa anv\u00e4ndarvillkor reglerar de r\u00e4ttsliga f\u00f6rh\u00e5llandena mellan Infigo Group Sp. z o.o. (S\u00e4ljaren) och den person som gjorde k\u00f6pet (K\u00f6paren) vid k\u00f6p och f\u00f6rs\u00e4ljning i Onlinebutiken.<br \/>\n1.3. Ut\u00f6ver dessa villkor reglerar lagarna i Polska Folkrepubliken de r\u00e4ttsliga f\u00f6rh\u00e5llandena som uppst\u00e5r vid distribution av produkter via e-butiken.<br \/>\n1.4. S\u00e4ljaren kan \u00e4ndra anv\u00e4ndarvillkoren f\u00f6r e-butiken och priserna p\u00e5 produkter och tj\u00e4nster. \u00c4ndringar kommer att meddelas i e-butiksmilj\u00f6n. De villkor och priser som g\u00e4ller vid tidpunkten f\u00f6r transaktionen till\u00e4mpas p\u00e5 transaktionen.<\/p>\n<p>2. PRIS<br \/>\n2.1. Information om produkten l\u00e4mnas i Webshopen direkt bredvid produkten.<br \/>\n2.2. Priserna p\u00e5 produkterna anges i Webshopen bredvid produkterna. I priset ing\u00e5r en avgift f\u00f6r leverans av varan, om inte annat anges vid betalning av varan. Avgiften f\u00f6r leverans av varorna beror p\u00e5 k\u00f6parens plats och leveranss\u00e4tt. Leveransavgiften visas f\u00f6r K\u00f6paren n\u00e4r best\u00e4llningen genomf\u00f6rs.<\/p>\n<p>3. FORMNING AV ORDNINGEN<br \/>\n3.1. F\u00f6r att best\u00e4lla varorna m\u00e5ste du l\u00e4gga \u00f6nskade produkter i varukorgen. F\u00f6r att slutf\u00f6ra best\u00e4llningen m\u00e5ste du fylla i de obligatoriska dataf\u00e4lten och v\u00e4lja l\u00e4mplig metod f\u00f6r produktleverans.<br \/>\n3.2. Det \u00e4r m\u00f6jligt att \u00e4ndra produkter och kvantiteter i varukorgen samt att ta bort produkter fr\u00e5n varukorgen tills varan \u00e4r betald.<br \/>\n3.3. N\u00e4r best\u00e4llningen genomf\u00f6rs visas slutpriset p\u00e5 sk\u00e4rmen, som kan betalas via bankl\u00e4nk eller annan betalningsl\u00f6sning.<br \/>\n3.4. Kontraktet tr\u00e4der i kraft fr\u00e5n mottagandet av det belopp som ska betalas till onlinebutikens l\u00f6pande konto.<br \/>\n3.5. S\u00e4ljaren skickar orderbekr\u00e4ftelsen till K\u00f6parens e-postadress. Om brevet inte hittas i brevl\u00e5dan, kontrollera att brevet inte av misstag hamnat i skr\u00e4ppostmappen.<br \/>\n3.6. S\u00e4ljaren har r\u00e4tt att fr\u00e5ntr\u00e4da avtalet om den best\u00e4llda varan inte kan levereras p\u00e5 grund av varans slut eller av annan anledning. S\u00e4ljaren informerar K\u00f6paren om detta s\u00e5 snart som m\u00f6jligt och \u00e5terbetalar alla erh\u00e5llna betalningar f\u00f6r de best\u00e4llda varorna (inklusive kostnader f\u00f6r leverans av varorna) utan dr\u00f6jsm\u00e5l, dock senast inom 14 dagar fr\u00e5n avs\u00e4ndande av meddelandet.<\/p>\n<p>4. BETALNING<br \/>\n4.1. K\u00f6paren betalar 100 % i f\u00f6rskott f\u00f6r k\u00f6p gjorda i webbutiken.<br \/>\n4.2. Best\u00e4llningar kan betalas f\u00f6r med betalningsl\u00f6sningar f\u00f6r onlinebutiker.<br \/>\n4.3. Betalning sker utanf\u00f6r e-butiken i en s\u00e4ker milj\u00f6. S\u00e4ljaren har inte tillg\u00e5ng till k\u00f6parens bank- och kreditkortsuppgifter.<\/p>\n<p>5. \u00c5NGERR\u00c4TT, RETUR OCH BYTE AV PRODUKTER<br \/>\n5.1. Den privata k\u00f6paren har r\u00e4tt att fr\u00e5ntr\u00e4da transaktionen inom 14 kalenderdagar genom att l\u00e4mna in ett skriftligt \u00e5ngerr\u00e4tt fr\u00e5n k\u00f6p av varor till S\u00e4ljaren, som finns p\u00e5 e-handelsf\u00f6reningens hemsida och som inneh\u00e5ller f\u00f6ljande information:<\/p>\n<p>&#8211; F\u00f6r-och efternamn<br \/>\n&#8211; Kontakt Telefon<br \/>\n&#8211; E-postadress<br \/>\n&#8211; Adress<br \/>\n&#8211; Bankkonto detaljer<br \/>\n&#8211; Datum f\u00f6r inl\u00e4mning av best\u00e4llningen<br \/>\n&#8211; Datum f\u00f6r mottagande av varan<br \/>\n&#8211; Namn p\u00e5 varan som ska returneras<br \/>\n&#8211; Produktens serienummer<br \/>\n&#8211; Varuk\u00f6psfakturanummer<br \/>\n&#8211; Anledning att \u00e5terv\u00e4nda<\/p>\n<p>5.2. Beg\u00e4ran om \u00e5nger fr\u00e5n k\u00f6pet av varorna ska skickas av den privata k\u00f6paren till e-postadressen <a href=\"mailto:info@infigogroup.com\">info@infigogroup.com<\/a> eller till adressen Z\u0142ota 75A\/7, Warszawa 00-819, Polen senast 14 kalenderdagar efter mottagandet av varan . S\u00e4ljaren bekr\u00e4ftar mottagandet av \u00e5ngerbeskedet med ett meddelande som skickas till K\u00f6paren.<br \/>\n5.3. Den returnerade produkten m\u00e5ste inneh\u00e5lla all k\u00f6pdokumentation. Etiketter f\u00e4sta p\u00e5 godset och f\u00f6rem\u00e5l som installerats f\u00f6r att skydda godsets skick (t.ex. skyddsfilmer, fuktavskiljare, plastfolie etc.), som inte hindrar godset fr\u00e5n att provas och unders\u00f6kas, f\u00e5r inte tas bort n\u00e4r godset returneras.<\/p>\n<p>6. R\u00c4TT ATT G\u00d6RA ETT ANSPR\u00c5K<br \/>\n6.1. S\u00e4ljaren ansvarar f\u00f6r att den s\u00e5lda varan till K\u00f6paren inte \u00f6verensst\u00e4mmer med avtalsvillkoren eller ett fel som redan f\u00f6rel\u00e5g vid \u00f6verl\u00e4mnandet av saken och som visar sig inom tv\u00e5 \u00e5r, fr\u00e5n det att varan \u00f6verl\u00e4mnats till den K\u00f6pare, inom de f\u00f6rsta sex m\u00e5naderna efter det att saken \u00f6verl\u00e4mnats till k\u00f6paren, antas det att felet f\u00f6rel\u00e5g redan vid \u00f6verl\u00e4mnandet av saken. Det \u00e4r s\u00e4ljarens ansvar att motbevisa det relevanta antagandet. S\u00e4ljaren ansvarar inte f\u00f6r fel som har uppst\u00e5tt efter att varan \u00f6verl\u00e4mnats till K\u00f6paren.<br \/>\n6.2. Vid uppt\u00e4ckt av bristande \u00f6verensst\u00e4mmelse med produkten eller produktdefekter f\u00f6rbinder sig K\u00f6paren att meddela S\u00e4ljaren omedelbart, dock senast inom 2 m\u00e5nader efter att ha f\u00e5tt k\u00e4nnedom om bristande efterlevnad, genom att skicka relevant information till e-postadressen <a href=\"mailto:info@infigogroup.com\">info@infigogroup.com<\/a> eller skriftligen till adressen<br \/>\n6.3. Vid produktavvikelse eller defekt har K\u00f6paren r\u00e4tt att kr\u00e4va reparation eller utbyte av produkten med en produkt som uppfyller kraven och \u00e4r fri fr\u00e5n defekter, eller att returnera produkten p\u00e5 S\u00e4ljarens bekostnad.<\/p>\n<p>7. BEHANDLING AV PERSONUPPGIFTER<br \/>\n7.1. Personuppgiftsansvarig \u00e4r Infigo Group Sp. z o.o. (registerkod 0001136650), bel\u00e4gen p\u00e5 Z\u0142ota 75A\/7, Warszawa 00-819, Polen.<br \/>\n7.2. Vid behandling av personuppgifter f\u00f6ljs Polen och Europeiska unionens lagar.<br \/>\n7.3. Den personuppgiftsansvarige samlar in f\u00f6ljande personuppgifter: namn, telefonnummer, adress, e-postadress, bankuppgifter. Uppgifterna anv\u00e4nds endast f\u00f6r att behandla best\u00e4llningen och skicka varorna till K\u00f6paren. S\u00e4ljaren vidarebefordrar personuppgifter till f\u00f6retaget som tillhandah\u00e5ller transporttj\u00e4nsten<\/p>\n","protected":false},"excerpt":{"rendered":"<p>1. ALLM\u00c4N 1.1. \u00c4garen till Yourpack.eu onlinebutik (nedan kallad onlinebutiken) \u00e4r Infigo Group Sp. z o.o. (registreringskod 0001136650), bel\u00e4gen p\u00e5 Z\u0142ota 75A\/7, Warszawa 00-819, Polen. 1.2. Dessa anv\u00e4ndarvillkor reglerar de r\u00e4ttsliga f\u00f6rh\u00e5llandena mellan Infigo Group Sp. z o.o. (S\u00e4ljaren) och den person som gjorde k\u00f6pet (K\u00f6paren) vid k\u00f6p och f\u00f6rs\u00e4ljning i Onlinebutiken. 1.3. Ut\u00f6ver dessa [&hellip;]<\/p>\n","protected":false},"author":3,"featured_media":0,"parent":0,"menu_order":0,"comment_status":"closed","ping_status":"closed","template":"","meta":{"_acf_changed":false,"footnotes":""},"class_list":["post-42695","page","type-page","status-publish","hentry"],"acf":[],"yoast_head":"<!-- This site is optimized with the Yoast SEO plugin v27.3 - https:\/\/yoast.com\/product\/yoast-seo-wordpress\/ -->\n<title>F\u00f6rs\u00e4ljningsvillkor - Infigo shop<\/title>\n<meta name=\"description\" content=\"Pakendi disainide loomine on meie kujundajate igap\u00e4evane t\u00f6\u00f6 - meile lihtsalt meeldib seda teha! Loome, kujundame ja toodame Teie ettev\u00f5tte logoga pakendid.\" \/>\n<meta name=\"robots\" content=\"index, follow, max-snippet:-1, max-image-preview:large, max-video-preview:-1\" \/>\n<link rel=\"canonical\" href=\"https:\/\/yourpack.eu\/sv\/kunskap\/\" \/>\n<meta property=\"og:locale\" content=\"sv_SE\" \/>\n<meta property=\"og:type\" content=\"article\" \/>\n<meta property=\"og:title\" content=\"F\u00f6rs\u00e4ljningsvillkor - Infigo shop\" \/>\n<meta property=\"og:description\" content=\"Pakendi disainide loomine on meie kujundajate igap\u00e4evane t\u00f6\u00f6 - meile lihtsalt meeldib seda teha! Loome, kujundame ja toodame Teie ettev\u00f5tte logoga pakendid.\" \/>\n<meta property=\"og:url\" content=\"https:\/\/yourpack.eu\/sv\/kunskap\/\" \/>\n<meta property=\"og:site_name\" content=\"Infigo shop\" \/>\n<meta property=\"article:modified_time\" content=\"2026-02-07T11:49:01+00:00\" \/>\n<meta name=\"twitter:card\" content=\"summary_large_image\" \/>\n<meta name=\"twitter:label1\" content=\"Ber\u00e4knad l\u00e4stid\" \/>\n\t<meta name=\"twitter:data1\" content=\"4 minuter\" \/>\n<script type=\"application\/ld+json\" class=\"yoast-schema-graph\">{\"@context\":\"https:\\\/\\\/schema.org\",\"@graph\":[{\"@type\":\"WebPage\",\"@id\":\"https:\\\/\\\/yourpack.eu\\\/sv\\\/kunskap\\\/\",\"url\":\"https:\\\/\\\/yourpack.eu\\\/sv\\\/kunskap\\\/\",\"name\":\"F\u00f6rs\u00e4ljningsvillkor - Infigo shop\",\"isPartOf\":{\"@id\":\"https:\\\/\\\/yourpack.eu\\\/sv\\\/#website\"},\"datePublished\":\"2023-12-08T05:08:59+00:00\",\"dateModified\":\"2026-02-07T11:49:01+00:00\",\"description\":\"Pakendi disainide loomine on meie kujundajate igap\u00e4evane t\u00f6\u00f6 - meile lihtsalt meeldib seda teha! Loome, kujundame ja toodame Teie ettev\u00f5tte logoga pakendid.\",\"breadcrumb\":{\"@id\":\"https:\\\/\\\/yourpack.eu\\\/sv\\\/kunskap\\\/#breadcrumb\"},\"inLanguage\":\"sv-SE\",\"potentialAction\":[{\"@type\":\"ReadAction\",\"target\":[\"https:\\\/\\\/yourpack.eu\\\/sv\\\/kunskap\\\/\"]}]},{\"@type\":\"BreadcrumbList\",\"@id\":\"https:\\\/\\\/yourpack.eu\\\/sv\\\/kunskap\\\/#breadcrumb\",\"itemListElement\":[{\"@type\":\"ListItem\",\"position\":1,\"name\":\"Home\",\"item\":\"https:\\\/\\\/yourpack.eu\\\/sv\\\/\"},{\"@type\":\"ListItem\",\"position\":2,\"name\":\"F\u00f6rs\u00e4ljningsvillkor\"}]},{\"@type\":\"WebSite\",\"@id\":\"https:\\\/\\\/yourpack.eu\\\/sv\\\/#website\",\"url\":\"https:\\\/\\\/yourpack.eu\\\/sv\\\/\",\"name\":\"Infigo\",\"description\":\"\",\"publisher\":{\"@id\":\"https:\\\/\\\/yourpack.eu\\\/sv\\\/#organization\"},\"potentialAction\":[{\"@type\":\"SearchAction\",\"target\":{\"@type\":\"EntryPoint\",\"urlTemplate\":\"https:\\\/\\\/yourpack.eu\\\/sv\\\/?s={search_term_string}\"},\"query-input\":{\"@type\":\"PropertyValueSpecification\",\"valueRequired\":true,\"valueName\":\"search_term_string\"}}],\"inLanguage\":\"sv-SE\"},{\"@type\":\"Organization\",\"@id\":\"https:\\\/\\\/yourpack.eu\\\/sv\\\/#organization\",\"name\":\"Infigo\",\"url\":\"https:\\\/\\\/yourpack.eu\\\/sv\\\/\",\"logo\":{\"@type\":\"ImageObject\",\"inLanguage\":\"sv-SE\",\"@id\":\"https:\\\/\\\/yourpack.eu\\\/sv\\\/#\\\/schema\\\/logo\\\/image\\\/\",\"url\":\"https:\\\/\\\/yourpack.eu\\\/wp-content\\\/uploads\\\/2026\\\/02\\\/2026-Infigo_yourpack-scaled.webp\",\"contentUrl\":\"https:\\\/\\\/yourpack.eu\\\/wp-content\\\/uploads\\\/2026\\\/02\\\/2026-Infigo_yourpack-scaled.webp\",\"width\":2560,\"height\":851,\"caption\":\"Infigo\"},\"image\":{\"@id\":\"https:\\\/\\\/yourpack.eu\\\/sv\\\/#\\\/schema\\\/logo\\\/image\\\/\"}}]}<\/script>\n<!-- \/ Yoast SEO plugin. -->","yoast_head_json":{"title":"F\u00f6rs\u00e4ljningsvillkor - Infigo shop","description":"Pakendi disainide loomine on meie kujundajate igap\u00e4evane t\u00f6\u00f6 - meile lihtsalt meeldib seda teha! Loome, kujundame ja toodame Teie ettev\u00f5tte logoga pakendid.","robots":{"index":"index","follow":"follow","max-snippet":"max-snippet:-1","max-image-preview":"max-image-preview:large","max-video-preview":"max-video-preview:-1"},"canonical":"https:\/\/yourpack.eu\/sv\/kunskap\/","og_locale":"sv_SE","og_type":"article","og_title":"F\u00f6rs\u00e4ljningsvillkor - Infigo shop","og_description":"Pakendi disainide loomine on meie kujundajate igap\u00e4evane t\u00f6\u00f6 - meile lihtsalt meeldib seda teha! Loome, kujundame ja toodame Teie ettev\u00f5tte logoga pakendid.","og_url":"https:\/\/yourpack.eu\/sv\/kunskap\/","og_site_name":"Infigo shop","article_modified_time":"2026-02-07T11:49:01+00:00","twitter_card":"summary_large_image","twitter_misc":{"Ber\u00e4knad l\u00e4stid":"4 minuter"},"schema":{"@context":"https:\/\/schema.org","@graph":[{"@type":"WebPage","@id":"https:\/\/yourpack.eu\/sv\/kunskap\/","url":"https:\/\/yourpack.eu\/sv\/kunskap\/","name":"F\u00f6rs\u00e4ljningsvillkor - Infigo shop","isPartOf":{"@id":"https:\/\/yourpack.eu\/sv\/#website"},"datePublished":"2023-12-08T05:08:59+00:00","dateModified":"2026-02-07T11:49:01+00:00","description":"Pakendi disainide loomine on meie kujundajate igap\u00e4evane t\u00f6\u00f6 - meile lihtsalt meeldib seda teha! Loome, kujundame ja toodame Teie ettev\u00f5tte logoga pakendid.","breadcrumb":{"@id":"https:\/\/yourpack.eu\/sv\/kunskap\/#breadcrumb"},"inLanguage":"sv-SE","potentialAction":[{"@type":"ReadAction","target":["https:\/\/yourpack.eu\/sv\/kunskap\/"]}]},{"@type":"BreadcrumbList","@id":"https:\/\/yourpack.eu\/sv\/kunskap\/#breadcrumb","itemListElement":[{"@type":"ListItem","position":1,"name":"Home","item":"https:\/\/yourpack.eu\/sv\/"},{"@type":"ListItem","position":2,"name":"F\u00f6rs\u00e4ljningsvillkor"}]},{"@type":"WebSite","@id":"https:\/\/yourpack.eu\/sv\/#website","url":"https:\/\/yourpack.eu\/sv\/","name":"Infigo","description":"","publisher":{"@id":"https:\/\/yourpack.eu\/sv\/#organization"},"potentialAction":[{"@type":"SearchAction","target":{"@type":"EntryPoint","urlTemplate":"https:\/\/yourpack.eu\/sv\/?s={search_term_string}"},"query-input":{"@type":"PropertyValueSpecification","valueRequired":true,"valueName":"search_term_string"}}],"inLanguage":"sv-SE"},{"@type":"Organization","@id":"https:\/\/yourpack.eu\/sv\/#organization","name":"Infigo","url":"https:\/\/yourpack.eu\/sv\/","logo":{"@type":"ImageObject","inLanguage":"sv-SE","@id":"https:\/\/yourpack.eu\/sv\/#\/schema\/logo\/image\/","url":"https:\/\/yourpack.eu\/wp-content\/uploads\/2026\/02\/2026-Infigo_yourpack-scaled.webp","contentUrl":"https:\/\/yourpack.eu\/wp-content\/uploads\/2026\/02\/2026-Infigo_yourpack-scaled.webp","width":2560,"height":851,"caption":"Infigo"},"image":{"@id":"https:\/\/yourpack.eu\/sv\/#\/schema\/logo\/image\/"}}]}},"_links":{"self":[{"href":"https:\/\/yourpack.eu\/sv\/wp-json\/wp\/v2\/pages\/42695","targetHints":{"allow":["GET"]}}],"collection":[{"href":"https:\/\/yourpack.eu\/sv\/wp-json\/wp\/v2\/pages"}],"about":[{"href":"https:\/\/yourpack.eu\/sv\/wp-json\/wp\/v2\/types\/page"}],"author":[{"embeddable":true,"href":"https:\/\/yourpack.eu\/sv\/wp-json\/wp\/v2\/users\/3"}],"replies":[{"embeddable":true,"href":"https:\/\/yourpack.eu\/sv\/wp-json\/wp\/v2\/comments?post=42695"}],"version-history":[{"count":6,"href":"https:\/\/yourpack.eu\/sv\/wp-json\/wp\/v2\/pages\/42695\/revisions"}],"predecessor-version":[{"id":57554,"href":"https:\/\/yourpack.eu\/sv\/wp-json\/wp\/v2\/pages\/42695\/revisions\/57554"}],"wp:attachment":[{"href":"https:\/\/yourpack.eu\/sv\/wp-json\/wp\/v2\/media?parent=42695"}],"curies":[{"name":"wp","href":"https:\/\/api.w.org\/{rel}","templated":true}]}}