{"id":42639,"date":"2023-12-08T07:03:21","date_gmt":"2023-12-08T05:03:21","guid":{"rendered":"https:\/\/infigogroup.com\/?page_id=42639"},"modified":"2026-02-21T16:10:07","modified_gmt":"2026-02-21T14:10:07","slug":"transport","status":"publish","type":"page","link":"https:\/\/yourpack.eu\/sv\/transport\/","title":{"rendered":"Transport"},"content":{"rendered":"<div id=\"pl-42639\"  class=\"panel-layout\" ><div id=\"pg-42639-0\"  class=\"panel-grid panel-no-style\" ><div id=\"pgc-42639-0-0\"  class=\"panel-grid-cell\" ><div id=\"panel-42639-0-0-0\" class=\"so-panel widget widget_sow-editor panel-first-child panel-last-child\" data-index=\"0\" ><div\n\t\t\t\n\t\t\tclass=\"so-widget-sow-editor so-widget-sow-editor-base\"\n\t\t\t\n\t\t><h3 class=\"widget-title\">Transport<\/h3>\n<div class=\"siteorigin-widget-tinymce textwidget\">\n\t<p>K\u00f6paren g\u00f6r ett val ang\u00e5ende leveranss\u00e4tt av de varor som k\u00f6pts fr\u00e5n webbutiken (h\u00e4mtar sj\u00e4lv, bud, transportf\u00f6retag etc.) under best\u00e4llningsprocessen och st\u00e5r f\u00f6r transportkostnaderna.<\/p>\n<p>Infigo Group anv\u00e4nder sig av samarbetspartners (tredje part) f\u00f6r att leverera varorna till K\u00f6paren.<\/p>\n<p>Alla priser webbutiken \u00e4r i euro och anges bredvid produkterna. En avgift f\u00f6r leverans av varorna tillkommer p\u00e5 priserna.<\/p>\n<p>Best\u00e4llningar gjorda kommer att bli f\u00f6rem\u00e5l f\u00f6r extra fraktkostnader som anges i webbutiken vid bekr\u00e4ftelse av best\u00e4llningen.<\/p>\n<p>Varorna kommer att levereras till den leveransadress som anges i best\u00e4llningen. Det g\u00e5r inte att \u00e4ndra leveransadress senare.<\/p>\n<p>Infigo levererar varorna till d\u00f6rren till den adress som kunden angett. Vid k\u00f6p av st\u00f6rre kvantiteter, v\u00e4nligen meddela oss innan du bekr\u00e4ftar best\u00e4llningen om kunden beh\u00f6ver en bil med baklucka f\u00f6r att lossa varorna. \u00c4ven om de best\u00e4llda varorna beh\u00f6ver levereras till en h\u00f6gre v\u00e5ning \u00e4n 1-e. K\u00f6paren m\u00e5ste betala separat f\u00f6r dessa till\u00e4ggstj\u00e4nster. Skicka information till: <a href=\"mailto:shop@yourpack.eu\">shop@yourpack.eu<\/a><\/p>\n<p>F\u00f6rv\u00e4ntad leveranstid p\u00e5 varorna \u00e4r 1-2 veckor.<\/p>\n<p>I det fall att leveranstiden p\u00e5 de varor som best\u00e4lls av K\u00f6paren \u00e4r l\u00e4ngre och den m\u00e5ste best\u00e4llas fr\u00e5n en speciell tillverkare\/leverant\u00f6r kommer Infigo att informera K\u00f6paren om detta inom tv\u00e5 arbetsdagar via e-post. K\u00f6paren informeras samtidigt om tidsfristen f\u00f6r leverans av de best\u00e4llda varorna.<\/p>\n<p>I h\u00e4ndelse av att k\u00f6paren tappar intresset f\u00f6r att k\u00f6pa varan p\u00e5 grund av en l\u00e4ngre tidsfrist f\u00f6r leverans av varan har k\u00f6paren r\u00e4tt att \u00e5ngra sin best\u00e4llning och det belopp som k\u00f6paren betalat (inklusive transportkostnaden) kommer att \u00e5terbetalas till K\u00f6parens l\u00f6pande konto.<\/p>\n<p>K\u00f6paren \u00e4r skyldig att kontrollera de best\u00e4llda varorna omedelbart efter mottagandet. F\u00f6r det fall att k\u00f6paren vid mottagandet av varan uppt\u00e4cker skillnader i dess fullst\u00e4ndighet eller kvantitet, bristande kvalitet eller andra skillnader hos varorna j\u00e4mf\u00f6rt med beskrivningen som ges i webbutiken eller best\u00e4llningen som han l\u00e4mnat, m\u00e5ste k\u00f6paren rapportera detta omedelbart via e-post: <a href=\"mailto:shop@yourpack.eu\">shop@yourpack.eu<\/a><\/p>\n<p>Om de av K\u00f6paren best\u00e4llda varorna levereras av en anst\u00e4lld hos postf\u00f6retaget eller transportf\u00f6retaget, accepterar K\u00f6paren varan genom att underteckna f\u00f6ljesedeln. Innan f\u00f6ljesedeln undertecknas ska k\u00f6paren f\u00f6rs\u00e4kra sig om att varorna \u00e4r i korrekt fullst\u00e4ndighet och m\u00e4ngd och inte \u00e4r skadade eller f\u00f6rst\u00f6rda. I det fall det finns en skillnad i varornas fullst\u00e4ndighet eller kvantitet j\u00e4mf\u00f6rt med best\u00e4llningen som l\u00e4mnats av K\u00f6paren eller om produkten \u00e4r skadad eller f\u00f6rst\u00f6rd, m\u00e5ste motsvarande anteckning g\u00f6ras p\u00e5 f\u00f6ljesedeln och meddelas omedelbart via e-post: <a href=\"mailto:shop@yourpack.eu\">shop@yourpack.eu<\/a><\/p>\n<p>Risken f\u00f6r oavsiktlig f\u00f6rst\u00f6relse och skada p\u00e5 varan \u00f6verg\u00e5r till K\u00f6paren vid leverans av produkterna till den plats som anges i best\u00e4llningen.<\/p>\n<\/div>\n<\/div><\/div><\/div><\/div><\/div>","protected":false},"excerpt":{"rendered":"<p>K\u00f6paren g\u00f6r ett val ang\u00e5ende leveranss\u00e4tt av de varor som k\u00f6pts fr\u00e5n webbutiken (h\u00e4mtar sj\u00e4lv, bud, transportf\u00f6retag etc.) under best\u00e4llningsprocessen och st\u00e5r f\u00f6r transportkostnaderna. Infigo Group anv\u00e4nder sig av samarbetspartners (tredje part) f\u00f6r att leverera varorna till K\u00f6paren. Alla priser webbutiken \u00e4r i euro och anges bredvid produkterna. En avgift f\u00f6r leverans av varorna tillkommer [&hellip;]<\/p>\n","protected":false},"author":1,"featured_media":0,"parent":0,"menu_order":0,"comment_status":"closed","ping_status":"closed","template":"","meta":{"_acf_changed":false,"footnotes":""},"class_list":["post-42639","page","type-page","status-publish","hentry"],"acf":[],"yoast_head":"<!-- This site is optimized with the Yoast SEO plugin v27.3 - https:\/\/yoast.com\/product\/yoast-seo-wordpress\/ -->\n<title>Transport - Infigo shop<\/title>\n<meta name=\"description\" content=\"Pakendi disainide loomine on meie kujundajate igap\u00e4evane t\u00f6\u00f6 - meile lihtsalt meeldib seda teha! Loome, kujundame ja toodame Teie ettev\u00f5tte logoga pakendid.\" \/>\n<meta name=\"robots\" content=\"index, follow, max-snippet:-1, max-image-preview:large, max-video-preview:-1\" \/>\n<link rel=\"canonical\" href=\"https:\/\/yourpack.eu\/sv\/transport\/\" \/>\n<meta property=\"og:locale\" content=\"sv_SE\" \/>\n<meta property=\"og:type\" content=\"article\" \/>\n<meta property=\"og:title\" content=\"Transport - Infigo shop\" \/>\n<meta property=\"og:description\" content=\"Pakendi disainide loomine on meie kujundajate igap\u00e4evane t\u00f6\u00f6 - meile lihtsalt meeldib seda teha! Loome, kujundame ja toodame Teie ettev\u00f5tte logoga pakendid.\" \/>\n<meta property=\"og:url\" content=\"https:\/\/yourpack.eu\/sv\/transport\/\" \/>\n<meta property=\"og:site_name\" content=\"Infigo shop\" \/>\n<meta property=\"article:modified_time\" content=\"2026-02-21T14:10:07+00:00\" \/>\n<meta name=\"twitter:card\" content=\"summary_large_image\" \/>\n<meta name=\"twitter:label1\" content=\"Ber\u00e4knad l\u00e4stid\" \/>\n\t<meta name=\"twitter:data1\" content=\"3 minuter\" \/>\n<script type=\"application\/ld+json\" class=\"yoast-schema-graph\">{\"@context\":\"https:\\\/\\\/schema.org\",\"@graph\":[{\"@type\":\"WebPage\",\"@id\":\"https:\\\/\\\/yourpack.eu\\\/sv\\\/transport\\\/\",\"url\":\"https:\\\/\\\/yourpack.eu\\\/sv\\\/transport\\\/\",\"name\":\"Transport - Infigo shop\",\"isPartOf\":{\"@id\":\"https:\\\/\\\/yourpack.eu\\\/sv\\\/#website\"},\"datePublished\":\"2023-12-08T05:03:21+00:00\",\"dateModified\":\"2026-02-21T14:10:07+00:00\",\"description\":\"Pakendi disainide loomine on meie kujundajate igap\u00e4evane t\u00f6\u00f6 - meile lihtsalt meeldib seda teha! Loome, kujundame ja toodame Teie ettev\u00f5tte logoga pakendid.\",\"breadcrumb\":{\"@id\":\"https:\\\/\\\/yourpack.eu\\\/sv\\\/transport\\\/#breadcrumb\"},\"inLanguage\":\"sv-SE\",\"potentialAction\":[{\"@type\":\"ReadAction\",\"target\":[\"https:\\\/\\\/yourpack.eu\\\/sv\\\/transport\\\/\"]}]},{\"@type\":\"BreadcrumbList\",\"@id\":\"https:\\\/\\\/yourpack.eu\\\/sv\\\/transport\\\/#breadcrumb\",\"itemListElement\":[{\"@type\":\"ListItem\",\"position\":1,\"name\":\"Home\",\"item\":\"https:\\\/\\\/yourpack.eu\\\/sv\\\/\"},{\"@type\":\"ListItem\",\"position\":2,\"name\":\"Transport\"}]},{\"@type\":\"WebSite\",\"@id\":\"https:\\\/\\\/yourpack.eu\\\/sv\\\/#website\",\"url\":\"https:\\\/\\\/yourpack.eu\\\/sv\\\/\",\"name\":\"Infigo\",\"description\":\"\",\"publisher\":{\"@id\":\"https:\\\/\\\/yourpack.eu\\\/sv\\\/#organization\"},\"potentialAction\":[{\"@type\":\"SearchAction\",\"target\":{\"@type\":\"EntryPoint\",\"urlTemplate\":\"https:\\\/\\\/yourpack.eu\\\/sv\\\/?s={search_term_string}\"},\"query-input\":{\"@type\":\"PropertyValueSpecification\",\"valueRequired\":true,\"valueName\":\"search_term_string\"}}],\"inLanguage\":\"sv-SE\"},{\"@type\":\"Organization\",\"@id\":\"https:\\\/\\\/yourpack.eu\\\/sv\\\/#organization\",\"name\":\"Infigo\",\"url\":\"https:\\\/\\\/yourpack.eu\\\/sv\\\/\",\"logo\":{\"@type\":\"ImageObject\",\"inLanguage\":\"sv-SE\",\"@id\":\"https:\\\/\\\/yourpack.eu\\\/sv\\\/#\\\/schema\\\/logo\\\/image\\\/\",\"url\":\"https:\\\/\\\/yourpack.eu\\\/wp-content\\\/uploads\\\/2026\\\/02\\\/2026-Infigo_yourpack-scaled.webp\",\"contentUrl\":\"https:\\\/\\\/yourpack.eu\\\/wp-content\\\/uploads\\\/2026\\\/02\\\/2026-Infigo_yourpack-scaled.webp\",\"width\":2560,\"height\":851,\"caption\":\"Infigo\"},\"image\":{\"@id\":\"https:\\\/\\\/yourpack.eu\\\/sv\\\/#\\\/schema\\\/logo\\\/image\\\/\"}}]}<\/script>\n<!-- \/ Yoast SEO plugin. -->","yoast_head_json":{"title":"Transport - Infigo shop","description":"Pakendi disainide loomine on meie kujundajate igap\u00e4evane t\u00f6\u00f6 - meile lihtsalt meeldib seda teha! Loome, kujundame ja toodame Teie ettev\u00f5tte logoga pakendid.","robots":{"index":"index","follow":"follow","max-snippet":"max-snippet:-1","max-image-preview":"max-image-preview:large","max-video-preview":"max-video-preview:-1"},"canonical":"https:\/\/yourpack.eu\/sv\/transport\/","og_locale":"sv_SE","og_type":"article","og_title":"Transport - Infigo shop","og_description":"Pakendi disainide loomine on meie kujundajate igap\u00e4evane t\u00f6\u00f6 - meile lihtsalt meeldib seda teha! Loome, kujundame ja toodame Teie ettev\u00f5tte logoga pakendid.","og_url":"https:\/\/yourpack.eu\/sv\/transport\/","og_site_name":"Infigo shop","article_modified_time":"2026-02-21T14:10:07+00:00","twitter_card":"summary_large_image","twitter_misc":{"Ber\u00e4knad l\u00e4stid":"3 minuter"},"schema":{"@context":"https:\/\/schema.org","@graph":[{"@type":"WebPage","@id":"https:\/\/yourpack.eu\/sv\/transport\/","url":"https:\/\/yourpack.eu\/sv\/transport\/","name":"Transport - Infigo shop","isPartOf":{"@id":"https:\/\/yourpack.eu\/sv\/#website"},"datePublished":"2023-12-08T05:03:21+00:00","dateModified":"2026-02-21T14:10:07+00:00","description":"Pakendi disainide loomine on meie kujundajate igap\u00e4evane t\u00f6\u00f6 - meile lihtsalt meeldib seda teha! Loome, kujundame ja toodame Teie ettev\u00f5tte logoga pakendid.","breadcrumb":{"@id":"https:\/\/yourpack.eu\/sv\/transport\/#breadcrumb"},"inLanguage":"sv-SE","potentialAction":[{"@type":"ReadAction","target":["https:\/\/yourpack.eu\/sv\/transport\/"]}]},{"@type":"BreadcrumbList","@id":"https:\/\/yourpack.eu\/sv\/transport\/#breadcrumb","itemListElement":[{"@type":"ListItem","position":1,"name":"Home","item":"https:\/\/yourpack.eu\/sv\/"},{"@type":"ListItem","position":2,"name":"Transport"}]},{"@type":"WebSite","@id":"https:\/\/yourpack.eu\/sv\/#website","url":"https:\/\/yourpack.eu\/sv\/","name":"Infigo","description":"","publisher":{"@id":"https:\/\/yourpack.eu\/sv\/#organization"},"potentialAction":[{"@type":"SearchAction","target":{"@type":"EntryPoint","urlTemplate":"https:\/\/yourpack.eu\/sv\/?s={search_term_string}"},"query-input":{"@type":"PropertyValueSpecification","valueRequired":true,"valueName":"search_term_string"}}],"inLanguage":"sv-SE"},{"@type":"Organization","@id":"https:\/\/yourpack.eu\/sv\/#organization","name":"Infigo","url":"https:\/\/yourpack.eu\/sv\/","logo":{"@type":"ImageObject","inLanguage":"sv-SE","@id":"https:\/\/yourpack.eu\/sv\/#\/schema\/logo\/image\/","url":"https:\/\/yourpack.eu\/wp-content\/uploads\/2026\/02\/2026-Infigo_yourpack-scaled.webp","contentUrl":"https:\/\/yourpack.eu\/wp-content\/uploads\/2026\/02\/2026-Infigo_yourpack-scaled.webp","width":2560,"height":851,"caption":"Infigo"},"image":{"@id":"https:\/\/yourpack.eu\/sv\/#\/schema\/logo\/image\/"}}]}},"_links":{"self":[{"href":"https:\/\/yourpack.eu\/sv\/wp-json\/wp\/v2\/pages\/42639","targetHints":{"allow":["GET"]}}],"collection":[{"href":"https:\/\/yourpack.eu\/sv\/wp-json\/wp\/v2\/pages"}],"about":[{"href":"https:\/\/yourpack.eu\/sv\/wp-json\/wp\/v2\/types\/page"}],"author":[{"embeddable":true,"href":"https:\/\/yourpack.eu\/sv\/wp-json\/wp\/v2\/users\/1"}],"replies":[{"embeddable":true,"href":"https:\/\/yourpack.eu\/sv\/wp-json\/wp\/v2\/comments?post=42639"}],"version-history":[{"count":6,"href":"https:\/\/yourpack.eu\/sv\/wp-json\/wp\/v2\/pages\/42639\/revisions"}],"predecessor-version":[{"id":64995,"href":"https:\/\/yourpack.eu\/sv\/wp-json\/wp\/v2\/pages\/42639\/revisions\/64995"}],"wp:attachment":[{"href":"https:\/\/yourpack.eu\/sv\/wp-json\/wp\/v2\/media?parent=42639"}],"curies":[{"name":"wp","href":"https:\/\/api.w.org\/{rel}","templated":true}]}}