{"id":42539,"date":"2023-12-08T06:54:47","date_gmt":"2023-12-08T04:54:47","guid":{"rendered":"https:\/\/infigogroup.com\/?page_id=42539"},"modified":"2026-02-08T11:12:44","modified_gmt":"2026-02-08T09:12:44","slug":"infigo","status":"publish","type":"page","link":"https:\/\/yourpack.eu\/sv\/infigo\/","title":{"rendered":"Om oss"},"content":{"rendered":"<div id=\"pl-42539\"  class=\"panel-layout\" ><div id=\"pg-42539-0\"  class=\"panel-grid panel-no-style\"  style=\"margin-bottom: 20px\" ><div id=\"pgc-42539-0-0\"  class=\"panel-grid-cell\" ><div id=\"panel-42539-0-0-0\" class=\"so-panel widget widget_sow-editor panel-first-child\" data-index=\"0\" style=\"margin-bottom: 20px\" ><div\n\t\t\t\n\t\t\tclass=\"so-widget-sow-editor so-widget-sow-editor-base\"\n\t\t\t\n\t\t><h3 class=\"widget-title\">Yourpack.eu<\/h3>\n<div class=\"siteorigin-widget-tinymce textwidget\">\n\t<div class=\"siteorigin-widget-tinymce textwidget\">\n<p data-path-to-node=\"1\"><b data-path-to-node=\"1\" data-index-in-node=\"0\">Yourpack.eu<\/b> \u00e4r den officiella n\u00e4tbutiken f\u00f6r Infigo Group Company, specialiserad p\u00e5 ett omfattande utbud av f\u00f6rpackningsmaterial och professionell utrustning. Med \u00f6ver 20 \u00e5rs erfarenhet i branschen \u00e4r vi stolta \u00f6ver att vara experter som f\u00f6rst\u00e5r f\u00f6rpackningsv\u00e4rldens st\u00e4ndigt f\u00f6r\u00e4nderliga behov.<\/p>\n<p data-path-to-node=\"2\">V\u00e5rt omfattande produktutbud inneh\u00e5ller allt fr\u00e5n n\u00f6dv\u00e4ndiga postemballage \u2013 inklusive kartonger i olika storlekar, vadderade kuvert och fraktp\u00e5sar \u2013 till ett brett sortiment av b\u00e4rkassar, fr\u00e5n vanliga pappersp\u00e5sar till milj\u00f6v\u00e4nliga, \u00e5teranv\u00e4ndbara alternativ i bomull och textil. Vi erbjuder \u00e4ven specialanpassade l\u00f6sningar f\u00f6r livsmedelssektorn, s\u00e5som beh\u00e5llare, muggar, omslagspapper och viktiga serveringstillbeh\u00f6r. Ut\u00f6ver material tillhandah\u00e5ller vi h\u00f6gkvalitativa maskiner f\u00f6r att effektivisera din verksamhet, s\u00e5som papperssk\u00e4rare och dispensrar, p\u00e5ssvetsar och maskiner f\u00f6r luftkuddar.<\/p>\n<p data-path-to-node=\"3\">F\u00f6r att s\u00e4kerst\u00e4lla b\u00e4sta m\u00f6jliga v\u00e4rde f\u00f6r v\u00e5ra kunder erbjuder vi m\u00e4ngdrabatter p\u00e5 majoriteten av v\u00e5ra produkter \u2013 ju mer du best\u00e4ller, desto mer sparar du.<\/p>\n<p data-path-to-node=\"4\">Yourpack.eu \u00e4r framtagen specifikt med B2B-kunder i \u00e5tanke och erbjuder en tydlig \u00f6verblick samt en smidig best\u00e4llningsprocess. Vi levererar \u00f6ver hela Europa, med en normal leveranstid p\u00e5 1\u20132 veckor.<\/p>\n<\/div>\n<\/div>\n<\/div><\/div><div id=\"panel-42539-0-0-1\" class=\"so-panel widget widget_sow-image panel-last-child\" data-index=\"1\" ><div\n\t\t\t\n\t\t\tclass=\"so-widget-sow-image so-widget-sow-image-default-8b5b6f678277-42539\"\n\t\t\t\n\t\t><\/div><\/div><\/div><div id=\"pgc-42539-0-1\"  class=\"panel-grid-cell\" ><div id=\"panel-42539-0-1-0\" class=\"so-panel widget widget_sow-editor panel-first-child\" data-index=\"2\" style=\"margin-bottom: 20px\" ><div\n\t\t\t\n\t\t\tclass=\"so-widget-sow-editor so-widget-sow-editor-base\"\n\t\t\t\n\t\t><h3 class=\"widget-title\">V\u00e5rt m\u00e5l<\/h3>\n<div class=\"siteorigin-widget-tinymce textwidget\">\n\t<p>\u00e4r att ge omfattande hj\u00e4lp med att hitta dina f\u00f6rpackningsl\u00f6sningar.<br \/>\nDet finns inga om\u00f6jliga situationer, det finns bara ett antal m\u00f6jliga varianter, fr\u00e5n vilka vi hj\u00e4lper till att v\u00e4lja det b\u00e4sta.<\/p>\n<\/div>\n<\/div><\/div><div id=\"panel-42539-0-1-1\" class=\"so-panel widget widget_sow-image panel-last-child\" data-index=\"3\" ><div\n\t\t\t\n\t\t\tclass=\"so-widget-sow-image so-widget-sow-image-default-8b5b6f678277-42539\"\n\t\t\t\n\t\t>\n<div class=\"sow-image-container\">\n\t\t<img \n\tsrc=\"https:\/\/yourpack.eu\/wp-content\/uploads\/2026\/02\/yourpack-eu2-scaled.jpg\" width=\"2560\" height=\"1460\" srcset=\"https:\/\/yourpack.eu\/wp-content\/uploads\/2026\/02\/yourpack-eu2-scaled.jpg 2560w, https:\/\/yourpack.eu\/wp-content\/uploads\/2026\/02\/yourpack-eu2-300x171.jpg 300w, https:\/\/yourpack.eu\/wp-content\/uploads\/2026\/02\/yourpack-eu2-1024x584.jpg 1024w, https:\/\/yourpack.eu\/wp-content\/uploads\/2026\/02\/yourpack-eu2-768x438.jpg 768w, https:\/\/yourpack.eu\/wp-content\/uploads\/2026\/02\/yourpack-eu2-1536x876.jpg 1536w, https:\/\/yourpack.eu\/wp-content\/uploads\/2026\/02\/yourpack-eu2-2048x1168.jpg 2048w, https:\/\/yourpack.eu\/wp-content\/uploads\/2026\/02\/yourpack-eu2-600x342.jpg 600w\" sizes=\"(max-width: 2560px) 100vw, 2560px\" title=\"yourpack-eu(2)\" alt=\"\" \t\tclass=\"so-widget-image\"\/>\n\t<\/div>\n\n<\/div><\/div><\/div><\/div><div id=\"pg-42539-1\"  class=\"panel-grid panel-no-style\" ><div id=\"pgc-42539-1-0\"  class=\"panel-grid-cell\" ><div id=\"panel-42539-1-0-0\" class=\"so-panel widget widget_sow-editor panel-first-child panel-last-child\" data-index=\"4\" ><div\n\t\t\t\n\t\t\tclass=\"so-widget-sow-editor so-widget-sow-editor-base\"\n\t\t\t\n\t\t>\n<div class=\"siteorigin-widget-tinymce textwidget\">\n\t<\/p>\n<\/div>\n<\/div><\/div><\/div><\/div><\/div>","protected":false},"excerpt":{"rendered":"<p>Yourpack.eu \u00e4r den officiella n\u00e4tbutiken f\u00f6r Infigo Group Company, specialiserad p\u00e5 ett omfattande utbud av f\u00f6rpackningsmaterial och professionell utrustning. Med \u00f6ver 20 \u00e5rs erfarenhet i branschen \u00e4r vi stolta \u00f6ver att vara experter som f\u00f6rst\u00e5r f\u00f6rpackningsv\u00e4rldens st\u00e4ndigt f\u00f6r\u00e4nderliga behov. V\u00e5rt omfattande produktutbud inneh\u00e5ller allt fr\u00e5n n\u00f6dv\u00e4ndiga postemballage \u2013 inklusive kartonger i olika storlekar, vadderade kuvert [&hellip;]<\/p>\n","protected":false},"author":1,"featured_media":0,"parent":0,"menu_order":0,"comment_status":"closed","ping_status":"closed","template":"","meta":{"_acf_changed":false,"footnotes":""},"class_list":["post-42539","page","type-page","status-publish","hentry"],"acf":[],"yoast_head":"<!-- This site is optimized with the Yoast SEO plugin v27.3 - https:\/\/yoast.com\/product\/yoast-seo-wordpress\/ -->\n<title>Om oss - Infigo shop<\/title>\n<meta name=\"description\" content=\"Pakendi disainide loomine on meie kujundajate igap\u00e4evane t\u00f6\u00f6 - meile lihtsalt meeldib seda teha! Loome, kujundame ja toodame Teie ettev\u00f5tte logoga pakendid.\" \/>\n<meta name=\"robots\" content=\"index, follow, max-snippet:-1, max-image-preview:large, max-video-preview:-1\" \/>\n<link rel=\"canonical\" href=\"https:\/\/yourpack.eu\/sv\/infigo\/\" \/>\n<meta property=\"og:locale\" content=\"sv_SE\" \/>\n<meta property=\"og:type\" content=\"article\" \/>\n<meta property=\"og:title\" content=\"Om oss - Infigo shop\" \/>\n<meta property=\"og:description\" content=\"Pakendi disainide loomine on meie kujundajate igap\u00e4evane t\u00f6\u00f6 - meile lihtsalt meeldib seda teha! Loome, kujundame ja toodame Teie ettev\u00f5tte logoga pakendid.\" \/>\n<meta property=\"og:url\" content=\"https:\/\/yourpack.eu\/sv\/infigo\/\" \/>\n<meta property=\"og:site_name\" content=\"Infigo shop\" \/>\n<meta property=\"article:modified_time\" content=\"2026-02-08T09:12:44+00:00\" \/>\n<meta name=\"twitter:card\" content=\"summary_large_image\" \/>\n<meta name=\"twitter:label1\" content=\"Ber\u00e4knad l\u00e4stid\" \/>\n\t<meta name=\"twitter:data1\" content=\"2 minuter\" \/>\n<script type=\"application\/ld+json\" class=\"yoast-schema-graph\">{\"@context\":\"https:\\\/\\\/schema.org\",\"@graph\":[{\"@type\":\"WebPage\",\"@id\":\"https:\\\/\\\/yourpack.eu\\\/sv\\\/infigo\\\/\",\"url\":\"https:\\\/\\\/yourpack.eu\\\/sv\\\/infigo\\\/\",\"name\":\"Om oss - Infigo shop\",\"isPartOf\":{\"@id\":\"https:\\\/\\\/yourpack.eu\\\/sv\\\/#website\"},\"datePublished\":\"2023-12-08T04:54:47+00:00\",\"dateModified\":\"2026-02-08T09:12:44+00:00\",\"description\":\"Pakendi disainide loomine on meie kujundajate igap\u00e4evane t\u00f6\u00f6 - meile lihtsalt meeldib seda teha! Loome, kujundame ja toodame Teie ettev\u00f5tte logoga pakendid.\",\"breadcrumb\":{\"@id\":\"https:\\\/\\\/yourpack.eu\\\/sv\\\/infigo\\\/#breadcrumb\"},\"inLanguage\":\"sv-SE\",\"potentialAction\":[{\"@type\":\"ReadAction\",\"target\":[\"https:\\\/\\\/yourpack.eu\\\/sv\\\/infigo\\\/\"]}]},{\"@type\":\"BreadcrumbList\",\"@id\":\"https:\\\/\\\/yourpack.eu\\\/sv\\\/infigo\\\/#breadcrumb\",\"itemListElement\":[{\"@type\":\"ListItem\",\"position\":1,\"name\":\"Home\",\"item\":\"https:\\\/\\\/yourpack.eu\\\/sv\\\/\"},{\"@type\":\"ListItem\",\"position\":2,\"name\":\"Om oss\"}]},{\"@type\":\"WebSite\",\"@id\":\"https:\\\/\\\/yourpack.eu\\\/sv\\\/#website\",\"url\":\"https:\\\/\\\/yourpack.eu\\\/sv\\\/\",\"name\":\"Infigo\",\"description\":\"\",\"publisher\":{\"@id\":\"https:\\\/\\\/yourpack.eu\\\/sv\\\/#organization\"},\"potentialAction\":[{\"@type\":\"SearchAction\",\"target\":{\"@type\":\"EntryPoint\",\"urlTemplate\":\"https:\\\/\\\/yourpack.eu\\\/sv\\\/?s={search_term_string}\"},\"query-input\":{\"@type\":\"PropertyValueSpecification\",\"valueRequired\":true,\"valueName\":\"search_term_string\"}}],\"inLanguage\":\"sv-SE\"},{\"@type\":\"Organization\",\"@id\":\"https:\\\/\\\/yourpack.eu\\\/sv\\\/#organization\",\"name\":\"Infigo\",\"url\":\"https:\\\/\\\/yourpack.eu\\\/sv\\\/\",\"logo\":{\"@type\":\"ImageObject\",\"inLanguage\":\"sv-SE\",\"@id\":\"https:\\\/\\\/yourpack.eu\\\/sv\\\/#\\\/schema\\\/logo\\\/image\\\/\",\"url\":\"https:\\\/\\\/yourpack.eu\\\/wp-content\\\/uploads\\\/2026\\\/02\\\/2026-Infigo_yourpack-scaled.webp\",\"contentUrl\":\"https:\\\/\\\/yourpack.eu\\\/wp-content\\\/uploads\\\/2026\\\/02\\\/2026-Infigo_yourpack-scaled.webp\",\"width\":2560,\"height\":851,\"caption\":\"Infigo\"},\"image\":{\"@id\":\"https:\\\/\\\/yourpack.eu\\\/sv\\\/#\\\/schema\\\/logo\\\/image\\\/\"}}]}<\/script>\n<!-- \/ Yoast SEO plugin. -->","yoast_head_json":{"title":"Om oss - Infigo shop","description":"Pakendi disainide loomine on meie kujundajate igap\u00e4evane t\u00f6\u00f6 - meile lihtsalt meeldib seda teha! Loome, kujundame ja toodame Teie ettev\u00f5tte logoga pakendid.","robots":{"index":"index","follow":"follow","max-snippet":"max-snippet:-1","max-image-preview":"max-image-preview:large","max-video-preview":"max-video-preview:-1"},"canonical":"https:\/\/yourpack.eu\/sv\/infigo\/","og_locale":"sv_SE","og_type":"article","og_title":"Om oss - Infigo shop","og_description":"Pakendi disainide loomine on meie kujundajate igap\u00e4evane t\u00f6\u00f6 - meile lihtsalt meeldib seda teha! Loome, kujundame ja toodame Teie ettev\u00f5tte logoga pakendid.","og_url":"https:\/\/yourpack.eu\/sv\/infigo\/","og_site_name":"Infigo shop","article_modified_time":"2026-02-08T09:12:44+00:00","twitter_card":"summary_large_image","twitter_misc":{"Ber\u00e4knad l\u00e4stid":"2 minuter"},"schema":{"@context":"https:\/\/schema.org","@graph":[{"@type":"WebPage","@id":"https:\/\/yourpack.eu\/sv\/infigo\/","url":"https:\/\/yourpack.eu\/sv\/infigo\/","name":"Om oss - Infigo shop","isPartOf":{"@id":"https:\/\/yourpack.eu\/sv\/#website"},"datePublished":"2023-12-08T04:54:47+00:00","dateModified":"2026-02-08T09:12:44+00:00","description":"Pakendi disainide loomine on meie kujundajate igap\u00e4evane t\u00f6\u00f6 - meile lihtsalt meeldib seda teha! Loome, kujundame ja toodame Teie ettev\u00f5tte logoga pakendid.","breadcrumb":{"@id":"https:\/\/yourpack.eu\/sv\/infigo\/#breadcrumb"},"inLanguage":"sv-SE","potentialAction":[{"@type":"ReadAction","target":["https:\/\/yourpack.eu\/sv\/infigo\/"]}]},{"@type":"BreadcrumbList","@id":"https:\/\/yourpack.eu\/sv\/infigo\/#breadcrumb","itemListElement":[{"@type":"ListItem","position":1,"name":"Home","item":"https:\/\/yourpack.eu\/sv\/"},{"@type":"ListItem","position":2,"name":"Om oss"}]},{"@type":"WebSite","@id":"https:\/\/yourpack.eu\/sv\/#website","url":"https:\/\/yourpack.eu\/sv\/","name":"Infigo","description":"","publisher":{"@id":"https:\/\/yourpack.eu\/sv\/#organization"},"potentialAction":[{"@type":"SearchAction","target":{"@type":"EntryPoint","urlTemplate":"https:\/\/yourpack.eu\/sv\/?s={search_term_string}"},"query-input":{"@type":"PropertyValueSpecification","valueRequired":true,"valueName":"search_term_string"}}],"inLanguage":"sv-SE"},{"@type":"Organization","@id":"https:\/\/yourpack.eu\/sv\/#organization","name":"Infigo","url":"https:\/\/yourpack.eu\/sv\/","logo":{"@type":"ImageObject","inLanguage":"sv-SE","@id":"https:\/\/yourpack.eu\/sv\/#\/schema\/logo\/image\/","url":"https:\/\/yourpack.eu\/wp-content\/uploads\/2026\/02\/2026-Infigo_yourpack-scaled.webp","contentUrl":"https:\/\/yourpack.eu\/wp-content\/uploads\/2026\/02\/2026-Infigo_yourpack-scaled.webp","width":2560,"height":851,"caption":"Infigo"},"image":{"@id":"https:\/\/yourpack.eu\/sv\/#\/schema\/logo\/image\/"}}]}},"_links":{"self":[{"href":"https:\/\/yourpack.eu\/sv\/wp-json\/wp\/v2\/pages\/42539","targetHints":{"allow":["GET"]}}],"collection":[{"href":"https:\/\/yourpack.eu\/sv\/wp-json\/wp\/v2\/pages"}],"about":[{"href":"https:\/\/yourpack.eu\/sv\/wp-json\/wp\/v2\/types\/page"}],"author":[{"embeddable":true,"href":"https:\/\/yourpack.eu\/sv\/wp-json\/wp\/v2\/users\/1"}],"replies":[{"embeddable":true,"href":"https:\/\/yourpack.eu\/sv\/wp-json\/wp\/v2\/comments?post=42539"}],"version-history":[{"count":12,"href":"https:\/\/yourpack.eu\/sv\/wp-json\/wp\/v2\/pages\/42539\/revisions"}],"predecessor-version":[{"id":57716,"href":"https:\/\/yourpack.eu\/sv\/wp-json\/wp\/v2\/pages\/42539\/revisions\/57716"}],"wp:attachment":[{"href":"https:\/\/yourpack.eu\/sv\/wp-json\/wp\/v2\/media?parent=42539"}],"curies":[{"name":"wp","href":"https:\/\/api.w.org\/{rel}","templated":true}]}}