{"id":65464,"date":"2026-02-25T16:44:26","date_gmt":"2026-02-25T14:44:26","guid":{"rendered":"https:\/\/yourpack.eu\/toode\/paperwave-tyypi-8-0-42-cm-x-200-m-arkki-42x10-cm-ilmatyynykalvo-pakkaustayte-sopii-keskikokoisten-ja-suurten-onteloiden-tayttamiseen-materiaali-kierratyspaperi-fsc-sertifioitu-100-biohajoavia\/"},"modified":"2026-04-16T08:51:19","modified_gmt":"2026-04-16T05:51:19","slug":"paperwave-tyypi-8-0-42-cm-x-200-m-arkki-42x10-cm-ilmatyynykalvo-pakkaustayte-sopii-keskikokoisten-ja-suurten-onteloiden-tayttamiseen-materiaali-kierratyspaperi-fsc-sertifioitu-100-biohajoavia","status":"publish","type":"product","link":"https:\/\/yourpack.eu\/fi\/tuote\/paperwave-tyypi-8-0-42-cm-x-200-m-arkki-42x10-cm-ilmatyynykalvo-pakkaustayte-sopii-keskikokoisten-ja-suurten-onteloiden-tayttamiseen-materiaali-kierratyspaperi-fsc-sertifioitu-100-biohajoavia\/","title":{"rendered":"PaperWave tyypi 8.0, 42 cm x 200 m \/ arkki 42&#215;10 cm, ilmatyynykalvo pakkaust\u00e4yte, sopii keskikokoisten ja suurten onteloiden t\u00e4ytt\u00e4miseen, materiaali Kierr\u00e4tyspaperi FSC-sertifioitu, 100 % biohajoavia"},"content":{"rendered":"","protected":false},"excerpt":{"rendered":"","protected":false},"featured_media":65592,"comment_status":"open","ping_status":"closed","template":"","meta":{"_acf_changed":false},"product_brand":[],"product_cat":[1513],"product_tag":[],"class_list":{"0":"post-65464","1":"product","2":"type-product","3":"status-publish","4":"has-post-thumbnail","6":"product_cat-ilmatyynykalvo","8":"first","9":"instock","10":"taxable","11":"shipping-taxable","12":"purchasable","13":"product-type-simple"},"acf":[],"yoast_head":"<!-- This site is optimized with the Yoast SEO plugin v27.3 - https:\/\/yoast.com\/product\/yoast-seo-wordpress\/ -->\n<title>PaperWave tyypi 8.0, 42 cm x 200 m \/ arkki 42x10 cm, ilmatyynykalvo pakkaust\u00e4yte, sopii keskikokoisten ja suurten onteloiden t\u00e4ytt\u00e4miseen, materiaali Kierr\u00e4tyspaperi FSC-sertifioitu, 100 % biohajoavia - Infigo<\/title>\n<meta name=\"robots\" content=\"index, follow, max-snippet:-1, max-image-preview:large, max-video-preview:-1\" \/>\n<link rel=\"canonical\" href=\"https:\/\/yourpack.eu\/fi\/tuote\/paperwave-tyypi-8-0-42-cm-x-200-m-arkki-42x10-cm-ilmatyynykalvo-pakkaustayte-sopii-keskikokoisten-ja-suurten-onteloiden-tayttamiseen-materiaali-kierratyspaperi-fsc-sertifioitu-100-biohajoavia\/\" \/>\n<meta property=\"og:locale\" content=\"fi_FI\" \/>\n<meta property=\"og:type\" content=\"article\" \/>\n<meta property=\"og:title\" content=\"PaperWave tyypi 8.0, 42 cm x 200 m \/ arkki 42x10 cm, ilmatyynykalvo pakkaust\u00e4yte, sopii keskikokoisten ja suurten onteloiden t\u00e4ytt\u00e4miseen, materiaali Kierr\u00e4tyspaperi FSC-sertifioitu, 100 % biohajoavia - Infigo\" \/>\n<meta property=\"og:url\" content=\"https:\/\/yourpack.eu\/fi\/tuote\/paperwave-tyypi-8-0-42-cm-x-200-m-arkki-42x10-cm-ilmatyynykalvo-pakkaustayte-sopii-keskikokoisten-ja-suurten-onteloiden-tayttamiseen-materiaali-kierratyspaperi-fsc-sertifioitu-100-biohajoavia\/\" \/>\n<meta property=\"og:site_name\" content=\"Infigo\" \/>\n<meta property=\"article:modified_time\" content=\"2026-04-16T05:51:19+00:00\" \/>\n<meta property=\"og:image\" content=\"https:\/\/yourpack.eu\/wp-content\/uploads\/2026\/02\/paperwave_8-01.jpg\" \/>\n\t<meta property=\"og:image:width\" content=\"2500\" \/>\n\t<meta property=\"og:image:height\" content=\"2500\" \/>\n\t<meta property=\"og:image:type\" content=\"image\/jpeg\" \/>\n<meta name=\"twitter:card\" content=\"summary_large_image\" \/>\n<script type=\"application\/ld+json\" class=\"yoast-schema-graph\">{\"@context\":\"https:\\\/\\\/schema.org\",\"@graph\":[{\"@type\":\"WebPage\",\"@id\":\"https:\\\/\\\/yourpack.eu\\\/fi\\\/tuote\\\/paperwave-tyypi-8-0-42-cm-x-200-m-arkki-42x10-cm-ilmatyynykalvo-pakkaustayte-sopii-keskikokoisten-ja-suurten-onteloiden-tayttamiseen-materiaali-kierratyspaperi-fsc-sertifioitu-100-biohajoavia\\\/\",\"url\":\"https:\\\/\\\/yourpack.eu\\\/fi\\\/tuote\\\/paperwave-tyypi-8-0-42-cm-x-200-m-arkki-42x10-cm-ilmatyynykalvo-pakkaustayte-sopii-keskikokoisten-ja-suurten-onteloiden-tayttamiseen-materiaali-kierratyspaperi-fsc-sertifioitu-100-biohajoavia\\\/\",\"name\":\"PaperWave tyypi 8.0, 42 cm x 200 m \\\/ arkki 42x10 cm, ilmatyynykalvo pakkaust\u00e4yte, sopii keskikokoisten ja suurten onteloiden t\u00e4ytt\u00e4miseen, materiaali Kierr\u00e4tyspaperi FSC-sertifioitu, 100 % biohajoavia - Infigo\",\"isPartOf\":{\"@id\":\"https:\\\/\\\/yourpack.eu\\\/fi\\\/#website\"},\"primaryImageOfPage\":{\"@id\":\"https:\\\/\\\/yourpack.eu\\\/fi\\\/tuote\\\/paperwave-tyypi-8-0-42-cm-x-200-m-arkki-42x10-cm-ilmatyynykalvo-pakkaustayte-sopii-keskikokoisten-ja-suurten-onteloiden-tayttamiseen-materiaali-kierratyspaperi-fsc-sertifioitu-100-biohajoavia\\\/#primaryimage\"},\"image\":{\"@id\":\"https:\\\/\\\/yourpack.eu\\\/fi\\\/tuote\\\/paperwave-tyypi-8-0-42-cm-x-200-m-arkki-42x10-cm-ilmatyynykalvo-pakkaustayte-sopii-keskikokoisten-ja-suurten-onteloiden-tayttamiseen-materiaali-kierratyspaperi-fsc-sertifioitu-100-biohajoavia\\\/#primaryimage\"},\"thumbnailUrl\":\"https:\\\/\\\/yourpack.eu\\\/wp-content\\\/uploads\\\/2026\\\/02\\\/paperwave_8-01.jpg\",\"datePublished\":\"2026-02-25T14:44:26+00:00\",\"dateModified\":\"2026-04-16T05:51:19+00:00\",\"breadcrumb\":{\"@id\":\"https:\\\/\\\/yourpack.eu\\\/fi\\\/tuote\\\/paperwave-tyypi-8-0-42-cm-x-200-m-arkki-42x10-cm-ilmatyynykalvo-pakkaustayte-sopii-keskikokoisten-ja-suurten-onteloiden-tayttamiseen-materiaali-kierratyspaperi-fsc-sertifioitu-100-biohajoavia\\\/#breadcrumb\"},\"inLanguage\":\"fi\",\"potentialAction\":[{\"@type\":\"ReadAction\",\"target\":[\"https:\\\/\\\/yourpack.eu\\\/fi\\\/tuote\\\/paperwave-tyypi-8-0-42-cm-x-200-m-arkki-42x10-cm-ilmatyynykalvo-pakkaustayte-sopii-keskikokoisten-ja-suurten-onteloiden-tayttamiseen-materiaali-kierratyspaperi-fsc-sertifioitu-100-biohajoavia\\\/\"]}]},{\"@type\":\"ImageObject\",\"inLanguage\":\"fi\",\"@id\":\"https:\\\/\\\/yourpack.eu\\\/fi\\\/tuote\\\/paperwave-tyypi-8-0-42-cm-x-200-m-arkki-42x10-cm-ilmatyynykalvo-pakkaustayte-sopii-keskikokoisten-ja-suurten-onteloiden-tayttamiseen-materiaali-kierratyspaperi-fsc-sertifioitu-100-biohajoavia\\\/#primaryimage\",\"url\":\"https:\\\/\\\/yourpack.eu\\\/wp-content\\\/uploads\\\/2026\\\/02\\\/paperwave_8-01.jpg\",\"contentUrl\":\"https:\\\/\\\/yourpack.eu\\\/wp-content\\\/uploads\\\/2026\\\/02\\\/paperwave_8-01.jpg\",\"width\":2500,\"height\":2500},{\"@type\":\"BreadcrumbList\",\"@id\":\"https:\\\/\\\/yourpack.eu\\\/fi\\\/tuote\\\/paperwave-tyypi-8-0-42-cm-x-200-m-arkki-42x10-cm-ilmatyynykalvo-pakkaustayte-sopii-keskikokoisten-ja-suurten-onteloiden-tayttamiseen-materiaali-kierratyspaperi-fsc-sertifioitu-100-biohajoavia\\\/#breadcrumb\",\"itemListElement\":[{\"@type\":\"ListItem\",\"position\":1,\"name\":\"Home\",\"item\":\"https:\\\/\\\/yourpack.eu\\\/fi\\\/\"},{\"@type\":\"ListItem\",\"position\":2,\"name\":\"Verkkokauppa\",\"item\":\"https:\\\/\\\/yourpack.eu\\\/fi\\\/products\\\/\"},{\"@type\":\"ListItem\",\"position\":3,\"name\":\"PaperWave tyypi 8.0, 42 cm x 200 m \\\/ arkki 42&#215;10 cm, ilmatyynykalvo pakkaust\u00e4yte, sopii keskikokoisten ja suurten onteloiden t\u00e4ytt\u00e4miseen, materiaali Kierr\u00e4tyspaperi FSC-sertifioitu, 100 % biohajoavia\"}]},{\"@type\":\"WebSite\",\"@id\":\"https:\\\/\\\/yourpack.eu\\\/fi\\\/#website\",\"url\":\"https:\\\/\\\/yourpack.eu\\\/fi\\\/\",\"name\":\"Infigo\",\"description\":\"\",\"publisher\":{\"@id\":\"https:\\\/\\\/yourpack.eu\\\/fi\\\/#organization\"},\"potentialAction\":[{\"@type\":\"SearchAction\",\"target\":{\"@type\":\"EntryPoint\",\"urlTemplate\":\"https:\\\/\\\/yourpack.eu\\\/fi\\\/?s={search_term_string}\"},\"query-input\":{\"@type\":\"PropertyValueSpecification\",\"valueRequired\":true,\"valueName\":\"search_term_string\"}}],\"inLanguage\":\"fi\"},{\"@type\":\"Organization\",\"@id\":\"https:\\\/\\\/yourpack.eu\\\/fi\\\/#organization\",\"name\":\"Infigo\",\"url\":\"https:\\\/\\\/yourpack.eu\\\/fi\\\/\",\"logo\":{\"@type\":\"ImageObject\",\"inLanguage\":\"fi\",\"@id\":\"https:\\\/\\\/yourpack.eu\\\/fi\\\/#\\\/schema\\\/logo\\\/image\\\/\",\"url\":\"https:\\\/\\\/yourpack.eu\\\/wp-content\\\/uploads\\\/2026\\\/02\\\/2026-Infigo_yourpack-scaled.webp\",\"contentUrl\":\"https:\\\/\\\/yourpack.eu\\\/wp-content\\\/uploads\\\/2026\\\/02\\\/2026-Infigo_yourpack-scaled.webp\",\"width\":2560,\"height\":851,\"caption\":\"Infigo\"},\"image\":{\"@id\":\"https:\\\/\\\/yourpack.eu\\\/fi\\\/#\\\/schema\\\/logo\\\/image\\\/\"}}]}<\/script>\n<!-- \/ Yoast SEO plugin. -->","yoast_head_json":{"title":"PaperWave tyypi 8.0, 42 cm x 200 m \/ arkki 42x10 cm, ilmatyynykalvo pakkaust\u00e4yte, sopii keskikokoisten ja suurten onteloiden t\u00e4ytt\u00e4miseen, materiaali Kierr\u00e4tyspaperi FSC-sertifioitu, 100 % biohajoavia - Infigo","robots":{"index":"index","follow":"follow","max-snippet":"max-snippet:-1","max-image-preview":"max-image-preview:large","max-video-preview":"max-video-preview:-1"},"canonical":"https:\/\/yourpack.eu\/fi\/tuote\/paperwave-tyypi-8-0-42-cm-x-200-m-arkki-42x10-cm-ilmatyynykalvo-pakkaustayte-sopii-keskikokoisten-ja-suurten-onteloiden-tayttamiseen-materiaali-kierratyspaperi-fsc-sertifioitu-100-biohajoavia\/","og_locale":"fi_FI","og_type":"article","og_title":"PaperWave tyypi 8.0, 42 cm x 200 m \/ arkki 42x10 cm, ilmatyynykalvo pakkaust\u00e4yte, sopii keskikokoisten ja suurten onteloiden t\u00e4ytt\u00e4miseen, materiaali Kierr\u00e4tyspaperi FSC-sertifioitu, 100 % biohajoavia - Infigo","og_url":"https:\/\/yourpack.eu\/fi\/tuote\/paperwave-tyypi-8-0-42-cm-x-200-m-arkki-42x10-cm-ilmatyynykalvo-pakkaustayte-sopii-keskikokoisten-ja-suurten-onteloiden-tayttamiseen-materiaali-kierratyspaperi-fsc-sertifioitu-100-biohajoavia\/","og_site_name":"Infigo","article_modified_time":"2026-04-16T05:51:19+00:00","og_image":[{"width":2500,"height":2500,"url":"https:\/\/yourpack.eu\/wp-content\/uploads\/2026\/02\/paperwave_8-01.jpg","type":"image\/jpeg"}],"twitter_card":"summary_large_image","schema":{"@context":"https:\/\/schema.org","@graph":[{"@type":"WebPage","@id":"https:\/\/yourpack.eu\/fi\/tuote\/paperwave-tyypi-8-0-42-cm-x-200-m-arkki-42x10-cm-ilmatyynykalvo-pakkaustayte-sopii-keskikokoisten-ja-suurten-onteloiden-tayttamiseen-materiaali-kierratyspaperi-fsc-sertifioitu-100-biohajoavia\/","url":"https:\/\/yourpack.eu\/fi\/tuote\/paperwave-tyypi-8-0-42-cm-x-200-m-arkki-42x10-cm-ilmatyynykalvo-pakkaustayte-sopii-keskikokoisten-ja-suurten-onteloiden-tayttamiseen-materiaali-kierratyspaperi-fsc-sertifioitu-100-biohajoavia\/","name":"PaperWave tyypi 8.0, 42 cm x 200 m \/ arkki 42x10 cm, ilmatyynykalvo pakkaust\u00e4yte, sopii keskikokoisten ja suurten onteloiden t\u00e4ytt\u00e4miseen, materiaali Kierr\u00e4tyspaperi FSC-sertifioitu, 100 % biohajoavia - Infigo","isPartOf":{"@id":"https:\/\/yourpack.eu\/fi\/#website"},"primaryImageOfPage":{"@id":"https:\/\/yourpack.eu\/fi\/tuote\/paperwave-tyypi-8-0-42-cm-x-200-m-arkki-42x10-cm-ilmatyynykalvo-pakkaustayte-sopii-keskikokoisten-ja-suurten-onteloiden-tayttamiseen-materiaali-kierratyspaperi-fsc-sertifioitu-100-biohajoavia\/#primaryimage"},"image":{"@id":"https:\/\/yourpack.eu\/fi\/tuote\/paperwave-tyypi-8-0-42-cm-x-200-m-arkki-42x10-cm-ilmatyynykalvo-pakkaustayte-sopii-keskikokoisten-ja-suurten-onteloiden-tayttamiseen-materiaali-kierratyspaperi-fsc-sertifioitu-100-biohajoavia\/#primaryimage"},"thumbnailUrl":"https:\/\/yourpack.eu\/wp-content\/uploads\/2026\/02\/paperwave_8-01.jpg","datePublished":"2026-02-25T14:44:26+00:00","dateModified":"2026-04-16T05:51:19+00:00","breadcrumb":{"@id":"https:\/\/yourpack.eu\/fi\/tuote\/paperwave-tyypi-8-0-42-cm-x-200-m-arkki-42x10-cm-ilmatyynykalvo-pakkaustayte-sopii-keskikokoisten-ja-suurten-onteloiden-tayttamiseen-materiaali-kierratyspaperi-fsc-sertifioitu-100-biohajoavia\/#breadcrumb"},"inLanguage":"fi","potentialAction":[{"@type":"ReadAction","target":["https:\/\/yourpack.eu\/fi\/tuote\/paperwave-tyypi-8-0-42-cm-x-200-m-arkki-42x10-cm-ilmatyynykalvo-pakkaustayte-sopii-keskikokoisten-ja-suurten-onteloiden-tayttamiseen-materiaali-kierratyspaperi-fsc-sertifioitu-100-biohajoavia\/"]}]},{"@type":"ImageObject","inLanguage":"fi","@id":"https:\/\/yourpack.eu\/fi\/tuote\/paperwave-tyypi-8-0-42-cm-x-200-m-arkki-42x10-cm-ilmatyynykalvo-pakkaustayte-sopii-keskikokoisten-ja-suurten-onteloiden-tayttamiseen-materiaali-kierratyspaperi-fsc-sertifioitu-100-biohajoavia\/#primaryimage","url":"https:\/\/yourpack.eu\/wp-content\/uploads\/2026\/02\/paperwave_8-01.jpg","contentUrl":"https:\/\/yourpack.eu\/wp-content\/uploads\/2026\/02\/paperwave_8-01.jpg","width":2500,"height":2500},{"@type":"BreadcrumbList","@id":"https:\/\/yourpack.eu\/fi\/tuote\/paperwave-tyypi-8-0-42-cm-x-200-m-arkki-42x10-cm-ilmatyynykalvo-pakkaustayte-sopii-keskikokoisten-ja-suurten-onteloiden-tayttamiseen-materiaali-kierratyspaperi-fsc-sertifioitu-100-biohajoavia\/#breadcrumb","itemListElement":[{"@type":"ListItem","position":1,"name":"Home","item":"https:\/\/yourpack.eu\/fi\/"},{"@type":"ListItem","position":2,"name":"Verkkokauppa","item":"https:\/\/yourpack.eu\/fi\/products\/"},{"@type":"ListItem","position":3,"name":"PaperWave tyypi 8.0, 42 cm x 200 m \/ arkki 42&#215;10 cm, ilmatyynykalvo pakkaust\u00e4yte, sopii keskikokoisten ja suurten onteloiden t\u00e4ytt\u00e4miseen, materiaali Kierr\u00e4tyspaperi FSC-sertifioitu, 100 % biohajoavia"}]},{"@type":"WebSite","@id":"https:\/\/yourpack.eu\/fi\/#website","url":"https:\/\/yourpack.eu\/fi\/","name":"Infigo","description":"","publisher":{"@id":"https:\/\/yourpack.eu\/fi\/#organization"},"potentialAction":[{"@type":"SearchAction","target":{"@type":"EntryPoint","urlTemplate":"https:\/\/yourpack.eu\/fi\/?s={search_term_string}"},"query-input":{"@type":"PropertyValueSpecification","valueRequired":true,"valueName":"search_term_string"}}],"inLanguage":"fi"},{"@type":"Organization","@id":"https:\/\/yourpack.eu\/fi\/#organization","name":"Infigo","url":"https:\/\/yourpack.eu\/fi\/","logo":{"@type":"ImageObject","inLanguage":"fi","@id":"https:\/\/yourpack.eu\/fi\/#\/schema\/logo\/image\/","url":"https:\/\/yourpack.eu\/wp-content\/uploads\/2026\/02\/2026-Infigo_yourpack-scaled.webp","contentUrl":"https:\/\/yourpack.eu\/wp-content\/uploads\/2026\/02\/2026-Infigo_yourpack-scaled.webp","width":2560,"height":851,"caption":"Infigo"},"image":{"@id":"https:\/\/yourpack.eu\/fi\/#\/schema\/logo\/image\/"}}]}},"_links":{"self":[{"href":"https:\/\/yourpack.eu\/fi\/wp-json\/wp\/v2\/product\/65464","targetHints":{"allow":["GET"]}}],"collection":[{"href":"https:\/\/yourpack.eu\/fi\/wp-json\/wp\/v2\/product"}],"about":[{"href":"https:\/\/yourpack.eu\/fi\/wp-json\/wp\/v2\/types\/product"}],"replies":[{"embeddable":true,"href":"https:\/\/yourpack.eu\/fi\/wp-json\/wp\/v2\/comments?post=65464"}],"wp:featuredmedia":[{"embeddable":true,"href":"https:\/\/yourpack.eu\/fi\/wp-json\/wp\/v2\/media\/65592"}],"wp:attachment":[{"href":"https:\/\/yourpack.eu\/fi\/wp-json\/wp\/v2\/media?parent=65464"}],"wp:term":[{"taxonomy":"product_brand","embeddable":true,"href":"https:\/\/yourpack.eu\/fi\/wp-json\/wp\/v2\/product_brand?post=65464"},{"taxonomy":"product_cat","embeddable":true,"href":"https:\/\/yourpack.eu\/fi\/wp-json\/wp\/v2\/product_cat?post=65464"},{"taxonomy":"product_tag","embeddable":true,"href":"https:\/\/yourpack.eu\/fi\/wp-json\/wp\/v2\/product_tag?post=65464"}],"curies":[{"name":"wp","href":"https:\/\/api.w.org\/{rel}","templated":true}]}}