{"id":57370,"date":"2023-12-08T07:08:59","date_gmt":"2023-12-08T05:08:59","guid":{"rendered":"https:\/\/yourpack.eu\/terms-of-sale\/"},"modified":"2026-02-07T13:46:55","modified_gmt":"2026-02-07T11:46:55","slug":"terms-of-sale","status":"publish","type":"page","link":"https:\/\/yourpack.eu\/fi\/terms-of-sale\/","title":{"rendered":"Myyntiehdot"},"content":{"rendered":"<div id=\"pl-57370\"  class=\"panel-layout\" ><div id=\"pg-57370-0\"  class=\"panel-grid panel-no-style\" ><div id=\"pgc-57370-0-0\"  class=\"panel-grid-cell\" ><div id=\"panel-57370-0-0-0\" class=\"so-panel widget widget_sow-editor panel-first-child panel-last-child\" data-index=\"0\" ><div\n\t\t\t\n\t\t\tclass=\"so-widget-sow-editor so-widget-sow-editor-base\"\n\t\t\t\n\t\t><h3 class=\"widget-title\">Myyntiehdot<\/h3>\n<div class=\"siteorigin-widget-tinymce textwidget\">\n\t<p data-path-to-node=\"1\"><b data-path-to-node=\"1\" data-index-in-node=\"0\">1. YLEIST\u00c4<\/b><br \/>\n1.1. Yourpack.eu verkkokaupan (j\u00e4ljemp\u00e4n\u00e4 Verkkokauppa) omistaja on Infigo Group Sp. z o.o. (rekisterinumero 0001136650), kotipaikka Z\u0142ota 75A\/7, Varsova 00-819, Puola.<br \/>\n1.2. N\u00e4m\u00e4 k\u00e4ytt\u00f6ehdot s\u00e4\u00e4telev\u00e4t Infigo Group Sp. z o.o.:n (Myyj\u00e4) ja oston tehneen henkil\u00f6n (Ostaja) v\u00e4lisi\u00e4 oikeussuhteita Verkkokaupassa tapahtuvassa kaupank\u00e4ynniss\u00e4.<br \/>\n1.3. N\u00e4iden ehtojen lis\u00e4ksi verkkokaupan kautta tapahtuvaan tuotteiden jakeluun sovelletaan Puolan tasavallan lakeja.<br \/>\n1.4. Myyj\u00e4 voi muuttaa verkkokaupan k\u00e4ytt\u00f6ehtoja sek\u00e4 tuotteiden ja palveluiden hintoja. Muutoksista ilmoitetaan verkkokauppaymp\u00e4rist\u00f6ss\u00e4. Tapahtumaan sovelletaan kaupantekohetkell\u00e4 voimassa olevia ehtoja ja hintoja.<\/p>\n<p data-path-to-node=\"2\"><b data-path-to-node=\"2\" data-index-in-node=\"0\">2. HINTA<\/b><br \/>\n2.1. Tuotetta koskevat tiedot on ilmoitettu Verkkokaupassa suoraan tuotteen yhteydess\u00e4.<br \/>\n2.2. Tuotteiden hinnat on merkitty Verkkokauppaan tuotteiden viereen. Hinta sis\u00e4lt\u00e4\u00e4 tuotteen toimitusmaksun, ellei tuotteen maksun yhteydess\u00e4 toisin mainita. Toimitusmaksu riippuu Ostajan sijainnista ja toimitustavasta. Toimitusmaksu n\u00e4ytet\u00e4\u00e4n Ostajalle tilausta viimeistelt\u00e4ess\u00e4.<\/p>\n<p data-path-to-node=\"3\"><b data-path-to-node=\"3\" data-index-in-node=\"0\">3. TILAUKSEN MUODOSTAMINEN<\/b><br \/>\n3.1. Tuotteiden tilaamiseksi halutut tuotteet on lis\u00e4tt\u00e4v\u00e4 ostoskoriin. Tilauksen viimeistelemiseksi on t\u00e4ytett\u00e4v\u00e4 vaaditut tietokent\u00e4t ja valittava sopiva toimitustapa.<br \/>\n3.2. Ostoskorissa on mahdollista muuttaa tuotteita ja m\u00e4\u00e4ri\u00e4 sek\u00e4 poistaa tuotteita aina tuotteen maksamiseen asti.<br \/>\n3.3. Tilausta viimeistelt\u00e4ess\u00e4 n\u00e4yt\u00f6ll\u00e4 n\u00e4kyy lopullinen hinta, joka voidaan maksaa pankkilinkill\u00e4 tai muulla maksuratkaisulla.<br \/>\n3.4. Sopimus astuu voimaan, kun maksettava summa on saapunut Verkkokaupan tilille.<br \/>\n3.5. Myyj\u00e4 l\u00e4hett\u00e4\u00e4 tilausvahvistuksen Ostajan s\u00e4hk\u00f6postiosoitteeseen. Jos viesti\u00e4 ei l\u00f6ydy postilaatikosta, tarkista yst\u00e4v\u00e4llisesti, ettei viesti ole joutunut roskapostikansioon.<br \/>\n3.6. Myyj\u00e4ll\u00e4 on oikeus vet\u00e4yty\u00e4 sopimuksesta, jos tilattua tuotetta ei voida toimittaa tuotteen loppumisen tai muun syyn vuoksi. Myyj\u00e4 ilmoittaa t\u00e4st\u00e4 Ostajalle mahdollisimman pian ja palauttaa kaikki tilatusta tuotteesta saadut maksut (mukaan lukien toimituskulut) viipym\u00e4tt\u00e4, kuitenkin viimeist\u00e4\u00e4n 14 p\u00e4iv\u00e4n kuluessa ilmoituksen l\u00e4hett\u00e4misest\u00e4.<\/p>\n<p data-path-to-node=\"4\"><b data-path-to-node=\"4\" data-index-in-node=\"0\">4. MAKSAMINEN<\/b><br \/>\n4.1. Ostaja maksaa verkkokaupassa tehdyist\u00e4 ostoksista 100 % ennakkoon.<br \/>\n4.2. Tilaukset voidaan maksaa verkkokaupan maksuratkaisuja k\u00e4ytt\u00e4en.<br \/>\n4.3. Maksaminen tapahtuu verkkokaupan ulkopuolella suojatussa ymp\u00e4rist\u00f6ss\u00e4. Myyj\u00e4ll\u00e4 ei ole p\u00e4\u00e4sy\u00e4 ostajan pankki- tai luottokorttitietoihin.<\/p>\n<p data-path-to-node=\"5\"><b data-path-to-node=\"5\" data-index-in-node=\"0\">5. PERUUTTAMISOIKEUS, PALAUTUS JA TUOTTEIDEN VAIHTO<\/b><br \/>\n5.1. Yksityisell\u00e4 ostajalla on oikeus peruuttaa kauppa 14 kalenterip\u00e4iv\u00e4n kuluessa l\u00e4hett\u00e4m\u00e4ll\u00e4 Myyj\u00e4lle kirjallinen peruuttamisilmoitus, joka l\u00f6ytyy verkkokauppayhdistyksen verkkosivuilta ja joka sis\u00e4lt\u00e4\u00e4 seuraavat tiedot:<\/p>\n<p data-path-to-node=\"6,0,0\">- Etu- ja sukunimi<br \/>\n- Puhelinnumero<br \/>\n- S\u00e4hk\u00f6postiosoite<br \/>\n- Osoite<br \/>\n- Pankkiyhteystiedot<br \/>\n- Tilauksen j\u00e4tt\u00f6p\u00e4iv\u00e4m\u00e4\u00e4r\u00e4<br \/>\n- Tuotteen vastaanottop\u00e4iv\u00e4m\u00e4\u00e4r\u00e4<br \/>\n- Palautettavan tuotteen nimi<br \/>\n- Tuotteen sarjanumero<br \/>\n- Tuotteen ostolaskun numero<\/p>\n<p data-path-to-node=\"6,10,0\">5.2. Yksityisen ostajan on l\u00e4hetett\u00e4v\u00e4 peruuttamispyynt\u00f6 s\u00e4hk\u00f6postitse osoitteeseen <a href=\"mailto:info@infigogroup.com\">info@infigogroup.com<\/a> tai osoitteeseen Z\u0142ota 75A\/7, Varsova viimeist\u00e4\u00e4n 14 kalenterip\u00e4iv\u00e4n kuluessa tuotteen vastaanottamisesta. Myyj\u00e4 vahvistaa peruuttamisilmoituksen vastaanottamisen Ostajalle l\u00e4hetett\u00e4v\u00e4ll\u00e4 viestill\u00e4.<br \/>\n5.3. Palautettavan tuotteen mukana on oltava kaikki ostodokumentit. Tuotteeseen kiinnitettyj\u00e4 etikettej\u00e4 ja tuotteen kunnon suojaamiseksi asennettuja osia (esim. suojakalvot, kosteudenker\u00e4\u00e4j\u00e4t, muovik\u00e4\u00e4reet jne.), jotka eiv\u00e4t est\u00e4 tuotteen kokeilemista ja tarkastamista, ei saa poistaa tuotetta palautettaessa.<\/p>\n<p data-path-to-node=\"7\"><b data-path-to-node=\"7\" data-index-in-node=\"0\">6. REKLAMAATIO-OIKEUS<\/b><br \/>\n6.1. Myyj\u00e4 vastaa siit\u00e4, ett\u00e4 Ostajalle myyty tuote on sopimusehtojen mukainen, sek\u00e4 virheist\u00e4, jotka olivat olemassa jo luovutushetkell\u00e4 ja jotka ilmenev\u00e4t kahden vuoden kuluessa tuotteen luovuttamisesta Ostajalle. Ensimm\u00e4isten kuuden kuukauden aikana ilmenev\u00e4n virheen oletetaan olleen olemassa jo luovutushetkell\u00e4. T\u00e4m\u00e4n oletuksen kumoaminen on Myyj\u00e4n vastuulla. Myyj\u00e4 ei vastaa virheist\u00e4, jotka ovat syntyneet sen j\u00e4lkeen, kun tuote on luovutettu Ostajalle.<br \/>\n6.2. Havaittuaan tuotteen virheellisyyden tai vian, Ostaja sitoutuu ilmoittamaan siit\u00e4 Myyj\u00e4lle v\u00e4litt\u00f6m\u00e4sti, kuitenkin viimeist\u00e4\u00e4n 2 kuukauden kuluessa virheen havaitsemisesta, l\u00e4hett\u00e4m\u00e4ll\u00e4 tiedot s\u00e4hk\u00f6postitse osoitteeseen<a href=\"mailto:info@infigogroup.com\"> info@infigogroup.com<\/a> tai kirjallisesti osoitteeseen Z\u0142ota 75A\/7, Varsova.<br \/>\n6.3. Tuotteen ollessa virheellinen tai viallinen Ostajalla on oikeus vaatia tuotteen korjaamista tai vaihtamista vaatimukset t\u00e4ytt\u00e4v\u00e4\u00e4n ja virheett\u00f6m\u00e4\u00e4n tuotteeseen, tai palauttaa tuote Myyj\u00e4n kustannuksella.<\/p>\n<p data-path-to-node=\"8\"><b data-path-to-node=\"8\" data-index-in-node=\"0\">7. HENKIL\u00d6TIETOJEN K\u00c4SITTELY<\/b><br \/>\n7.1. Henkil\u00f6tietojen rekisterinpit\u00e4j\u00e4 on Infigo Group Sp. z o.o. (rekisterinumero 0001136650), kotipaikka Z\u0142ota 75A\/7, Varsova.<br \/>\n7.2. Henkil\u00f6tietojen k\u00e4sittelyss\u00e4 noudatetaan Puolan ja Euroopan unionin lakeja.<br \/>\n7.3. Rekisterinpit\u00e4j\u00e4 ker\u00e4\u00e4 seuraavat henkil\u00f6tiedot: nimi, puhelinnumero, osoite, s\u00e4hk\u00f6postiosoite, pankkitiedot. Tietoja k\u00e4ytet\u00e4\u00e4n vain tilauksen k\u00e4sittelyyn ja tuotteiden l\u00e4hett\u00e4miseen Ostajalle. Myyj\u00e4 luovuttaa henkil\u00f6tiedot kuljetuspalvelua tarjoavalle yritykselle.<\/p>\n<\/div>\n<\/div><\/div><\/div><\/div><\/div>","protected":false},"excerpt":{"rendered":"<p>1. YLEIST\u00c4 1.1. Yourpack.eu verkkokaupan (j\u00e4ljemp\u00e4n\u00e4 Verkkokauppa) omistaja on Infigo Group Sp. z o.o. (rekisterinumero 0001136650), kotipaikka Z\u0142ota 75A\/7, Varsova 00-819, Puola. 1.2. N\u00e4m\u00e4 k\u00e4ytt\u00f6ehdot s\u00e4\u00e4telev\u00e4t Infigo Group Sp. z o.o.:n (Myyj\u00e4) ja oston tehneen henkil\u00f6n (Ostaja) v\u00e4lisi\u00e4 oikeussuhteita Verkkokaupassa tapahtuvassa kaupank\u00e4ynniss\u00e4. 1.3. N\u00e4iden ehtojen lis\u00e4ksi verkkokaupan kautta tapahtuvaan tuotteiden jakeluun sovelletaan Puolan tasavallan lakeja. [&hellip;]<\/p>\n","protected":false},"author":1,"featured_media":0,"parent":0,"menu_order":0,"comment_status":"closed","ping_status":"closed","template":"","meta":{"_acf_changed":false,"footnotes":""},"class_list":["post-57370","page","type-page","status-publish","hentry"],"acf":[],"yoast_head":"<!-- This site is optimized with the Yoast SEO plugin v27.3 - https:\/\/yoast.com\/product\/yoast-seo-wordpress\/ -->\n<title>Myyntiehdot - Infigo<\/title>\n<meta name=\"description\" content=\"Pakendi disainide loomine on meie kujundajate igap\u00e4evane t\u00f6\u00f6 - meile lihtsalt meeldib seda teha! Loome, kujundame ja toodame Teie ettev\u00f5tte logoga pakendid.\" \/>\n<meta name=\"robots\" content=\"index, follow, max-snippet:-1, max-image-preview:large, max-video-preview:-1\" \/>\n<link rel=\"canonical\" href=\"https:\/\/yourpack.eu\/fi\/terms-of-sale\/\" \/>\n<meta property=\"og:locale\" content=\"fi_FI\" \/>\n<meta property=\"og:type\" content=\"article\" \/>\n<meta property=\"og:title\" content=\"Myyntiehdot - Infigo\" \/>\n<meta property=\"og:description\" content=\"Pakendi disainide loomine on meie kujundajate igap\u00e4evane t\u00f6\u00f6 - meile lihtsalt meeldib seda teha! Loome, kujundame ja toodame Teie ettev\u00f5tte logoga pakendid.\" \/>\n<meta property=\"og:url\" content=\"https:\/\/yourpack.eu\/fi\/terms-of-sale\/\" \/>\n<meta property=\"og:site_name\" content=\"Infigo\" \/>\n<meta property=\"article:modified_time\" content=\"2026-02-07T11:46:55+00:00\" \/>\n<meta name=\"twitter:card\" content=\"summary_large_image\" \/>\n<meta name=\"twitter:label1\" content=\"Arvioitu lukuaika\" \/>\n\t<meta name=\"twitter:data1\" content=\"4 minuuttia\" \/>\n<script type=\"application\/ld+json\" class=\"yoast-schema-graph\">{\"@context\":\"https:\\\/\\\/schema.org\",\"@graph\":[{\"@type\":\"WebPage\",\"@id\":\"https:\\\/\\\/yourpack.eu\\\/fi\\\/terms-of-sale\\\/\",\"url\":\"https:\\\/\\\/yourpack.eu\\\/fi\\\/terms-of-sale\\\/\",\"name\":\"Myyntiehdot - Infigo\",\"isPartOf\":{\"@id\":\"https:\\\/\\\/yourpack.eu\\\/fi\\\/#website\"},\"datePublished\":\"2023-12-08T05:08:59+00:00\",\"dateModified\":\"2026-02-07T11:46:55+00:00\",\"description\":\"Pakendi disainide loomine on meie kujundajate igap\u00e4evane t\u00f6\u00f6 - meile lihtsalt meeldib seda teha! Loome, kujundame ja toodame Teie ettev\u00f5tte logoga pakendid.\",\"breadcrumb\":{\"@id\":\"https:\\\/\\\/yourpack.eu\\\/fi\\\/terms-of-sale\\\/#breadcrumb\"},\"inLanguage\":\"fi\",\"potentialAction\":[{\"@type\":\"ReadAction\",\"target\":[\"https:\\\/\\\/yourpack.eu\\\/fi\\\/terms-of-sale\\\/\"]}]},{\"@type\":\"BreadcrumbList\",\"@id\":\"https:\\\/\\\/yourpack.eu\\\/fi\\\/terms-of-sale\\\/#breadcrumb\",\"itemListElement\":[{\"@type\":\"ListItem\",\"position\":1,\"name\":\"Home\",\"item\":\"https:\\\/\\\/yourpack.eu\\\/fi\\\/\"},{\"@type\":\"ListItem\",\"position\":2,\"name\":\"Myyntiehdot\"}]},{\"@type\":\"WebSite\",\"@id\":\"https:\\\/\\\/yourpack.eu\\\/fi\\\/#website\",\"url\":\"https:\\\/\\\/yourpack.eu\\\/fi\\\/\",\"name\":\"Infigo\",\"description\":\"\",\"publisher\":{\"@id\":\"https:\\\/\\\/yourpack.eu\\\/fi\\\/#organization\"},\"potentialAction\":[{\"@type\":\"SearchAction\",\"target\":{\"@type\":\"EntryPoint\",\"urlTemplate\":\"https:\\\/\\\/yourpack.eu\\\/fi\\\/?s={search_term_string}\"},\"query-input\":{\"@type\":\"PropertyValueSpecification\",\"valueRequired\":true,\"valueName\":\"search_term_string\"}}],\"inLanguage\":\"fi\"},{\"@type\":\"Organization\",\"@id\":\"https:\\\/\\\/yourpack.eu\\\/fi\\\/#organization\",\"name\":\"Infigo\",\"url\":\"https:\\\/\\\/yourpack.eu\\\/fi\\\/\",\"logo\":{\"@type\":\"ImageObject\",\"inLanguage\":\"fi\",\"@id\":\"https:\\\/\\\/yourpack.eu\\\/fi\\\/#\\\/schema\\\/logo\\\/image\\\/\",\"url\":\"https:\\\/\\\/yourpack.eu\\\/wp-content\\\/uploads\\\/2026\\\/02\\\/2026-Infigo_yourpack-scaled.webp\",\"contentUrl\":\"https:\\\/\\\/yourpack.eu\\\/wp-content\\\/uploads\\\/2026\\\/02\\\/2026-Infigo_yourpack-scaled.webp\",\"width\":2560,\"height\":851,\"caption\":\"Infigo\"},\"image\":{\"@id\":\"https:\\\/\\\/yourpack.eu\\\/fi\\\/#\\\/schema\\\/logo\\\/image\\\/\"}}]}<\/script>\n<!-- \/ Yoast SEO plugin. -->","yoast_head_json":{"title":"Myyntiehdot - Infigo","description":"Pakendi disainide loomine on meie kujundajate igap\u00e4evane t\u00f6\u00f6 - meile lihtsalt meeldib seda teha! Loome, kujundame ja toodame Teie ettev\u00f5tte logoga pakendid.","robots":{"index":"index","follow":"follow","max-snippet":"max-snippet:-1","max-image-preview":"max-image-preview:large","max-video-preview":"max-video-preview:-1"},"canonical":"https:\/\/yourpack.eu\/fi\/terms-of-sale\/","og_locale":"fi_FI","og_type":"article","og_title":"Myyntiehdot - Infigo","og_description":"Pakendi disainide loomine on meie kujundajate igap\u00e4evane t\u00f6\u00f6 - meile lihtsalt meeldib seda teha! Loome, kujundame ja toodame Teie ettev\u00f5tte logoga pakendid.","og_url":"https:\/\/yourpack.eu\/fi\/terms-of-sale\/","og_site_name":"Infigo","article_modified_time":"2026-02-07T11:46:55+00:00","twitter_card":"summary_large_image","twitter_misc":{"Arvioitu lukuaika":"4 minuuttia"},"schema":{"@context":"https:\/\/schema.org","@graph":[{"@type":"WebPage","@id":"https:\/\/yourpack.eu\/fi\/terms-of-sale\/","url":"https:\/\/yourpack.eu\/fi\/terms-of-sale\/","name":"Myyntiehdot - Infigo","isPartOf":{"@id":"https:\/\/yourpack.eu\/fi\/#website"},"datePublished":"2023-12-08T05:08:59+00:00","dateModified":"2026-02-07T11:46:55+00:00","description":"Pakendi disainide loomine on meie kujundajate igap\u00e4evane t\u00f6\u00f6 - meile lihtsalt meeldib seda teha! Loome, kujundame ja toodame Teie ettev\u00f5tte logoga pakendid.","breadcrumb":{"@id":"https:\/\/yourpack.eu\/fi\/terms-of-sale\/#breadcrumb"},"inLanguage":"fi","potentialAction":[{"@type":"ReadAction","target":["https:\/\/yourpack.eu\/fi\/terms-of-sale\/"]}]},{"@type":"BreadcrumbList","@id":"https:\/\/yourpack.eu\/fi\/terms-of-sale\/#breadcrumb","itemListElement":[{"@type":"ListItem","position":1,"name":"Home","item":"https:\/\/yourpack.eu\/fi\/"},{"@type":"ListItem","position":2,"name":"Myyntiehdot"}]},{"@type":"WebSite","@id":"https:\/\/yourpack.eu\/fi\/#website","url":"https:\/\/yourpack.eu\/fi\/","name":"Infigo","description":"","publisher":{"@id":"https:\/\/yourpack.eu\/fi\/#organization"},"potentialAction":[{"@type":"SearchAction","target":{"@type":"EntryPoint","urlTemplate":"https:\/\/yourpack.eu\/fi\/?s={search_term_string}"},"query-input":{"@type":"PropertyValueSpecification","valueRequired":true,"valueName":"search_term_string"}}],"inLanguage":"fi"},{"@type":"Organization","@id":"https:\/\/yourpack.eu\/fi\/#organization","name":"Infigo","url":"https:\/\/yourpack.eu\/fi\/","logo":{"@type":"ImageObject","inLanguage":"fi","@id":"https:\/\/yourpack.eu\/fi\/#\/schema\/logo\/image\/","url":"https:\/\/yourpack.eu\/wp-content\/uploads\/2026\/02\/2026-Infigo_yourpack-scaled.webp","contentUrl":"https:\/\/yourpack.eu\/wp-content\/uploads\/2026\/02\/2026-Infigo_yourpack-scaled.webp","width":2560,"height":851,"caption":"Infigo"},"image":{"@id":"https:\/\/yourpack.eu\/fi\/#\/schema\/logo\/image\/"}}]}},"_links":{"self":[{"href":"https:\/\/yourpack.eu\/fi\/wp-json\/wp\/v2\/pages\/57370","targetHints":{"allow":["GET"]}}],"collection":[{"href":"https:\/\/yourpack.eu\/fi\/wp-json\/wp\/v2\/pages"}],"about":[{"href":"https:\/\/yourpack.eu\/fi\/wp-json\/wp\/v2\/types\/page"}],"author":[{"embeddable":true,"href":"https:\/\/yourpack.eu\/fi\/wp-json\/wp\/v2\/users\/1"}],"replies":[{"embeddable":true,"href":"https:\/\/yourpack.eu\/fi\/wp-json\/wp\/v2\/comments?post=57370"}],"version-history":[{"count":3,"href":"https:\/\/yourpack.eu\/fi\/wp-json\/wp\/v2\/pages\/57370\/revisions"}],"predecessor-version":[{"id":57552,"href":"https:\/\/yourpack.eu\/fi\/wp-json\/wp\/v2\/pages\/57370\/revisions\/57552"}],"wp:attachment":[{"href":"https:\/\/yourpack.eu\/fi\/wp-json\/wp\/v2\/media?parent=57370"}],"curies":[{"name":"wp","href":"https:\/\/api.w.org\/{rel}","templated":true}]}}