{"id":57369,"date":"2023-12-08T07:12:34","date_gmt":"2023-12-08T05:12:34","guid":{"rendered":"https:\/\/yourpack.eu\/privacy\/"},"modified":"2026-02-07T13:38:54","modified_gmt":"2026-02-07T11:38:54","slug":"privacy","status":"publish","type":"page","link":"https:\/\/yourpack.eu\/fi\/privacy\/","title":{"rendered":"Yksityisyysk\u00e4yt\u00e4nn\u00f6t"},"content":{"rendered":"<div id=\"pl-57369\"  class=\"panel-layout\" ><div id=\"pg-57369-0\"  class=\"panel-grid panel-no-style\" ><div id=\"pgc-57369-0-0\"  class=\"panel-grid-cell\" ><div id=\"panel-57369-0-0-0\" class=\"so-panel widget widget_sow-editor panel-first-child panel-last-child\" data-index=\"0\" ><div\n\t\t\t\n\t\t\tclass=\"so-widget-sow-editor so-widget-sow-editor-base\"\n\t\t\t\n\t\t><h3 class=\"widget-title\">Yksityisyys<\/h3>\n<div class=\"siteorigin-widget-tinymce textwidget\">\n\t<p data-path-to-node=\"1\"><b data-path-to-node=\"1\" data-index-in-node=\"0\">EV\u00c4STEIDEN K\u00c4YTT\u00d6<\/b> Verkkokauppa k\u00e4ytt\u00e4\u00e4 ev\u00e4steit\u00e4. Ev\u00e4ste on pieni tekstitiedosto, jonka verkkoselain tallentaa automaattisesti asiakkaan k\u00e4ytt\u00e4m\u00e4lle laitteelle. Ev\u00e4steit\u00e4 k\u00e4ytet\u00e4\u00e4n ker\u00e4\u00e4m\u00e4\u00e4n tietoa siit\u00e4, miten asiakas k\u00e4ytt\u00e4\u00e4 verkkokauppaa, jotta asiakkaalle voidaan tarjota parempi k\u00e4ytt\u00f6kokemus.<\/p>\n<p data-path-to-node=\"2\">Verkkokaupassa k\u00e4ytet\u00e4\u00e4n seuraavia ev\u00e4steit\u00e4:<\/p>\n<p><b data-path-to-node=\"3,0,0\" data-index-in-node=\"0\"><span class=\"citation-538\">- istuntoev\u00e4steet<\/span><\/b><span class=\"citation-538 citation-end-538\">, joiden tarkoituksena on mahdollistaa verkkokaupan k\u00e4ytt\u00f6;<br \/>\n<\/span><b data-path-to-node=\"3,1,0\" data-index-in-node=\"0\"><span class=\"citation-537\">- pysyv\u00e4t ev\u00e4steet<\/span><\/b><span class=\"citation-537 citation-end-537\">, joiden tarkoituksena on muistaa asiakkaan valinnat verkkokaupassa;<br \/>\n<\/span><b data-path-to-node=\"3,2,0\" data-index-in-node=\"0\"><span class=\"citation-536\">- ensimm\u00e4isen ja\/tai kolmannen osapuolen ev\u00e4steet<\/span><\/b><span class=\"citation-536 citation-end-536\">, joiden tarkoituksena on n\u00e4ytt\u00e4\u00e4 asiakkaal<\/span>le sopivia mainoksia ja tarjouksia;<br \/>\n<b data-path-to-node=\"3,3,0\" data-index-in-node=\"0\">- kolmannen osapuolen analyysiev\u00e4steet<\/b>, joiden tarkoituksena on markkinointiviestinn\u00e4n optimointi.<\/p>\n<p data-path-to-node=\"4\">Asiakas voi poistaa ja\/tai est\u00e4\u00e4 laitteilleen tallennetut ev\u00e4steet muuttamalla verkkoselaimensa asetuksia. Jos ev\u00e4steit\u00e4 ei k\u00e4ytet\u00e4, verkkokauppa ei v\u00e4ltt\u00e4m\u00e4tt\u00e4 toimi suunnitellusti ja\/tai jotkin toiminnot eiv\u00e4t ehk\u00e4 ole asiakkaan k\u00e4ytett\u00e4viss\u00e4.<\/p>\n<p data-path-to-node=\"5\">Analyysiev\u00e4steiden k\u00e4yt\u00f6n lis\u00e4ksi verkkokauppa k\u00e4ytt\u00e4\u00e4 pikseleit\u00e4 (pixel tags, web-beacons), joiden avulla seurataan myyj\u00e4n verkkosivuston k\u00e4ytt\u00f6\u00e4. T\u00e4ll\u00f6in ei k\u00e4sitell\u00e4 henkil\u00f6kohtaisesti tunnistettavia tietoja.<\/p>\n<hr data-path-to-node=\"6\" \/>\n<p data-path-to-node=\"7\"><b data-path-to-node=\"7\" data-index-in-node=\"0\">HENKIL\u00d6TIETOJEN K\u00c4SITTELY<\/b> Yourpack.eu-verkkokaupan henkil\u00f6tietojen rekisterinpit\u00e4j\u00e4 on <b data-path-to-node=\"7\" data-index-in-node=\"87\">Infigo Group Sp. z o.o.<\/b> (rekisterinumero 0001136650), osoite Z\u0142ota 75A\/7, Varsova 00-819, Puola, s\u00e4hk\u00f6posti info@infigogroup.com.<\/p>\n<p data-path-to-node=\"8\"><b data-path-to-node=\"8\" data-index-in-node=\"0\">MIT\u00c4 HENKIL\u00d6TIETOJA K\u00c4SITELL\u00c4\u00c4N<\/b><\/p>\n<p>- nimi, puhelinnumero ja s\u00e4hk\u00f6postiosoite;<br \/>\n- tuotteiden toimitusosoite;<br \/>\n- pankkitilin numero;<br \/>\n- tuotteiden ja palveluiden hinta sek\u00e4 maksuihin liittyv\u00e4t tiedot (ostohistoria);<br \/>\n- asiakastuen tiedot.<\/p>\n<p data-path-to-node=\"10\"><b data-path-to-node=\"10\" data-index-in-node=\"0\">MIHIN TARKOITUKSEEN HENKIL\u00d6TIETOJA K\u00c4SITELL\u00c4\u00c4N<\/b><br \/>\nHenkil\u00f6tietoja k\u00e4ytet\u00e4\u00e4n asiakkaiden tilausten hallintaan ja tuotteiden toimittamiseen. Ostohistoriatietoja (ostop\u00e4iv\u00e4m\u00e4\u00e4r\u00e4, tuote, m\u00e4\u00e4r\u00e4, asiakastiedot) k\u00e4ytet\u00e4\u00e4n yleiskatsauksen luomiseen ostetuista tuotteista ja palveluista sek\u00e4 asiakkaiden mieltymysten analysointiin. Pankkitilin numeroa k\u00e4ytet\u00e4\u00e4n maksujen palauttamiseen asiakkaalle. Henkil\u00f6tietoja, kuten s\u00e4hk\u00f6postia, puhelinnumeroa ja asiakkaan nime\u00e4, k\u00e4sitell\u00e4\u00e4n tuotteiden ja palveluiden tarjoamiseen liittyvien ongelmien ratkaisemiseksi (asiakastuki). Verkkokaupan k\u00e4ytt\u00e4j\u00e4n IP-osoitetta tai muita verkkotunnisteita k\u00e4sitell\u00e4\u00e4n verkkokaupan tarjoamiseksi tietoyhteiskunnan palveluna sek\u00e4 verkon k\u00e4ytt\u00f6tilastojen ker\u00e4\u00e4miseksi.<\/p>\n<p data-path-to-node=\"11\"><b data-path-to-node=\"11\" data-index-in-node=\"0\">OIKEUSPERUSTE<\/b><br \/>\nHenkil\u00f6tietoja k\u00e4sitell\u00e4\u00e4n asiakkaan kanssa tehdyn sopimuksen t\u00e4ytt\u00e4miseksi. Henkil\u00f6tietoja k\u00e4sitell\u00e4\u00e4n lakis\u00e4\u00e4teisen velvoitteen t\u00e4ytt\u00e4miseksi (esim. kirjanpito ja kuluttajariitojen ratkaiseminen).<\/p>\n<p data-path-to-node=\"12\"><b data-path-to-node=\"12\" data-index-in-node=\"0\">TURVALLISUUS JA P\u00c4\u00c4SY TIETOIHIN<\/b><br \/>\nHenkil\u00f6tiedot tallennetaan zone.ee-palvelimille, <span class=\"citation-535 citation-end-535\">jotka sijaitsevat Euroopan unionin j\u00e4senvaltion tai Euroopan talousalueeseen liittyneiden maiden alueella. Tietoja voidaan siirt\u00e4\u00e4 maihin, joiden tietosuojan tason Euroopan komissio on arvioinut riitt\u00e4v\u00e4ksi, sek\u00e4 yhdysvaltalaisille yrityksille, jotk<\/span>a kuuluvat Privacy Shield -j\u00e4rjestelm\u00e4\u00e4n.<\/p>\n<p data-path-to-node=\"13\">Verkkokaupan ty\u00f6ntekij\u00f6ill\u00e4 on p\u00e4\u00e4sy henkil\u00f6tietoihin teknisten ongelmien ratkaisemiseksi ja asiakastukipalveluiden tarjoamiseksi. Verkkokauppa toteuttaa asianmukaiset fyysiset, organisatoriset ja tietotekniset turvatoimet henkil\u00f6tietojen suojaamiseksi vahingossa tapahtuvalta tai laittomalta tuhoamiselta, h\u00e4vi\u00e4miselt\u00e4, muuttamiselta tai luvattomalta k\u00e4yt\u00f6lt\u00e4 ja paljastamiselta.<\/p>\n<p data-path-to-node=\"14\">Henkil\u00f6tietojen siirto valtuutetuille k\u00e4sittelij\u00f6ille (esim. kuljetuspalvelun tarjoajat ja tietojen is\u00e4nn\u00f6inti) tapahtuu sopimusten perusteella. Valtuutetut k\u00e4sittelij\u00e4t ovat velvollisia varmistamaan asianmukaiset suojatoimet henkil\u00f6tietoja k\u00e4sitelt\u00e4ess\u00e4.<\/p>\n<p data-path-to-node=\"15\"><b data-path-to-node=\"15\" data-index-in-node=\"0\">P\u00c4\u00c4SY TIETOIHIN JA TIETOJEN KORJAAMINEN<\/b><br \/>\nHenkil\u00f6tietoja voi tarkastella ja korjata verkkokaupan k\u00e4ytt\u00e4j\u00e4profiilissa. Jos osto on tehty ilman k\u00e4ytt\u00e4j\u00e4tili\u00e4, tietoja voi tiedustella asiakastuen kautta.<\/p>\n<p data-path-to-node=\"16\"><b data-path-to-node=\"16\" data-index-in-node=\"0\">SUOSTUMUKSEN PERUUTTAMINEN<\/b><br \/>\nJos henkil\u00f6tietojen k\u00e4sittely perustuu asiakkaan suostumukseen, asiakkaalla on oikeus peruuttaa suostumus ilmoittamalla siit\u00e4 asiakastukeen s\u00e4hk\u00f6postitse.<\/p>\n<p data-path-to-node=\"17\"><b data-path-to-node=\"17\" data-index-in-node=\"0\">S\u00c4ILYTT\u00c4MINEN<\/b><br \/>\nVerkkokaupan asiakastilin sulkemisen yhteydess\u00e4 henkil\u00f6tiedot poistetaan, paitsi jos tietojen s\u00e4ilytt\u00e4minen on tarpeen kirjanpitotarkoituksiin tai kuluttajariitojen ratkaisemiseksi. Jos osto tehd\u00e4\u00e4n ilman asiakastili\u00e4, ostohistoriaa s\u00e4ilytet\u00e4\u00e4n kolme vuotta. Maksuihin ja kuluttajariitoihin liittyviss\u00e4 kiistoissa henkil\u00f6tietoja s\u00e4ilytet\u00e4\u00e4n, kunnes vaatimus on t\u00e4ytetty tai vanhentumisaika umpeutuu. Kirjanpitoon tarvittavia henkil\u00f6tietoja s\u00e4ilytet\u00e4\u00e4n seitsem\u00e4n vuotta.<\/p>\n<p data-path-to-node=\"18\"><b data-path-to-node=\"18\" data-index-in-node=\"0\">POISTAMINEN<\/b><br \/>\nHenkil\u00f6tietojen poistamiseksi on otettava yhteytt\u00e4 asiakastukeen s\u00e4hk\u00f6postitse. Poistopyynt\u00f6\u00f6n vastataan viimeist\u00e4\u00e4n kuukauden kuluessa, ja tietojen poistoaika t\u00e4smennet\u00e4\u00e4n.<\/p>\n<p data-path-to-node=\"19\"><b data-path-to-node=\"19\" data-index-in-node=\"0\">SIIRT\u00c4MINEN<\/b><br \/>\nS\u00e4hk\u00f6postitse l\u00e4hetettyyn henkil\u00f6tietojen siirtopyynt\u00f6\u00f6n vastataan viimeist\u00e4\u00e4n kuukauden kuluessa. Asiakastuki vahvistaa henkil\u00f6llisyyden ja ilmoittaa siirrett\u00e4vist\u00e4 tiedoista.<\/p>\n<p data-path-to-node=\"20\"><b data-path-to-node=\"20\" data-index-in-node=\"0\">SUORAMARKKINOINTIVIESTINT\u00c4<\/b><br \/>\nS\u00e4hk\u00f6postiosoitetta ja puhelinnumeroa k\u00e4ytet\u00e4\u00e4n suoramarkkinointiviestien l\u00e4hett\u00e4miseen, jos asiakas on antanut siihen suostumuksensa. Jos asiakas haluaa lopettaa viestien vastaanottamisen, h\u00e4nen on valittava vastaava linkki s\u00e4hk\u00f6postin alaviitteest\u00e4 tai otettava yhteytt\u00e4 asiakastukeen. Jos henkil\u00f6tietoja k\u00e4sitell\u00e4\u00e4n suoramarkkinointitarkoituksiin (profilointi), asiakkaalla on oikeus vastustaa k\u00e4sittely\u00e4 milloin tahansa ilmoittamalla siit\u00e4 asiakastukeen s\u00e4hk\u00f6postitse.<\/p>\n<p data-path-to-node=\"21\"><b data-path-to-node=\"21\" data-index-in-node=\"0\">ERIMIELISYYKSIEN RATKAISEMINEN<\/b><br \/>\nHenkil\u00f6tietojen k\u00e4sittelyyn liittyv\u00e4t erimielisyydet ratkaistaan asiakastuen kautta osoitteessa info@infigogroup.com. Valvontaviranomainen on Puolan tietosuojavaltuutettu.<\/p>\n<\/div>\n<\/div><\/div><\/div><\/div><\/div>","protected":false},"excerpt":{"rendered":"<p>EV\u00c4STEIDEN K\u00c4YTT\u00d6 Verkkokauppa k\u00e4ytt\u00e4\u00e4 ev\u00e4steit\u00e4. Ev\u00e4ste on pieni tekstitiedosto, jonka verkkoselain tallentaa automaattisesti asiakkaan k\u00e4ytt\u00e4m\u00e4lle laitteelle. Ev\u00e4steit\u00e4 k\u00e4ytet\u00e4\u00e4n ker\u00e4\u00e4m\u00e4\u00e4n tietoa siit\u00e4, miten asiakas k\u00e4ytt\u00e4\u00e4 verkkokauppaa, jotta asiakkaalle voidaan tarjota parempi k\u00e4ytt\u00f6kokemus. Verkkokaupassa k\u00e4ytet\u00e4\u00e4n seuraavia ev\u00e4steit\u00e4: &#8211; istuntoev\u00e4steet, joiden tarkoituksena on mahdollistaa verkkokaupan k\u00e4ytt\u00f6; &#8211; pysyv\u00e4t ev\u00e4steet, joiden tarkoituksena on muistaa asiakkaan valinnat verkkokaupassa; &#8211; ensimm\u00e4isen [&hellip;]<\/p>\n","protected":false},"author":1,"featured_media":0,"parent":0,"menu_order":0,"comment_status":"closed","ping_status":"closed","template":"","meta":{"_acf_changed":false,"footnotes":""},"class_list":["post-57369","page","type-page","status-publish","hentry"],"acf":[],"yoast_head":"<!-- This site is optimized with the Yoast SEO plugin v27.3 - https:\/\/yoast.com\/product\/yoast-seo-wordpress\/ -->\n<title>Yksityisyysk\u00e4yt\u00e4nn\u00f6t - Infigo<\/title>\n<meta name=\"description\" content=\"Pakendi disainide loomine on meie kujundajate igap\u00e4evane t\u00f6\u00f6 - meile lihtsalt meeldib seda teha! Loome, kujundame ja toodame Teie ettev\u00f5tte logoga pakendid.\" \/>\n<meta name=\"robots\" content=\"index, follow, max-snippet:-1, max-image-preview:large, max-video-preview:-1\" \/>\n<link rel=\"canonical\" href=\"https:\/\/yourpack.eu\/fi\/privacy\/\" \/>\n<meta property=\"og:locale\" content=\"fi_FI\" \/>\n<meta property=\"og:type\" content=\"article\" \/>\n<meta property=\"og:title\" content=\"Yksityisyysk\u00e4yt\u00e4nn\u00f6t - Infigo\" \/>\n<meta property=\"og:description\" content=\"Pakendi disainide loomine on meie kujundajate igap\u00e4evane t\u00f6\u00f6 - meile lihtsalt meeldib seda teha! Loome, kujundame ja toodame Teie ettev\u00f5tte logoga pakendid.\" \/>\n<meta property=\"og:url\" content=\"https:\/\/yourpack.eu\/fi\/privacy\/\" \/>\n<meta property=\"og:site_name\" content=\"Infigo\" \/>\n<meta property=\"article:modified_time\" content=\"2026-02-07T11:38:54+00:00\" \/>\n<meta name=\"twitter:card\" content=\"summary_large_image\" \/>\n<meta name=\"twitter:label1\" content=\"Arvioitu lukuaika\" \/>\n\t<meta name=\"twitter:data1\" content=\"4 minuuttia\" \/>\n<script type=\"application\/ld+json\" class=\"yoast-schema-graph\">{\"@context\":\"https:\\\/\\\/schema.org\",\"@graph\":[{\"@type\":\"WebPage\",\"@id\":\"https:\\\/\\\/yourpack.eu\\\/fi\\\/privacy\\\/\",\"url\":\"https:\\\/\\\/yourpack.eu\\\/fi\\\/privacy\\\/\",\"name\":\"Yksityisyysk\u00e4yt\u00e4nn\u00f6t - Infigo\",\"isPartOf\":{\"@id\":\"https:\\\/\\\/yourpack.eu\\\/fi\\\/#website\"},\"datePublished\":\"2023-12-08T05:12:34+00:00\",\"dateModified\":\"2026-02-07T11:38:54+00:00\",\"description\":\"Pakendi disainide loomine on meie kujundajate igap\u00e4evane t\u00f6\u00f6 - meile lihtsalt meeldib seda teha! Loome, kujundame ja toodame Teie ettev\u00f5tte logoga pakendid.\",\"breadcrumb\":{\"@id\":\"https:\\\/\\\/yourpack.eu\\\/fi\\\/privacy\\\/#breadcrumb\"},\"inLanguage\":\"fi\",\"potentialAction\":[{\"@type\":\"ReadAction\",\"target\":[\"https:\\\/\\\/yourpack.eu\\\/fi\\\/privacy\\\/\"]}]},{\"@type\":\"BreadcrumbList\",\"@id\":\"https:\\\/\\\/yourpack.eu\\\/fi\\\/privacy\\\/#breadcrumb\",\"itemListElement\":[{\"@type\":\"ListItem\",\"position\":1,\"name\":\"Home\",\"item\":\"https:\\\/\\\/yourpack.eu\\\/fi\\\/\"},{\"@type\":\"ListItem\",\"position\":2,\"name\":\"Yksityisyysk\u00e4yt\u00e4nn\u00f6t\"}]},{\"@type\":\"WebSite\",\"@id\":\"https:\\\/\\\/yourpack.eu\\\/fi\\\/#website\",\"url\":\"https:\\\/\\\/yourpack.eu\\\/fi\\\/\",\"name\":\"Infigo\",\"description\":\"\",\"publisher\":{\"@id\":\"https:\\\/\\\/yourpack.eu\\\/fi\\\/#organization\"},\"potentialAction\":[{\"@type\":\"SearchAction\",\"target\":{\"@type\":\"EntryPoint\",\"urlTemplate\":\"https:\\\/\\\/yourpack.eu\\\/fi\\\/?s={search_term_string}\"},\"query-input\":{\"@type\":\"PropertyValueSpecification\",\"valueRequired\":true,\"valueName\":\"search_term_string\"}}],\"inLanguage\":\"fi\"},{\"@type\":\"Organization\",\"@id\":\"https:\\\/\\\/yourpack.eu\\\/fi\\\/#organization\",\"name\":\"Infigo\",\"url\":\"https:\\\/\\\/yourpack.eu\\\/fi\\\/\",\"logo\":{\"@type\":\"ImageObject\",\"inLanguage\":\"fi\",\"@id\":\"https:\\\/\\\/yourpack.eu\\\/fi\\\/#\\\/schema\\\/logo\\\/image\\\/\",\"url\":\"https:\\\/\\\/yourpack.eu\\\/wp-content\\\/uploads\\\/2026\\\/02\\\/2026-Infigo_yourpack-scaled.webp\",\"contentUrl\":\"https:\\\/\\\/yourpack.eu\\\/wp-content\\\/uploads\\\/2026\\\/02\\\/2026-Infigo_yourpack-scaled.webp\",\"width\":2560,\"height\":851,\"caption\":\"Infigo\"},\"image\":{\"@id\":\"https:\\\/\\\/yourpack.eu\\\/fi\\\/#\\\/schema\\\/logo\\\/image\\\/\"}}]}<\/script>\n<!-- \/ Yoast SEO plugin. -->","yoast_head_json":{"title":"Yksityisyysk\u00e4yt\u00e4nn\u00f6t - Infigo","description":"Pakendi disainide loomine on meie kujundajate igap\u00e4evane t\u00f6\u00f6 - meile lihtsalt meeldib seda teha! Loome, kujundame ja toodame Teie ettev\u00f5tte logoga pakendid.","robots":{"index":"index","follow":"follow","max-snippet":"max-snippet:-1","max-image-preview":"max-image-preview:large","max-video-preview":"max-video-preview:-1"},"canonical":"https:\/\/yourpack.eu\/fi\/privacy\/","og_locale":"fi_FI","og_type":"article","og_title":"Yksityisyysk\u00e4yt\u00e4nn\u00f6t - Infigo","og_description":"Pakendi disainide loomine on meie kujundajate igap\u00e4evane t\u00f6\u00f6 - meile lihtsalt meeldib seda teha! Loome, kujundame ja toodame Teie ettev\u00f5tte logoga pakendid.","og_url":"https:\/\/yourpack.eu\/fi\/privacy\/","og_site_name":"Infigo","article_modified_time":"2026-02-07T11:38:54+00:00","twitter_card":"summary_large_image","twitter_misc":{"Arvioitu lukuaika":"4 minuuttia"},"schema":{"@context":"https:\/\/schema.org","@graph":[{"@type":"WebPage","@id":"https:\/\/yourpack.eu\/fi\/privacy\/","url":"https:\/\/yourpack.eu\/fi\/privacy\/","name":"Yksityisyysk\u00e4yt\u00e4nn\u00f6t - Infigo","isPartOf":{"@id":"https:\/\/yourpack.eu\/fi\/#website"},"datePublished":"2023-12-08T05:12:34+00:00","dateModified":"2026-02-07T11:38:54+00:00","description":"Pakendi disainide loomine on meie kujundajate igap\u00e4evane t\u00f6\u00f6 - meile lihtsalt meeldib seda teha! Loome, kujundame ja toodame Teie ettev\u00f5tte logoga pakendid.","breadcrumb":{"@id":"https:\/\/yourpack.eu\/fi\/privacy\/#breadcrumb"},"inLanguage":"fi","potentialAction":[{"@type":"ReadAction","target":["https:\/\/yourpack.eu\/fi\/privacy\/"]}]},{"@type":"BreadcrumbList","@id":"https:\/\/yourpack.eu\/fi\/privacy\/#breadcrumb","itemListElement":[{"@type":"ListItem","position":1,"name":"Home","item":"https:\/\/yourpack.eu\/fi\/"},{"@type":"ListItem","position":2,"name":"Yksityisyysk\u00e4yt\u00e4nn\u00f6t"}]},{"@type":"WebSite","@id":"https:\/\/yourpack.eu\/fi\/#website","url":"https:\/\/yourpack.eu\/fi\/","name":"Infigo","description":"","publisher":{"@id":"https:\/\/yourpack.eu\/fi\/#organization"},"potentialAction":[{"@type":"SearchAction","target":{"@type":"EntryPoint","urlTemplate":"https:\/\/yourpack.eu\/fi\/?s={search_term_string}"},"query-input":{"@type":"PropertyValueSpecification","valueRequired":true,"valueName":"search_term_string"}}],"inLanguage":"fi"},{"@type":"Organization","@id":"https:\/\/yourpack.eu\/fi\/#organization","name":"Infigo","url":"https:\/\/yourpack.eu\/fi\/","logo":{"@type":"ImageObject","inLanguage":"fi","@id":"https:\/\/yourpack.eu\/fi\/#\/schema\/logo\/image\/","url":"https:\/\/yourpack.eu\/wp-content\/uploads\/2026\/02\/2026-Infigo_yourpack-scaled.webp","contentUrl":"https:\/\/yourpack.eu\/wp-content\/uploads\/2026\/02\/2026-Infigo_yourpack-scaled.webp","width":2560,"height":851,"caption":"Infigo"},"image":{"@id":"https:\/\/yourpack.eu\/fi\/#\/schema\/logo\/image\/"}}]}},"_links":{"self":[{"href":"https:\/\/yourpack.eu\/fi\/wp-json\/wp\/v2\/pages\/57369","targetHints":{"allow":["GET"]}}],"collection":[{"href":"https:\/\/yourpack.eu\/fi\/wp-json\/wp\/v2\/pages"}],"about":[{"href":"https:\/\/yourpack.eu\/fi\/wp-json\/wp\/v2\/types\/page"}],"author":[{"embeddable":true,"href":"https:\/\/yourpack.eu\/fi\/wp-json\/wp\/v2\/users\/1"}],"replies":[{"embeddable":true,"href":"https:\/\/yourpack.eu\/fi\/wp-json\/wp\/v2\/comments?post=57369"}],"version-history":[{"count":6,"href":"https:\/\/yourpack.eu\/fi\/wp-json\/wp\/v2\/pages\/57369\/revisions"}],"predecessor-version":[{"id":57548,"href":"https:\/\/yourpack.eu\/fi\/wp-json\/wp\/v2\/pages\/57369\/revisions\/57548"}],"wp:attachment":[{"href":"https:\/\/yourpack.eu\/fi\/wp-json\/wp\/v2\/media?parent=57369"}],"curies":[{"name":"wp","href":"https:\/\/api.w.org\/{rel}","templated":true}]}}