{"id":57363,"date":"2023-12-08T07:03:21","date_gmt":"2023-12-08T05:03:21","guid":{"rendered":"https:\/\/yourpack.eu\/delivery\/"},"modified":"2026-02-21T16:08:36","modified_gmt":"2026-02-21T14:08:36","slug":"delivery","status":"publish","type":"page","link":"https:\/\/yourpack.eu\/fi\/delivery\/","title":{"rendered":"Toimitus"},"content":{"rendered":"<div id=\"pl-57363\"  class=\"panel-layout\" ><div id=\"pg-57363-0\"  class=\"panel-grid panel-no-style\" ><div id=\"pgc-57363-0-0\"  class=\"panel-grid-cell\" ><div id=\"panel-57363-0-0-0\" class=\"so-panel widget widget_sow-editor panel-first-child panel-last-child\" data-index=\"0\" ><div\n\t\t\t\n\t\t\tclass=\"so-widget-sow-editor so-widget-sow-editor-base\"\n\t\t\t\n\t\t><h3 class=\"widget-title\">Toimitus<\/h3>\n<div class=\"siteorigin-widget-tinymce textwidget\">\n\t<p data-path-to-node=\"1\">Ostaja valitsee verkkokaupasta ostettujen tuotteiden toimitustavan (itse nouto, kuriiri, kuljetusliike jne.) tilausprosessin aikana ja vastaa kuljetuskustannuksista. Infigo Group k\u00e4ytt\u00e4\u00e4 yhteisty\u00f6kumppaneita (kolmansia osapuolia) tuotteiden toimittamiseen ostajalle.<\/p>\n<p data-path-to-node=\"2\">Kaikki verkkokaupan hinnat ovat euroina ja ne on ilmoitettu tuotteiden yhteydess\u00e4. Hintoihin lis\u00e4t\u00e4\u00e4n toimitusmaksu. Tehtyihin tilauksiin sovelletaan toimituskuluja, jotka ilmoitetaan verkkokaupassa tilausvahvistuksen yhteydess\u00e4.<\/p>\n<p data-path-to-node=\"3\">Tuotteet toimitetaan tilauksessa ilmoitettuun toimitusosoitteeseen. Toimitusosoitetta ei ole mahdollista muuttaa j\u00e4lkik\u00e4teen.<\/p>\n<p data-path-to-node=\"4\">Infigo toimittaa tuotteet asiakkaan ilmoittaman osoitteen ovelle asti. Suurempia m\u00e4\u00e4ri\u00e4 ostettaessa pyyd\u00e4mme ilmoittamaan meille ennen tilauksen vahvistamista, mik\u00e4li asiakas tarvitsee takalaitanostimella varustetun auton tuotteiden purkamiseen. Samoin on ilmoitettava, mik\u00e4li tilatut tuotteet on toimitettava ensimm\u00e4ist\u00e4 kerrosta korkeammalle. Ostajan on maksettava n\u00e4ist\u00e4 lis\u00e4palveluista erikseen. L\u00e4het\u00e4 tiedot osoitteeseen: <a href=\"mailto:shop@yourpack.eu\">shop@yourpack.eu<\/a><\/p>\n<p data-path-to-node=\"5\">Tuotteiden arvioitu toimitusaika on 1\u20132 viikkoa.<\/p>\n<p data-path-to-node=\"6\">Mik\u00e4li ostajan tilaamien tuotteiden toimitusaika on pidempi ja ne on tilattava erikseen valmistajalta tai toimittajalta, Infigo ilmoittaa t\u00e4st\u00e4 ostajalle kahden ty\u00f6p\u00e4iv\u00e4n kuluessa s\u00e4hk\u00f6postitse. Samalla ostajalle ilmoitetaan tilattujen tuotteiden uusi toimitusaika. Mik\u00e4li ostaja ei halua ostaa tuotetta pidemm\u00e4n toimitusajan vuoksi, ostajalla on oikeus peruuttaa tilauksensa, ja ostajan maksama summa (mukaan lukien kuljetuskustannukset) palautetaan ostajan tilille.<\/p>\n<p data-path-to-node=\"7\">Ostaja on velvollinen tarkastamaan tilatut tuotteet v\u00e4litt\u00f6m\u00e4sti vastaanottamisen j\u00e4lkeen. Mik\u00e4li ostaja havaitsee tuotteita vastaanottaessaan puutteita niiden sis\u00e4ll\u00f6ss\u00e4 tai m\u00e4\u00e4r\u00e4ss\u00e4, laadullisia virheit\u00e4 tai muita poikkeamia verrattuna verkkokaupan kuvaukseen tai tehtyyn tilaukseen, ostajan on ilmoitettava t\u00e4st\u00e4 v\u00e4litt\u00f6m\u00e4sti s\u00e4hk\u00f6postitse: <a href=\"mailto:shop@yourpack.eu\">shop@yourpack.eu<\/a><\/p>\n<p data-path-to-node=\"8\">Jos postiyrityksen tai kuljetusliikkeen ty\u00f6ntekij\u00e4 toimittaa ostajan tilaamat tuotteet, ostaja hyv\u00e4ksyy tuotteet allekirjoittamalla rahtikirjan. Ennen rahtikirjan allekirjoittamista ostajan on varmistettava, ett\u00e4 tuotteet ovat t\u00e4ysilukuisia, m\u00e4\u00e4r\u00e4lt\u00e4\u00e4n oikeita ja ett\u00e4 ne eiv\u00e4t ole vahingoittuneet. Mik\u00e4li tuotteiden m\u00e4\u00e4r\u00e4ss\u00e4 tai sis\u00e4ll\u00f6ss\u00e4 on eroja verrattuna ostajan tekem\u00e4\u00e4n tilaukseen tai jos tuote on vahingoittunut, t\u00e4st\u00e4 on teht\u00e4v\u00e4 merkint\u00e4 rahtikirjaan ja ilmoitettava asiasta v\u00e4litt\u00f6m\u00e4sti s\u00e4hk\u00f6postitse: <a href=\"mailto:shop@yourpack.eu\">shop@yourpack.eu<\/a><\/p>\n<p data-path-to-node=\"9\">Riski tuotteen tahattomasta tuhoutumisesta tai vahingoittumisesta siirtyy ostajalle, kun tuotteet on toimitettu tilauksessa ilmoitettuun paikkaan.<\/p>\n<\/div>\n<\/div><\/div><\/div><\/div><\/div>","protected":false},"excerpt":{"rendered":"<p>Ostaja valitsee verkkokaupasta ostettujen tuotteiden toimitustavan (itse nouto, kuriiri, kuljetusliike jne.) tilausprosessin aikana ja vastaa kuljetuskustannuksista. Infigo Group k\u00e4ytt\u00e4\u00e4 yhteisty\u00f6kumppaneita (kolmansia osapuolia) tuotteiden toimittamiseen ostajalle. Kaikki verkkokaupan hinnat ovat euroina ja ne on ilmoitettu tuotteiden yhteydess\u00e4. Hintoihin lis\u00e4t\u00e4\u00e4n toimitusmaksu. Tehtyihin tilauksiin sovelletaan toimituskuluja, jotka ilmoitetaan verkkokaupassa tilausvahvistuksen yhteydess\u00e4. Tuotteet toimitetaan tilauksessa ilmoitettuun toimitusosoitteeseen. Toimitusosoitetta ei [&hellip;]<\/p>\n","protected":false},"author":1,"featured_media":0,"parent":0,"menu_order":0,"comment_status":"closed","ping_status":"closed","template":"","meta":{"_acf_changed":false,"footnotes":""},"class_list":["post-57363","page","type-page","status-publish","hentry"],"acf":[],"yoast_head":"<!-- This site is optimized with the Yoast SEO plugin v27.3 - https:\/\/yoast.com\/product\/yoast-seo-wordpress\/ -->\n<title>Toimitus - Infigo<\/title>\n<meta name=\"description\" content=\"Pakendi disainide loomine on meie kujundajate igap\u00e4evane t\u00f6\u00f6 - meile lihtsalt meeldib seda teha! Loome, kujundame ja toodame Teie ettev\u00f5tte logoga pakendid.\" \/>\n<meta name=\"robots\" content=\"index, follow, max-snippet:-1, max-image-preview:large, max-video-preview:-1\" \/>\n<link rel=\"canonical\" href=\"https:\/\/yourpack.eu\/fi\/delivery\/\" \/>\n<meta property=\"og:locale\" content=\"fi_FI\" \/>\n<meta property=\"og:type\" content=\"article\" \/>\n<meta property=\"og:title\" content=\"Toimitus - Infigo\" \/>\n<meta property=\"og:description\" content=\"Pakendi disainide loomine on meie kujundajate igap\u00e4evane t\u00f6\u00f6 - meile lihtsalt meeldib seda teha! Loome, kujundame ja toodame Teie ettev\u00f5tte logoga pakendid.\" \/>\n<meta property=\"og:url\" content=\"https:\/\/yourpack.eu\/fi\/delivery\/\" \/>\n<meta property=\"og:site_name\" content=\"Infigo\" \/>\n<meta property=\"article:modified_time\" content=\"2026-02-21T14:08:36+00:00\" \/>\n<meta name=\"twitter:card\" content=\"summary_large_image\" \/>\n<meta name=\"twitter:label1\" content=\"Arvioitu lukuaika\" \/>\n\t<meta name=\"twitter:data1\" content=\"2 minuuttia\" \/>\n<script type=\"application\/ld+json\" class=\"yoast-schema-graph\">{\"@context\":\"https:\\\/\\\/schema.org\",\"@graph\":[{\"@type\":\"WebPage\",\"@id\":\"https:\\\/\\\/yourpack.eu\\\/fi\\\/delivery\\\/\",\"url\":\"https:\\\/\\\/yourpack.eu\\\/fi\\\/delivery\\\/\",\"name\":\"Toimitus - Infigo\",\"isPartOf\":{\"@id\":\"https:\\\/\\\/yourpack.eu\\\/fi\\\/#website\"},\"datePublished\":\"2023-12-08T05:03:21+00:00\",\"dateModified\":\"2026-02-21T14:08:36+00:00\",\"description\":\"Pakendi disainide loomine on meie kujundajate igap\u00e4evane t\u00f6\u00f6 - meile lihtsalt meeldib seda teha! Loome, kujundame ja toodame Teie ettev\u00f5tte logoga pakendid.\",\"breadcrumb\":{\"@id\":\"https:\\\/\\\/yourpack.eu\\\/fi\\\/delivery\\\/#breadcrumb\"},\"inLanguage\":\"fi\",\"potentialAction\":[{\"@type\":\"ReadAction\",\"target\":[\"https:\\\/\\\/yourpack.eu\\\/fi\\\/delivery\\\/\"]}]},{\"@type\":\"BreadcrumbList\",\"@id\":\"https:\\\/\\\/yourpack.eu\\\/fi\\\/delivery\\\/#breadcrumb\",\"itemListElement\":[{\"@type\":\"ListItem\",\"position\":1,\"name\":\"Home\",\"item\":\"https:\\\/\\\/yourpack.eu\\\/fi\\\/\"},{\"@type\":\"ListItem\",\"position\":2,\"name\":\"Toimitus\"}]},{\"@type\":\"WebSite\",\"@id\":\"https:\\\/\\\/yourpack.eu\\\/fi\\\/#website\",\"url\":\"https:\\\/\\\/yourpack.eu\\\/fi\\\/\",\"name\":\"Infigo\",\"description\":\"\",\"publisher\":{\"@id\":\"https:\\\/\\\/yourpack.eu\\\/fi\\\/#organization\"},\"potentialAction\":[{\"@type\":\"SearchAction\",\"target\":{\"@type\":\"EntryPoint\",\"urlTemplate\":\"https:\\\/\\\/yourpack.eu\\\/fi\\\/?s={search_term_string}\"},\"query-input\":{\"@type\":\"PropertyValueSpecification\",\"valueRequired\":true,\"valueName\":\"search_term_string\"}}],\"inLanguage\":\"fi\"},{\"@type\":\"Organization\",\"@id\":\"https:\\\/\\\/yourpack.eu\\\/fi\\\/#organization\",\"name\":\"Infigo\",\"url\":\"https:\\\/\\\/yourpack.eu\\\/fi\\\/\",\"logo\":{\"@type\":\"ImageObject\",\"inLanguage\":\"fi\",\"@id\":\"https:\\\/\\\/yourpack.eu\\\/fi\\\/#\\\/schema\\\/logo\\\/image\\\/\",\"url\":\"https:\\\/\\\/yourpack.eu\\\/wp-content\\\/uploads\\\/2026\\\/02\\\/2026-Infigo_yourpack-scaled.webp\",\"contentUrl\":\"https:\\\/\\\/yourpack.eu\\\/wp-content\\\/uploads\\\/2026\\\/02\\\/2026-Infigo_yourpack-scaled.webp\",\"width\":2560,\"height\":851,\"caption\":\"Infigo\"},\"image\":{\"@id\":\"https:\\\/\\\/yourpack.eu\\\/fi\\\/#\\\/schema\\\/logo\\\/image\\\/\"}}]}<\/script>\n<!-- \/ Yoast SEO plugin. -->","yoast_head_json":{"title":"Toimitus - Infigo","description":"Pakendi disainide loomine on meie kujundajate igap\u00e4evane t\u00f6\u00f6 - meile lihtsalt meeldib seda teha! Loome, kujundame ja toodame Teie ettev\u00f5tte logoga pakendid.","robots":{"index":"index","follow":"follow","max-snippet":"max-snippet:-1","max-image-preview":"max-image-preview:large","max-video-preview":"max-video-preview:-1"},"canonical":"https:\/\/yourpack.eu\/fi\/delivery\/","og_locale":"fi_FI","og_type":"article","og_title":"Toimitus - Infigo","og_description":"Pakendi disainide loomine on meie kujundajate igap\u00e4evane t\u00f6\u00f6 - meile lihtsalt meeldib seda teha! Loome, kujundame ja toodame Teie ettev\u00f5tte logoga pakendid.","og_url":"https:\/\/yourpack.eu\/fi\/delivery\/","og_site_name":"Infigo","article_modified_time":"2026-02-21T14:08:36+00:00","twitter_card":"summary_large_image","twitter_misc":{"Arvioitu lukuaika":"2 minuuttia"},"schema":{"@context":"https:\/\/schema.org","@graph":[{"@type":"WebPage","@id":"https:\/\/yourpack.eu\/fi\/delivery\/","url":"https:\/\/yourpack.eu\/fi\/delivery\/","name":"Toimitus - Infigo","isPartOf":{"@id":"https:\/\/yourpack.eu\/fi\/#website"},"datePublished":"2023-12-08T05:03:21+00:00","dateModified":"2026-02-21T14:08:36+00:00","description":"Pakendi disainide loomine on meie kujundajate igap\u00e4evane t\u00f6\u00f6 - meile lihtsalt meeldib seda teha! Loome, kujundame ja toodame Teie ettev\u00f5tte logoga pakendid.","breadcrumb":{"@id":"https:\/\/yourpack.eu\/fi\/delivery\/#breadcrumb"},"inLanguage":"fi","potentialAction":[{"@type":"ReadAction","target":["https:\/\/yourpack.eu\/fi\/delivery\/"]}]},{"@type":"BreadcrumbList","@id":"https:\/\/yourpack.eu\/fi\/delivery\/#breadcrumb","itemListElement":[{"@type":"ListItem","position":1,"name":"Home","item":"https:\/\/yourpack.eu\/fi\/"},{"@type":"ListItem","position":2,"name":"Toimitus"}]},{"@type":"WebSite","@id":"https:\/\/yourpack.eu\/fi\/#website","url":"https:\/\/yourpack.eu\/fi\/","name":"Infigo","description":"","publisher":{"@id":"https:\/\/yourpack.eu\/fi\/#organization"},"potentialAction":[{"@type":"SearchAction","target":{"@type":"EntryPoint","urlTemplate":"https:\/\/yourpack.eu\/fi\/?s={search_term_string}"},"query-input":{"@type":"PropertyValueSpecification","valueRequired":true,"valueName":"search_term_string"}}],"inLanguage":"fi"},{"@type":"Organization","@id":"https:\/\/yourpack.eu\/fi\/#organization","name":"Infigo","url":"https:\/\/yourpack.eu\/fi\/","logo":{"@type":"ImageObject","inLanguage":"fi","@id":"https:\/\/yourpack.eu\/fi\/#\/schema\/logo\/image\/","url":"https:\/\/yourpack.eu\/wp-content\/uploads\/2026\/02\/2026-Infigo_yourpack-scaled.webp","contentUrl":"https:\/\/yourpack.eu\/wp-content\/uploads\/2026\/02\/2026-Infigo_yourpack-scaled.webp","width":2560,"height":851,"caption":"Infigo"},"image":{"@id":"https:\/\/yourpack.eu\/fi\/#\/schema\/logo\/image\/"}}]}},"_links":{"self":[{"href":"https:\/\/yourpack.eu\/fi\/wp-json\/wp\/v2\/pages\/57363","targetHints":{"allow":["GET"]}}],"collection":[{"href":"https:\/\/yourpack.eu\/fi\/wp-json\/wp\/v2\/pages"}],"about":[{"href":"https:\/\/yourpack.eu\/fi\/wp-json\/wp\/v2\/types\/page"}],"author":[{"embeddable":true,"href":"https:\/\/yourpack.eu\/fi\/wp-json\/wp\/v2\/users\/1"}],"replies":[{"embeddable":true,"href":"https:\/\/yourpack.eu\/fi\/wp-json\/wp\/v2\/comments?post=57363"}],"version-history":[{"count":6,"href":"https:\/\/yourpack.eu\/fi\/wp-json\/wp\/v2\/pages\/57363\/revisions"}],"predecessor-version":[{"id":64993,"href":"https:\/\/yourpack.eu\/fi\/wp-json\/wp\/v2\/pages\/57363\/revisions\/64993"}],"wp:attachment":[{"href":"https:\/\/yourpack.eu\/fi\/wp-json\/wp\/v2\/media?parent=57363"}],"curies":[{"name":"wp","href":"https:\/\/api.w.org\/{rel}","templated":true}]}}