{"id":57361,"date":"2023-12-07T09:44:18","date_gmt":"2023-12-07T07:44:18","guid":{"rendered":"https:\/\/yourpack.eu\/contacts\/"},"modified":"2026-04-01T13:37:27","modified_gmt":"2026-04-01T10:37:27","slug":"ota-yhteytta","status":"publish","type":"page","link":"https:\/\/yourpack.eu\/fi\/ota-yhteytta\/","title":{"rendered":"Ota yhteytt\u00e4"},"content":{"rendered":"<div id=\"pl-57361\"  class=\"panel-layout\" ><div id=\"pg-57361-0\"  class=\"panel-grid panel-no-style\"  style=\"margin-bottom: 20px\" ><div id=\"pgc-57361-0-0\"  class=\"panel-grid-cell\" ><div id=\"panel-57361-0-0-0\" class=\"so-panel widget widget_sow-editor panel-first-child panel-last-child\" data-index=\"0\" ><div\n\t\t\t\n\t\t\tclass=\"so-widget-sow-editor so-widget-sow-editor-base\"\n\t\t\t\n\t\t>\n<div class=\"siteorigin-widget-tinymce textwidget\">\n\t<p><strong>Puola<\/strong><\/p>\n<p><a href=\"mailto:yourpack@infigogroup.com\">yourpack@infigogroup.com<\/a><br \/>\n<a href=\"mailto:info@nfigogroup.com\">info@infigogroup.com<\/a><br \/>\n+48 5391 04899<\/p>\n<\/div>\n<\/div><\/div><\/div><div id=\"pgc-57361-0-1\"  class=\"panel-grid-cell\" ><div id=\"panel-57361-0-1-0\" class=\"so-panel widget widget_sow-editor panel-first-child panel-last-child\" data-index=\"1\" ><div\n\t\t\t\n\t\t\tclass=\"so-widget-sow-editor so-widget-sow-editor-base\"\n\t\t\t\n\t\t>\n<div class=\"siteorigin-widget-tinymce textwidget\">\n\t<p><strong>Saksa<\/strong><\/p>\n<p><a href=\"mailto:yourpack@infigogroup.com\">yourpack@infigogroup.com<\/a><br \/>\n<a href=\"mailto:info@infigogroup.com\">info@infigogroup.com<\/a><br \/>\n+49 152 0733 8699<br \/>\nWhatsApp<\/p>\n<\/div>\n<\/div><\/div><\/div><div id=\"pgc-57361-0-2\"  class=\"panel-grid-cell\" ><div id=\"panel-57361-0-2-0\" class=\"so-panel widget widget_sow-editor panel-first-child panel-last-child\" data-index=\"2\" ><div\n\t\t\t\n\t\t\tclass=\"so-widget-sow-editor so-widget-sow-editor-base\"\n\t\t\t\n\t\t>\n<div class=\"siteorigin-widget-tinymce textwidget\">\n\t<h3><strong>Ruotsi<\/strong><\/h3>\n<p><a href=\"mailto:yourpack@infigogroup.com\">yourpack@infigogroup.com<\/a><br \/>\n<a href=\"mailto:info@infigogroup.com\">info@infigogroup.com<\/a><br \/>\n+49 152 0733 8699<br \/>\nWhatsApp<\/p>\n<\/div>\n<\/div><\/div><\/div><div id=\"pgc-57361-0-3\"  class=\"panel-grid-cell\" ><div id=\"panel-57361-0-3-0\" class=\"so-panel widget widget_sow-editor panel-first-child panel-last-child\" data-index=\"3\" ><div\n\t\t\t\n\t\t\tclass=\"so-widget-sow-editor so-widget-sow-editor-base\"\n\t\t\t\n\t\t>\n<div class=\"siteorigin-widget-tinymce textwidget\">\n\t<p><strong>Viro \/ Suomi<\/strong><\/p>\n<p><a href=\"mailto:yourpack@infigogroup.com\">yourpack@infigogroup.com<\/a><br \/>\n<a href=\"mailto:office@infigo.ee\">office@infigo.ee<\/a><br \/>\n+372 5694 3669<\/p>\n<\/div>\n<\/div><\/div><\/div><\/div><div id=\"pg-57361-1\"  class=\"panel-grid panel-no-style\"  style=\"margin-bottom: 20px\" ><div id=\"pgc-57361-1-0\"  class=\"panel-grid-cell\" ><div id=\"panel-57361-1-0-0\" class=\"so-panel widget widget_sow-editor panel-first-child\" data-index=\"4\" style=\"margin-bottom: 20px\" ><div class=\"panel-widget-style panel-widget-style-for-57361-1-0-0\" ><div\n\t\t\t\n\t\t\tclass=\"so-widget-sow-editor so-widget-sow-editor-base\"\n\t\t\t\n\t\t>\n<div class=\"siteorigin-widget-tinymce textwidget\">\n\t<p style=\"text-align: center;\">Jos l\u00e4het\u00e4t meille kirjeen, myyntiosastomme ottaa sinuun pian yhteytt\u00e4. Jos tarvitset nopeasti lis\u00e4tietoja, ota yhteytt\u00e4 myyntiosastoomme alla olevilla yhteystiedoilla.<\/p>\n<\/div>\n<\/div><\/div><\/div><div id=\"panel-57361-1-0-1\" class=\"so-panel widget widget_sow-editor\" data-index=\"5\" style=\"margin-bottom: 20px\" ><div style=\"padding: 0px 0px 20px 0px;\" class=\"panel-widget-style panel-widget-style-for-57361-1-0-1\" ><div\n\t\t\t\n\t\t\tclass=\"so-widget-sow-editor so-widget-sow-editor-base\"\n\t\t\t\n\t\t>\n<div class=\"siteorigin-widget-tinymce textwidget\">\n\t\n<div class=\"wpcf7 no-js\" id=\"wpcf7-f65940-o1\" lang=\"fi\" dir=\"ltr\" data-wpcf7-id=\"65940\">\n<div class=\"screen-reader-response\"><p role=\"status\" aria-live=\"polite\" aria-atomic=\"true\"><\/p> <ul><\/ul><\/div>\n<form action=\"\/fi\/wp-json\/wp\/v2\/pages\/57361#wpcf7-f65940-o1\" method=\"post\" class=\"wpcf7-form init\" aria-label=\"Yhteydenottolomake\" novalidate=\"novalidate\" data-status=\"init\">\n<fieldset class=\"hidden-fields-container\"><input type=\"hidden\" name=\"_wpcf7\" value=\"65940\" \/><input type=\"hidden\" name=\"_wpcf7_version\" value=\"6.1.5\" \/><input type=\"hidden\" name=\"_wpcf7_locale\" value=\"fi\" \/><input type=\"hidden\" name=\"_wpcf7_unit_tag\" value=\"wpcf7-f65940-o1\" \/><input type=\"hidden\" name=\"_wpcf7_container_post\" value=\"0\" \/><input type=\"hidden\" name=\"_wpcf7_posted_data_hash\" value=\"\" \/><input type=\"hidden\" name=\"_wpcf7_recaptcha_response\" value=\"\" \/>\n<\/fieldset>\n<div class=\"contact-form__content\">\n    <div class=\"content__row\">\n        <div class=\"row__col col-3\">\n            <span class=\"wpcf7-form-control-wrap\" data-name=\"nimi-ettevote\"><input size=\"40\" maxlength=\"400\" class=\"wpcf7-form-control wpcf7-text wpcf7-validates-as-required\" aria-required=\"true\" aria-invalid=\"false\" placeholder=\"Nimesi \/ yrityksesi*\" value=\"\" type=\"text\" name=\"nimi-ettevote\" \/><\/span>\n        <\/div>\n        <div class=\"row__col col-3\">\n            <span class=\"wpcf7-form-control-wrap\" data-name=\"telefon\"><input size=\"40\" maxlength=\"400\" class=\"wpcf7-form-control wpcf7-tel wpcf7-validates-as-required wpcf7-text wpcf7-validates-as-tel\" aria-required=\"true\" aria-invalid=\"false\" placeholder=\"Puhelinnumero*\" value=\"\" type=\"tel\" name=\"telefon\" \/><\/span>\n        <\/div>\n        <div class=\"row__col col-3\">\n            <span class=\"wpcf7-form-control-wrap\" data-name=\"epost\"><input size=\"40\" maxlength=\"400\" class=\"wpcf7-form-control wpcf7-email wpcf7-validates-as-required wpcf7-text wpcf7-validates-as-email\" aria-required=\"true\" aria-invalid=\"false\" placeholder=\"S\u00e4hk\u00f6postiosoite*\" value=\"\" type=\"email\" name=\"epost\" \/><\/span>\n        <\/div>\n        <div class=\"row__col col-3\">\n            <span class=\"wpcf7-form-control-wrap\" data-name=\"toodete-nimi\"><input size=\"40\" maxlength=\"400\" class=\"wpcf7-form-control wpcf7-text\" aria-invalid=\"false\" placeholder=\"Tuotteen nimi\" value=\"\" type=\"text\" name=\"toodete-nimi\" \/><\/span>\n        <\/div>\n    <\/div>\n    <div class=\"content__row\">\n        <div class=\"row__col\">\n            <span class=\"wpcf7-form-control-wrap\" data-name=\"soovid-ja-kusimused\"><textarea cols=\"40\" rows=\"10\" maxlength=\"2000\" class=\"wpcf7-form-control wpcf7-textarea wpcf7-validates-as-required\" aria-required=\"true\" aria-invalid=\"false\" placeholder=\"Kirjoita pyynt\u00f6si ja kysymyksesi t\u00e4h\u00e4n. Vastaamme 2 p\u00e4iv\u00e4n kuluessa\" name=\"soovid-ja-kusimused\"><\/textarea><\/span>\n        <\/div>\n    <\/div>\n    <div class=\"content__row\">\n        <div class=\"row__col\" style=\"text-align: center;\">\n            <input class=\"wpcf7-form-control wpcf7-submit has-spinner\" type=\"submit\" value=\"L\u00e4heta\" \/>\n        <\/div>\n    <\/div>\n<\/div><div class=\"wpcf7-response-output\" aria-hidden=\"true\"><\/div>\n<\/form>\n<\/div>\n\n<\/div>\n<\/div><\/div><\/div><div id=\"panel-57361-1-0-2\" class=\"widget_text so-panel widget widget_custom_html\" data-index=\"6\" style=\"margin-bottom: 20px\" ><div class=\"textwidget custom-html-widget\"><iframe src=\"https:\/\/www.google.com\/maps\/embed?pb=!1m18!1m12!1m3!1d2898.7946729999817!2d20.993775476913456!3d52.2293995577039!2m3!1f0!2f0!3f0!3m2!1i1024!2i768!4f13.1!3m3!1m2!1s0x471ecc8e1f818061%3A0x4ba9458e823e7a9!2sZ%C5%82ota%2075A%2Flok%207%2C%2000-819%20Warszawa%2C%20Poola!5e1!3m2!1set!2sth!4v1736353749574!5m2!1set!2sth\" width=\"100%\" height=\"450\" style=\"border:0;\" allowfullscreen=\"\" loading=\"lazy\" referrerpolicy=\"no-referrer-when-downgrade\"><\/iframe><\/div><\/div><div id=\"panel-57361-1-0-3\" class=\"so-panel widget widget_sow-headline panel-last-child\" data-index=\"7\" style=\"margin: 50px 0px 30px 0px;\" ><div class=\"panel-widget-style panel-widget-style-for-57361-1-0-3\" ><div\n\t\t\t\n\t\t\tclass=\"so-widget-sow-headline so-widget-sow-headline-default-29ce13e3831c-57361\"\n\t\t\t\n\t\t><div class=\"sow-headline-container \">\n\t\t\t\t\t\t\t<p class=\"sow-headline\">\n\t\t\t\t\t\tInfigo Group : Z\u0142ota 75A\/7 00819 Warsaw<br \/>Leopoldstrasse 244, 80807 M\u00fcnchen\t\t\t\t\t\t<\/p>\n\t\t\t\t\t\t<\/div>\n<\/div><\/div><\/div><\/div><\/div><div id=\"pg-57361-2\"  class=\"panel-grid panel-no-style\" ><div id=\"pgc-57361-2-0\"  class=\"panel-grid-cell\" ><div id=\"panel-57361-2-0-0\" class=\"so-panel widget widget_sow-editor panel-first-child panel-last-child\" data-index=\"8\" ><div\n\t\t\t\n\t\t\tclass=\"so-widget-sow-editor so-widget-sow-editor-base\"\n\t\t\t\n\t\t>\n<div class=\"siteorigin-widget-tinymce textwidget\">\n\t<\/p>\n<\/div>\n<\/div><\/div><\/div><\/div><\/div>","protected":false},"excerpt":{"rendered":"<p>Puola yourpack@infigogroup.com info@infigogroup.com +48 5391 04899 Saksa yourpack@infigogroup.com info@infigogroup.com +49 152 0733 8699 WhatsApp Ruotsi yourpack@infigogroup.com info@infigogroup.com +49 152 0733 8699 WhatsApp Viro \/ Suomi yourpack@infigogroup.com office@infigo.ee +372 5694 3669 Jos l\u00e4het\u00e4t meille kirjeen, myyntiosastomme ottaa sinuun pian yhteytt\u00e4. Jos tarvitset nopeasti lis\u00e4tietoja, ota yhteytt\u00e4 myyntiosastoomme alla olevilla yhteystiedoilla.<\/p>\n","protected":false},"author":1,"featured_media":0,"parent":0,"menu_order":0,"comment_status":"closed","ping_status":"closed","template":"","meta":{"_acf_changed":false,"footnotes":""},"class_list":["post-57361","page","type-page","status-publish","hentry"],"acf":[],"yoast_head":"<!-- This site is optimized with the Yoast SEO plugin v27.3 - https:\/\/yoast.com\/product\/yoast-seo-wordpress\/ -->\n<title>Ota yhteytt\u00e4 - Infigo<\/title>\n<meta name=\"description\" content=\"Pakendi disainide loomine on meie kujundajate igap\u00e4evane t\u00f6\u00f6 - meile lihtsalt meeldib seda teha! Loome, kujundame ja toodame Teie ettev\u00f5tte logoga pakendid.\" \/>\n<meta name=\"robots\" content=\"index, follow, max-snippet:-1, max-image-preview:large, max-video-preview:-1\" \/>\n<link rel=\"canonical\" href=\"https:\/\/yourpack.eu\/fi\/ota-yhteytta\/\" \/>\n<meta property=\"og:locale\" content=\"fi_FI\" \/>\n<meta property=\"og:type\" content=\"article\" \/>\n<meta property=\"og:title\" content=\"Ota yhteytt\u00e4 - Infigo\" \/>\n<meta property=\"og:description\" content=\"Pakendi disainide loomine on meie kujundajate igap\u00e4evane t\u00f6\u00f6 - meile lihtsalt meeldib seda teha! Loome, kujundame ja toodame Teie ettev\u00f5tte logoga pakendid.\" \/>\n<meta property=\"og:url\" content=\"https:\/\/yourpack.eu\/fi\/ota-yhteytta\/\" \/>\n<meta property=\"og:site_name\" content=\"Infigo\" \/>\n<meta property=\"article:modified_time\" content=\"2026-04-01T10:37:27+00:00\" \/>\n<meta name=\"twitter:card\" content=\"summary_large_image\" \/>\n<meta name=\"twitter:label1\" content=\"Arvioitu lukuaika\" \/>\n\t<meta name=\"twitter:data1\" content=\"1 minuutti\" \/>\n<script type=\"application\/ld+json\" class=\"yoast-schema-graph\">{\"@context\":\"https:\\\/\\\/schema.org\",\"@graph\":[{\"@type\":\"WebPage\",\"@id\":\"https:\\\/\\\/yourpack.eu\\\/fi\\\/ota-yhteytta\\\/\",\"url\":\"https:\\\/\\\/yourpack.eu\\\/fi\\\/ota-yhteytta\\\/\",\"name\":\"Ota yhteytt\u00e4 - Infigo\",\"isPartOf\":{\"@id\":\"https:\\\/\\\/yourpack.eu\\\/fi\\\/#website\"},\"datePublished\":\"2023-12-07T07:44:18+00:00\",\"dateModified\":\"2026-04-01T10:37:27+00:00\",\"description\":\"Pakendi disainide loomine on meie kujundajate igap\u00e4evane t\u00f6\u00f6 - meile lihtsalt meeldib seda teha! Loome, kujundame ja toodame Teie ettev\u00f5tte logoga pakendid.\",\"breadcrumb\":{\"@id\":\"https:\\\/\\\/yourpack.eu\\\/fi\\\/ota-yhteytta\\\/#breadcrumb\"},\"inLanguage\":\"fi\",\"potentialAction\":[{\"@type\":\"ReadAction\",\"target\":[\"https:\\\/\\\/yourpack.eu\\\/fi\\\/ota-yhteytta\\\/\"]}]},{\"@type\":\"BreadcrumbList\",\"@id\":\"https:\\\/\\\/yourpack.eu\\\/fi\\\/ota-yhteytta\\\/#breadcrumb\",\"itemListElement\":[{\"@type\":\"ListItem\",\"position\":1,\"name\":\"Home\",\"item\":\"https:\\\/\\\/yourpack.eu\\\/fi\\\/\"},{\"@type\":\"ListItem\",\"position\":2,\"name\":\"Ota yhteytt\u00e4\"}]},{\"@type\":\"WebSite\",\"@id\":\"https:\\\/\\\/yourpack.eu\\\/fi\\\/#website\",\"url\":\"https:\\\/\\\/yourpack.eu\\\/fi\\\/\",\"name\":\"Infigo\",\"description\":\"\",\"publisher\":{\"@id\":\"https:\\\/\\\/yourpack.eu\\\/fi\\\/#organization\"},\"potentialAction\":[{\"@type\":\"SearchAction\",\"target\":{\"@type\":\"EntryPoint\",\"urlTemplate\":\"https:\\\/\\\/yourpack.eu\\\/fi\\\/?s={search_term_string}\"},\"query-input\":{\"@type\":\"PropertyValueSpecification\",\"valueRequired\":true,\"valueName\":\"search_term_string\"}}],\"inLanguage\":\"fi\"},{\"@type\":\"Organization\",\"@id\":\"https:\\\/\\\/yourpack.eu\\\/fi\\\/#organization\",\"name\":\"Infigo\",\"url\":\"https:\\\/\\\/yourpack.eu\\\/fi\\\/\",\"logo\":{\"@type\":\"ImageObject\",\"inLanguage\":\"fi\",\"@id\":\"https:\\\/\\\/yourpack.eu\\\/fi\\\/#\\\/schema\\\/logo\\\/image\\\/\",\"url\":\"https:\\\/\\\/yourpack.eu\\\/wp-content\\\/uploads\\\/2026\\\/02\\\/2026-Infigo_yourpack-scaled.webp\",\"contentUrl\":\"https:\\\/\\\/yourpack.eu\\\/wp-content\\\/uploads\\\/2026\\\/02\\\/2026-Infigo_yourpack-scaled.webp\",\"width\":2560,\"height\":851,\"caption\":\"Infigo\"},\"image\":{\"@id\":\"https:\\\/\\\/yourpack.eu\\\/fi\\\/#\\\/schema\\\/logo\\\/image\\\/\"}}]}<\/script>\n<!-- \/ Yoast SEO plugin. -->","yoast_head_json":{"title":"Ota yhteytt\u00e4 - Infigo","description":"Pakendi disainide loomine on meie kujundajate igap\u00e4evane t\u00f6\u00f6 - meile lihtsalt meeldib seda teha! Loome, kujundame ja toodame Teie ettev\u00f5tte logoga pakendid.","robots":{"index":"index","follow":"follow","max-snippet":"max-snippet:-1","max-image-preview":"max-image-preview:large","max-video-preview":"max-video-preview:-1"},"canonical":"https:\/\/yourpack.eu\/fi\/ota-yhteytta\/","og_locale":"fi_FI","og_type":"article","og_title":"Ota yhteytt\u00e4 - Infigo","og_description":"Pakendi disainide loomine on meie kujundajate igap\u00e4evane t\u00f6\u00f6 - meile lihtsalt meeldib seda teha! Loome, kujundame ja toodame Teie ettev\u00f5tte logoga pakendid.","og_url":"https:\/\/yourpack.eu\/fi\/ota-yhteytta\/","og_site_name":"Infigo","article_modified_time":"2026-04-01T10:37:27+00:00","twitter_card":"summary_large_image","twitter_misc":{"Arvioitu lukuaika":"1 minuutti"},"schema":{"@context":"https:\/\/schema.org","@graph":[{"@type":"WebPage","@id":"https:\/\/yourpack.eu\/fi\/ota-yhteytta\/","url":"https:\/\/yourpack.eu\/fi\/ota-yhteytta\/","name":"Ota yhteytt\u00e4 - Infigo","isPartOf":{"@id":"https:\/\/yourpack.eu\/fi\/#website"},"datePublished":"2023-12-07T07:44:18+00:00","dateModified":"2026-04-01T10:37:27+00:00","description":"Pakendi disainide loomine on meie kujundajate igap\u00e4evane t\u00f6\u00f6 - meile lihtsalt meeldib seda teha! Loome, kujundame ja toodame Teie ettev\u00f5tte logoga pakendid.","breadcrumb":{"@id":"https:\/\/yourpack.eu\/fi\/ota-yhteytta\/#breadcrumb"},"inLanguage":"fi","potentialAction":[{"@type":"ReadAction","target":["https:\/\/yourpack.eu\/fi\/ota-yhteytta\/"]}]},{"@type":"BreadcrumbList","@id":"https:\/\/yourpack.eu\/fi\/ota-yhteytta\/#breadcrumb","itemListElement":[{"@type":"ListItem","position":1,"name":"Home","item":"https:\/\/yourpack.eu\/fi\/"},{"@type":"ListItem","position":2,"name":"Ota yhteytt\u00e4"}]},{"@type":"WebSite","@id":"https:\/\/yourpack.eu\/fi\/#website","url":"https:\/\/yourpack.eu\/fi\/","name":"Infigo","description":"","publisher":{"@id":"https:\/\/yourpack.eu\/fi\/#organization"},"potentialAction":[{"@type":"SearchAction","target":{"@type":"EntryPoint","urlTemplate":"https:\/\/yourpack.eu\/fi\/?s={search_term_string}"},"query-input":{"@type":"PropertyValueSpecification","valueRequired":true,"valueName":"search_term_string"}}],"inLanguage":"fi"},{"@type":"Organization","@id":"https:\/\/yourpack.eu\/fi\/#organization","name":"Infigo","url":"https:\/\/yourpack.eu\/fi\/","logo":{"@type":"ImageObject","inLanguage":"fi","@id":"https:\/\/yourpack.eu\/fi\/#\/schema\/logo\/image\/","url":"https:\/\/yourpack.eu\/wp-content\/uploads\/2026\/02\/2026-Infigo_yourpack-scaled.webp","contentUrl":"https:\/\/yourpack.eu\/wp-content\/uploads\/2026\/02\/2026-Infigo_yourpack-scaled.webp","width":2560,"height":851,"caption":"Infigo"},"image":{"@id":"https:\/\/yourpack.eu\/fi\/#\/schema\/logo\/image\/"}}]}},"_links":{"self":[{"href":"https:\/\/yourpack.eu\/fi\/wp-json\/wp\/v2\/pages\/57361","targetHints":{"allow":["GET"]}}],"collection":[{"href":"https:\/\/yourpack.eu\/fi\/wp-json\/wp\/v2\/pages"}],"about":[{"href":"https:\/\/yourpack.eu\/fi\/wp-json\/wp\/v2\/types\/page"}],"author":[{"embeddable":true,"href":"https:\/\/yourpack.eu\/fi\/wp-json\/wp\/v2\/users\/1"}],"replies":[{"embeddable":true,"href":"https:\/\/yourpack.eu\/fi\/wp-json\/wp\/v2\/comments?post=57361"}],"version-history":[{"count":10,"href":"https:\/\/yourpack.eu\/fi\/wp-json\/wp\/v2\/pages\/57361\/revisions"}],"predecessor-version":[{"id":71537,"href":"https:\/\/yourpack.eu\/fi\/wp-json\/wp\/v2\/pages\/57361\/revisions\/71537"}],"wp:attachment":[{"href":"https:\/\/yourpack.eu\/fi\/wp-json\/wp\/v2\/media?parent=57361"}],"curies":[{"name":"wp","href":"https:\/\/api.w.org\/{rel}","templated":true}]}}