{"id":57346,"date":"2023-12-08T06:54:47","date_gmt":"2023-12-08T04:54:47","guid":{"rendered":"https:\/\/yourpack.eu\/?page_id=57346"},"modified":"2026-02-08T11:13:47","modified_gmt":"2026-02-08T09:13:47","slug":"meista","status":"publish","type":"page","link":"https:\/\/yourpack.eu\/fi\/meista\/","title":{"rendered":"Meista"},"content":{"rendered":"<div id=\"pl-57346\"  class=\"panel-layout\" ><div id=\"pg-57346-0\"  class=\"panel-grid panel-no-style\" ><div id=\"pgc-57346-0-0\"  class=\"panel-grid-cell\" ><div id=\"panel-57346-0-0-0\" class=\"so-panel widget widget_sow-editor panel-first-child\" data-index=\"0\" style=\"margin-bottom: 20px\" ><div\n\t\t\t\n\t\t\tclass=\"so-widget-sow-editor so-widget-sow-editor-base\"\n\t\t\t\n\t\t><h3 class=\"widget-title\">Yourpack.eu<\/h3>\n<div class=\"siteorigin-widget-tinymce textwidget\">\n\t<p data-path-to-node=\"1\"><b data-path-to-node=\"1\" data-index-in-node=\"0\">Yourpack.eu<\/b> on Infigo Group Company virallinen verkkokauppa, joka on erikoistunut kattavaan valikoimaan pakkausmateriaaleja ja ammattik\u00e4ytt\u00f6\u00f6n tarkoitettuja laitteita. Yli 20 vuoden kokemuksella alalta olemme ylpeit\u00e4 asiantuntemuksestamme ja kyvyst\u00e4mme ymm\u00e4rt\u00e4\u00e4 pakkausmaailman jatkuvasti muuttuvia tarpeita.<\/p>\n<p data-path-to-node=\"2\">Laaja tuotevalikoimamme kattaa kaiken v\u00e4ltt\u00e4m\u00e4tt\u00f6mist\u00e4 postituspakkauksista \u2013 mukaan lukien erikokoiset pahvilaatikot, pehmustetut kirjekuoret ja postituspussit \u2013 monipuolisiin kantokasseihin, tavallisista paperikasseista ekologisiin, uudelleenk\u00e4ytett\u00e4viin puuvilla- ja tekstiilivaihtoehtoihin. Tarjoamme my\u00f6s r\u00e4\u00e4t\u00e4l\u00f6ityj\u00e4 ratkaisuja elintarvikesektorille, kuten pakkauksia, kuppeja, k\u00e4\u00e4repapereita ja t\u00e4rkeit\u00e4 tarjoilutarvikkeita. Materiaalien lis\u00e4ksi tarjoamme korkealaatuisia laitteita toimintasi tehostamiseen, kuten paperileikkureita ja -annostelijoita, pussinsaumajia sek\u00e4 ilmatyynykoneita.<\/p>\n<p data-path-to-node=\"3\">Varmistaaksemme parhaan arvon asiakkaillemme, tarjoamme tukkualennuksia suurimmalle osalle tuotteistamme \u2013 mit\u00e4 enemm\u00e4n tilaat, sit\u00e4 enemm\u00e4n s\u00e4\u00e4st\u00e4t.<\/p>\n<p data-path-to-node=\"4\">Yourpack.eu on suunniteltu erityisesti B2B-asiakkaita silm\u00e4ll\u00e4 pit\u00e4en, tarjoten selke\u00e4n yleiskuvan ja vaivattoman tilausprosessin. Toimitamme kaikkialle Eurooppaan, ja tyypillinen toimitusaika on 1\u20132 viikkoa.<\/p>\n<\/div>\n<\/div><\/div><div id=\"panel-57346-0-0-1\" class=\"so-panel widget widget_sow-image panel-last-child\" data-index=\"1\" ><div\n\t\t\t\n\t\t\tclass=\"so-widget-sow-image so-widget-sow-image-default-8b5b6f678277-57346\"\n\t\t\t\n\t\t><\/div><\/div><\/div><div id=\"pgc-57346-0-1\"  class=\"panel-grid-cell\" ><div id=\"panel-57346-0-1-0\" class=\"so-panel widget widget_sow-editor panel-first-child\" data-index=\"2\" style=\"margin-bottom: 20px\" ><div\n\t\t\t\n\t\t\tclass=\"so-widget-sow-editor so-widget-sow-editor-base\"\n\t\t\t\n\t\t><h3 class=\"widget-title\">Our goal<\/h3>\n<div class=\"siteorigin-widget-tinymce textwidget\">\n\t<p>is to provide comprehensive assistance in finding your packaging solutions.<br \/>\nThere are no impossible situations, there are only a number of possible variants, from which we help to choose the best.<\/p>\n<\/div>\n<\/div><\/div><div id=\"panel-57346-0-1-1\" class=\"so-panel widget widget_sow-image panel-last-child\" data-index=\"3\" ><div\n\t\t\t\n\t\t\tclass=\"so-widget-sow-image so-widget-sow-image-default-8b5b6f678277-57346\"\n\t\t\t\n\t\t>\n<div class=\"sow-image-container\">\n\t\t<img \n\tsrc=\"https:\/\/yourpack.eu\/wp-content\/uploads\/2026\/02\/yourpack-eu2-scaled.jpg\" width=\"2560\" height=\"1460\" srcset=\"https:\/\/yourpack.eu\/wp-content\/uploads\/2026\/02\/yourpack-eu2-scaled.jpg 2560w, https:\/\/yourpack.eu\/wp-content\/uploads\/2026\/02\/yourpack-eu2-300x171.jpg 300w, https:\/\/yourpack.eu\/wp-content\/uploads\/2026\/02\/yourpack-eu2-1024x584.jpg 1024w, https:\/\/yourpack.eu\/wp-content\/uploads\/2026\/02\/yourpack-eu2-768x438.jpg 768w, https:\/\/yourpack.eu\/wp-content\/uploads\/2026\/02\/yourpack-eu2-1536x876.jpg 1536w, https:\/\/yourpack.eu\/wp-content\/uploads\/2026\/02\/yourpack-eu2-2048x1168.jpg 2048w, https:\/\/yourpack.eu\/wp-content\/uploads\/2026\/02\/yourpack-eu2-600x342.jpg 600w\" sizes=\"(max-width: 2560px) 100vw, 2560px\" title=\"yourpack-eu(2)\" alt=\"\" \t\tclass=\"so-widget-image\"\/>\n\t<\/div>\n\n<\/div><\/div><\/div><\/div><\/div>","protected":false},"excerpt":{"rendered":"<p>Yourpack.eu on Infigo Group Company virallinen verkkokauppa, joka on erikoistunut kattavaan valikoimaan pakkausmateriaaleja ja ammattik\u00e4ytt\u00f6\u00f6n tarkoitettuja laitteita. Yli 20 vuoden kokemuksella alalta olemme ylpeit\u00e4 asiantuntemuksestamme ja kyvyst\u00e4mme ymm\u00e4rt\u00e4\u00e4 pakkausmaailman jatkuvasti muuttuvia tarpeita. Laaja tuotevalikoimamme kattaa kaiken v\u00e4ltt\u00e4m\u00e4tt\u00f6mist\u00e4 postituspakkauksista \u2013 mukaan lukien erikokoiset pahvilaatikot, pehmustetut kirjekuoret ja postituspussit \u2013 monipuolisiin kantokasseihin, tavallisista paperikasseista ekologisiin, uudelleenk\u00e4ytett\u00e4viin puuvilla- [&hellip;]<\/p>\n","protected":false},"author":3,"featured_media":0,"parent":0,"menu_order":0,"comment_status":"closed","ping_status":"closed","template":"","meta":{"_acf_changed":false,"footnotes":""},"class_list":["post-57346","page","type-page","status-publish","hentry"],"acf":[],"yoast_head":"<!-- This site is optimized with the Yoast SEO plugin v27.3 - https:\/\/yoast.com\/product\/yoast-seo-wordpress\/ -->\n<title>Meista - Infigo<\/title>\n<meta name=\"description\" content=\"Pakendi disainide loomine on meie kujundajate igap\u00e4evane t\u00f6\u00f6 - meile lihtsalt meeldib seda teha! Loome, kujundame ja toodame Teie ettev\u00f5tte logoga pakendid.\" \/>\n<meta name=\"robots\" content=\"index, follow, max-snippet:-1, max-image-preview:large, max-video-preview:-1\" \/>\n<link rel=\"canonical\" href=\"https:\/\/yourpack.eu\/fi\/meista\/\" \/>\n<meta property=\"og:locale\" content=\"fi_FI\" \/>\n<meta property=\"og:type\" content=\"article\" \/>\n<meta property=\"og:title\" content=\"Meista - Infigo\" \/>\n<meta property=\"og:description\" content=\"Pakendi disainide loomine on meie kujundajate igap\u00e4evane t\u00f6\u00f6 - meile lihtsalt meeldib seda teha! Loome, kujundame ja toodame Teie ettev\u00f5tte logoga pakendid.\" \/>\n<meta property=\"og:url\" content=\"https:\/\/yourpack.eu\/fi\/meista\/\" \/>\n<meta property=\"og:site_name\" content=\"Infigo\" \/>\n<meta property=\"article:modified_time\" content=\"2026-02-08T09:13:47+00:00\" \/>\n<meta name=\"twitter:card\" content=\"summary_large_image\" \/>\n<meta name=\"twitter:label1\" content=\"Arvioitu lukuaika\" \/>\n\t<meta name=\"twitter:data1\" content=\"2 minuuttia\" \/>\n<script type=\"application\/ld+json\" class=\"yoast-schema-graph\">{\"@context\":\"https:\\\/\\\/schema.org\",\"@graph\":[{\"@type\":\"WebPage\",\"@id\":\"https:\\\/\\\/yourpack.eu\\\/fi\\\/meista\\\/\",\"url\":\"https:\\\/\\\/yourpack.eu\\\/fi\\\/meista\\\/\",\"name\":\"Meista - Infigo\",\"isPartOf\":{\"@id\":\"https:\\\/\\\/yourpack.eu\\\/fi\\\/#website\"},\"datePublished\":\"2023-12-08T04:54:47+00:00\",\"dateModified\":\"2026-02-08T09:13:47+00:00\",\"description\":\"Pakendi disainide loomine on meie kujundajate igap\u00e4evane t\u00f6\u00f6 - meile lihtsalt meeldib seda teha! Loome, kujundame ja toodame Teie ettev\u00f5tte logoga pakendid.\",\"breadcrumb\":{\"@id\":\"https:\\\/\\\/yourpack.eu\\\/fi\\\/meista\\\/#breadcrumb\"},\"inLanguage\":\"fi\",\"potentialAction\":[{\"@type\":\"ReadAction\",\"target\":[\"https:\\\/\\\/yourpack.eu\\\/fi\\\/meista\\\/\"]}]},{\"@type\":\"BreadcrumbList\",\"@id\":\"https:\\\/\\\/yourpack.eu\\\/fi\\\/meista\\\/#breadcrumb\",\"itemListElement\":[{\"@type\":\"ListItem\",\"position\":1,\"name\":\"Home\",\"item\":\"https:\\\/\\\/yourpack.eu\\\/fi\\\/\"},{\"@type\":\"ListItem\",\"position\":2,\"name\":\"Meista\"}]},{\"@type\":\"WebSite\",\"@id\":\"https:\\\/\\\/yourpack.eu\\\/fi\\\/#website\",\"url\":\"https:\\\/\\\/yourpack.eu\\\/fi\\\/\",\"name\":\"Infigo\",\"description\":\"\",\"publisher\":{\"@id\":\"https:\\\/\\\/yourpack.eu\\\/fi\\\/#organization\"},\"potentialAction\":[{\"@type\":\"SearchAction\",\"target\":{\"@type\":\"EntryPoint\",\"urlTemplate\":\"https:\\\/\\\/yourpack.eu\\\/fi\\\/?s={search_term_string}\"},\"query-input\":{\"@type\":\"PropertyValueSpecification\",\"valueRequired\":true,\"valueName\":\"search_term_string\"}}],\"inLanguage\":\"fi\"},{\"@type\":\"Organization\",\"@id\":\"https:\\\/\\\/yourpack.eu\\\/fi\\\/#organization\",\"name\":\"Infigo\",\"url\":\"https:\\\/\\\/yourpack.eu\\\/fi\\\/\",\"logo\":{\"@type\":\"ImageObject\",\"inLanguage\":\"fi\",\"@id\":\"https:\\\/\\\/yourpack.eu\\\/fi\\\/#\\\/schema\\\/logo\\\/image\\\/\",\"url\":\"https:\\\/\\\/yourpack.eu\\\/wp-content\\\/uploads\\\/2026\\\/02\\\/2026-Infigo_yourpack-scaled.webp\",\"contentUrl\":\"https:\\\/\\\/yourpack.eu\\\/wp-content\\\/uploads\\\/2026\\\/02\\\/2026-Infigo_yourpack-scaled.webp\",\"width\":2560,\"height\":851,\"caption\":\"Infigo\"},\"image\":{\"@id\":\"https:\\\/\\\/yourpack.eu\\\/fi\\\/#\\\/schema\\\/logo\\\/image\\\/\"}}]}<\/script>\n<!-- \/ Yoast SEO plugin. -->","yoast_head_json":{"title":"Meista - Infigo","description":"Pakendi disainide loomine on meie kujundajate igap\u00e4evane t\u00f6\u00f6 - meile lihtsalt meeldib seda teha! Loome, kujundame ja toodame Teie ettev\u00f5tte logoga pakendid.","robots":{"index":"index","follow":"follow","max-snippet":"max-snippet:-1","max-image-preview":"max-image-preview:large","max-video-preview":"max-video-preview:-1"},"canonical":"https:\/\/yourpack.eu\/fi\/meista\/","og_locale":"fi_FI","og_type":"article","og_title":"Meista - Infigo","og_description":"Pakendi disainide loomine on meie kujundajate igap\u00e4evane t\u00f6\u00f6 - meile lihtsalt meeldib seda teha! Loome, kujundame ja toodame Teie ettev\u00f5tte logoga pakendid.","og_url":"https:\/\/yourpack.eu\/fi\/meista\/","og_site_name":"Infigo","article_modified_time":"2026-02-08T09:13:47+00:00","twitter_card":"summary_large_image","twitter_misc":{"Arvioitu lukuaika":"2 minuuttia"},"schema":{"@context":"https:\/\/schema.org","@graph":[{"@type":"WebPage","@id":"https:\/\/yourpack.eu\/fi\/meista\/","url":"https:\/\/yourpack.eu\/fi\/meista\/","name":"Meista - Infigo","isPartOf":{"@id":"https:\/\/yourpack.eu\/fi\/#website"},"datePublished":"2023-12-08T04:54:47+00:00","dateModified":"2026-02-08T09:13:47+00:00","description":"Pakendi disainide loomine on meie kujundajate igap\u00e4evane t\u00f6\u00f6 - meile lihtsalt meeldib seda teha! Loome, kujundame ja toodame Teie ettev\u00f5tte logoga pakendid.","breadcrumb":{"@id":"https:\/\/yourpack.eu\/fi\/meista\/#breadcrumb"},"inLanguage":"fi","potentialAction":[{"@type":"ReadAction","target":["https:\/\/yourpack.eu\/fi\/meista\/"]}]},{"@type":"BreadcrumbList","@id":"https:\/\/yourpack.eu\/fi\/meista\/#breadcrumb","itemListElement":[{"@type":"ListItem","position":1,"name":"Home","item":"https:\/\/yourpack.eu\/fi\/"},{"@type":"ListItem","position":2,"name":"Meista"}]},{"@type":"WebSite","@id":"https:\/\/yourpack.eu\/fi\/#website","url":"https:\/\/yourpack.eu\/fi\/","name":"Infigo","description":"","publisher":{"@id":"https:\/\/yourpack.eu\/fi\/#organization"},"potentialAction":[{"@type":"SearchAction","target":{"@type":"EntryPoint","urlTemplate":"https:\/\/yourpack.eu\/fi\/?s={search_term_string}"},"query-input":{"@type":"PropertyValueSpecification","valueRequired":true,"valueName":"search_term_string"}}],"inLanguage":"fi"},{"@type":"Organization","@id":"https:\/\/yourpack.eu\/fi\/#organization","name":"Infigo","url":"https:\/\/yourpack.eu\/fi\/","logo":{"@type":"ImageObject","inLanguage":"fi","@id":"https:\/\/yourpack.eu\/fi\/#\/schema\/logo\/image\/","url":"https:\/\/yourpack.eu\/wp-content\/uploads\/2026\/02\/2026-Infigo_yourpack-scaled.webp","contentUrl":"https:\/\/yourpack.eu\/wp-content\/uploads\/2026\/02\/2026-Infigo_yourpack-scaled.webp","width":2560,"height":851,"caption":"Infigo"},"image":{"@id":"https:\/\/yourpack.eu\/fi\/#\/schema\/logo\/image\/"}}]}},"_links":{"self":[{"href":"https:\/\/yourpack.eu\/fi\/wp-json\/wp\/v2\/pages\/57346","targetHints":{"allow":["GET"]}}],"collection":[{"href":"https:\/\/yourpack.eu\/fi\/wp-json\/wp\/v2\/pages"}],"about":[{"href":"https:\/\/yourpack.eu\/fi\/wp-json\/wp\/v2\/types\/page"}],"author":[{"embeddable":true,"href":"https:\/\/yourpack.eu\/fi\/wp-json\/wp\/v2\/users\/3"}],"replies":[{"embeddable":true,"href":"https:\/\/yourpack.eu\/fi\/wp-json\/wp\/v2\/comments?post=57346"}],"version-history":[{"count":4,"href":"https:\/\/yourpack.eu\/fi\/wp-json\/wp\/v2\/pages\/57346\/revisions"}],"predecessor-version":[{"id":57718,"href":"https:\/\/yourpack.eu\/fi\/wp-json\/wp\/v2\/pages\/57346\/revisions\/57718"}],"wp:attachment":[{"href":"https:\/\/yourpack.eu\/fi\/wp-json\/wp\/v2\/media?parent=57346"}],"curies":[{"name":"wp","href":"https:\/\/api.w.org\/{rel}","templated":true}]}}