{"id":65313,"date":"2026-02-22T20:54:19","date_gmt":"2026-02-22T18:54:19","guid":{"rendered":"https:\/\/yourpack.eu\/toode\/airwave1-luftkissen-luftpolstermaschine-4-0-einstellbare-geschwindigkeitsmodi-bis-zu-10-m-pro-min-leistungsaufnahme-160-w-grose-316x413x232-cm-breite-x-lange-x-hohe-gewicht-56-kg\/"},"modified":"2026-04-16T08:41:17","modified_gmt":"2026-04-16T05:41:17","slug":"airwave1-luftkissen-luftpolstermaschine-4-0-einstellbare-geschwindigkeitsmodi-bis-zu-10-m-pro-min-leistungsaufnahme-160-w-grose-316x413x232-cm-breite-x-lange-x-hohe-gewicht-56-kg","status":"publish","type":"product","link":"https:\/\/yourpack.eu\/de\/artikel\/airwave1-luftkissen-luftpolstermaschine-4-0-einstellbare-geschwindigkeitsmodi-bis-zu-10-m-pro-min-leistungsaufnahme-160-w-grose-316x413x232-cm-breite-x-lange-x-hohe-gewicht-56-kg\/","title":{"rendered":"AirWave1 Luftkissen &amp; Luftpolstermaschine 4.0, einstellbare Geschwindigkeitsmodi bis zu 10 m pro\/min, Leistungsaufnahme 160 W, Gr\u00f6\u00dfe 31,6&#215;41,3&#215;23,2 cm (Breite x L\u00e4nge x H\u00f6he), Gewicht 5,6 kg"},"content":{"rendered":"<ul>\n<li>Es k\u00f6nnen verschiedene Folien- und Papierpolster\/F\u00fcllstoffe verarbeitet werden.<\/li>\n<li>Ob kleine Polster oder breite Pads, der AirWave1 \u00fcberzeugt in allen Bereichen.<\/li>\n<li>Garantie 12 Monate ab Kaufdatum. Verbrauchsmaterial (Messer, Riemen und \u00e4hnliche Teile) ist von der Garantie ausgeschlossen.<\/li>\n<\/ul>\n<p><iframe loading=\"lazy\" title=\"Floeter Airwave 1\" width=\"640\" height=\"360\" src=\"https:\/\/www.youtube.com\/embed\/qUEJWJOzlrU?feature=oembed\" frameborder=\"0\" allow=\"accelerometer; autoplay; clipboard-write; encrypted-media; gyroscope; picture-in-picture; web-share\" referrerpolicy=\"strict-origin-when-cross-origin\" allowfullscreen><\/iframe><\/p>\n","protected":false},"excerpt":{"rendered":"<p>Es k\u00f6nnen verschiedene Folien- und Papierpolster\/F\u00fcllstoffe verarbeitet werden. Ob kleine Polster oder breite Pads, der AirWave1 \u00fcberzeugt in allen Bereichen. Garantie 12 Monate ab Kaufdatum. Verbrauchsmaterial (Messer, Riemen und \u00e4hnliche Teile) ist von der Garantie ausgeschlossen.<\/p>\n","protected":false},"featured_media":65399,"comment_status":"open","ping_status":"closed","template":"","meta":{"_acf_changed":false},"product_brand":[],"product_cat":[1508],"product_tag":[],"class_list":{"0":"post-65313","1":"product","2":"type-product","3":"status-publish","4":"has-post-thumbnail","6":"product_cat-luftpolstermaschine","8":"first","9":"instock","10":"taxable","11":"shipping-taxable","12":"purchasable","13":"product-type-simple"},"acf":[],"yoast_head":"<!-- This site is optimized with the Yoast SEO plugin v27.3 - https:\/\/yoast.com\/product\/yoast-seo-wordpress\/ -->\n<title>AirWave1 Luftkissen &amp; Luftpolstermaschine 4.0, einstellbare Geschwindigkeitsmodi bis zu 10 m pro\/min, Leistungsaufnahme 160 W, Gr\u00f6\u00dfe 31,6x41,3x23,2 cm (Breite x L\u00e4nge x H\u00f6he), Gewicht 5,6 kg - Infigo shop<\/title>\n<meta name=\"robots\" content=\"index, follow, max-snippet:-1, max-image-preview:large, max-video-preview:-1\" \/>\n<link rel=\"canonical\" href=\"https:\/\/yourpack.eu\/de\/artikel\/airwave1-luftkissen-luftpolstermaschine-4-0-einstellbare-geschwindigkeitsmodi-bis-zu-10-m-pro-min-leistungsaufnahme-160-w-grose-316x413x232-cm-breite-x-lange-x-hohe-gewicht-56-kg\/\" \/>\n<meta property=\"og:locale\" content=\"de_DE\" \/>\n<meta property=\"og:type\" content=\"article\" \/>\n<meta property=\"og:title\" content=\"AirWave1 Luftkissen &amp; Luftpolstermaschine 4.0, einstellbare Geschwindigkeitsmodi bis zu 10 m pro\/min, Leistungsaufnahme 160 W, Gr\u00f6\u00dfe 31,6x41,3x23,2 cm (Breite x L\u00e4nge x H\u00f6he), Gewicht 5,6 kg - Infigo shop\" \/>\n<meta property=\"og:description\" content=\"Es k\u00f6nnen verschiedene Folien- und Papierpolster\/F\u00fcllstoffe verarbeitet werden. Ob kleine Polster oder breite Pads, der AirWave1 \u00fcberzeugt in allen Bereichen. Garantie 12 Monate ab Kaufdatum. Verbrauchsmaterial (Messer, Riemen und \u00e4hnliche Teile) ist von der Garantie ausgeschlossen.\" \/>\n<meta property=\"og:url\" content=\"https:\/\/yourpack.eu\/de\/artikel\/airwave1-luftkissen-luftpolstermaschine-4-0-einstellbare-geschwindigkeitsmodi-bis-zu-10-m-pro-min-leistungsaufnahme-160-w-grose-316x413x232-cm-breite-x-lange-x-hohe-gewicht-56-kg\/\" \/>\n<meta property=\"og:site_name\" content=\"Infigo shop\" \/>\n<meta property=\"article:modified_time\" content=\"2026-04-16T05:41:17+00:00\" \/>\n<meta property=\"og:image\" content=\"https:\/\/yourpack.eu\/wp-content\/uploads\/2026\/02\/airwave11-scaled.jpg\" \/>\n\t<meta property=\"og:image:width\" content=\"2560\" \/>\n\t<meta property=\"og:image:height\" content=\"1707\" \/>\n\t<meta property=\"og:image:type\" content=\"image\/jpeg\" \/>\n<meta name=\"twitter:card\" content=\"summary_large_image\" \/>\n<meta name=\"twitter:label1\" content=\"Gesch\u00e4tzte Lesezeit\" \/>\n\t<meta name=\"twitter:data1\" content=\"1\u00a0Minute\" \/>\n<script type=\"application\/ld+json\" class=\"yoast-schema-graph\">{\"@context\":\"https:\\\/\\\/schema.org\",\"@graph\":[{\"@type\":\"WebPage\",\"@id\":\"https:\\\/\\\/yourpack.eu\\\/de\\\/artikel\\\/airwave1-luftkissen-luftpolstermaschine-4-0-einstellbare-geschwindigkeitsmodi-bis-zu-10-m-pro-min-leistungsaufnahme-160-w-grose-316x413x232-cm-breite-x-lange-x-hohe-gewicht-56-kg\\\/\",\"url\":\"https:\\\/\\\/yourpack.eu\\\/de\\\/artikel\\\/airwave1-luftkissen-luftpolstermaschine-4-0-einstellbare-geschwindigkeitsmodi-bis-zu-10-m-pro-min-leistungsaufnahme-160-w-grose-316x413x232-cm-breite-x-lange-x-hohe-gewicht-56-kg\\\/\",\"name\":\"AirWave1 Luftkissen &amp; Luftpolstermaschine 4.0, einstellbare Geschwindigkeitsmodi bis zu 10 m pro\\\/min, Leistungsaufnahme 160 W, Gr\u00f6\u00dfe 31,6x41,3x23,2 cm (Breite x L\u00e4nge x H\u00f6he), Gewicht 5,6 kg - Infigo shop\",\"isPartOf\":{\"@id\":\"https:\\\/\\\/yourpack.eu\\\/de\\\/#website\"},\"primaryImageOfPage\":{\"@id\":\"https:\\\/\\\/yourpack.eu\\\/de\\\/artikel\\\/airwave1-luftkissen-luftpolstermaschine-4-0-einstellbare-geschwindigkeitsmodi-bis-zu-10-m-pro-min-leistungsaufnahme-160-w-grose-316x413x232-cm-breite-x-lange-x-hohe-gewicht-56-kg\\\/#primaryimage\"},\"image\":{\"@id\":\"https:\\\/\\\/yourpack.eu\\\/de\\\/artikel\\\/airwave1-luftkissen-luftpolstermaschine-4-0-einstellbare-geschwindigkeitsmodi-bis-zu-10-m-pro-min-leistungsaufnahme-160-w-grose-316x413x232-cm-breite-x-lange-x-hohe-gewicht-56-kg\\\/#primaryimage\"},\"thumbnailUrl\":\"https:\\\/\\\/yourpack.eu\\\/wp-content\\\/uploads\\\/2026\\\/02\\\/airwave11-scaled.jpg\",\"datePublished\":\"2026-02-22T18:54:19+00:00\",\"dateModified\":\"2026-04-16T05:41:17+00:00\",\"breadcrumb\":{\"@id\":\"https:\\\/\\\/yourpack.eu\\\/de\\\/artikel\\\/airwave1-luftkissen-luftpolstermaschine-4-0-einstellbare-geschwindigkeitsmodi-bis-zu-10-m-pro-min-leistungsaufnahme-160-w-grose-316x413x232-cm-breite-x-lange-x-hohe-gewicht-56-kg\\\/#breadcrumb\"},\"inLanguage\":\"de\",\"potentialAction\":[{\"@type\":\"ReadAction\",\"target\":[\"https:\\\/\\\/yourpack.eu\\\/de\\\/artikel\\\/airwave1-luftkissen-luftpolstermaschine-4-0-einstellbare-geschwindigkeitsmodi-bis-zu-10-m-pro-min-leistungsaufnahme-160-w-grose-316x413x232-cm-breite-x-lange-x-hohe-gewicht-56-kg\\\/\"]}]},{\"@type\":\"ImageObject\",\"inLanguage\":\"de\",\"@id\":\"https:\\\/\\\/yourpack.eu\\\/de\\\/artikel\\\/airwave1-luftkissen-luftpolstermaschine-4-0-einstellbare-geschwindigkeitsmodi-bis-zu-10-m-pro-min-leistungsaufnahme-160-w-grose-316x413x232-cm-breite-x-lange-x-hohe-gewicht-56-kg\\\/#primaryimage\",\"url\":\"https:\\\/\\\/yourpack.eu\\\/wp-content\\\/uploads\\\/2026\\\/02\\\/airwave11-scaled.jpg\",\"contentUrl\":\"https:\\\/\\\/yourpack.eu\\\/wp-content\\\/uploads\\\/2026\\\/02\\\/airwave11-scaled.jpg\",\"width\":2560,\"height\":1707},{\"@type\":\"BreadcrumbList\",\"@id\":\"https:\\\/\\\/yourpack.eu\\\/de\\\/artikel\\\/airwave1-luftkissen-luftpolstermaschine-4-0-einstellbare-geschwindigkeitsmodi-bis-zu-10-m-pro-min-leistungsaufnahme-160-w-grose-316x413x232-cm-breite-x-lange-x-hohe-gewicht-56-kg\\\/#breadcrumb\",\"itemListElement\":[{\"@type\":\"ListItem\",\"position\":1,\"name\":\"Home\",\"item\":\"https:\\\/\\\/yourpack.eu\\\/de\\\/\"},{\"@type\":\"ListItem\",\"position\":2,\"name\":\"Online-Shop\",\"item\":\"https:\\\/\\\/yourpack.eu\\\/de\\\/products\\\/\"},{\"@type\":\"ListItem\",\"position\":3,\"name\":\"AirWave1 Luftkissen &amp; Luftpolstermaschine 4.0, einstellbare Geschwindigkeitsmodi bis zu 10 m pro\\\/min, Leistungsaufnahme 160 W, Gr\u00f6\u00dfe 31,6&#215;41,3&#215;23,2 cm (Breite x L\u00e4nge x H\u00f6he), Gewicht 5,6 kg\"}]},{\"@type\":\"WebSite\",\"@id\":\"https:\\\/\\\/yourpack.eu\\\/de\\\/#website\",\"url\":\"https:\\\/\\\/yourpack.eu\\\/de\\\/\",\"name\":\"Infigo\",\"description\":\"\",\"publisher\":{\"@id\":\"https:\\\/\\\/yourpack.eu\\\/de\\\/#organization\"},\"potentialAction\":[{\"@type\":\"SearchAction\",\"target\":{\"@type\":\"EntryPoint\",\"urlTemplate\":\"https:\\\/\\\/yourpack.eu\\\/de\\\/?s={search_term_string}\"},\"query-input\":{\"@type\":\"PropertyValueSpecification\",\"valueRequired\":true,\"valueName\":\"search_term_string\"}}],\"inLanguage\":\"de\"},{\"@type\":\"Organization\",\"@id\":\"https:\\\/\\\/yourpack.eu\\\/de\\\/#organization\",\"name\":\"Infigo\",\"url\":\"https:\\\/\\\/yourpack.eu\\\/de\\\/\",\"logo\":{\"@type\":\"ImageObject\",\"inLanguage\":\"de\",\"@id\":\"https:\\\/\\\/yourpack.eu\\\/de\\\/#\\\/schema\\\/logo\\\/image\\\/\",\"url\":\"https:\\\/\\\/yourpack.eu\\\/wp-content\\\/uploads\\\/2026\\\/02\\\/2026-Infigo_yourpack-scaled.webp\",\"contentUrl\":\"https:\\\/\\\/yourpack.eu\\\/wp-content\\\/uploads\\\/2026\\\/02\\\/2026-Infigo_yourpack-scaled.webp\",\"width\":2560,\"height\":851,\"caption\":\"Infigo\"},\"image\":{\"@id\":\"https:\\\/\\\/yourpack.eu\\\/de\\\/#\\\/schema\\\/logo\\\/image\\\/\"}}]}<\/script>\n<!-- \/ Yoast SEO plugin. -->","yoast_head_json":{"title":"AirWave1 Luftkissen &amp; Luftpolstermaschine 4.0, einstellbare Geschwindigkeitsmodi bis zu 10 m pro\/min, Leistungsaufnahme 160 W, Gr\u00f6\u00dfe 31,6x41,3x23,2 cm (Breite x L\u00e4nge x H\u00f6he), Gewicht 5,6 kg - Infigo shop","robots":{"index":"index","follow":"follow","max-snippet":"max-snippet:-1","max-image-preview":"max-image-preview:large","max-video-preview":"max-video-preview:-1"},"canonical":"https:\/\/yourpack.eu\/de\/artikel\/airwave1-luftkissen-luftpolstermaschine-4-0-einstellbare-geschwindigkeitsmodi-bis-zu-10-m-pro-min-leistungsaufnahme-160-w-grose-316x413x232-cm-breite-x-lange-x-hohe-gewicht-56-kg\/","og_locale":"de_DE","og_type":"article","og_title":"AirWave1 Luftkissen &amp; Luftpolstermaschine 4.0, einstellbare Geschwindigkeitsmodi bis zu 10 m pro\/min, Leistungsaufnahme 160 W, Gr\u00f6\u00dfe 31,6x41,3x23,2 cm (Breite x L\u00e4nge x H\u00f6he), Gewicht 5,6 kg - Infigo shop","og_description":"Es k\u00f6nnen verschiedene Folien- und Papierpolster\/F\u00fcllstoffe verarbeitet werden. Ob kleine Polster oder breite Pads, der AirWave1 \u00fcberzeugt in allen Bereichen. Garantie 12 Monate ab Kaufdatum. Verbrauchsmaterial (Messer, Riemen und \u00e4hnliche Teile) ist von der Garantie ausgeschlossen.","og_url":"https:\/\/yourpack.eu\/de\/artikel\/airwave1-luftkissen-luftpolstermaschine-4-0-einstellbare-geschwindigkeitsmodi-bis-zu-10-m-pro-min-leistungsaufnahme-160-w-grose-316x413x232-cm-breite-x-lange-x-hohe-gewicht-56-kg\/","og_site_name":"Infigo shop","article_modified_time":"2026-04-16T05:41:17+00:00","og_image":[{"width":2560,"height":1707,"url":"https:\/\/yourpack.eu\/wp-content\/uploads\/2026\/02\/airwave11-scaled.jpg","type":"image\/jpeg"}],"twitter_card":"summary_large_image","twitter_misc":{"Gesch\u00e4tzte Lesezeit":"1\u00a0Minute"},"schema":{"@context":"https:\/\/schema.org","@graph":[{"@type":"WebPage","@id":"https:\/\/yourpack.eu\/de\/artikel\/airwave1-luftkissen-luftpolstermaschine-4-0-einstellbare-geschwindigkeitsmodi-bis-zu-10-m-pro-min-leistungsaufnahme-160-w-grose-316x413x232-cm-breite-x-lange-x-hohe-gewicht-56-kg\/","url":"https:\/\/yourpack.eu\/de\/artikel\/airwave1-luftkissen-luftpolstermaschine-4-0-einstellbare-geschwindigkeitsmodi-bis-zu-10-m-pro-min-leistungsaufnahme-160-w-grose-316x413x232-cm-breite-x-lange-x-hohe-gewicht-56-kg\/","name":"AirWave1 Luftkissen &amp; Luftpolstermaschine 4.0, einstellbare Geschwindigkeitsmodi bis zu 10 m pro\/min, Leistungsaufnahme 160 W, Gr\u00f6\u00dfe 31,6x41,3x23,2 cm (Breite x L\u00e4nge x H\u00f6he), Gewicht 5,6 kg - Infigo shop","isPartOf":{"@id":"https:\/\/yourpack.eu\/de\/#website"},"primaryImageOfPage":{"@id":"https:\/\/yourpack.eu\/de\/artikel\/airwave1-luftkissen-luftpolstermaschine-4-0-einstellbare-geschwindigkeitsmodi-bis-zu-10-m-pro-min-leistungsaufnahme-160-w-grose-316x413x232-cm-breite-x-lange-x-hohe-gewicht-56-kg\/#primaryimage"},"image":{"@id":"https:\/\/yourpack.eu\/de\/artikel\/airwave1-luftkissen-luftpolstermaschine-4-0-einstellbare-geschwindigkeitsmodi-bis-zu-10-m-pro-min-leistungsaufnahme-160-w-grose-316x413x232-cm-breite-x-lange-x-hohe-gewicht-56-kg\/#primaryimage"},"thumbnailUrl":"https:\/\/yourpack.eu\/wp-content\/uploads\/2026\/02\/airwave11-scaled.jpg","datePublished":"2026-02-22T18:54:19+00:00","dateModified":"2026-04-16T05:41:17+00:00","breadcrumb":{"@id":"https:\/\/yourpack.eu\/de\/artikel\/airwave1-luftkissen-luftpolstermaschine-4-0-einstellbare-geschwindigkeitsmodi-bis-zu-10-m-pro-min-leistungsaufnahme-160-w-grose-316x413x232-cm-breite-x-lange-x-hohe-gewicht-56-kg\/#breadcrumb"},"inLanguage":"de","potentialAction":[{"@type":"ReadAction","target":["https:\/\/yourpack.eu\/de\/artikel\/airwave1-luftkissen-luftpolstermaschine-4-0-einstellbare-geschwindigkeitsmodi-bis-zu-10-m-pro-min-leistungsaufnahme-160-w-grose-316x413x232-cm-breite-x-lange-x-hohe-gewicht-56-kg\/"]}]},{"@type":"ImageObject","inLanguage":"de","@id":"https:\/\/yourpack.eu\/de\/artikel\/airwave1-luftkissen-luftpolstermaschine-4-0-einstellbare-geschwindigkeitsmodi-bis-zu-10-m-pro-min-leistungsaufnahme-160-w-grose-316x413x232-cm-breite-x-lange-x-hohe-gewicht-56-kg\/#primaryimage","url":"https:\/\/yourpack.eu\/wp-content\/uploads\/2026\/02\/airwave11-scaled.jpg","contentUrl":"https:\/\/yourpack.eu\/wp-content\/uploads\/2026\/02\/airwave11-scaled.jpg","width":2560,"height":1707},{"@type":"BreadcrumbList","@id":"https:\/\/yourpack.eu\/de\/artikel\/airwave1-luftkissen-luftpolstermaschine-4-0-einstellbare-geschwindigkeitsmodi-bis-zu-10-m-pro-min-leistungsaufnahme-160-w-grose-316x413x232-cm-breite-x-lange-x-hohe-gewicht-56-kg\/#breadcrumb","itemListElement":[{"@type":"ListItem","position":1,"name":"Home","item":"https:\/\/yourpack.eu\/de\/"},{"@type":"ListItem","position":2,"name":"Online-Shop","item":"https:\/\/yourpack.eu\/de\/products\/"},{"@type":"ListItem","position":3,"name":"AirWave1 Luftkissen &amp; Luftpolstermaschine 4.0, einstellbare Geschwindigkeitsmodi bis zu 10 m pro\/min, Leistungsaufnahme 160 W, Gr\u00f6\u00dfe 31,6&#215;41,3&#215;23,2 cm (Breite x L\u00e4nge x H\u00f6he), Gewicht 5,6 kg"}]},{"@type":"WebSite","@id":"https:\/\/yourpack.eu\/de\/#website","url":"https:\/\/yourpack.eu\/de\/","name":"Infigo","description":"","publisher":{"@id":"https:\/\/yourpack.eu\/de\/#organization"},"potentialAction":[{"@type":"SearchAction","target":{"@type":"EntryPoint","urlTemplate":"https:\/\/yourpack.eu\/de\/?s={search_term_string}"},"query-input":{"@type":"PropertyValueSpecification","valueRequired":true,"valueName":"search_term_string"}}],"inLanguage":"de"},{"@type":"Organization","@id":"https:\/\/yourpack.eu\/de\/#organization","name":"Infigo","url":"https:\/\/yourpack.eu\/de\/","logo":{"@type":"ImageObject","inLanguage":"de","@id":"https:\/\/yourpack.eu\/de\/#\/schema\/logo\/image\/","url":"https:\/\/yourpack.eu\/wp-content\/uploads\/2026\/02\/2026-Infigo_yourpack-scaled.webp","contentUrl":"https:\/\/yourpack.eu\/wp-content\/uploads\/2026\/02\/2026-Infigo_yourpack-scaled.webp","width":2560,"height":851,"caption":"Infigo"},"image":{"@id":"https:\/\/yourpack.eu\/de\/#\/schema\/logo\/image\/"}}]}},"_links":{"self":[{"href":"https:\/\/yourpack.eu\/de\/wp-json\/wp\/v2\/product\/65313","targetHints":{"allow":["GET"]}}],"collection":[{"href":"https:\/\/yourpack.eu\/de\/wp-json\/wp\/v2\/product"}],"about":[{"href":"https:\/\/yourpack.eu\/de\/wp-json\/wp\/v2\/types\/product"}],"replies":[{"embeddable":true,"href":"https:\/\/yourpack.eu\/de\/wp-json\/wp\/v2\/comments?post=65313"}],"wp:featuredmedia":[{"embeddable":true,"href":"https:\/\/yourpack.eu\/de\/wp-json\/wp\/v2\/media\/65399"}],"wp:attachment":[{"href":"https:\/\/yourpack.eu\/de\/wp-json\/wp\/v2\/media?parent=65313"}],"wp:term":[{"taxonomy":"product_brand","embeddable":true,"href":"https:\/\/yourpack.eu\/de\/wp-json\/wp\/v2\/product_brand?post=65313"},{"taxonomy":"product_cat","embeddable":true,"href":"https:\/\/yourpack.eu\/de\/wp-json\/wp\/v2\/product_cat?post=65313"},{"taxonomy":"product_tag","embeddable":true,"href":"https:\/\/yourpack.eu\/de\/wp-json\/wp\/v2\/product_tag?post=65313"}],"curies":[{"name":"wp","href":"https:\/\/api.w.org\/{rel}","templated":true}]}}