{"id":61039,"date":"2026-02-12T13:43:58","date_gmt":"2026-02-12T11:43:58","guid":{"rendered":"https:\/\/yourpack.eu\/toode\/smartphone-verpackung-205x105x2-cm-breite-x-lange-x-hohe-ausenmas-100-eco-3-ply-e-wellpappe-ca-15-mm-braun-braun-1-klebeband-zu-verschliesen-abreisband-zum-offnen-kraft-papier-luftpolster\/"},"modified":"2026-04-16T08:41:14","modified_gmt":"2026-04-16T05:41:14","slug":"smartphone-verpackung-205x105x2-cm-breite-x-lange-x-hohe-ausenmas-100-eco-3-ply-e-wellpappe-ca-15-mm-braun-braun-1-klebeband-zu-verschliesen-abreisband-zum-offnen-kraft-papier-luftpolster","status":"publish","type":"product","link":"https:\/\/yourpack.eu\/de\/artikel\/smartphone-verpackung-205x105x2-cm-breite-x-lange-x-hohe-ausenmas-100-eco-3-ply-e-wellpappe-ca-15-mm-braun-braun-1-klebeband-zu-verschliesen-abreisband-zum-offnen-kraft-papier-luftpolster\/","title":{"rendered":"Smartphone Verpackung 20,5&#215;10,5&#215;2 cm (Breite x L\u00e4nge x H\u00f6he\/ Au\u00dfenma\u00df) 100% ECO, 3-ply E-Wellpappe ca. 1,5 mm braun\/braun, 1 Klebeband zu verschlie\u00dfen, Abrei\u00dfband zum \u00f6ffnen, Kraft-papier Luftpolster"},"content":{"rendered":"","protected":false},"excerpt":{"rendered":"","protected":false},"featured_media":61100,"comment_status":"open","ping_status":"closed","template":"","meta":{"_acf_changed":false},"product_brand":[],"product_cat":[1372],"product_tag":[],"class_list":{"0":"post-61039","1":"product","2":"type-product","3":"status-publish","4":"has-post-thumbnail","6":"product_cat-smartphone-laptop-verpackung","8":"first","9":"instock","10":"taxable","11":"shipping-taxable","12":"purchasable","13":"product-type-simple"},"acf":[],"yoast_head":"<!-- This site is optimized with the Yoast SEO plugin v27.3 - https:\/\/yoast.com\/product\/yoast-seo-wordpress\/ -->\n<title>Smartphone Verpackung 20,5x10,5x2 cm (Breite x L\u00e4nge x H\u00f6he\/ Au\u00dfenma\u00df) 100% ECO, 3-ply E-Wellpappe ca. 1,5 mm braun\/braun, 1 Klebeband zu verschlie\u00dfen, Abrei\u00dfband zum \u00f6ffnen, Kraft-papier Luftpolster - Infigo shop<\/title>\n<meta name=\"robots\" content=\"index, follow, max-snippet:-1, max-image-preview:large, max-video-preview:-1\" \/>\n<link rel=\"canonical\" href=\"https:\/\/yourpack.eu\/de\/artikel\/smartphone-verpackung-205x105x2-cm-breite-x-lange-x-hohe-ausenmas-100-eco-3-ply-e-wellpappe-ca-15-mm-braun-braun-1-klebeband-zu-verschliesen-abreisband-zum-offnen-kraft-papier-luftpolster\/\" \/>\n<meta property=\"og:locale\" content=\"de_DE\" \/>\n<meta property=\"og:type\" content=\"article\" \/>\n<meta property=\"og:title\" content=\"Smartphone Verpackung 20,5x10,5x2 cm (Breite x L\u00e4nge x H\u00f6he\/ Au\u00dfenma\u00df) 100% ECO, 3-ply E-Wellpappe ca. 1,5 mm braun\/braun, 1 Klebeband zu verschlie\u00dfen, Abrei\u00dfband zum \u00f6ffnen, Kraft-papier Luftpolster - Infigo shop\" \/>\n<meta property=\"og:url\" content=\"https:\/\/yourpack.eu\/de\/artikel\/smartphone-verpackung-205x105x2-cm-breite-x-lange-x-hohe-ausenmas-100-eco-3-ply-e-wellpappe-ca-15-mm-braun-braun-1-klebeband-zu-verschliesen-abreisband-zum-offnen-kraft-papier-luftpolster\/\" \/>\n<meta property=\"og:site_name\" content=\"Infigo shop\" \/>\n<meta property=\"article:modified_time\" content=\"2026-04-16T05:41:14+00:00\" \/>\n<meta name=\"twitter:card\" content=\"summary_large_image\" \/>\n<script type=\"application\/ld+json\" class=\"yoast-schema-graph\">{\"@context\":\"https:\\\/\\\/schema.org\",\"@graph\":[{\"@type\":\"WebPage\",\"@id\":\"https:\\\/\\\/yourpack.eu\\\/de\\\/artikel\\\/smartphone-verpackung-205x105x2-cm-breite-x-lange-x-hohe-ausenmas-100-eco-3-ply-e-wellpappe-ca-15-mm-braun-braun-1-klebeband-zu-verschliesen-abreisband-zum-offnen-kraft-papier-luftpolster\\\/\",\"url\":\"https:\\\/\\\/yourpack.eu\\\/de\\\/artikel\\\/smartphone-verpackung-205x105x2-cm-breite-x-lange-x-hohe-ausenmas-100-eco-3-ply-e-wellpappe-ca-15-mm-braun-braun-1-klebeband-zu-verschliesen-abreisband-zum-offnen-kraft-papier-luftpolster\\\/\",\"name\":\"Smartphone Verpackung 20,5x10,5x2 cm (Breite x L\u00e4nge x H\u00f6he\\\/ Au\u00dfenma\u00df) 100% ECO, 3-ply E-Wellpappe ca. 1,5 mm braun\\\/braun, 1 Klebeband zu verschlie\u00dfen, Abrei\u00dfband zum \u00f6ffnen, Kraft-papier Luftpolster - Infigo shop\",\"isPartOf\":{\"@id\":\"https:\\\/\\\/yourpack.eu\\\/de\\\/#website\"},\"primaryImageOfPage\":{\"@id\":\"https:\\\/\\\/yourpack.eu\\\/de\\\/artikel\\\/smartphone-verpackung-205x105x2-cm-breite-x-lange-x-hohe-ausenmas-100-eco-3-ply-e-wellpappe-ca-15-mm-braun-braun-1-klebeband-zu-verschliesen-abreisband-zum-offnen-kraft-papier-luftpolster\\\/#primaryimage\"},\"image\":{\"@id\":\"https:\\\/\\\/yourpack.eu\\\/de\\\/artikel\\\/smartphone-verpackung-205x105x2-cm-breite-x-lange-x-hohe-ausenmas-100-eco-3-ply-e-wellpappe-ca-15-mm-braun-braun-1-klebeband-zu-verschliesen-abreisband-zum-offnen-kraft-papier-luftpolster\\\/#primaryimage\"},\"thumbnailUrl\":\"https:\\\/\\\/yourpack.eu\\\/wp-content\\\/uploads\\\/2026\\\/02\\\/Phone-box_49541.jpg\",\"datePublished\":\"2026-02-12T11:43:58+00:00\",\"dateModified\":\"2026-04-16T05:41:14+00:00\",\"breadcrumb\":{\"@id\":\"https:\\\/\\\/yourpack.eu\\\/de\\\/artikel\\\/smartphone-verpackung-205x105x2-cm-breite-x-lange-x-hohe-ausenmas-100-eco-3-ply-e-wellpappe-ca-15-mm-braun-braun-1-klebeband-zu-verschliesen-abreisband-zum-offnen-kraft-papier-luftpolster\\\/#breadcrumb\"},\"inLanguage\":\"de\",\"potentialAction\":[{\"@type\":\"ReadAction\",\"target\":[\"https:\\\/\\\/yourpack.eu\\\/de\\\/artikel\\\/smartphone-verpackung-205x105x2-cm-breite-x-lange-x-hohe-ausenmas-100-eco-3-ply-e-wellpappe-ca-15-mm-braun-braun-1-klebeband-zu-verschliesen-abreisband-zum-offnen-kraft-papier-luftpolster\\\/\"]}]},{\"@type\":\"ImageObject\",\"inLanguage\":\"de\",\"@id\":\"https:\\\/\\\/yourpack.eu\\\/de\\\/artikel\\\/smartphone-verpackung-205x105x2-cm-breite-x-lange-x-hohe-ausenmas-100-eco-3-ply-e-wellpappe-ca-15-mm-braun-braun-1-klebeband-zu-verschliesen-abreisband-zum-offnen-kraft-papier-luftpolster\\\/#primaryimage\",\"url\":\"https:\\\/\\\/yourpack.eu\\\/wp-content\\\/uploads\\\/2026\\\/02\\\/Phone-box_49541.jpg\",\"contentUrl\":\"https:\\\/\\\/yourpack.eu\\\/wp-content\\\/uploads\\\/2026\\\/02\\\/Phone-box_49541.jpg\",\"width\":2500,\"height\":2500},{\"@type\":\"BreadcrumbList\",\"@id\":\"https:\\\/\\\/yourpack.eu\\\/de\\\/artikel\\\/smartphone-verpackung-205x105x2-cm-breite-x-lange-x-hohe-ausenmas-100-eco-3-ply-e-wellpappe-ca-15-mm-braun-braun-1-klebeband-zu-verschliesen-abreisband-zum-offnen-kraft-papier-luftpolster\\\/#breadcrumb\",\"itemListElement\":[{\"@type\":\"ListItem\",\"position\":1,\"name\":\"Home\",\"item\":\"https:\\\/\\\/yourpack.eu\\\/de\\\/\"},{\"@type\":\"ListItem\",\"position\":2,\"name\":\"Online-Shop\",\"item\":\"https:\\\/\\\/yourpack.eu\\\/de\\\/products\\\/\"},{\"@type\":\"ListItem\",\"position\":3,\"name\":\"Smartphone Verpackung 20,5&#215;10,5&#215;2 cm (Breite x L\u00e4nge x H\u00f6he\\\/ Au\u00dfenma\u00df) 100% ECO, 3-ply E-Wellpappe ca. 1,5 mm braun\\\/braun, 1 Klebeband zu verschlie\u00dfen, Abrei\u00dfband zum \u00f6ffnen, Kraft-papier Luftpolster\"}]},{\"@type\":\"WebSite\",\"@id\":\"https:\\\/\\\/yourpack.eu\\\/de\\\/#website\",\"url\":\"https:\\\/\\\/yourpack.eu\\\/de\\\/\",\"name\":\"Infigo\",\"description\":\"\",\"publisher\":{\"@id\":\"https:\\\/\\\/yourpack.eu\\\/de\\\/#organization\"},\"potentialAction\":[{\"@type\":\"SearchAction\",\"target\":{\"@type\":\"EntryPoint\",\"urlTemplate\":\"https:\\\/\\\/yourpack.eu\\\/de\\\/?s={search_term_string}\"},\"query-input\":{\"@type\":\"PropertyValueSpecification\",\"valueRequired\":true,\"valueName\":\"search_term_string\"}}],\"inLanguage\":\"de\"},{\"@type\":\"Organization\",\"@id\":\"https:\\\/\\\/yourpack.eu\\\/de\\\/#organization\",\"name\":\"Infigo\",\"url\":\"https:\\\/\\\/yourpack.eu\\\/de\\\/\",\"logo\":{\"@type\":\"ImageObject\",\"inLanguage\":\"de\",\"@id\":\"https:\\\/\\\/yourpack.eu\\\/de\\\/#\\\/schema\\\/logo\\\/image\\\/\",\"url\":\"https:\\\/\\\/yourpack.eu\\\/wp-content\\\/uploads\\\/2026\\\/02\\\/2026-Infigo_yourpack-scaled.webp\",\"contentUrl\":\"https:\\\/\\\/yourpack.eu\\\/wp-content\\\/uploads\\\/2026\\\/02\\\/2026-Infigo_yourpack-scaled.webp\",\"width\":2560,\"height\":851,\"caption\":\"Infigo\"},\"image\":{\"@id\":\"https:\\\/\\\/yourpack.eu\\\/de\\\/#\\\/schema\\\/logo\\\/image\\\/\"}}]}<\/script>\n<!-- \/ Yoast SEO plugin. -->","yoast_head_json":{"title":"Smartphone Verpackung 20,5x10,5x2 cm (Breite x L\u00e4nge x H\u00f6he\/ Au\u00dfenma\u00df) 100% ECO, 3-ply E-Wellpappe ca. 1,5 mm braun\/braun, 1 Klebeband zu verschlie\u00dfen, Abrei\u00dfband zum \u00f6ffnen, Kraft-papier Luftpolster - Infigo shop","robots":{"index":"index","follow":"follow","max-snippet":"max-snippet:-1","max-image-preview":"max-image-preview:large","max-video-preview":"max-video-preview:-1"},"canonical":"https:\/\/yourpack.eu\/de\/artikel\/smartphone-verpackung-205x105x2-cm-breite-x-lange-x-hohe-ausenmas-100-eco-3-ply-e-wellpappe-ca-15-mm-braun-braun-1-klebeband-zu-verschliesen-abreisband-zum-offnen-kraft-papier-luftpolster\/","og_locale":"de_DE","og_type":"article","og_title":"Smartphone Verpackung 20,5x10,5x2 cm (Breite x L\u00e4nge x H\u00f6he\/ Au\u00dfenma\u00df) 100% ECO, 3-ply E-Wellpappe ca. 1,5 mm braun\/braun, 1 Klebeband zu verschlie\u00dfen, Abrei\u00dfband zum \u00f6ffnen, Kraft-papier Luftpolster - Infigo shop","og_url":"https:\/\/yourpack.eu\/de\/artikel\/smartphone-verpackung-205x105x2-cm-breite-x-lange-x-hohe-ausenmas-100-eco-3-ply-e-wellpappe-ca-15-mm-braun-braun-1-klebeband-zu-verschliesen-abreisband-zum-offnen-kraft-papier-luftpolster\/","og_site_name":"Infigo shop","article_modified_time":"2026-04-16T05:41:14+00:00","twitter_card":"summary_large_image","schema":{"@context":"https:\/\/schema.org","@graph":[{"@type":"WebPage","@id":"https:\/\/yourpack.eu\/de\/artikel\/smartphone-verpackung-205x105x2-cm-breite-x-lange-x-hohe-ausenmas-100-eco-3-ply-e-wellpappe-ca-15-mm-braun-braun-1-klebeband-zu-verschliesen-abreisband-zum-offnen-kraft-papier-luftpolster\/","url":"https:\/\/yourpack.eu\/de\/artikel\/smartphone-verpackung-205x105x2-cm-breite-x-lange-x-hohe-ausenmas-100-eco-3-ply-e-wellpappe-ca-15-mm-braun-braun-1-klebeband-zu-verschliesen-abreisband-zum-offnen-kraft-papier-luftpolster\/","name":"Smartphone Verpackung 20,5x10,5x2 cm (Breite x L\u00e4nge x H\u00f6he\/ Au\u00dfenma\u00df) 100% ECO, 3-ply E-Wellpappe ca. 1,5 mm braun\/braun, 1 Klebeband zu verschlie\u00dfen, Abrei\u00dfband zum \u00f6ffnen, Kraft-papier Luftpolster - Infigo shop","isPartOf":{"@id":"https:\/\/yourpack.eu\/de\/#website"},"primaryImageOfPage":{"@id":"https:\/\/yourpack.eu\/de\/artikel\/smartphone-verpackung-205x105x2-cm-breite-x-lange-x-hohe-ausenmas-100-eco-3-ply-e-wellpappe-ca-15-mm-braun-braun-1-klebeband-zu-verschliesen-abreisband-zum-offnen-kraft-papier-luftpolster\/#primaryimage"},"image":{"@id":"https:\/\/yourpack.eu\/de\/artikel\/smartphone-verpackung-205x105x2-cm-breite-x-lange-x-hohe-ausenmas-100-eco-3-ply-e-wellpappe-ca-15-mm-braun-braun-1-klebeband-zu-verschliesen-abreisband-zum-offnen-kraft-papier-luftpolster\/#primaryimage"},"thumbnailUrl":"https:\/\/yourpack.eu\/wp-content\/uploads\/2026\/02\/Phone-box_49541.jpg","datePublished":"2026-02-12T11:43:58+00:00","dateModified":"2026-04-16T05:41:14+00:00","breadcrumb":{"@id":"https:\/\/yourpack.eu\/de\/artikel\/smartphone-verpackung-205x105x2-cm-breite-x-lange-x-hohe-ausenmas-100-eco-3-ply-e-wellpappe-ca-15-mm-braun-braun-1-klebeband-zu-verschliesen-abreisband-zum-offnen-kraft-papier-luftpolster\/#breadcrumb"},"inLanguage":"de","potentialAction":[{"@type":"ReadAction","target":["https:\/\/yourpack.eu\/de\/artikel\/smartphone-verpackung-205x105x2-cm-breite-x-lange-x-hohe-ausenmas-100-eco-3-ply-e-wellpappe-ca-15-mm-braun-braun-1-klebeband-zu-verschliesen-abreisband-zum-offnen-kraft-papier-luftpolster\/"]}]},{"@type":"ImageObject","inLanguage":"de","@id":"https:\/\/yourpack.eu\/de\/artikel\/smartphone-verpackung-205x105x2-cm-breite-x-lange-x-hohe-ausenmas-100-eco-3-ply-e-wellpappe-ca-15-mm-braun-braun-1-klebeband-zu-verschliesen-abreisband-zum-offnen-kraft-papier-luftpolster\/#primaryimage","url":"https:\/\/yourpack.eu\/wp-content\/uploads\/2026\/02\/Phone-box_49541.jpg","contentUrl":"https:\/\/yourpack.eu\/wp-content\/uploads\/2026\/02\/Phone-box_49541.jpg","width":2500,"height":2500},{"@type":"BreadcrumbList","@id":"https:\/\/yourpack.eu\/de\/artikel\/smartphone-verpackung-205x105x2-cm-breite-x-lange-x-hohe-ausenmas-100-eco-3-ply-e-wellpappe-ca-15-mm-braun-braun-1-klebeband-zu-verschliesen-abreisband-zum-offnen-kraft-papier-luftpolster\/#breadcrumb","itemListElement":[{"@type":"ListItem","position":1,"name":"Home","item":"https:\/\/yourpack.eu\/de\/"},{"@type":"ListItem","position":2,"name":"Online-Shop","item":"https:\/\/yourpack.eu\/de\/products\/"},{"@type":"ListItem","position":3,"name":"Smartphone Verpackung 20,5&#215;10,5&#215;2 cm (Breite x L\u00e4nge x H\u00f6he\/ Au\u00dfenma\u00df) 100% ECO, 3-ply E-Wellpappe ca. 1,5 mm braun\/braun, 1 Klebeband zu verschlie\u00dfen, Abrei\u00dfband zum \u00f6ffnen, Kraft-papier Luftpolster"}]},{"@type":"WebSite","@id":"https:\/\/yourpack.eu\/de\/#website","url":"https:\/\/yourpack.eu\/de\/","name":"Infigo","description":"","publisher":{"@id":"https:\/\/yourpack.eu\/de\/#organization"},"potentialAction":[{"@type":"SearchAction","target":{"@type":"EntryPoint","urlTemplate":"https:\/\/yourpack.eu\/de\/?s={search_term_string}"},"query-input":{"@type":"PropertyValueSpecification","valueRequired":true,"valueName":"search_term_string"}}],"inLanguage":"de"},{"@type":"Organization","@id":"https:\/\/yourpack.eu\/de\/#organization","name":"Infigo","url":"https:\/\/yourpack.eu\/de\/","logo":{"@type":"ImageObject","inLanguage":"de","@id":"https:\/\/yourpack.eu\/de\/#\/schema\/logo\/image\/","url":"https:\/\/yourpack.eu\/wp-content\/uploads\/2026\/02\/2026-Infigo_yourpack-scaled.webp","contentUrl":"https:\/\/yourpack.eu\/wp-content\/uploads\/2026\/02\/2026-Infigo_yourpack-scaled.webp","width":2560,"height":851,"caption":"Infigo"},"image":{"@id":"https:\/\/yourpack.eu\/de\/#\/schema\/logo\/image\/"}}]}},"_links":{"self":[{"href":"https:\/\/yourpack.eu\/de\/wp-json\/wp\/v2\/product\/61039","targetHints":{"allow":["GET"]}}],"collection":[{"href":"https:\/\/yourpack.eu\/de\/wp-json\/wp\/v2\/product"}],"about":[{"href":"https:\/\/yourpack.eu\/de\/wp-json\/wp\/v2\/types\/product"}],"replies":[{"embeddable":true,"href":"https:\/\/yourpack.eu\/de\/wp-json\/wp\/v2\/comments?post=61039"}],"wp:featuredmedia":[{"embeddable":true,"href":"https:\/\/yourpack.eu\/de\/wp-json\/wp\/v2\/media\/61100"}],"wp:attachment":[{"href":"https:\/\/yourpack.eu\/de\/wp-json\/wp\/v2\/media?parent=61039"}],"wp:term":[{"taxonomy":"product_brand","embeddable":true,"href":"https:\/\/yourpack.eu\/de\/wp-json\/wp\/v2\/product_brand?post=61039"},{"taxonomy":"product_cat","embeddable":true,"href":"https:\/\/yourpack.eu\/de\/wp-json\/wp\/v2\/product_cat?post=61039"},{"taxonomy":"product_tag","embeddable":true,"href":"https:\/\/yourpack.eu\/de\/wp-json\/wp\/v2\/product_tag?post=61039"}],"curies":[{"name":"wp","href":"https:\/\/api.w.org\/{rel}","templated":true}]}}