{"id":55787,"date":"2023-12-08T06:54:47","date_gmt":"2023-12-08T04:54:47","guid":{"rendered":"https:\/\/infigogroup.com\/about-us\/"},"modified":"2026-02-08T11:11:42","modified_gmt":"2026-02-08T09:11:42","slug":"about-us","status":"publish","type":"page","link":"https:\/\/yourpack.eu\/de\/about-us\/","title":{"rendered":"\u00dcber uns"},"content":{"rendered":"<div id=\"pl-55787\"  class=\"panel-layout\" ><div id=\"pg-55787-0\"  class=\"panel-grid panel-no-style\" ><div id=\"pgc-55787-0-0\"  class=\"panel-grid-cell\" ><div id=\"panel-55787-0-0-0\" class=\"so-panel widget widget_sow-editor panel-first-child\" data-index=\"0\" style=\"margin-bottom: 20px\" ><div\n\t\t\t\n\t\t\tclass=\"so-widget-sow-editor so-widget-sow-editor-base\"\n\t\t\t\n\t\t><h3 class=\"widget-title\">Yourpack.eu<\/h3>\n<div class=\"siteorigin-widget-tinymce textwidget\">\n\t<div class=\"siteorigin-widget-tinymce textwidget\">\n<p data-path-to-node=\"1\"><b data-path-to-node=\"1\" data-index-in-node=\"0\">Yourpack.eu<\/b> ist der offizielle Online-Shop der Infigo Group Company und spezialisiert auf ein umfassendes Sortiment an Verpackungsmaterialien und professioneller Ausr\u00fcstung. Mit \u00fcber 20 Jahren Erfahrung in der Branche sind wir stolz darauf, Experten zu sein, die die sich stetig wandelnden Anforderungen der Verpackungswelt verstehen.<\/p>\n<p data-path-to-node=\"2\">Unsere umfangreiche Produktauswahl bietet alles \u2013 von unverzichtbaren Versandverpackungen wie Kartons in verschiedenen Gr\u00f6\u00dfen, Luftpolsterumschl\u00e4gen und Versandtaschen bis hin zu einer gro\u00dfen Vielfalt an Tragetaschen, die von Standard-Papiert\u00fcten bis hin zu umweltfreundlichen, wiederverwendbaren Baumwoll- und Textiloptionen reicht. Zudem bieten wir spezialisierte L\u00f6sungen f\u00fcr den Lebensmittelbereich an, darunter Beh\u00e4lter, Becher, Einschlagpapiere und wichtiges Servierzubeh\u00f6r. \u00dcber die reinen Materialien hinaus liefern wir hochwertige Maschinen zur Optimierung Ihrer Betriebsabl\u00e4ufe, wie z. B. Papierschneider und -spender, Folienschwei\u00dfger\u00e4te und Luftpolstermaschinen.<\/p>\n<p data-path-to-node=\"3\">Um unseren Kunden das beste Preis-Leistungs-Verh\u00e4ltnis zu bieten, gew\u00e4hren wir auf den Gro\u00dfteil unserer Produkte Mengenrabatte \u2013 je mehr Sie bestellen, desto mehr sparen Sie.<\/p>\n<p data-path-to-node=\"4\">Die Yourpack.eu wurde speziell f\u00fcr B2B-Kunden entwickelt und bietet eine \u00fcbersichtliche Darstellung sowie einen reibungslosen Bestellprozess. Wir liefern europaweit mit einer \u00fcblichen Lieferzeit von 1\u20132 Wochen.<\/p>\n<\/div>\n<\/div>\n<\/div><\/div><div id=\"panel-55787-0-0-1\" class=\"so-panel widget widget_sow-image panel-last-child\" data-index=\"1\" ><div\n\t\t\t\n\t\t\tclass=\"so-widget-sow-image so-widget-sow-image-default-8b5b6f678277-55787\"\n\t\t\t\n\t\t><\/div><\/div><\/div><div id=\"pgc-55787-0-1\"  class=\"panel-grid-cell\" ><div id=\"panel-55787-0-1-0\" class=\"so-panel widget widget_sow-editor panel-first-child\" data-index=\"2\" style=\"margin-bottom: 20px\" ><div\n\t\t\t\n\t\t\tclass=\"so-widget-sow-editor so-widget-sow-editor-base\"\n\t\t\t\n\t\t><h3 class=\"widget-title\">Unser Ziel<\/h3>\n<div class=\"siteorigin-widget-tinymce textwidget\">\n\t<p>Wir unterst\u00fctzen Sie umfassend bei der Suche nach optimalen Verpackungsl\u00f6sungen. F\u00fcr uns gibt es keine unl\u00f6sbaren Herausforderungen \u2013 nur zahlreiche M\u00f6glichkeiten. Gemeinsam finden wir die beste Variante f\u00fcr Ihre individuellen Anforderungen.<\/p>\n<\/div>\n<\/div><\/div><div id=\"panel-55787-0-1-1\" class=\"so-panel widget widget_sow-image panel-last-child\" data-index=\"3\" ><div\n\t\t\t\n\t\t\tclass=\"so-widget-sow-image so-widget-sow-image-default-8b5b6f678277-55787\"\n\t\t\t\n\t\t>\n<div class=\"sow-image-container\">\n\t\t<img \n\tsrc=\"https:\/\/yourpack.eu\/wp-content\/uploads\/2026\/02\/yourpack-eu2-scaled.jpg\" width=\"2560\" height=\"1460\" srcset=\"https:\/\/yourpack.eu\/wp-content\/uploads\/2026\/02\/yourpack-eu2-scaled.jpg 2560w, https:\/\/yourpack.eu\/wp-content\/uploads\/2026\/02\/yourpack-eu2-300x171.jpg 300w, https:\/\/yourpack.eu\/wp-content\/uploads\/2026\/02\/yourpack-eu2-1024x584.jpg 1024w, https:\/\/yourpack.eu\/wp-content\/uploads\/2026\/02\/yourpack-eu2-768x438.jpg 768w, https:\/\/yourpack.eu\/wp-content\/uploads\/2026\/02\/yourpack-eu2-1536x876.jpg 1536w, https:\/\/yourpack.eu\/wp-content\/uploads\/2026\/02\/yourpack-eu2-2048x1168.jpg 2048w, https:\/\/yourpack.eu\/wp-content\/uploads\/2026\/02\/yourpack-eu2-600x342.jpg 600w\" sizes=\"(max-width: 2560px) 100vw, 2560px\" title=\"yourpack-eu(2)\" alt=\"\" \t\tclass=\"so-widget-image\"\/>\n\t<\/div>\n\n<\/div><\/div><\/div><\/div><\/div>","protected":false},"excerpt":{"rendered":"<p>Yourpack.eu ist der offizielle Online-Shop der Infigo Group Company und spezialisiert auf ein umfassendes Sortiment an Verpackungsmaterialien und professioneller Ausr\u00fcstung. Mit \u00fcber 20 Jahren Erfahrung in der Branche sind wir stolz darauf, Experten zu sein, die die sich stetig wandelnden Anforderungen der Verpackungswelt verstehen. Unsere umfangreiche Produktauswahl bietet alles \u2013 von unverzichtbaren Versandverpackungen wie Kartons [&hellip;]<\/p>\n","protected":false},"author":1,"featured_media":0,"parent":0,"menu_order":0,"comment_status":"closed","ping_status":"closed","template":"","meta":{"_acf_changed":false,"footnotes":""},"class_list":["post-55787","page","type-page","status-publish","hentry"],"acf":[],"yoast_head":"<!-- This site is optimized with the Yoast SEO plugin v27.3 - https:\/\/yoast.com\/product\/yoast-seo-wordpress\/ -->\n<title>\u00dcber uns - Infigo shop<\/title>\n<meta name=\"description\" content=\"Pakendi disainide loomine on meie kujundajate igap\u00e4evane t\u00f6\u00f6 - meile lihtsalt meeldib seda teha! Loome, kujundame ja toodame Teie ettev\u00f5tte logoga pakendid.\" \/>\n<meta name=\"robots\" content=\"index, follow, max-snippet:-1, max-image-preview:large, max-video-preview:-1\" \/>\n<link rel=\"canonical\" href=\"https:\/\/yourpack.eu\/de\/about-us\/\" \/>\n<meta property=\"og:locale\" content=\"de_DE\" \/>\n<meta property=\"og:type\" content=\"article\" \/>\n<meta property=\"og:title\" content=\"\u00dcber uns - Infigo shop\" \/>\n<meta property=\"og:description\" content=\"Pakendi disainide loomine on meie kujundajate igap\u00e4evane t\u00f6\u00f6 - meile lihtsalt meeldib seda teha! Loome, kujundame ja toodame Teie ettev\u00f5tte logoga pakendid.\" \/>\n<meta property=\"og:url\" content=\"https:\/\/yourpack.eu\/de\/about-us\/\" \/>\n<meta property=\"og:site_name\" content=\"Infigo shop\" \/>\n<meta property=\"article:modified_time\" content=\"2026-02-08T09:11:42+00:00\" \/>\n<meta name=\"twitter:card\" content=\"summary_large_image\" \/>\n<meta name=\"twitter:label1\" content=\"Gesch\u00e4tzte Lesezeit\" \/>\n\t<meta name=\"twitter:data1\" content=\"2\u00a0Minuten\" \/>\n<script type=\"application\/ld+json\" class=\"yoast-schema-graph\">{\"@context\":\"https:\\\/\\\/schema.org\",\"@graph\":[{\"@type\":\"WebPage\",\"@id\":\"https:\\\/\\\/yourpack.eu\\\/de\\\/about-us\\\/\",\"url\":\"https:\\\/\\\/yourpack.eu\\\/de\\\/about-us\\\/\",\"name\":\"\u00dcber uns - Infigo shop\",\"isPartOf\":{\"@id\":\"https:\\\/\\\/yourpack.eu\\\/de\\\/#website\"},\"datePublished\":\"2023-12-08T04:54:47+00:00\",\"dateModified\":\"2026-02-08T09:11:42+00:00\",\"description\":\"Pakendi disainide loomine on meie kujundajate igap\u00e4evane t\u00f6\u00f6 - meile lihtsalt meeldib seda teha! Loome, kujundame ja toodame Teie ettev\u00f5tte logoga pakendid.\",\"breadcrumb\":{\"@id\":\"https:\\\/\\\/yourpack.eu\\\/de\\\/about-us\\\/#breadcrumb\"},\"inLanguage\":\"de\",\"potentialAction\":[{\"@type\":\"ReadAction\",\"target\":[\"https:\\\/\\\/yourpack.eu\\\/de\\\/about-us\\\/\"]}]},{\"@type\":\"BreadcrumbList\",\"@id\":\"https:\\\/\\\/yourpack.eu\\\/de\\\/about-us\\\/#breadcrumb\",\"itemListElement\":[{\"@type\":\"ListItem\",\"position\":1,\"name\":\"Home\",\"item\":\"https:\\\/\\\/yourpack.eu\\\/de\\\/\"},{\"@type\":\"ListItem\",\"position\":2,\"name\":\"\u00dcber uns\"}]},{\"@type\":\"WebSite\",\"@id\":\"https:\\\/\\\/yourpack.eu\\\/de\\\/#website\",\"url\":\"https:\\\/\\\/yourpack.eu\\\/de\\\/\",\"name\":\"Infigo\",\"description\":\"\",\"publisher\":{\"@id\":\"https:\\\/\\\/yourpack.eu\\\/de\\\/#organization\"},\"potentialAction\":[{\"@type\":\"SearchAction\",\"target\":{\"@type\":\"EntryPoint\",\"urlTemplate\":\"https:\\\/\\\/yourpack.eu\\\/de\\\/?s={search_term_string}\"},\"query-input\":{\"@type\":\"PropertyValueSpecification\",\"valueRequired\":true,\"valueName\":\"search_term_string\"}}],\"inLanguage\":\"de\"},{\"@type\":\"Organization\",\"@id\":\"https:\\\/\\\/yourpack.eu\\\/de\\\/#organization\",\"name\":\"Infigo\",\"url\":\"https:\\\/\\\/yourpack.eu\\\/de\\\/\",\"logo\":{\"@type\":\"ImageObject\",\"inLanguage\":\"de\",\"@id\":\"https:\\\/\\\/yourpack.eu\\\/de\\\/#\\\/schema\\\/logo\\\/image\\\/\",\"url\":\"https:\\\/\\\/yourpack.eu\\\/wp-content\\\/uploads\\\/2026\\\/02\\\/2026-Infigo_yourpack-scaled.webp\",\"contentUrl\":\"https:\\\/\\\/yourpack.eu\\\/wp-content\\\/uploads\\\/2026\\\/02\\\/2026-Infigo_yourpack-scaled.webp\",\"width\":2560,\"height\":851,\"caption\":\"Infigo\"},\"image\":{\"@id\":\"https:\\\/\\\/yourpack.eu\\\/de\\\/#\\\/schema\\\/logo\\\/image\\\/\"}}]}<\/script>\n<!-- \/ Yoast SEO plugin. -->","yoast_head_json":{"title":"\u00dcber uns - Infigo shop","description":"Pakendi disainide loomine on meie kujundajate igap\u00e4evane t\u00f6\u00f6 - meile lihtsalt meeldib seda teha! Loome, kujundame ja toodame Teie ettev\u00f5tte logoga pakendid.","robots":{"index":"index","follow":"follow","max-snippet":"max-snippet:-1","max-image-preview":"max-image-preview:large","max-video-preview":"max-video-preview:-1"},"canonical":"https:\/\/yourpack.eu\/de\/about-us\/","og_locale":"de_DE","og_type":"article","og_title":"\u00dcber uns - Infigo shop","og_description":"Pakendi disainide loomine on meie kujundajate igap\u00e4evane t\u00f6\u00f6 - meile lihtsalt meeldib seda teha! Loome, kujundame ja toodame Teie ettev\u00f5tte logoga pakendid.","og_url":"https:\/\/yourpack.eu\/de\/about-us\/","og_site_name":"Infigo shop","article_modified_time":"2026-02-08T09:11:42+00:00","twitter_card":"summary_large_image","twitter_misc":{"Gesch\u00e4tzte Lesezeit":"2\u00a0Minuten"},"schema":{"@context":"https:\/\/schema.org","@graph":[{"@type":"WebPage","@id":"https:\/\/yourpack.eu\/de\/about-us\/","url":"https:\/\/yourpack.eu\/de\/about-us\/","name":"\u00dcber uns - Infigo shop","isPartOf":{"@id":"https:\/\/yourpack.eu\/de\/#website"},"datePublished":"2023-12-08T04:54:47+00:00","dateModified":"2026-02-08T09:11:42+00:00","description":"Pakendi disainide loomine on meie kujundajate igap\u00e4evane t\u00f6\u00f6 - meile lihtsalt meeldib seda teha! Loome, kujundame ja toodame Teie ettev\u00f5tte logoga pakendid.","breadcrumb":{"@id":"https:\/\/yourpack.eu\/de\/about-us\/#breadcrumb"},"inLanguage":"de","potentialAction":[{"@type":"ReadAction","target":["https:\/\/yourpack.eu\/de\/about-us\/"]}]},{"@type":"BreadcrumbList","@id":"https:\/\/yourpack.eu\/de\/about-us\/#breadcrumb","itemListElement":[{"@type":"ListItem","position":1,"name":"Home","item":"https:\/\/yourpack.eu\/de\/"},{"@type":"ListItem","position":2,"name":"\u00dcber uns"}]},{"@type":"WebSite","@id":"https:\/\/yourpack.eu\/de\/#website","url":"https:\/\/yourpack.eu\/de\/","name":"Infigo","description":"","publisher":{"@id":"https:\/\/yourpack.eu\/de\/#organization"},"potentialAction":[{"@type":"SearchAction","target":{"@type":"EntryPoint","urlTemplate":"https:\/\/yourpack.eu\/de\/?s={search_term_string}"},"query-input":{"@type":"PropertyValueSpecification","valueRequired":true,"valueName":"search_term_string"}}],"inLanguage":"de"},{"@type":"Organization","@id":"https:\/\/yourpack.eu\/de\/#organization","name":"Infigo","url":"https:\/\/yourpack.eu\/de\/","logo":{"@type":"ImageObject","inLanguage":"de","@id":"https:\/\/yourpack.eu\/de\/#\/schema\/logo\/image\/","url":"https:\/\/yourpack.eu\/wp-content\/uploads\/2026\/02\/2026-Infigo_yourpack-scaled.webp","contentUrl":"https:\/\/yourpack.eu\/wp-content\/uploads\/2026\/02\/2026-Infigo_yourpack-scaled.webp","width":2560,"height":851,"caption":"Infigo"},"image":{"@id":"https:\/\/yourpack.eu\/de\/#\/schema\/logo\/image\/"}}]}},"_links":{"self":[{"href":"https:\/\/yourpack.eu\/de\/wp-json\/wp\/v2\/pages\/55787","targetHints":{"allow":["GET"]}}],"collection":[{"href":"https:\/\/yourpack.eu\/de\/wp-json\/wp\/v2\/pages"}],"about":[{"href":"https:\/\/yourpack.eu\/de\/wp-json\/wp\/v2\/types\/page"}],"author":[{"embeddable":true,"href":"https:\/\/yourpack.eu\/de\/wp-json\/wp\/v2\/users\/1"}],"replies":[{"embeddable":true,"href":"https:\/\/yourpack.eu\/de\/wp-json\/wp\/v2\/comments?post=55787"}],"version-history":[{"count":10,"href":"https:\/\/yourpack.eu\/de\/wp-json\/wp\/v2\/pages\/55787\/revisions"}],"predecessor-version":[{"id":57715,"href":"https:\/\/yourpack.eu\/de\/wp-json\/wp\/v2\/pages\/55787\/revisions\/57715"}],"wp:attachment":[{"href":"https:\/\/yourpack.eu\/de\/wp-json\/wp\/v2\/media?parent=55787"}],"curies":[{"name":"wp","href":"https:\/\/api.w.org\/{rel}","templated":true}]}}