{"id":55774,"date":"2023-12-08T07:12:34","date_gmt":"2023-12-08T05:12:34","guid":{"rendered":"https:\/\/infigogroup.com\/privacy\/"},"modified":"2026-02-07T14:21:04","modified_gmt":"2026-02-07T12:21:04","slug":"privacy","status":"publish","type":"page","link":"https:\/\/yourpack.eu\/de\/privacy\/","title":{"rendered":"Datenschutz"},"content":{"rendered":"<div id=\"pl-55774\"  class=\"panel-layout\" ><div id=\"pg-55774-0\"  class=\"panel-grid panel-no-style\" ><div id=\"pgc-55774-0-0\"  class=\"panel-grid-cell\" ><div id=\"panel-55774-0-0-0\" class=\"so-panel widget widget_sow-editor panel-first-child panel-last-child\" data-index=\"0\" ><div\n\t\t\t\n\t\t\tclass=\"so-widget-sow-editor so-widget-sow-editor-base\"\n\t\t\t\n\t\t><h3 class=\"widget-title\">Datenschutz<\/h3>\n<div class=\"siteorigin-widget-tinymce textwidget\">\n\t<p data-path-to-node=\"1\">Der Online-Shop verwendet Cookies. Ein Cookie ist eine kleine Textdatei, die vom Webbrowser automatisch auf dem vom Kunden verwendeten Ger\u00e4t gespeichert wird. Cookies werden verwendet, um Informationen dar\u00fcber zu sammeln, wie der Kunde den Online-Shop nutzt, um dem Kunden ein besseres Nutzererlebnis zu bieten.<\/p>\n<p data-path-to-node=\"2\">Die folgenden Cookies werden im Online-Shop verwendet:<br \/>\n<b data-path-to-node=\"3,0,0\" data-index-in-node=\"0\">- Sitzungs-Cookies (Session Cookies):<\/b> Diese dienen dazu, die Nutzung des Online-Shops zu erm\u00f6glichen.<br \/>\n<b data-path-to-node=\"3,1,0\" data-index-in-node=\"0\">- Permanente Cookies:<\/b> Diese dienen dazu, die Auswahl des Kunden im Online-Shop zu speichern.<br \/>\n<b data-path-to-node=\"3,2,0\" data-index-in-node=\"0\">- First-Party- und\/oder Third-Party-Cookies:<\/b> Diese dienen dazu, dem Kunden passende Werbung und Angebote anzuzeigen.<br \/>\n<b data-path-to-node=\"3,3,0\" data-index-in-node=\"0\">- Analyse-Cookies von Drittanbietern:<\/b> Diese zielen auf die Optimierung der Marketingkommunikation ab.<\/p>\n<p data-path-to-node=\"4\">Der Kunde kann auf seinen Ger\u00e4ten gespeicherte Cookies l\u00f6schen und\/oder blockieren, indem er die entsprechenden Einstellungen seines Webbrowsers \u00e4ndert. Wenn Cookies nicht verwendet werden, funktioniert der Webshop m\u00f6glicherweise nicht wie geplant und\/oder einige Funktionen stehen dem Kunden eventuell nicht zur Verf\u00fcgung.<\/p>\n<p data-path-to-node=\"5\">Zus\u00e4tzlich zur Verwendung von Analyse-Cookies verwendet der Webshop Pixel (Pixel-Tags, Web-Beacons), die zur \u00dcberwachung der Nutzung der Website des Verk\u00e4ufers dienen. Dabei werden keine personenbezogenen Daten verarbeitet.<\/p>\n<hr data-path-to-node=\"6\" \/>\n<p data-path-to-node=\"7\"><b data-path-to-node=\"7\" data-index-in-node=\"0\">VERARBEITUNG PERSONENBEZOGENER DATEN<\/b><br \/>\nDer Verantwortliche f\u00fcr die Verarbeitung personenbezogener Daten des Online-Shops Yourpack.eu ist <b data-path-to-node=\"7\" data-index-in-node=\"135\">Infigo Group Sp. z o.o.<\/b> (Registernummer 0001136650) mit Sitz in Z\u0142ota 75A\/7, Warschau 00-819, Polen, E-Mail: info@infigogroup.com.<\/p>\n<p data-path-to-node=\"8\"><b data-path-to-node=\"8\" data-index-in-node=\"0\">WELCHE PERSONENBEZOGENEN DATEN VERARBEITET WERDEN<br \/>\n<\/b>- Name, Telefonnummer und E-Mail-Adresse;<br \/>\n- Lieferadresse der Waren;<br \/>\n- Bankverbindung;<br \/>\n- Kosten f\u00fcr Waren und Dienstleistungen sowie zahlungsbezogene Daten (Kaufhistorie);<br \/>\n- Details zum Kundensupport.<\/p>\n<p data-path-to-node=\"10\"><b data-path-to-node=\"10\" data-index-in-node=\"0\">ZU WELCHEM ZWECK PERSONENBEZOGENE DATEN VERARBEITET WERDEN<\/b><br \/>\nPersonenbezogene Daten werden verwendet, um Kundenbestellungen zu verwalten und Waren auszuliefern. Daten zur Kaufhistorie (Kaufdatum, Produkt, Menge, Kundendaten) werden verwendet, um eine \u00dcbersicht \u00fcber gekaufte Waren und Dienstleistungen zu erstellen und Kundenpr\u00e4ferenzen zu analysieren. Die Bankverbindung wird verwendet, um Zahlungen an den Kunden zur\u00fcckzuerstatten. Personenbezogene Daten wie E-Mail, Telefonnummer und Kundenname werden verarbeitet, um Probleme im Zusammenhang mit der Bereitstellung von Waren und Dienstleistungen zu l\u00f6sen (Kundensupport). Die IP-Adresse des Nutzers des Online-Shops oder andere Netzwerkkennungen werden f\u00fcr die Bereitstellung des Online-Shops als Dienst der Informationsgesellschaft und f\u00fcr Online-Nutzungsstatistiken verarbeitet.<\/p>\n<p data-path-to-node=\"11\"><b data-path-to-node=\"11\" data-index-in-node=\"0\">RECHTSGRUNDLAGE<\/b><br \/>\nDie Verarbeitung personenbezogener Daten erfolgt zum Zwecke der Erf\u00fcllung des mit dem Kunden abgeschlossenen Vertrages. Die Verarbeitung personenbezogener Daten erfolgt zur Erf\u00fcllung einer rechtlichen Verpflichtung (z. B. Buchhaltung und Beilegung von Verbraucherstreitigkeiten).<\/p>\n<p data-path-to-node=\"12\"><b data-path-to-node=\"12\" data-index-in-node=\"0\">SICHERHEIT UND DATENZUGRIFF<\/b><br \/>\nPersonenbezogene Daten werden auf Servern von zone.ee gespeichert, die sich im Hoheitsgebiet eines Mitgliedstaats der Europ\u00e4ischen Union oder in L\u00e4ndern befinden, die dem Europ\u00e4ischen Wirtschaftsraum beigetreten sind. Daten k\u00f6nnen in L\u00e4nder \u00fcbertragen werden, deren Datenschutzniveau von der Europ\u00e4ischen Kommission als angemessen bewertet wurde, sowie an US-Unternehmen, die dem Privacy-Shield-Rahmenwerk (oder dessen Nachfolgeregelungen) angeschlossen sind.<\/p>\n<p data-path-to-node=\"13\">Mitarbeiter des Online-Shops haben Zugriff auf personenbezogene Daten, um technische Probleme im Zusammenhang mit der Nutzung des Online-Shops zu l\u00f6sen und Kundensupport-Dienstleistungen zu erbringen. Der Online-Shop implementiert angemessene physische, organisatorische und IT-sicherheitstechnische Ma\u00dfnahmen, um personenbezogene Daten vor zuf\u00e4lliger oder unrechtm\u00e4\u00dfiger Zerst\u00f6rung, Verlust, \u00c4nderung oder unbefugtem Zugriff und Offenlegung zu sch\u00fctzen. Die \u00dcbermittlung personenbezogener Daten an Auftragsverarbeiter des Online-Shops (z. B. Transportdienstleister und Datenhosting) erfolgt auf Grundlage von Vertr\u00e4gen, die zwischen dem Online-Shop und den Auftragsverarbeitern geschlossen wurden. Die Auftragsverarbeiter sind verpflichtet, bei der Verarbeitung personenbezogener Daten angemessene Schutzma\u00dfnahmen zu gew\u00e4hrleisten.<\/p>\n<p data-path-to-node=\"14\"><b data-path-to-node=\"14\" data-index-in-node=\"0\">ZUGRIFF AUF UND KORREKTUR VON PERSONENBEZOGENEN DATEN<\/b><br \/>\nPersonenbezogene Daten k\u00f6nnen im Nutzerprofil des Online-Shops eingesehen und korrigiert werden. Wenn der Kauf ohne Nutzerkonto get\u00e4tigt wurde, k\u00f6nnen die personenbezogenen Daten \u00fcber den Kundensupport abgefragt werden.<\/p>\n<p data-path-to-node=\"15\"><b data-path-to-node=\"15\" data-index-in-node=\"0\">WIDERRUF DER EINWILLIGUNG<\/b><br \/>\nErfolgt die Verarbeitung personenbezogener Daten auf Grundlage der Einwilligung des Kunden, hat der Kunde das Recht, die Einwilligung durch Mitteilung an den Kundensupport per E-Mail zu widerrufen.<\/p>\n<p data-path-to-node=\"16\"><b data-path-to-node=\"16\" data-index-in-node=\"0\">SPEICHERUNG<\/b><br \/>\nBei Schlie\u00dfung des Kundenkontos des Online-Shops werden personenbezogene Daten gel\u00f6scht, es sei denn, die Aufbewahrung dieser Daten ist f\u00fcr Buchhaltungszwecke oder zur Beilegung von Verbraucherstreitigkeiten erforderlich. Erfolgt ein Kauf im Online-Shop ohne Kundenkonto, wird die Kaufhistorie drei Jahre lang gespeichert. Bei Streitigkeiten im Zusammenhang mit Zahlungen und Verbraucherstreitigkeiten werden personenbezogene Daten bis zur Erf\u00fcllung der Forderung oder bis zum Ablauf der Verj\u00e4hrungsfrist gespeichert. F\u00fcr die Buchhaltung erforderliche personenbezogene Daten werden sieben Jahre lang gespeichert.<\/p>\n<p data-path-to-node=\"17\"><b data-path-to-node=\"17\" data-index-in-node=\"0\">L\u00d6SCHUNG<\/b><br \/>\nUm personenbezogene Daten zu l\u00f6schen, m\u00fcssen Sie den Kundensupport per E-Mail kontaktieren. Der L\u00f6schanfrage wird sp\u00e4testens innerhalb eines Monats beantwortet und die Frist f\u00fcr die Datenl\u00f6schung wird festgelegt.<\/p>\n<p data-path-to-node=\"18\"><b data-path-to-node=\"18\" data-index-in-node=\"0\">\u00dcBERTRAGBARKEIT<\/b><br \/>\nAnfragen zur \u00dcbertragung personenbezogener Daten, die per E-Mail eingereicht werden, werden sp\u00e4testens innerhalb eines Monats beantwortet. Der Kundensupport stellt die Identit\u00e4t fest und informiert \u00fcber die personenbezogenen Daten, die der \u00dcbertragung unterliegen.<\/p>\n<p data-path-to-node=\"19\"><b data-path-to-node=\"19\" data-index-in-node=\"0\">DIREKTMARKETING-MITTEILUNGEN<\/b><br \/>\nDie E-Mail-Adresse und Telefonnummer werden f\u00fcr den Versand von Direktmarketing-Nachrichten verwendet, wenn der Kunde seine Einwilligung gegeben hat. Wenn der Kunde keine Direktmarketing-Nachrichten erhalten m\u00f6chte, muss er den entsprechenden Link in der Fu\u00dfzeile der E-Mail ausw\u00e4hlen oder den Kundensupport kontaktieren. Wenn personenbezogene Daten zum Zwecke des Direktmarketings (Profiling) verarbeitet werden, hat der Kunde das Recht, jederzeit sowohl der urspr\u00fcnglichen als auch der weiteren Verarbeitung seiner personenbezogenen Daten, einschlie\u00dflich der mit dem Direktmarketing verbundenen Profilanalyse, zu widersprechen, indem er den Kundensupport per E-Mail benachrichtigt.<\/p>\n<p data-path-to-node=\"20\"><b data-path-to-node=\"20\" data-index-in-node=\"0\">BEILEGUNG VON STREITIGKEITEN<\/b><br \/>\nStreitigkeiten im Zusammenhang mit der Verarbeitung personenbezogener Daten werden \u00fcber den Kundensupport unter info@infigogroup.com gel\u00f6st. Aufsichtsbeh\u00f6rde ist der polnische Datenschutzbeauftragte (UODO).<\/p>\n<p>----------------------------------<br \/>\n<b data-path-to-node=\"22\" data-index-in-node=\"0\">Rechtliche Informationen des Unternehmens:<\/b><br \/>\nInfigo Group Sp. z o.o.<br \/>\nZ\u0142ota 75A\/7 00-819 Warschau Polen<br \/>\nRegisternummer: 0001136650<br \/>\nUSt-IdNr.: PL 5273137976<\/p>\n<\/div>\n<\/div><\/div><\/div><\/div><\/div>","protected":false},"excerpt":{"rendered":"<p>Der Online-Shop verwendet Cookies. Ein Cookie ist eine kleine Textdatei, die vom Webbrowser automatisch auf dem vom Kunden verwendeten Ger\u00e4t gespeichert wird. Cookies werden verwendet, um Informationen dar\u00fcber zu sammeln, wie der Kunde den Online-Shop nutzt, um dem Kunden ein besseres Nutzererlebnis zu bieten. Die folgenden Cookies werden im Online-Shop verwendet: &#8211; Sitzungs-Cookies (Session Cookies): [&hellip;]<\/p>\n","protected":false},"author":1,"featured_media":0,"parent":0,"menu_order":0,"comment_status":"closed","ping_status":"closed","template":"","meta":{"_acf_changed":false,"footnotes":""},"class_list":["post-55774","page","type-page","status-publish","hentry"],"acf":[],"yoast_head":"<!-- This site is optimized with the Yoast SEO plugin v27.3 - https:\/\/yoast.com\/product\/yoast-seo-wordpress\/ -->\n<title>Datenschutz - Infigo shop<\/title>\n<meta name=\"description\" content=\"Pakendi disainide loomine on meie kujundajate igap\u00e4evane t\u00f6\u00f6 - meile lihtsalt meeldib seda teha! Loome, kujundame ja toodame Teie ettev\u00f5tte logoga pakendid.\" \/>\n<meta name=\"robots\" content=\"index, follow, max-snippet:-1, max-image-preview:large, max-video-preview:-1\" \/>\n<link rel=\"canonical\" href=\"https:\/\/yourpack.eu\/de\/privacy\/\" \/>\n<meta property=\"og:locale\" content=\"de_DE\" \/>\n<meta property=\"og:type\" content=\"article\" \/>\n<meta property=\"og:title\" content=\"Datenschutz - Infigo shop\" \/>\n<meta property=\"og:description\" content=\"Pakendi disainide loomine on meie kujundajate igap\u00e4evane t\u00f6\u00f6 - meile lihtsalt meeldib seda teha! Loome, kujundame ja toodame Teie ettev\u00f5tte logoga pakendid.\" \/>\n<meta property=\"og:url\" content=\"https:\/\/yourpack.eu\/de\/privacy\/\" \/>\n<meta property=\"og:site_name\" content=\"Infigo shop\" \/>\n<meta property=\"article:modified_time\" content=\"2026-02-07T12:21:04+00:00\" \/>\n<meta name=\"twitter:card\" content=\"summary_large_image\" \/>\n<meta name=\"twitter:label1\" content=\"Gesch\u00e4tzte Lesezeit\" \/>\n\t<meta name=\"twitter:data1\" content=\"5\u00a0Minuten\" \/>\n<script type=\"application\/ld+json\" class=\"yoast-schema-graph\">{\"@context\":\"https:\\\/\\\/schema.org\",\"@graph\":[{\"@type\":\"WebPage\",\"@id\":\"https:\\\/\\\/yourpack.eu\\\/de\\\/privacy\\\/\",\"url\":\"https:\\\/\\\/yourpack.eu\\\/de\\\/privacy\\\/\",\"name\":\"Datenschutz - Infigo shop\",\"isPartOf\":{\"@id\":\"https:\\\/\\\/yourpack.eu\\\/de\\\/#website\"},\"datePublished\":\"2023-12-08T05:12:34+00:00\",\"dateModified\":\"2026-02-07T12:21:04+00:00\",\"description\":\"Pakendi disainide loomine on meie kujundajate igap\u00e4evane t\u00f6\u00f6 - meile lihtsalt meeldib seda teha! Loome, kujundame ja toodame Teie ettev\u00f5tte logoga pakendid.\",\"breadcrumb\":{\"@id\":\"https:\\\/\\\/yourpack.eu\\\/de\\\/privacy\\\/#breadcrumb\"},\"inLanguage\":\"de\",\"potentialAction\":[{\"@type\":\"ReadAction\",\"target\":[\"https:\\\/\\\/yourpack.eu\\\/de\\\/privacy\\\/\"]}]},{\"@type\":\"BreadcrumbList\",\"@id\":\"https:\\\/\\\/yourpack.eu\\\/de\\\/privacy\\\/#breadcrumb\",\"itemListElement\":[{\"@type\":\"ListItem\",\"position\":1,\"name\":\"Home\",\"item\":\"https:\\\/\\\/yourpack.eu\\\/de\\\/\"},{\"@type\":\"ListItem\",\"position\":2,\"name\":\"Datenschutz\"}]},{\"@type\":\"WebSite\",\"@id\":\"https:\\\/\\\/yourpack.eu\\\/de\\\/#website\",\"url\":\"https:\\\/\\\/yourpack.eu\\\/de\\\/\",\"name\":\"Infigo\",\"description\":\"\",\"publisher\":{\"@id\":\"https:\\\/\\\/yourpack.eu\\\/de\\\/#organization\"},\"potentialAction\":[{\"@type\":\"SearchAction\",\"target\":{\"@type\":\"EntryPoint\",\"urlTemplate\":\"https:\\\/\\\/yourpack.eu\\\/de\\\/?s={search_term_string}\"},\"query-input\":{\"@type\":\"PropertyValueSpecification\",\"valueRequired\":true,\"valueName\":\"search_term_string\"}}],\"inLanguage\":\"de\"},{\"@type\":\"Organization\",\"@id\":\"https:\\\/\\\/yourpack.eu\\\/de\\\/#organization\",\"name\":\"Infigo\",\"url\":\"https:\\\/\\\/yourpack.eu\\\/de\\\/\",\"logo\":{\"@type\":\"ImageObject\",\"inLanguage\":\"de\",\"@id\":\"https:\\\/\\\/yourpack.eu\\\/de\\\/#\\\/schema\\\/logo\\\/image\\\/\",\"url\":\"https:\\\/\\\/yourpack.eu\\\/wp-content\\\/uploads\\\/2026\\\/02\\\/2026-Infigo_yourpack-scaled.webp\",\"contentUrl\":\"https:\\\/\\\/yourpack.eu\\\/wp-content\\\/uploads\\\/2026\\\/02\\\/2026-Infigo_yourpack-scaled.webp\",\"width\":2560,\"height\":851,\"caption\":\"Infigo\"},\"image\":{\"@id\":\"https:\\\/\\\/yourpack.eu\\\/de\\\/#\\\/schema\\\/logo\\\/image\\\/\"}}]}<\/script>\n<!-- \/ Yoast SEO plugin. -->","yoast_head_json":{"title":"Datenschutz - Infigo shop","description":"Pakendi disainide loomine on meie kujundajate igap\u00e4evane t\u00f6\u00f6 - meile lihtsalt meeldib seda teha! Loome, kujundame ja toodame Teie ettev\u00f5tte logoga pakendid.","robots":{"index":"index","follow":"follow","max-snippet":"max-snippet:-1","max-image-preview":"max-image-preview:large","max-video-preview":"max-video-preview:-1"},"canonical":"https:\/\/yourpack.eu\/de\/privacy\/","og_locale":"de_DE","og_type":"article","og_title":"Datenschutz - Infigo shop","og_description":"Pakendi disainide loomine on meie kujundajate igap\u00e4evane t\u00f6\u00f6 - meile lihtsalt meeldib seda teha! Loome, kujundame ja toodame Teie ettev\u00f5tte logoga pakendid.","og_url":"https:\/\/yourpack.eu\/de\/privacy\/","og_site_name":"Infigo shop","article_modified_time":"2026-02-07T12:21:04+00:00","twitter_card":"summary_large_image","twitter_misc":{"Gesch\u00e4tzte Lesezeit":"5\u00a0Minuten"},"schema":{"@context":"https:\/\/schema.org","@graph":[{"@type":"WebPage","@id":"https:\/\/yourpack.eu\/de\/privacy\/","url":"https:\/\/yourpack.eu\/de\/privacy\/","name":"Datenschutz - Infigo shop","isPartOf":{"@id":"https:\/\/yourpack.eu\/de\/#website"},"datePublished":"2023-12-08T05:12:34+00:00","dateModified":"2026-02-07T12:21:04+00:00","description":"Pakendi disainide loomine on meie kujundajate igap\u00e4evane t\u00f6\u00f6 - meile lihtsalt meeldib seda teha! Loome, kujundame ja toodame Teie ettev\u00f5tte logoga pakendid.","breadcrumb":{"@id":"https:\/\/yourpack.eu\/de\/privacy\/#breadcrumb"},"inLanguage":"de","potentialAction":[{"@type":"ReadAction","target":["https:\/\/yourpack.eu\/de\/privacy\/"]}]},{"@type":"BreadcrumbList","@id":"https:\/\/yourpack.eu\/de\/privacy\/#breadcrumb","itemListElement":[{"@type":"ListItem","position":1,"name":"Home","item":"https:\/\/yourpack.eu\/de\/"},{"@type":"ListItem","position":2,"name":"Datenschutz"}]},{"@type":"WebSite","@id":"https:\/\/yourpack.eu\/de\/#website","url":"https:\/\/yourpack.eu\/de\/","name":"Infigo","description":"","publisher":{"@id":"https:\/\/yourpack.eu\/de\/#organization"},"potentialAction":[{"@type":"SearchAction","target":{"@type":"EntryPoint","urlTemplate":"https:\/\/yourpack.eu\/de\/?s={search_term_string}"},"query-input":{"@type":"PropertyValueSpecification","valueRequired":true,"valueName":"search_term_string"}}],"inLanguage":"de"},{"@type":"Organization","@id":"https:\/\/yourpack.eu\/de\/#organization","name":"Infigo","url":"https:\/\/yourpack.eu\/de\/","logo":{"@type":"ImageObject","inLanguage":"de","@id":"https:\/\/yourpack.eu\/de\/#\/schema\/logo\/image\/","url":"https:\/\/yourpack.eu\/wp-content\/uploads\/2026\/02\/2026-Infigo_yourpack-scaled.webp","contentUrl":"https:\/\/yourpack.eu\/wp-content\/uploads\/2026\/02\/2026-Infigo_yourpack-scaled.webp","width":2560,"height":851,"caption":"Infigo"},"image":{"@id":"https:\/\/yourpack.eu\/de\/#\/schema\/logo\/image\/"}}]}},"_links":{"self":[{"href":"https:\/\/yourpack.eu\/de\/wp-json\/wp\/v2\/pages\/55774","targetHints":{"allow":["GET"]}}],"collection":[{"href":"https:\/\/yourpack.eu\/de\/wp-json\/wp\/v2\/pages"}],"about":[{"href":"https:\/\/yourpack.eu\/de\/wp-json\/wp\/v2\/types\/page"}],"author":[{"embeddable":true,"href":"https:\/\/yourpack.eu\/de\/wp-json\/wp\/v2\/users\/1"}],"replies":[{"embeddable":true,"href":"https:\/\/yourpack.eu\/de\/wp-json\/wp\/v2\/comments?post=55774"}],"version-history":[{"count":6,"href":"https:\/\/yourpack.eu\/de\/wp-json\/wp\/v2\/pages\/55774\/revisions"}],"predecessor-version":[{"id":57556,"href":"https:\/\/yourpack.eu\/de\/wp-json\/wp\/v2\/pages\/55774\/revisions\/57556"}],"wp:attachment":[{"href":"https:\/\/yourpack.eu\/de\/wp-json\/wp\/v2\/media?parent=55774"}],"curies":[{"name":"wp","href":"https:\/\/api.w.org\/{rel}","templated":true}]}}